{"id":4525,"date":"2024-08-24T09:31:13","date_gmt":"2024-08-24T09:31:13","guid":{"rendered":"https:\/\/www.goexpeditionsafrica.com\/?page_id=4525"},"modified":"2024-09-04T11:15:38","modified_gmt":"2024-09-04T11:15:38","slug":"safaris-photographiques","status":"publish","type":"page","link":"https:\/\/www.goexpeditionsafrica.com\/fr\/activities\/photographic-safaris\/","title":{"rendered":"Safaris photographiques"},"content":{"rendered":"<h2>Safaris photographiques : Capturer la beaut\u00e9 de la Tanzanie<\/h2>\n<p>Un safari photographique est une occasion unique de s'immerger dans les paysages \u00e0 couper le souffle et la faune diversifi\u00e9e de la Tanzanie. Que vous soyez un professionnel chevronn\u00e9 ou un amateur en herbe, la nature vierge de la Tanzanie offre un cadre id\u00e9al pour capturer des images extraordinaires de la beaut\u00e9 naturelle de l'Afrique.<\/p>\n<p>De la majestueuse <a href=\"https:\/\/www.goexpeditionsafrica.com\/travel-destinations\/serengeti-national-park\/\">Serengeti<\/a> les plaines jusqu'aux paysages accident\u00e9s de la <a href=\"https:\/\/www.goexpeditionsafrica.com\/travel-destinations\/ngorongoro-crater\/\">Crat\u00e8re du Ngorongoro<\/a>, La Tanzanie poss\u00e8de une myriade de sites \u00e9poustouflants qui inspireront votre cr\u00e9ativit\u00e9. Rencontrez de pr\u00e8s des animaux sauvages embl\u00e9matiques tels que les lions, les \u00e9l\u00e9phants et les z\u00e8bres, et capturez leurs comportements et interactions uniques dans leur habitat naturel. Gr\u00e2ce aux conseils avis\u00e9s de guides de safari exp\u00e9riment\u00e9s, vous d\u00e9couvrirez les meilleurs points de vue et les meilleures conditions d'\u00e9clairage pour cr\u00e9er des photos inoubliables.<\/p>\n<h2>Points forts des safaris photographiques<\/h2>\n<p>Les safaris photographiques sont con\u00e7us pour vous offrir de nombreuses occasions de photographier les paysages et la faune \u00e0 couper le souffle de la Tanzanie. Voici quelques points forts :<\/p>\n<ul>\n<li>Paysages pittoresques : Saisissez la grandeur de paysages embl\u00e9matiques tels que les plaines du Serengeti, le crat\u00e8re du Ngorongoro et les escarpements \u00e9poustouflants de la vall\u00e9e du Grand Rift.<\/li>\n<li>Rencontres avec la faune : Photographiez l'incroyable faune africaine, notamment les Big 5, les gu\u00e9pards en action, les \u00e9l\u00e9phants majestueux et les esp\u00e8ces d'oiseaux en pleine effervescence.<\/li>\n<li>Heures d'or : Profitez des safaris prolong\u00e9s pendant les meilleures conditions de luminosit\u00e9, notamment t\u00f4t le matin et en fin d'apr\u00e8s-midi, afin d'obtenir un \u00e9clairage parfait pour vos prises de vue.<\/li>\n<li>Conseils d'experts : B\u00e9n\u00e9ficiez des connaissances de guides et de photographes exp\u00e9riment\u00e9s qui vous aideront \u00e0 trouver les meilleurs angles et \u00e9clairages pour vos photos.<\/li>\n<li>Des perspectives uniques : Explorez des lieux moins connus et des joyaux cach\u00e9s qui offrent des possibilit\u00e9s photographiques uniques, loin des foules.<\/li>\n<\/ul>\n<h2>Meilleur moment pour partir<\/h2>\n<p>Le choix du moment de votre safari photographique peut grandement influencer votre exp\u00e9rience et la qualit\u00e9 de vos photos :<\/p>\n<ul>\n<li>Saison s\u00e8che (juin \u00e0 octobre) : Le ciel est d\u00e9gag\u00e9 et la visibilit\u00e9 excellente, ce qui facilite le rep\u00e9rage et la photographie de la faune, car les animaux se rassemblent autour des points d'eau.<\/li>\n<li>Saison humide (novembre \u00e0 mai) : Elle offre des paysages verdoyants et des ciels spectaculaires, id\u00e9aux pour capturer la beaut\u00e9 vibrante des paysages tanzaniens. Certaines zones peuvent \u00eatre moins accessibles en raison des pluies.<\/li>\n<\/ul>\n<h2>\u00c0 quoi s'attendre<\/h2>\n<ul>\n<li>Des safaris prolong\u00e9s et des d\u00e9parts t\u00f4t le matin pour profiter des meilleures conditions d'\u00e9clairage pour la photographie.<\/li>\n<li>Acc\u00e8s \u00e0 du mat\u00e9riel photographique de haute qualit\u00e9, si n\u00e9cessaire, et possibilit\u00e9 d'apprendre aupr\u00e8s de photographes professionnels.<\/li>\n<li>H\u00e9bergement confortable con\u00e7u pour les photographes, avec des installations con\u00e7ues pour r\u00e9pondre \u00e0 vos besoins.<\/li>\n<li>Assistance guid\u00e9e pour vous aider \u00e0 obtenir les meilleurs r\u00e9sultats photographiques et \u00e0 d\u00e9couvrir la faune et les paysages locaux.<\/li>\n<\/ul>\n<h2>Conseils pour un safari photographique r\u00e9ussi<\/h2>\n<ul>\n<li>Munissez-vous d'un appareil photo \u00e9quip\u00e9 d'un zoom polyvalent pour capturer un large \u00e9ventail de sujets, de la faune lointaine aux d\u00e9tails en gros plan.<\/li>\n<li>Utilisez un tr\u00e9pied ou un monopode pour assurer la stabilit\u00e9 de l'appareil, en particulier dans des conditions de faible luminosit\u00e9 ou lorsque vous photographiez des paysages.<\/li>\n<li>Pensez \u00e0 emporter des piles de rechange, des cartes m\u00e9moire et du mat\u00e9riel de nettoyage afin d'\u00eatre bien pr\u00e9par\u00e9 pour la dur\u00e9e de votre safari.<\/li>\n<li>Soyez patient et observateur ; les meilleures opportunit\u00e9s photographiques sont souvent le fruit du temps et d'une observation attentive.<\/li>\n<\/ul>\n<h2>Comment r\u00e9server votre safari photographique<\/h2>\n<p>Pr\u00eat \u00e0 capturer la magie de la Tanzanie ? Visitez notre page de contact et utilisez le formulaire pour soumettre votre demande concernant votre safari photographique.<\/p>\n<h2>Commencez votre aventure photographique d\u00e8s aujourd'hui !<\/h2>\n<p>Rejoignez-nous pour un safari photographique en Tanzanie et cr\u00e9ez des images \u00e9poustouflantes de la beaut\u00e9 naturelle in\u00e9gal\u00e9e de l'Afrique. R\u00e9servez votre aventure avec <a href=\"https:\/\/www.goexpeditionsafrica.com\/\">Go Expeditions Africa<\/a> et embarquez pour un voyage qui vous laissera des souvenirs inoubliables et des photos exceptionnelles.<\/p>\n<hr \/>\n<h2>Explorer d'autres activit\u00e9s<\/h2>\n<p><a href=\"https:\/\/www.goexpeditionsafrica.com\/activities\/balloon-safari\/\">Safaris en montgolfi\u00e8re<\/a><br \/>\n<a href=\"https:\/\/www.goexpeditionsafrica.com\/activities\/big-5-safaris\/\">Safaris Big 5<\/a><br \/>\n<a href=\"https:\/\/www.goexpeditionsafrica.com\/activities\/birdwatching\/\">Observation des oiseaux<\/a><br \/>\n<a href=\"https:\/\/www.goexpeditionsafrica.com\/activities\/camping-safaris\/\">Safaris en camping<\/a><br \/>\n<a href=\"https:\/\/www.goexpeditionsafrica.com\/activities\/chimpanzee-trekking\/\">Trekking pour les chimpanz\u00e9s<\/a><br \/>\n<a href=\"https:\/\/www.goexpeditionsafrica.com\/activities\/coffee-tour\/\">Tourn\u00e9e des caf\u00e9s<\/a><br \/>\n<a href=\"https:\/\/www.goexpeditionsafrica.com\/activities\/tanzania-cultural-tours\/\">Visites culturelles<\/a><br \/>\n<a href=\"https:\/\/www.goexpeditionsafrica.com\/activities\/cycling-mountain-biking\/\">Cyclisme et VTT<\/a><br \/>\n<a href=\"https:\/\/www.goexpeditionsafrica.com\/activities\/dodoma-city\/\">Dodoma City<\/a><br \/>\n<a href=\"https:\/\/www.goexpeditionsafrica.com\/activities\/family-safaris\/\">Safaris en famille<\/a><br \/>\n<a href=\"https:\/\/www.goexpeditionsafrica.com\/activities\/game-drive-wildlife-safari\/\">Safari animalier<\/a><br \/>\n<a href=\"https:\/\/www.goexpeditionsafrica.com\/activities\/hiking-mount-trekking\/\">Randonn\u00e9e et trekking en montagne<\/a><br \/>\n<a href=\"https:\/\/www.goexpeditionsafrica.com\/activities\/historical-sites-tour\/\">Visite des sites historiques<\/a><br \/>\n<a href=\"https:\/\/www.goexpeditionsafrica.com\/activities\/honeymoon-safari\/\">Safari lune de miel<\/a><br \/>\n<a href=\"https:\/\/www.goexpeditionsafrica.com\/activities\/horse-riding\/\">L'\u00e9quitation<\/a><br \/>\n<a href=\"https:\/\/www.goexpeditionsafrica.com\/activities\/night-game-drive\/\">Conduite nocturne du gibier<\/a><br \/>\n<a href=\"https:\/\/www.goexpeditionsafrica.com\/activities\/photographic-safaris\/\">Safaris photographiques<\/a><br \/>\n<a href=\"https:\/\/www.goexpeditionsafrica.com\/activities\/beach-holiday-vacation\/\">Vacances \u00e0 la plage en Tanzanie<\/a><br \/>\n<a href=\"https:\/\/www.goexpeditionsafrica.com\/activities\/tanzania-city-tours\/\">Visites de la ville de Tanzanie<\/a><br \/>\n<a href=\"https:\/\/www.goexpeditionsafrica.com\/activities\/the-great-wildebeest-migration\/\">La grande migration des gnous<\/a><br \/>\n<a href=\"https:\/\/www.goexpeditionsafrica.com\/activities\/walking-safaris\/\">Safaris \u00e0 pied<\/a><\/p>","protected":false},"excerpt":{"rendered":"<p>Photographic Safaris: Capture the Beauty of Tanzania A photographic safari offers an unparalleled opportunity to immerse yourself in the breathtaking landscapes and diverse wildlife of Tanzania. Whether you are a seasoned professional or a budding amateur, Tanzania&#8217;s pristine wilderness provides an ideal setting to capture extraordinary images of Africa&#8217;s natural beauty. From the majestic Serengeti [&hellip;]<\/p>\n","protected":false},"author":1,"featured_media":0,"parent":4482,"menu_order":0,"comment_status":"closed","ping_status":"closed","template":"","meta":{"footnotes":""},"categories":[],"tags":[],"class_list":["post-4525","page","type-page","status-publish","hentry"],"_links":{"self":[{"href":"https:\/\/www.goexpeditionsafrica.com\/fr\/wp-json\/wp\/v2\/pages\/4525","targetHints":{"allow":["GET"]}}],"collection":[{"href":"https:\/\/www.goexpeditionsafrica.com\/fr\/wp-json\/wp\/v2\/pages"}],"about":[{"href":"https:\/\/www.goexpeditionsafrica.com\/fr\/wp-json\/wp\/v2\/types\/page"}],"author":[{"embeddable":true,"href":"https:\/\/www.goexpeditionsafrica.com\/fr\/wp-json\/wp\/v2\/users\/1"}],"replies":[{"embeddable":true,"href":"https:\/\/www.goexpeditionsafrica.com\/fr\/wp-json\/wp\/v2\/comments?post=4525"}],"version-history":[{"count":5,"href":"https:\/\/www.goexpeditionsafrica.com\/fr\/wp-json\/wp\/v2\/pages\/4525\/revisions"}],"predecessor-version":[{"id":4786,"href":"https:\/\/www.goexpeditionsafrica.com\/fr\/wp-json\/wp\/v2\/pages\/4525\/revisions\/4786"}],"up":[{"embeddable":true,"href":"https:\/\/www.goexpeditionsafrica.com\/fr\/wp-json\/wp\/v2\/pages\/4482"}],"wp:attachment":[{"href":"https:\/\/www.goexpeditionsafrica.com\/fr\/wp-json\/wp\/v2\/media?parent=4525"}],"wp:term":[{"taxonomy":"category","embeddable":true,"href":"https:\/\/www.goexpeditionsafrica.com\/fr\/wp-json\/wp\/v2\/categories?post=4525"},{"taxonomy":"post_tag","embeddable":true,"href":"https:\/\/www.goexpeditionsafrica.com\/fr\/wp-json\/wp\/v2\/tags?post=4525"}],"curies":[{"name":"wp","href":"https:\/\/api.w.org\/{rel}","templated":true}]}}