{"id":4443,"date":"2024-08-24T07:07:56","date_gmt":"2024-08-24T07:07:56","guid":{"rendered":"https:\/\/www.goexpeditionsafrica.com\/?page_id=4443"},"modified":"2024-09-09T12:46:53","modified_gmt":"2024-09-09T12:46:53","slug":"safari-lune-de-miel","status":"publish","type":"page","link":"https:\/\/www.goexpeditionsafrica.com\/fr\/activities\/honeymoon-safari\/","title":{"rendered":"Safari lune de miel"},"content":{"rendered":"<h2>Safari de lune de miel : Des souvenirs inoubliables dans la nature vierge de la Tanzanie<\/h2>\n<p>Vivez l'ultime aventure romantique lors d'un safari de lune de miel en Tanzanie, o\u00f9 l'amour et la nature convergent en parfaite harmonie. Des vastes plaines de la <a href=\"https:\/\/www.goexpeditionsafrica.com\/travel-destinations\/serengeti-national-park\/\">Serengeti<\/a> \u00e0 l'\u00e9tat vierge <a href=\"https:\/\/www.goexpeditionsafrica.com\/zanzibar-travel\/\">Les plages de Zanzibar<\/a>, La Tanzanie offre un cadre idyllique aux jeunes mari\u00e9s pour c\u00e9l\u00e9brer leur union.<\/p>\n<p>Avec des paysages \u00e0 couper le souffle et des h\u00e9bergements luxueux, ce voyage enchanteur promet des moments inoubliables \u00e0 mesure que vous explorez la beaut\u00e9 et la faune de la Tanzanie, cr\u00e9ant des souvenirs que vous ch\u00e9rirez toute votre vie.<\/p>\n<h2>\u00c0 quoi s'attendre<\/h2>\n<p>Pendant votre safari de lune de miel, vous pouvez vous attendre \u00e0.. :<\/p>\n<ul>\n<li>Safaris romantiques : Profitez de safaris priv\u00e9s dans le Serengeti, <a href=\"https:\/\/www.goexpeditionsafrica.com\/travel-destinations\/ngorongoro-crater\/\">Crat\u00e8re du Ngorongoro<\/a>, ou <a href=\"https:\/\/www.goexpeditionsafrica.com\/travel-destinations\/tarangire-national-park\/\">Parc national du Tarangire<\/a>. Admirez ensemble la beaut\u00e9 de la faune africaine, en ayant la possibilit\u00e9 de voir le Big 5 et d'autres cr\u00e9atures fascinantes.<\/li>\n<li>H\u00e9bergement de luxe : S\u00e9journez dans des lodges luxueux, des camps de tentes ou des h\u00f4tels de charme qui offrent un cadre exclusif et romantique. De nombreux \u00e9tablissements proposent des forfaits sp\u00e9ciaux pour les lunes de miel, avec des attentions particuli\u00e8res telles que des d\u00eeners aux chandelles et des soins de spa.<\/li>\n<li>Destinations pittoresques : Explorez les divers paysages de la Tanzanie, y compris la beaut\u00e9 sereine de la r\u00e9gion de l'Oc\u00e9an Indien. <a href=\"https:\/\/www.goexpeditionsafrica.com\/zanzibar-travel\/\">Zanzibar (Archipel de)<\/a>, le luxuriant <a href=\"https:\/\/www.goexpeditionsafrica.com\/travel-destinations\/usambara-mountains\/\">Monts Usambara<\/a>, et les rivages tranquilles de <a href=\"https:\/\/www.goexpeditionsafrica.com\/lakes-and-rivers\/lake-tanganyika\/\">Lac Tanganyika<\/a>.<\/li>\n<li><a href=\"https:\/\/www.goexpeditionsafrica.com\/tanzania-safari-tours\/\">Itin\u00e9raire personnalis\u00e9<\/a>: Nos itin\u00e9raires sont con\u00e7us pour offrir un m\u00e9lange de d\u00e9tente et d'aventure, adapt\u00e9 \u00e0 vos int\u00e9r\u00eats et pr\u00e9f\u00e9rences. Profitez d'activit\u00e9s telles que les croisi\u00e8res au coucher du soleil, les promenades dans le bush et les d\u00eeners priv\u00e9s sous les \u00e9toiles.<\/li>\n<li>Des exp\u00e9riences m\u00e9morables : Immortalisez vos moments privil\u00e9gi\u00e9s gr\u00e2ce \u00e0 des services photographiques professionnels et cr\u00e9ez des souvenirs imp\u00e9rissables gr\u00e2ce \u00e0 des exp\u00e9riences uniques telles que des safaris en montgolfi\u00e8re et des pique-niques priv\u00e9s sur la plage.<\/li>\n<\/ul>\n<h2>Meilleure p\u00e9riode pour un safari de lune de miel<\/h2>\n<p>La meilleure p\u00e9riode pour un safari de lune de miel en Tanzanie d\u00e9pend des exp\u00e9riences que vous recherchez. La saison s\u00e8che, de juin \u00e0 octobre, est id\u00e9ale pour observer le gibier, car les animaux se rassemblent autour des points d'eau et la v\u00e9g\u00e9tation est rare. Pour la d\u00e9tente \u00e0 la plage, les mois chauds et ensoleill\u00e9s de d\u00e9cembre \u00e0 mars sont parfaits pour profiter des plages et des eaux claires de Zanzibar.<\/p>\n<h2>Conseils et recommandations<\/h2>\n<ul>\n<li>Planifiez votre itin\u00e9raire \u00e0 l'avance pour vous assurer d'inclure toutes les exp\u00e9riences que vous souhaitez, des aventures de safari \u00e0 la d\u00e9tente sur la plage.<\/li>\n<li>Pr\u00e9voyez des v\u00eatements appropri\u00e9s pour les activit\u00e9s de safari et les sorties \u00e0 la plage, notamment des tissus l\u00e9gers et respirants et des maillots de bain.<\/li>\n<li>Envisagez d'ajouter quelques jours suppl\u00e9mentaires pour vous d\u00e9tendre dans un cadre luxueux, comme une villa priv\u00e9e ou une station baln\u00e9aire.<\/li>\n<li>Communiquez \u00e0 votre conseiller en voyages toute demande ou pr\u00e9f\u00e9rence particuli\u00e8re afin que votre lune de miel soit adapt\u00e9e \u00e0 vos besoins.<\/li>\n<\/ul>\n<h2>R\u00e9servation pour votre safari de lune de miel<\/h2>\n<p>Pour r\u00e9server votre safari de lune de miel, visitez notre site web <a href=\"https:\/\/www.goexpeditionsafrica.com\/contact-us\/\">nous contacter<\/a> et soumettez votre demande. Notre conseiller en voyages vous contactera pour vous proposer d'autres arrangements qui conviendront parfaitement \u00e0 votre voyage.<\/p>\n<h2>Pr\u00eat \u00e0 cr\u00e9er des souvenirs inoubliables avec votre proche ?<\/h2>\n<p>Faites l'exp\u00e9rience d'un safari de lune de miel magique en Tanzanie et cr\u00e9ez des souvenirs inoubliables avec votre bien-aim\u00e9(e). Nous, Go Expeditions Africa, sommes impatients de vous voir en Tanzanie.<\/p>\n<hr \/>\n<h2>Explorer d'autres activit\u00e9s<\/h2>\n<p><a href=\"https:\/\/www.goexpeditionsafrica.com\/activities\/balloon-safari\/\">Safaris en montgolfi\u00e8re<\/a><br \/>\n<a href=\"https:\/\/www.goexpeditionsafrica.com\/activities\/big-5-safaris\/\">Safaris Big 5<\/a><br \/>\n<a href=\"https:\/\/www.goexpeditionsafrica.com\/activities\/birdwatching\/\">Observation des oiseaux<\/a><br \/>\n<a href=\"https:\/\/www.goexpeditionsafrica.com\/activities\/camping-safaris\/\">Safaris en camping<\/a><br \/>\n<a href=\"https:\/\/www.goexpeditionsafrica.com\/activities\/chimpanzee-trekking\/\">Trekking pour les chimpanz\u00e9s<\/a><br \/>\n<a href=\"https:\/\/www.goexpeditionsafrica.com\/activities\/coffee-tour\/\">Tourn\u00e9e des caf\u00e9s<\/a><br \/>\n<a href=\"https:\/\/www.goexpeditionsafrica.com\/activities\/cultural-tours\/\">Visites culturelles<\/a><br \/>\n<a href=\"https:\/\/www.goexpeditionsafrica.com\/activities\/cycling-mountain-biking\/\">Cyclisme et VTT<\/a><br \/>\n<a href=\"https:\/\/www.goexpeditionsafrica.com\/activities\/dodoma-city\/\">Dodoma City<\/a><br \/>\n<a href=\"https:\/\/www.goexpeditionsafrica.com\/activities\/family-safaris\/\">Safaris en famille<\/a><br \/>\n<a href=\"https:\/\/www.goexpeditionsafrica.com\/activities\/game-drive-wildlife-safari\/\">Safari animalier<\/a><br \/>\n<a href=\"https:\/\/www.goexpeditionsafrica.com\/activities\/hiking-mount-trekking\/\">Randonn\u00e9e et trekking en montagne<\/a><br \/>\n<a href=\"https:\/\/www.goexpeditionsafrica.com\/activities\/historical-sites-tour\/\">Visite des sites historiques<\/a><br \/>\n<a href=\"https:\/\/www.goexpeditionsafrica.com\/activities\/honeymoon-safari\/\">Safari lune de miel<\/a><br \/>\n<a href=\"https:\/\/www.goexpeditionsafrica.com\/activities\/horse-riding\/\">L'\u00e9quitation<\/a><br \/>\n<a href=\"https:\/\/www.goexpeditionsafrica.com\/activities\/night-game-drive\/\">Conduite nocturne du gibier<\/a><br \/>\n<a href=\"https:\/\/www.goexpeditionsafrica.com\/activities\/photographic-safaris\/\">Safaris photographiques<\/a><br \/>\n<a href=\"https:\/\/www.goexpeditionsafrica.com\/activities\/beach-holiday-vacation\/\">Vacances \u00e0 la plage en Tanzanie<\/a><br \/>\n<a href=\"https:\/\/www.goexpeditionsafrica.com\/activities\/tanzania-city-tours\/\">Visites de la ville de Tanzanie<\/a><br \/>\n<a href=\"https:\/\/www.goexpeditionsafrica.com\/activities\/the-great-wildebeest-migration\/\">La grande migration des gnous<\/a><br \/>\n<a href=\"https:\/\/www.goexpeditionsafrica.com\/activities\/walking-safaris\/\">Safaris \u00e0 pied<\/a><\/p>","protected":false},"excerpt":{"rendered":"<p>Honeymoon Safari: Unforgettable Memories in Tanzania\u2019s Pristine Nature Experience the ultimate romantic adventure on a Honeymoon Safari in Tanzania, where love and nature converge in perfect harmony. From the vast plains of the Serengeti to the pristine beaches of Zanzibar, Tanzania provides an idyllic backdrop for newlyweds to celebrate their union. With breathtaking landscapes and [&hellip;]<\/p>\n","protected":false},"author":1,"featured_media":0,"parent":4482,"menu_order":0,"comment_status":"closed","ping_status":"closed","template":"","meta":{"footnotes":""},"categories":[],"tags":[],"class_list":["post-4443","page","type-page","status-publish","hentry"],"_links":{"self":[{"href":"https:\/\/www.goexpeditionsafrica.com\/fr\/wp-json\/wp\/v2\/pages\/4443","targetHints":{"allow":["GET"]}}],"collection":[{"href":"https:\/\/www.goexpeditionsafrica.com\/fr\/wp-json\/wp\/v2\/pages"}],"about":[{"href":"https:\/\/www.goexpeditionsafrica.com\/fr\/wp-json\/wp\/v2\/types\/page"}],"author":[{"embeddable":true,"href":"https:\/\/www.goexpeditionsafrica.com\/fr\/wp-json\/wp\/v2\/users\/1"}],"replies":[{"embeddable":true,"href":"https:\/\/www.goexpeditionsafrica.com\/fr\/wp-json\/wp\/v2\/comments?post=4443"}],"version-history":[{"count":5,"href":"https:\/\/www.goexpeditionsafrica.com\/fr\/wp-json\/wp\/v2\/pages\/4443\/revisions"}],"predecessor-version":[{"id":4872,"href":"https:\/\/www.goexpeditionsafrica.com\/fr\/wp-json\/wp\/v2\/pages\/4443\/revisions\/4872"}],"up":[{"embeddable":true,"href":"https:\/\/www.goexpeditionsafrica.com\/fr\/wp-json\/wp\/v2\/pages\/4482"}],"wp:attachment":[{"href":"https:\/\/www.goexpeditionsafrica.com\/fr\/wp-json\/wp\/v2\/media?parent=4443"}],"wp:term":[{"taxonomy":"category","embeddable":true,"href":"https:\/\/www.goexpeditionsafrica.com\/fr\/wp-json\/wp\/v2\/categories?post=4443"},{"taxonomy":"post_tag","embeddable":true,"href":"https:\/\/www.goexpeditionsafrica.com\/fr\/wp-json\/wp\/v2\/tags?post=4443"}],"curies":[{"name":"wp","href":"https:\/\/api.w.org\/{rel}","templated":true}]}}