{"id":4442,"date":"2024-08-24T07:06:45","date_gmt":"2024-08-24T07:06:45","guid":{"rendered":"https:\/\/www.goexpeditionsafrica.com\/?page_id=4442"},"modified":"2024-09-09T18:01:18","modified_gmt":"2024-09-09T18:01:18","slug":"safaris-en-famille","status":"publish","type":"page","link":"https:\/\/www.goexpeditionsafrica.com\/fr\/activities\/family-safaris\/","title":{"rendered":"Safaris en famille"},"content":{"rendered":"<h2>Safaris en famille : Explorer ensemble les merveilles de la Tanzanie<\/h2>\n<p>D\u00e9couvrez l'aventure et l'excitation d'un safari en famille en Tanzanie, o\u00f9 des exp\u00e9riences inoubliables et des moments privil\u00e9gi\u00e9s avec vos proches vous attendent. Des rencontres passionnantes avec la faune aux s\u00e9jours relaxants sur la plage, la Tanzanie offre une grande vari\u00e9t\u00e9 d'activit\u00e9s. <a href=\"https:\/\/www.goexpeditionsafrica.com\/activities\/\">activit\u00e9s<\/a> et des h\u00e9bergements adapt\u00e9s aux familles en qu\u00eate d'aventure et de complicit\u00e9 au c\u0153ur de l'Afrique.<\/p>\n<h2>\u00c0 quoi s'attendre<\/h2>\n<p>Pendant votre safari en famille, vous pouvez vous attendre \u00e0.. :<\/p>\n<ul>\n<li>Rencontres avec la faune : Profitez de safaris en famille dans des parcs nationaux embl\u00e9matiques tels que le <a href=\"https:\/\/www.goexpeditionsafrica.com\/serengeti-accommodations\/\">Serengeti<\/a>, <a href=\"https:\/\/www.goexpeditionsafrica.com\/travel-destinations\/ngorongoro-crater\/\">Crat\u00e8re du Ngorongoro<\/a>, et <a href=\"https:\/\/www.goexpeditionsafrica.com\/travel-destinations\/tarangire-national-park\/\">Tarangire<\/a>. Observez les Big 5, les primates enjou\u00e9s et d'autres animaux sauvages fascinants dans leur habitat naturel.<\/li>\n<li>H\u00e9bergement confortable : S\u00e9journez dans des lodges et des camps ax\u00e9s sur la famille, qui proposent des chambres ou des tentes spacieuses dot\u00e9es d'\u00e9quipements modernes. De nombreux h\u00e9bergements proposent des services sp\u00e9ciaux pour les enfants, tels que des repas et des activit\u00e9s adapt\u00e9s aux enfants.<\/li>\n<li>Exp\u00e9riences \u00e9ducatives : Participez \u00e0 des activit\u00e9s \u00e0 la fois amusantes et \u00e9ducatives, notamment des promenades guid\u00e9es dans la nature, des interactions culturelles avec les communaut\u00e9s locales et des visites de centres de conservation o\u00f9 les enfants peuvent en apprendre davantage sur la faune et la flore et sur l'environnement.<\/li>\n<li>Plages relaxantes : Combinez votre safari avec des vacances \u00e0 la plage sur les magnifiques c\u00f4tes de Zanzibar ou de l'\u00eele de Pemba. Les stations baln\u00e9aires accueillent les familles et proposent des activit\u00e9s pour tous les \u00e2ges, notamment la plong\u00e9e avec tuba, la natation et les jeux de plage.<\/li>\n<li>Itin\u00e9raires personnalis\u00e9s : Nos safaris familiaux sont con\u00e7us pour r\u00e9pondre aux diff\u00e9rents int\u00e9r\u00eats et groupes d'\u00e2ge, garantissant un itin\u00e9raire \u00e9quilibr\u00e9 qui comprend \u00e0 la fois des activit\u00e9s aventureuses et relaxantes convenant \u00e0 tous les membres de la famille.<\/li>\n<\/ul>\n<h2>Meilleure p\u00e9riode pour un safari en famille<\/h2>\n<p>La meilleure p\u00e9riode pour une famille <a href=\"https:\/\/www.goexpeditionsafrica.com\/tanzania-safari-tours\/\">Safari en Tanzanie<\/a> est la saison s\u00e8che, de juin \u00e0 octobre, o\u00f9 l'observation de la faune est optimale et o\u00f9 le temps est g\u00e9n\u00e9ralement agr\u00e9able. Cette p\u00e9riode offre un acc\u00e8s plus facile aux parcs nationaux et des temp\u00e9ratures plus agr\u00e9ables pour les activit\u00e9s de plein air. Toutefois, les familles qui souhaitent assister \u00e0 la migration des gnous pr\u00e9f\u00e9reront se rendre pendant la saison humide, de novembre \u00e0 mai.<\/p>\n<h2>Conseils et recommandations<\/h2>\n<ul>\n<li>Pr\u00e9voyez des v\u00eatements adapt\u00e9s aux diff\u00e9rentes conditions m\u00e9t\u00e9orologiques, notamment des tissus l\u00e9gers et respirants pour la journ\u00e9e et des couches plus chaudes pour les soir\u00e9es plus fra\u00eeches.<\/li>\n<li>Apportez les \u00e9l\u00e9ments essentiels tels que la cr\u00e8me solaire, l'insectifuge et les m\u00e9dicaments n\u00e9cessaires pour toute la famille.<\/li>\n<li>Pr\u00e9parez vos enfants \u00e0 l'exp\u00e9rience du safari en discutant avec eux de ce qui les attend et en leur apprenant la s\u00e9curit\u00e9 et le respect de la faune.<\/li>\n<li>Choisissez un itin\u00e9raire adapt\u00e9 aux familles qui comprend un m\u00e9lange d'activit\u00e9s pour que tout le monde puisse se divertir.<\/li>\n<\/ul>\n<h2>Comment r\u00e9server<\/h2>\n<p>Pour r\u00e9server votre safari en famille, rendez-vous sur <a href=\"https:\/\/www.goexpeditionsafrica.com\/contact-us\/\">notre page de contact<\/a> pour soumettre votre demande. Pour plus d'informations ou pour cr\u00e9er une aventure familiale sur mesure, veuillez nous contacter pour une assistance personnalis\u00e9e.<\/p>\n<h2>Pr\u00eat pour une aventure en famille ?<\/h2>\n<p>Rejoignez-nous pour un safari familial m\u00e9morable en Tanzanie et cr\u00e9ez des souvenirs inoubliables avec vos proches. R\u00e9servez votre aventure d\u00e8s aujourd'hui et vivez l'exp\u00e9rience <a href=\"https:\/\/www.goexpeditionsafrica.com\/travel-destinations\/\">Les merveilles de la Tanzanie<\/a> ensemble.<\/p>\n<hr \/>\n<h2>Explorer d'autres activit\u00e9s<\/h2>\n<p><a href=\"https:\/\/www.goexpeditionsafrica.com\/activities\/balloon-safari\/\">Safaris en montgolfi\u00e8re<\/a><br \/>\n<a href=\"https:\/\/www.goexpeditionsafrica.com\/activities\/big-5-safaris\/\">Safaris Big 5<\/a><br \/>\n<a href=\"https:\/\/www.goexpeditionsafrica.com\/activities\/birdwatching\/\">Observation des oiseaux<\/a><br \/>\n<a href=\"https:\/\/www.goexpeditionsafrica.com\/activities\/camping-safaris\/\">Safaris en camping<\/a><br \/>\n<a href=\"https:\/\/www.goexpeditionsafrica.com\/activities\/chimpanzee-trekking\/\">Trekking pour les chimpanz\u00e9s<\/a><br \/>\n<a href=\"https:\/\/www.goexpeditionsafrica.com\/activities\/coffee-tour\/\">Tourn\u00e9e des caf\u00e9s<\/a><br \/>\n<a href=\"https:\/\/www.goexpeditionsafrica.com\/activities\/cultural-tours\/\">Visites culturelles<\/a><br \/>\n<a href=\"https:\/\/www.goexpeditionsafrica.com\/activities\/cycling-mountain-biking\/\">Cyclisme et VTT<\/a><br \/>\n<a href=\"https:\/\/www.goexpeditionsafrica.com\/activities\/dodoma-city\/\">Dodoma City<\/a><br \/>\n<a href=\"https:\/\/www.goexpeditionsafrica.com\/activities\/family-safaris\/\">Safaris en famille<\/a><br \/>\n<a href=\"https:\/\/www.goexpeditionsafrica.com\/activities\/game-drive-wildlife-safari\/\">Safari animalier<\/a><br \/>\n<a href=\"https:\/\/www.goexpeditionsafrica.com\/activities\/hiking-mount-trekking\/\">Randonn\u00e9e et trekking en montagne<\/a><br \/>\n<a href=\"https:\/\/www.goexpeditionsafrica.com\/activities\/historical-sites-tour\/\">Visite des sites historiques<\/a><br \/>\n<a href=\"https:\/\/www.goexpeditionsafrica.com\/activities\/honeymoon-safari\/\">Safari lune de miel<\/a><br \/>\n<a href=\"https:\/\/www.goexpeditionsafrica.com\/activities\/horse-riding\/\">L'\u00e9quitation<\/a><br \/>\n<a href=\"https:\/\/www.goexpeditionsafrica.com\/activities\/night-game-drive\/\">Conduite nocturne du gibier<\/a><br \/>\n<a href=\"https:\/\/www.goexpeditionsafrica.com\/activities\/photographic-safaris\/\">Safaris photographiques<\/a><br \/>\n<a href=\"https:\/\/www.goexpeditionsafrica.com\/activities\/beach-holiday-vacation\/\">Vacances \u00e0 la plage en Tanzanie<\/a><br \/>\n<a href=\"https:\/\/www.goexpeditionsafrica.com\/activities\/tanzania-city-tours\/\">Visites de la ville de Tanzanie<\/a><br \/>\n<a href=\"https:\/\/www.goexpeditionsafrica.com\/activities\/the-great-wildebeest-migration\/\">La grande migration des gnous<\/a><br \/>\n<a href=\"https:\/\/www.goexpeditionsafrica.com\/activities\/walking-safaris\/\">Safaris \u00e0 pied<\/a><\/p>","protected":false},"excerpt":{"rendered":"<p>Family Safaris: Explore Tanzania\u2019s Wonders Together Discover the adventure and excitement of a Family Safari in Tanzania, where unforgettable experiences and quality time with loved ones await. From thrilling wildlife encounters to relaxing beach retreats, Tanzania offers a variety of activities and accommodations suited for families seeking adventure and bonding in the heart of Africa. [&hellip;]<\/p>\n","protected":false},"author":1,"featured_media":0,"parent":4482,"menu_order":0,"comment_status":"closed","ping_status":"closed","template":"","meta":{"footnotes":""},"categories":[],"tags":[],"class_list":["post-4442","page","type-page","status-publish","hentry"],"_links":{"self":[{"href":"https:\/\/www.goexpeditionsafrica.com\/fr\/wp-json\/wp\/v2\/pages\/4442","targetHints":{"allow":["GET"]}}],"collection":[{"href":"https:\/\/www.goexpeditionsafrica.com\/fr\/wp-json\/wp\/v2\/pages"}],"about":[{"href":"https:\/\/www.goexpeditionsafrica.com\/fr\/wp-json\/wp\/v2\/types\/page"}],"author":[{"embeddable":true,"href":"https:\/\/www.goexpeditionsafrica.com\/fr\/wp-json\/wp\/v2\/users\/1"}],"replies":[{"embeddable":true,"href":"https:\/\/www.goexpeditionsafrica.com\/fr\/wp-json\/wp\/v2\/comments?post=4442"}],"version-history":[{"count":5,"href":"https:\/\/www.goexpeditionsafrica.com\/fr\/wp-json\/wp\/v2\/pages\/4442\/revisions"}],"predecessor-version":[{"id":4609,"href":"https:\/\/www.goexpeditionsafrica.com\/fr\/wp-json\/wp\/v2\/pages\/4442\/revisions\/4609"}],"up":[{"embeddable":true,"href":"https:\/\/www.goexpeditionsafrica.com\/fr\/wp-json\/wp\/v2\/pages\/4482"}],"wp:attachment":[{"href":"https:\/\/www.goexpeditionsafrica.com\/fr\/wp-json\/wp\/v2\/media?parent=4442"}],"wp:term":[{"taxonomy":"category","embeddable":true,"href":"https:\/\/www.goexpeditionsafrica.com\/fr\/wp-json\/wp\/v2\/categories?post=4442"},{"taxonomy":"post_tag","embeddable":true,"href":"https:\/\/www.goexpeditionsafrica.com\/fr\/wp-json\/wp\/v2\/tags?post=4442"}],"curies":[{"name":"wp","href":"https:\/\/api.w.org\/{rel}","templated":true}]}}