{"id":4441,"date":"2024-08-24T07:06:24","date_gmt":"2024-08-24T07:06:24","guid":{"rendered":"https:\/\/www.goexpeditionsafrica.com\/?page_id=4441"},"modified":"2024-09-02T21:26:20","modified_gmt":"2024-09-02T21:26:20","slug":"safaris-en-camping","status":"publish","type":"page","link":"https:\/\/www.goexpeditionsafrica.com\/fr\/activities\/camping-safaris\/","title":{"rendered":"Safaris en camping : D\u00e9couvrez de pr\u00e8s la nature sauvage de la Tanzanie"},"content":{"rendered":"<h2>Qu'est-ce qu'un safari en camping ?<\/h2>\n<p>Les safaris en camping sont un moyen authentique et immersif de d\u00e9couvrir la diversit\u00e9 de la faune et de la flore de Tanzanie et ses paysages naturels \u00e9poustouflants. Que vous soyez nich\u00e9 dans les <a href=\"https:\/\/www.goexpeditionsafrica.com\/travel-destinations\/seronera-central-serengeti\/\">c\u0153ur du Serengeti<\/a> ou perch\u00e9 sur le bord de la<a href=\"https:\/\/www.goexpeditionsafrica.com\/travel-destinations\/ngorongoro-crater\/\"> Crat\u00e8re du Ngorongoro<\/a>, Un safari en camping vous permet de vous rapprocher pleinement de l'environnement. L'aventure de dormir \u00e0 la belle \u00e9toile, entour\u00e9 des sons de la nature, ajoute un sentiment d'excitation et de tranquillit\u00e9 qui n'a pas d'\u00e9quivalent dans d'autres formes d'h\u00e9bergement.<\/p>\n<p>Se r\u00e9veiller au lever du soleil sur la savane, avec les cris des oiseaux et les rugissements lointains des lions, est un moment qui reste grav\u00e9 dans votre m\u00e9moire longtemps apr\u00e8s la fin de votre voyage. Les safaris en camping permettent non seulement de se rapprocher de la nature, mais aussi d'explorer des r\u00e9gions recul\u00e9es et vierges, inaccessibles aux circuits plus importants et plus commerciaux. Des rencontres intimes avec la faune aux joies simples de la cuisine sur un feu ouvert, les safaris en camping offrent une exp\u00e9rience brute et non filtr\u00e9e, parfaite pour les voyageurs aventureux qui cherchent \u00e0 s'immerger dans la beaut\u00e9 naturelle et la riche biodiversit\u00e9 de la Tanzanie.<\/p>\n<h2>Top Camping Safari Destinations<\/h2>\n<p>Explorez quelques-uns des meilleurs sites de safari en camping de Tanzanie, o\u00f9 vous pourrez profiter des grands espaces et rencontrer une faune incroyable :<\/p>\n<ul>\n<li><a href=\"https:\/\/www.goexpeditionsafrica.com\/travel-destinations\/serengeti-national-park\/\">Parc national du Serengeti<\/a>: Campez au c\u0153ur du Serengeti et assistez \u00e0 la grande migration ou aux Big 5 dans leur habitat naturel.<\/li>\n<li>Crat\u00e8re du Ngorongoro : Ce site class\u00e9 au patrimoine mondial de l'UNESCO offre des vues \u00e0 couper le souffle et une faune vari\u00e9e. Des campements confortables permettent de vivre des exp\u00e9riences uniques.<\/li>\n<li><a href=\"https:\/\/www.goexpeditionsafrica.com\/travel-destinations\/tarangire-national-park\/\">Parc national du Tarangire<\/a>: D\u00e9couvrez la solitude et la beaut\u00e9 des paysages du Tarangire, connu pour ses grands troupeaux d'\u00e9l\u00e9phants et ses baobabs.<\/li>\n<li><a href=\"https:\/\/www.goexpeditionsafrica.com\/travel-destinations\/nyerere-national-park\/\">Parc national Nyerere<\/a>: D\u00e9couvrez la nature sauvage et recul\u00e9e de Nyerere, l'un des plus grands parcs nationaux d'Afrique, avec des possibilit\u00e9s de safaris en voiture et \u00e0 pied.<\/li>\n<\/ul>\n<h2>\u00c0 quoi s'attendre<\/h2>\n<p>Lors de votre safari en camping, vous pouvez vous attendre \u00e0.. :<\/p>\n<ul>\n<li>Safaris guid\u00e9s et safaris \u00e0 pied encadr\u00e9s par des guides exp\u00e9riment\u00e9s qui assurent la s\u00e9curit\u00e9 et donnent des informations sur la faune et l'environnement.<\/li>\n<li>Des installations de camping confortables et bien \u00e9quip\u00e9es, y compris des camps de tentes avec literie, salles de bains et salles \u00e0 manger communes.<\/li>\n<li>Possibilit\u00e9 d'observer la faune de pr\u00e8s, y compris les animaux nocturnes et les \u00e9toiles visibles depuis votre campement.<\/li>\n<li>Commentaire perspicace sur les efforts de conservation et l'importance de prot\u00e9ger les habitats naturels de la Tanzanie.<\/li>\n<li>Des paysages pittoresques et des environnements tranquilles qui offrent une v\u00e9ritable connexion avec la nature.<\/li>\n<\/ul>\n<h2>Meilleure p\u00e9riode pour les safaris en camping<\/h2>\n<p>La meilleure p\u00e9riode pour les safaris en camping en Tanzanie est la saison s\u00e8che, de juin \u00e0 octobre, lorsque la faune est plus concentr\u00e9e autour des sources d'eau et que les temp\u00e9ratures sont g\u00e9n\u00e9ralement agr\u00e9ables. Cependant, certaines r\u00e9gions offrent des exp\u00e9riences uniques tout au long de l'ann\u00e9e, notamment les p\u00e9riodes de migration dans le Serengeti.<\/p>\n<h2>Conseils et recommandations<\/h2>\n<ul>\n<li>Apportez le mat\u00e9riel de camping appropri\u00e9, y compris un sac de couchage et une lampe de poche, pour assurer votre confort pendant votre s\u00e9jour.<\/li>\n<li>Portez plusieurs couches de v\u00eatements pour vous adapter aux variations de temp\u00e9rature, en particulier t\u00f4t le matin et le soir.<\/li>\n<li>Suivez les consignes de s\u00e9curit\u00e9 fournies par vos guides et respectez la faune \u00e0 une distance raisonnable.<\/li>\n<li>Restez hydrat\u00e9 et pr\u00e9parez-vous \u00e0 vivre une exp\u00e9rience rustique qui vous mettra en contact avec la nature.<\/li>\n<\/ul>\n<h2>Pr\u00eat pour un safari en camping inoubliable ?<\/h2>\n<p>Faites l'exp\u00e9rience du camping dans les paysages sauvages de la Tanzanie et cr\u00e9ez des souvenirs inoubliables. <a href=\"https:\/\/www.goexpeditionsafrica.com\/contact-us\/\">R\u00e9servez votre safari en camping d\u00e8s maintenant<\/a> avec Go Expeditions Africa et pr\u00e9parez-vous \u00e0 vivre l'aventure de votre vie.<\/p>\n<hr \/>\n<h2>Explorer d'autres activit\u00e9s<\/h2>\n<p><a href=\"https:\/\/www.goexpeditionsafrica.com\/activities\/balloon-safari\/\">Safaris en montgolfi\u00e8re<\/a><br \/>\n<a href=\"https:\/\/www.goexpeditionsafrica.com\/activities\/big-5-safaris\/\">Safaris Big 5<\/a><br \/>\n<a href=\"https:\/\/www.goexpeditionsafrica.com\/activities\/birdwatching\/\">Observation des oiseaux<\/a><br \/>\n<a href=\"https:\/\/www.goexpeditionsafrica.com\/activities\/camping-safaris\/\">Safaris en camping<\/a><br \/>\n<a href=\"https:\/\/www.goexpeditionsafrica.com\/activities\/chimpanzee-trekking\/\">Trekking pour les chimpanz\u00e9s<\/a><br \/>\n<a href=\"https:\/\/www.goexpeditionsafrica.com\/activities\/coffee-tour\/\">Tourn\u00e9e des caf\u00e9s<\/a><br \/>\n<a href=\"https:\/\/www.goexpeditionsafrica.com\/activities\/cultural-tours\/\">Visites culturelles<\/a><br \/>\n<a href=\"https:\/\/www.goexpeditionsafrica.com\/activities\/cycling-mountain-biking\/\">Cyclisme et VTT<\/a><br \/>\n<a href=\"https:\/\/www.goexpeditionsafrica.com\/activities\/dodoma-city\/\">Dodoma City<\/a><br \/>\n<a href=\"https:\/\/www.goexpeditionsafrica.com\/activities\/family-safaris\/\">Safaris en famille<\/a><br \/>\n<a href=\"https:\/\/www.goexpeditionsafrica.com\/activities\/game-drive-wildlife-safari\/\">Safari animalier<\/a><br \/>\n<a href=\"https:\/\/www.goexpeditionsafrica.com\/activities\/hiking-mount-trekking\/\">Randonn\u00e9e et trekking en montagne<\/a><br \/>\n<a href=\"https:\/\/www.goexpeditionsafrica.com\/activities\/historical-sites-tour\/\">Visite des sites historiques<\/a><br \/>\n<a href=\"https:\/\/www.goexpeditionsafrica.com\/activities\/honeymoon-safari\/\">Safari lune de miel<\/a><br \/>\n<a href=\"https:\/\/www.goexpeditionsafrica.com\/activities\/horse-riding\/\">L'\u00e9quitation<\/a><br \/>\n<a href=\"https:\/\/www.goexpeditionsafrica.com\/activities\/night-game-drive\/\">Conduite nocturne du gibier<\/a><br \/>\n<a href=\"https:\/\/www.goexpeditionsafrica.com\/activities\/photographic-safaris\/\">Safaris photographiques<\/a><br \/>\n<a href=\"https:\/\/www.goexpeditionsafrica.com\/activities\/beach-holiday-vacation\/\">Vacances \u00e0 la plage en Tanzanie<\/a><br \/>\n<a href=\"https:\/\/www.goexpeditionsafrica.com\/activities\/tanzania-city-tours\/\">Visites de la ville de Tanzanie<\/a><br \/>\n<a href=\"https:\/\/www.goexpeditionsafrica.com\/activities\/the-great-wildebeest-migration\/\">La grande migration des gnous<\/a><br \/>\n<a href=\"https:\/\/www.goexpeditionsafrica.com\/activities\/walking-safaris\/\">Safaris \u00e0 pied<\/a><\/p>","protected":false},"excerpt":{"rendered":"<p>What is camping safari? Camping safaris offer an authentic and immersive way to experience Tanzania&#8217;s diverse wildlife and stunning natural scenery. Whether you&#8217;re nestled in the heart of the Serengeti or perched on the rim of the Ngorongoro Crater, a camping safari allows you to fully connect with the environment. The adventure of sleeping under [&hellip;]<\/p>\n","protected":false},"author":1,"featured_media":0,"parent":4482,"menu_order":0,"comment_status":"closed","ping_status":"closed","template":"","meta":{"footnotes":""},"categories":[],"tags":[],"class_list":["post-4441","page","type-page","status-publish","hentry"],"_links":{"self":[{"href":"https:\/\/www.goexpeditionsafrica.com\/fr\/wp-json\/wp\/v2\/pages\/4441","targetHints":{"allow":["GET"]}}],"collection":[{"href":"https:\/\/www.goexpeditionsafrica.com\/fr\/wp-json\/wp\/v2\/pages"}],"about":[{"href":"https:\/\/www.goexpeditionsafrica.com\/fr\/wp-json\/wp\/v2\/types\/page"}],"author":[{"embeddable":true,"href":"https:\/\/www.goexpeditionsafrica.com\/fr\/wp-json\/wp\/v2\/users\/1"}],"replies":[{"embeddable":true,"href":"https:\/\/www.goexpeditionsafrica.com\/fr\/wp-json\/wp\/v2\/comments?post=4441"}],"version-history":[{"count":5,"href":"https:\/\/www.goexpeditionsafrica.com\/fr\/wp-json\/wp\/v2\/pages\/4441\/revisions"}],"predecessor-version":[{"id":4714,"href":"https:\/\/www.goexpeditionsafrica.com\/fr\/wp-json\/wp\/v2\/pages\/4441\/revisions\/4714"}],"up":[{"embeddable":true,"href":"https:\/\/www.goexpeditionsafrica.com\/fr\/wp-json\/wp\/v2\/pages\/4482"}],"wp:attachment":[{"href":"https:\/\/www.goexpeditionsafrica.com\/fr\/wp-json\/wp\/v2\/media?parent=4441"}],"wp:term":[{"taxonomy":"category","embeddable":true,"href":"https:\/\/www.goexpeditionsafrica.com\/fr\/wp-json\/wp\/v2\/categories?post=4441"},{"taxonomy":"post_tag","embeddable":true,"href":"https:\/\/www.goexpeditionsafrica.com\/fr\/wp-json\/wp\/v2\/tags?post=4441"}],"curies":[{"name":"wp","href":"https:\/\/api.w.org\/{rel}","templated":true}]}}