{"id":4440,"date":"2024-08-24T07:06:10","date_gmt":"2024-08-24T07:06:10","guid":{"rendered":"https:\/\/www.goexpeditionsafrica.com\/?page_id=4440"},"modified":"2024-09-09T12:12:15","modified_gmt":"2024-09-09T12:12:15","slug":"trekking-pour-les-chimpanzes","status":"publish","type":"page","link":"https:\/\/www.goexpeditionsafrica.com\/fr\/activities\/chimpanzee-trekking\/","title":{"rendered":"La randonn\u00e9e des chimpanz\u00e9s : Un voyage dans le paradis des primates de Tanzanie"},"content":{"rendered":"<p>Le trekking des chimpanz\u00e9s offre une occasion unique et fascinante d'observer les comportements et la dynamique sociale de l'un de nos plus proches parents dans le r\u00e8gne animal. En vous aventurant dans les for\u00eats luxuriantes de Tanzanie, vous aurez la chance d'observer des chimpanz\u00e9s dans leur habitat naturel, en train de se toiletter, de jouer et de chercher de la nourriture. Ce contact \u00e9troit avec ces cr\u00e9atures intelligentes et expressives permet de mieux comprendre leurs structures sociales complexes et leurs similitudes avec le comportement humain.<\/p>\n<p>L'exp\u00e9rience consistant \u00e0 suivre ces remarquables primates \u00e0 travers le feuillage dense est non seulement passionnante mais aussi profond\u00e9ment \u00e9ducative, car elle offre un rare aper\u00e7u de la vie des chimpanz\u00e9s \u00e0 l'\u00e9tat sauvage. Que vous soyez t\u00e9moin d'une interaction de groupe ou d'une m\u00e8re s'occupant de ses petits, chaque moment pass\u00e9 avec ces incroyables animaux est un moment fort et m\u00e9morable de votre s\u00e9jour. <a href=\"https:\/\/www.goexpeditionsafrica.com\/tanzania-safari-tours\/\">Safari en Tanzanie<\/a>. Le lien que vous ressentez en les observant vaquer \u00e0 leurs occupations quotidiennes, souvent \u00e0 quelques m\u00e8tres de vous, laisse une impression durable et vous permet d'appr\u00e9cier davantage la riche biodiversit\u00e9 que la Tanzanie a \u00e0 offrir.<\/p>\n<h2>Les meilleures destinations pour les randonn\u00e9es avec les chimpanz\u00e9s<\/h2>\n<p>D\u00e9couvrez les meilleurs endroits en Tanzanie pour faire du trekking avec les chimpanz\u00e9s :<\/p>\n<ul>\n<li><a href=\"https:\/\/www.goexpeditionsafrica.com\/mahale-mountains-national-park\/\">Parc national des monts Mahale<\/a>: Connu pour ses paysages \u00e9poustouflants et sa grande population de chimpanz\u00e9s, Mahale offre certaines des exp\u00e9riences de trekking les plus gratifiantes. La situation isol\u00e9e du parc garantit une aventure authentique.<\/li>\n<li><a href=\"https:\/\/www.goexpeditionsafrica.com\/travel-destinations\/gombe-national-park\/\">Parc national de Gombe Stream<\/a>: C\u00e9l\u00e8bre pour ses recherches r\u00e9volutionnaires sur les <a href=\"https:\/\/en.wikipedia.org\/wiki\/Jane_Goodall\" target=\"_blank\" rel=\"noopener\">Dr. Jane Goodall<\/a>, Gombe offre la possibilit\u00e9 de suivre et d'observer les chimpanz\u00e9s dans leur environnement naturel.<\/li>\n<li><a href=\"https:\/\/www.goexpeditionsafrica.com\/travel-destinations\/rubondo-island-national-park\/\">Parc national de l'\u00eele de Rubondo<\/a>: Situ\u00e9 sur <a href=\"https:\/\/www.goexpeditionsafrica.com\/lakes-and-rivers\/lake-victoria\/\">Lac Victoria<\/a>, <a href=\"https:\/\/www.goexpeditionsafrica.com\/travel-destinations\/rubondo-island-national-park\/\">\u00cele de Rubondo<\/a> abrite une petite population prosp\u00e8re de chimpanz\u00e9s. L'\u00eele offre un cadre unique pour les randonn\u00e9es et l'observation de la faune.<\/li>\n<\/ul>\n<h2>\u00c0 quoi s'attendre<\/h2>\n<p>Lors de votre trekking avec les chimpanz\u00e9s, vous pouvez vous attendre \u00e0.. :<\/p>\n<ul>\n<li>Des randonn\u00e9es guid\u00e9es par des rangers exp\u00e9riment\u00e9s qui vous aideront \u00e0 traquer et \u00e0 trouver les chimpanz\u00e9s tout en garantissant la s\u00e9curit\u00e9 et l'observation \u00e9thique de la faune et de la flore.<\/li>\n<li>Des rencontres rapproch\u00e9es avec des chimpanz\u00e9s, vous permettant d'observer leurs interactions sociales, leurs comportements de recherche de nourriture et leurs jeux.<\/li>\n<li>Des paysages magnifiques et diversifi\u00e9s, allant de for\u00eats luxuriantes \u00e0 des terrains montagneux, enrichissent l'exp\u00e9rience globale du trekking.<\/li>\n<li>Aper\u00e7u des efforts de conservation et des programmes de recherche consacr\u00e9s \u00e0 la protection des chimpanz\u00e9s et de leurs habitats.<\/li>\n<\/ul>\n<h2>Meilleure p\u00e9riode pour le trekking des chimpanz\u00e9s<\/h2>\n<p>La meilleure p\u00e9riode pour les randonn\u00e9es avec les chimpanz\u00e9s est la saison s\u00e8che, de juin \u00e0 octobre, lorsque les pistes sont moins boueuses et que la faune est plus active. Cependant, les randonn\u00e9es avec les chimpanz\u00e9s peuvent \u00eatre pratiqu\u00e9es tout au long de l'ann\u00e9e, les diff\u00e9rentes saisons offrant des exp\u00e9riences uniques.<\/p>\n<h2>Conseils et recommandations<\/h2>\n<ul>\n<li>Portez des chaussures de randonn\u00e9e robustes et pr\u00e9voyez des v\u00eatements adapt\u00e9s aux conditions m\u00e9t\u00e9orologiques variables, y compris des v\u00eatements de pluie et des v\u00eatements superpos\u00e9s.<\/li>\n<li>Apportez des jumelles et un appareil photo \u00e9quip\u00e9 d'un zoom pour immortaliser les moments de vie sauvage et les vues lointaines.<\/li>\n<li>Suivez les instructions de votre guide pour la s\u00e9curit\u00e9 et maintenez une distance respectueuse avec les chimpanz\u00e9s pour ne pas les d\u00e9ranger.<\/li>\n<li>Pr\u00e9parez-vous \u00e0 une randonn\u00e9e physiquement exigeante qui peut impliquer de naviguer sur des terrains accident\u00e9s et des pentes raides.<\/li>\n<\/ul>\n<h2>Pr\u00eat \u00e0 faire du trekking avec les chimpanz\u00e9s ?<\/h2>\n<p>Faites l'exp\u00e9rience d'un trekking avec des chimpanz\u00e9s et apprenez \u00e0 mieux conna\u00eetre ces remarquables primates.<a href=\"https:\/\/www.goexpeditionsafrica.com\/chimpanzee-trekking\"><br \/>\n<\/a><\/p>\n<hr \/>\n<h2>Explorer d'autres activit\u00e9s<\/h2>\n<p><a href=\"https:\/\/www.goexpeditionsafrica.com\/activities\/balloon-safari\/\">Safaris en montgolfi\u00e8re<\/a><br \/>\n<a href=\"https:\/\/www.goexpeditionsafrica.com\/activities\/big-5-safaris\/\">Safaris Big 5<\/a><br \/>\n<a href=\"https:\/\/www.goexpeditionsafrica.com\/activities\/birdwatching\/\">Observation des oiseaux<\/a><br \/>\n<a href=\"https:\/\/www.goexpeditionsafrica.com\/activities\/camping-safaris\/\">Safaris en camping<\/a><br \/>\n<a href=\"https:\/\/www.goexpeditionsafrica.com\/activities\/coffee-tour\/\">Tourn\u00e9e des caf\u00e9s<\/a><br \/>\n<a href=\"https:\/\/www.goexpeditionsafrica.com\/activities\/cultural-tours\/\">Visites culturelles<\/a><br \/>\n<a href=\"https:\/\/www.goexpeditionsafrica.com\/activities\/cycling-mountain-biking\/\">Cyclisme et VTT<\/a><br \/>\n<a href=\"https:\/\/www.goexpeditionsafrica.com\/activities\/dodoma-city\/\">Dodoma City<\/a><br \/>\n<a href=\"https:\/\/www.goexpeditionsafrica.com\/activities\/family-safaris\/\">Safaris en famille<\/a><br \/>\n<a href=\"https:\/\/www.goexpeditionsafrica.com\/activities\/game-drive-wildlife-safari\/\">Safari animalier<\/a><br \/>\n<a href=\"https:\/\/www.goexpeditionsafrica.com\/activities\/hiking-mount-trekking\/\">Randonn\u00e9e et trekking en montagne<\/a><br \/>\n<a href=\"https:\/\/www.goexpeditionsafrica.com\/activities\/historical-sites-tour\/\">Visite des sites historiques<\/a><br \/>\n<a href=\"https:\/\/www.goexpeditionsafrica.com\/activities\/honeymoon-safari\/\">Safari lune de miel<\/a><br \/>\n<a href=\"https:\/\/www.goexpeditionsafrica.com\/activities\/horse-riding\/\">L'\u00e9quitation<\/a><br \/>\n<a href=\"https:\/\/www.goexpeditionsafrica.com\/activities\/night-game-drive\/\">Conduite nocturne du gibier<\/a><br \/>\n<a href=\"https:\/\/www.goexpeditionsafrica.com\/activities\/photographic-safaris\/\">Safaris photographiques<\/a><br \/>\n<a href=\"https:\/\/www.goexpeditionsafrica.com\/activities\/beach-holiday-vacation\/\">Vacances \u00e0 la plage en Tanzanie<\/a><br \/>\n<a href=\"https:\/\/www.goexpeditionsafrica.com\/activities\/tanzania-city-tours\/\">Visites de la ville de Tanzanie<\/a><br \/>\n<a href=\"https:\/\/www.goexpeditionsafrica.com\/activities\/the-great-wildebeest-migration\/\">La grande migration des gnous<\/a><br \/>\n<a href=\"https:\/\/www.goexpeditionsafrica.com\/activities\/walking-safaris\/\">Safaris \u00e0 pied<\/a><\/p>","protected":false},"excerpt":{"rendered":"<p>Chimpanzee trekking offers a unique and fascinating opportunity to witness the behaviors and social dynamics of one of our closest relatives in the animal kingdom. As you venture into the lush forests of Tanzania, you&#8217;ll have the chance to observe chimpanzees in their natural habitat, engaging in activities such as grooming, playing, and foraging. This [&hellip;]<\/p>\n","protected":false},"author":1,"featured_media":0,"parent":4482,"menu_order":0,"comment_status":"closed","ping_status":"closed","template":"","meta":{"footnotes":""},"categories":[],"tags":[],"class_list":["post-4440","page","type-page","status-publish","hentry"],"_links":{"self":[{"href":"https:\/\/www.goexpeditionsafrica.com\/fr\/wp-json\/wp\/v2\/pages\/4440","targetHints":{"allow":["GET"]}}],"collection":[{"href":"https:\/\/www.goexpeditionsafrica.com\/fr\/wp-json\/wp\/v2\/pages"}],"about":[{"href":"https:\/\/www.goexpeditionsafrica.com\/fr\/wp-json\/wp\/v2\/types\/page"}],"author":[{"embeddable":true,"href":"https:\/\/www.goexpeditionsafrica.com\/fr\/wp-json\/wp\/v2\/users\/1"}],"replies":[{"embeddable":true,"href":"https:\/\/www.goexpeditionsafrica.com\/fr\/wp-json\/wp\/v2\/comments?post=4440"}],"version-history":[{"count":5,"href":"https:\/\/www.goexpeditionsafrica.com\/fr\/wp-json\/wp\/v2\/pages\/4440\/revisions"}],"predecessor-version":[{"id":4862,"href":"https:\/\/www.goexpeditionsafrica.com\/fr\/wp-json\/wp\/v2\/pages\/4440\/revisions\/4862"}],"up":[{"embeddable":true,"href":"https:\/\/www.goexpeditionsafrica.com\/fr\/wp-json\/wp\/v2\/pages\/4482"}],"wp:attachment":[{"href":"https:\/\/www.goexpeditionsafrica.com\/fr\/wp-json\/wp\/v2\/media?parent=4440"}],"wp:term":[{"taxonomy":"category","embeddable":true,"href":"https:\/\/www.goexpeditionsafrica.com\/fr\/wp-json\/wp\/v2\/categories?post=4440"},{"taxonomy":"post_tag","embeddable":true,"href":"https:\/\/www.goexpeditionsafrica.com\/fr\/wp-json\/wp\/v2\/tags?post=4440"}],"curies":[{"name":"wp","href":"https:\/\/api.w.org\/{rel}","templated":true}]}}