{"id":4438,"date":"2024-08-24T07:03:30","date_gmt":"2024-08-24T07:03:30","guid":{"rendered":"https:\/\/www.goexpeditionsafrica.com\/?page_id=4438"},"modified":"2024-09-09T12:16:34","modified_gmt":"2024-09-09T12:16:34","slug":"randonnee-en-montagne-trekking","status":"publish","type":"page","link":"https:\/\/www.goexpeditionsafrica.com\/fr\/activities\/hiking-mountain-trekking\/","title":{"rendered":"Randonn\u00e9e et trekking en montagne"},"content":{"rendered":"<h2>Randonn\u00e9e et trekking en montagne : A la conqu\u00eate des sommets majestueux de Tanzanie<\/h2>\n<p>La Tanzanie est une destination id\u00e9ale pour la randonn\u00e9e et le trekking en montagne, offrant des paysages accident\u00e9s et des panoramas \u00e0 couper le souffle. Cette aventure est parfaite pour les amoureux de la nature et ceux qui cherchent \u00e0 se d\u00e9passer au milieu de la beaut\u00e9 \u00e9poustouflante des divers terrains de la Tanzanie.<\/p>\n<p>Que vous escaladiez l'embl\u00e9matique <a href=\"https:\/\/www.goexpeditionsafrica.com\/mount-kilimanjaro-climbing\/\">Mont Kilimandjaro<\/a>, L'exploration de la r\u00e9gion pittoresque de l'Europe de l'Est <a href=\"https:\/\/www.goexpeditionsafrica.com\/travel-destinations\/usambara-mountains\/\">Monts Usambara<\/a>, ou de faire du trekking dans les r\u00e9gions isol\u00e9es <a href=\"https:\/\/www.goexpeditionsafrica.com\/travel-destinations\/udzungwa-mountains\/\">Montagnes d'Udzungwa<\/a>, La Tanzanie offre des pistes vari\u00e9es et des escalades difficiles pour les aventuriers de tous niveaux. Chaque sentier offre une exp\u00e9rience unique, des for\u00eats tropicales luxuriantes aux hauts plateaux arides, garantissant un voyage inoubliable \u00e0 travers certaines des merveilles naturelles les plus remarquables d'Afrique.<\/p>\n<h2>\u00c0 quoi s'attendre<\/h2>\n<p>Pendant votre aventure de randonn\u00e9e et de trekking en montagne, vous pouvez vous attendre \u00e0.. :<\/p>\n<ul>\n<li>Sentiers panoramiques : Traversez une vari\u00e9t\u00e9 de paysages, des for\u00eats tropicales luxuriantes et des prairies alpines aux pics rocheux et aux crat\u00e8res volcaniques. Chaque sentier offre des vues uniques et la possibilit\u00e9 d'entrer en contact avec la beaut\u00e9 naturelle de la Tanzanie.<\/li>\n<li>Treks guid\u00e9s : B\u00e9n\u00e9ficiez de l'expertise de guides exp\u00e9riment\u00e9s qui vous conduiront en toute s\u00e9curit\u00e9 \u00e0 travers les sentiers. Ils vous donneront des informations pr\u00e9cieuses sur la g\u00e9ographie, la flore et la faune de la r\u00e9gion, am\u00e9liorant ainsi votre exp\u00e9rience du trekking.<\/li>\n<li>Acclimatation et s\u00e9curit\u00e9 : Pour les treks en haute altitude, comme le Kilimandjaro, l'acclimatation est essentielle. Nos itin\u00e9raires pr\u00e9voient des journ\u00e9es d'acclimatation afin que vous soyez pr\u00e9par\u00e9 \u00e0 l'altitude et que vous viviez une exp\u00e9rience d'escalade en toute s\u00e9curit\u00e9.<\/li>\n<li>H\u00e9bergement confortable : En fonction de votre randonn\u00e9e, vous pourrez profiter d'une gamme d'h\u00e9bergements allant des refuges de montagne et campements douillets aux lodges confortables. Les repas sont fournis pour vous permettre de faire le plein d'\u00e9nergie pour votre randonn\u00e9e.<\/li>\n<li>Des vues \u00e9poustouflantes : La Tanzanie offre des vues parmi les plus spectaculaires, notamment des panoramas depuis les sommets des montagnes, des vall\u00e9es pittoresques et des paysages spectaculaires.<\/li>\n<\/ul>\n<h2>Meilleur moment pour faire du trekking<\/h2>\n<p>La meilleure p\u00e9riode pour la randonn\u00e9e et le trekking en Tanzanie varie selon les r\u00e9gions. Pour le Kilimandjaro, les saisons s\u00e8ches de juin \u00e0 octobre et de janvier \u00e0 mars sont id\u00e9ales, car elles offrent un ciel plus d\u00e9gag\u00e9 et un temps plus stable. Les monts Usambara et Udzungwa peuvent \u00eatre visit\u00e9s tout au long de l'ann\u00e9e, mais la saison s\u00e8che est pr\u00e9f\u00e9rable pour des sentiers plus d\u00e9gag\u00e9s et de meilleures conditions m\u00e9t\u00e9orologiques.<\/p>\n<h2>Conseils et recommandations<\/h2>\n<ul>\n<li>Assurez-vous d'avoir l'\u00e9quipement appropri\u00e9, notamment des chaussures de randonn\u00e9e robustes, des v\u00eatements adapt\u00e9s aux conditions m\u00e9t\u00e9orologiques et un sac \u00e0 dos de bonne qualit\u00e9.<\/li>\n<li>Restez hydrat\u00e9 et maintenez une alimentation \u00e9quilibr\u00e9e pour soutenir votre niveau d'\u00e9nergie pendant le trek.<\/li>\n<li>Suivez les conseils de votre guide en mati\u00e8re de rythme et de s\u00e9curit\u00e9, en particulier \u00e0 haute altitude o\u00f9 l'acclimatation est cruciale.<\/li>\n<li>Faites des bagages l\u00e9gers, mais pr\u00e9voyez les \u00e9l\u00e9ments essentiels tels qu'une trousse de premiers soins, une protection solaire et un appareil photo pour immortaliser les vues \u00e9poustouflantes.<\/li>\n<\/ul>\n<h2>Comment r\u00e9server<\/h2>\n<p>Pour r\u00e9server votre aventure de randonn\u00e9e et de trekking en montagne, visitez notre site web. <a href=\"https:\/\/www.goexpeditionsafrica.com\/contact-us\/\">nous contacter<\/a> page. Pour plus d'informations ou pour personnaliser votre randonn\u00e9e, appelez-nous pour une assistance personnalis\u00e9e.<\/p>\n<h2>Pr\u00eat \u00e0 atteindre de nouveaux sommets ?<\/h2>\n<p>Rejoignez-nous pour une aventure exaltante de randonn\u00e9e et de trekking en montagne et partez \u00e0 la conqu\u00eate des majestueux sommets de Tanzanie. R\u00e9servez votre voyage d\u00e8s aujourd'hui avec Go Expeditions Africa et vivez l'exp\u00e9rience d'un trekking \u00e0 travers certains des paysages les plus \u00e9poustouflants du monde.<\/p>\n<hr \/>\n<h2>Explorer d'autres activit\u00e9s<\/h2>\n<p><a href=\"https:\/\/www.goexpeditionsafrica.com\/activities\/balloon-safari\/\">Safaris en montgolfi\u00e8re<\/a><br \/>\n<a href=\"https:\/\/www.goexpeditionsafrica.com\/activities\/big-5-safaris\/\">Safaris Big 5<\/a><br \/>\n<a href=\"https:\/\/www.goexpeditionsafrica.com\/activities\/birdwatching\/\">Observation des oiseaux<\/a><br \/>\n<a href=\"https:\/\/www.goexpeditionsafrica.com\/activities\/camping-safaris\/\">Safaris en camping<\/a><br \/>\n<a href=\"https:\/\/www.goexpeditionsafrica.com\/activities\/chimpanzee-trekking\/\">Trekking pour les chimpanz\u00e9s<\/a><br \/>\n<a href=\"https:\/\/www.goexpeditionsafrica.com\/activities\/coffee-tour\/\">Tourn\u00e9e des caf\u00e9s<\/a><br \/>\n<a href=\"https:\/\/www.goexpeditionsafrica.com\/activities\/cultural-tours\/\">Visites culturelles<\/a><br \/>\n<a href=\"https:\/\/www.goexpeditionsafrica.com\/activities\/cycling-mountain-biking\/\">Cyclisme et VTT<\/a><br \/>\n<a href=\"https:\/\/www.goexpeditionsafrica.com\/activities\/dodoma-city\/\">Dodoma City<\/a><br \/>\n<a href=\"https:\/\/www.goexpeditionsafrica.com\/activities\/family-safaris\/\">Safaris en famille<\/a><br \/>\n<a href=\"https:\/\/www.goexpeditionsafrica.com\/activities\/game-drive-wildlife-safari\/\">Safari animalier<\/a><br \/>\n<a href=\"https:\/\/www.goexpeditionsafrica.com\/activities\/hiking-mount-trekking\/\">Randonn\u00e9e et trekking en montagne<\/a><br \/>\n<a href=\"https:\/\/www.goexpeditionsafrica.com\/activities\/historical-sites-tour\/\">Visite des sites historiques<\/a><br \/>\n<a href=\"https:\/\/www.goexpeditionsafrica.com\/activities\/honeymoon-safari\/\">Safari lune de miel<\/a><br \/>\n<a href=\"https:\/\/www.goexpeditionsafrica.com\/activities\/horse-riding\/\">L'\u00e9quitation<\/a><br \/>\n<a href=\"https:\/\/www.goexpeditionsafrica.com\/activities\/night-game-drive\/\">Conduite nocturne du gibier<\/a><br \/>\n<a href=\"https:\/\/www.goexpeditionsafrica.com\/activities\/photographic-safaris\/\">Safaris photographiques<\/a><br \/>\n<a href=\"https:\/\/www.goexpeditionsafrica.com\/activities\/beach-holiday-vacation\/\">Vacances \u00e0 la plage en Tanzanie<\/a><br \/>\n<a href=\"https:\/\/www.goexpeditionsafrica.com\/activities\/tanzania-city-tours\/\">Visites de la ville de Tanzanie<\/a><br \/>\n<a href=\"https:\/\/www.goexpeditionsafrica.com\/activities\/the-great-wildebeest-migration\/\">La grande migration des gnous<\/a><br \/>\n<a href=\"https:\/\/www.goexpeditionsafrica.com\/activities\/walking-safaris\/\">Safaris \u00e0 pied<\/a><\/p>","protected":false},"excerpt":{"rendered":"<p>Hiking &amp; Mountain Trekking: Conquer Tanzania\u2019s Majestic Peaks Tanzania is an ideal destination for hiking and mountain trekking, offering rugged landscapes and breathtaking vistas. This adventure is perfect for nature enthusiasts and those looking to challenge themselves amidst the stunning beauty of Tanzania&#8217;s diverse terrains. Whether you&#8217;re scaling the iconic Mount Kilimanjaro, exploring the scenic [&hellip;]<\/p>\n","protected":false},"author":1,"featured_media":0,"parent":4482,"menu_order":0,"comment_status":"closed","ping_status":"closed","template":"","meta":{"footnotes":""},"categories":[],"tags":[],"class_list":["post-4438","page","type-page","status-publish","hentry"],"_links":{"self":[{"href":"https:\/\/www.goexpeditionsafrica.com\/fr\/wp-json\/wp\/v2\/pages\/4438","targetHints":{"allow":["GET"]}}],"collection":[{"href":"https:\/\/www.goexpeditionsafrica.com\/fr\/wp-json\/wp\/v2\/pages"}],"about":[{"href":"https:\/\/www.goexpeditionsafrica.com\/fr\/wp-json\/wp\/v2\/types\/page"}],"author":[{"embeddable":true,"href":"https:\/\/www.goexpeditionsafrica.com\/fr\/wp-json\/wp\/v2\/users\/1"}],"replies":[{"embeddable":true,"href":"https:\/\/www.goexpeditionsafrica.com\/fr\/wp-json\/wp\/v2\/comments?post=4438"}],"version-history":[{"count":5,"href":"https:\/\/www.goexpeditionsafrica.com\/fr\/wp-json\/wp\/v2\/pages\/4438\/revisions"}],"predecessor-version":[{"id":4776,"href":"https:\/\/www.goexpeditionsafrica.com\/fr\/wp-json\/wp\/v2\/pages\/4438\/revisions\/4776"}],"up":[{"embeddable":true,"href":"https:\/\/www.goexpeditionsafrica.com\/fr\/wp-json\/wp\/v2\/pages\/4482"}],"wp:attachment":[{"href":"https:\/\/www.goexpeditionsafrica.com\/fr\/wp-json\/wp\/v2\/media?parent=4438"}],"wp:term":[{"taxonomy":"category","embeddable":true,"href":"https:\/\/www.goexpeditionsafrica.com\/fr\/wp-json\/wp\/v2\/categories?post=4438"},{"taxonomy":"post_tag","embeddable":true,"href":"https:\/\/www.goexpeditionsafrica.com\/fr\/wp-json\/wp\/v2\/tags?post=4438"}],"curies":[{"name":"wp","href":"https:\/\/api.w.org\/{rel}","templated":true}]}}