{"id":4421,"date":"2024-08-24T07:00:44","date_gmt":"2024-08-24T07:00:44","guid":{"rendered":"https:\/\/www.goexpeditionsafrica.com\/?page_id=4421"},"modified":"2024-09-04T15:14:58","modified_gmt":"2024-09-04T15:14:58","slug":"visites-de-la-ville-de-tanzanie","status":"publish","type":"page","link":"https:\/\/www.goexpeditionsafrica.com\/fr\/activities\/tanzania-city-tours\/","title":{"rendered":"Visites de la ville de Tanzanie"},"content":{"rendered":"<h2>Circuits urbains en Tanzanie : D\u00e9couvrez des exp\u00e9riences urbaines dynamiques \u00e0 travers le pays<\/h2>\n<p>D\u00e9couvrez la richesse de la culture, de l'histoire et de la vie tr\u00e9pidante des villes tanzaniennes gr\u00e2ce \u00e0 nos passionnants circuits urbains. Des rues anim\u00e9es de Dar es Salaam au charme historique de Bagamoyo, chaque ville offre un aper\u00e7u unique du paysage urbain et du patrimoine de la Tanzanie. Rejoignez-nous pour une exploration enrichissante des villes les plus embl\u00e9matiques de Tanzanie.<\/p>\n<h2>Les meilleures villes \u00e0 explorer<\/h2>\n<p>Voici quelques-unes des villes \u00e0 ne pas manquer lors de votre visite de la Tanzanie :<\/p>\n<ul>\n<li><a href=\"https:\/\/www.goexpeditionsafrica.com\/travel-destinations\/dar-es-salaam\/\">Dar es Salaam<\/a>: Dar es Salaam, la plus grande ville de Tanzanie et son centre \u00e9conomique, offre un m\u00e9lange de modernit\u00e9 et de charme traditionnel. Explorez ses march\u00e9s anim\u00e9s, ses plages et ses sites culturels.<\/li>\n<li><a href=\"https:\/\/www.goexpeditionsafrica.com\/travel-destinations\/arusha-city\/\">Arusha<\/a>: Connue comme la porte d'entr\u00e9e du circuit de safari du nord, Arusha est une ville anim\u00e9e avec des attractions telles que le parc national d'Arusha et des exp\u00e9riences culturelles locales.<\/li>\n<li><a href=\"https:\/\/www.goexpeditionsafrica.com\/travel-destinations\/mwanza-city\/\">Mwanza<\/a>: Situ\u00e9e sur les rives du lac Victoria, Mwanza est connue pour ses magnifiques vues sur le lac et ses march\u00e9s anim\u00e9s. D\u00e9couvrez la culture unique de la ville et son environnement pittoresque.<\/li>\n<li><a href=\"https:\/\/www.goexpeditionsafrica.com\/travel-destinations\/bagamoyo\/\">Bagamoyo<\/a>: Ville historique au riche h\u00e9ritage swahili et colonial, Bagamoyo offre des mus\u00e9es fascinants, des ruines anciennes et un magnifique littoral.<\/li>\n<li><a href=\"https:\/\/www.goexpeditionsafrica.com\/travel-destinations\/tanga-city\/\">Tanga<\/a>: Tanga est une ville c\u00f4ti\u00e8re connue pour ses sites historiques, notamment ses anciens forts et ses march\u00e9s anim\u00e9s. Sa situation permet \u00e9galement d'acc\u00e9der aux attractions naturelles des environs.<\/li>\n<li><a href=\"https:\/\/www.goexpeditionsafrica.com\/travel-destinations\/moshi-town\/\">Moshi<\/a>: Nich\u00e9e au pied du Kilimandjaro, Moshi est une ville charmante qui offre une passerelle vers la montagne et les exp\u00e9riences culturelles locales.<\/li>\n<\/ul>\n<h2>\u00c0 quoi s'attendre<\/h2>\n<p>Lors de votre visite de la ville de Tanzanie, vous pouvez vous attendre \u00e0.. :<\/p>\n<ul>\n<li>Visites guid\u00e9es par des guides locaux comp\u00e9tents qui donnent un aper\u00e7u de l'histoire, de la culture et des principaux points d'int\u00e9r\u00eat de chaque ville.<\/li>\n<li>Visites des principales attractions, y compris les mus\u00e9es, les sites historiques et les centres culturels, qui permettent de mieux comprendre <a href=\"https:\/\/www.goexpeditionsafrica.com\/activities\/tanzania-cultural-tours\/\">Patrimoine tanzanien<\/a>.<\/li>\n<li>L'occasion de d\u00e9couvrir la cuisine locale, les march\u00e9s et les festivals, qui donnent un aper\u00e7u de la vie quotidienne dans les villes tanzaniennes.<\/li>\n<li>Des transports confortables et des itin\u00e9raires bien planifi\u00e9s pour garantir une exploration fluide et agr\u00e9able de chaque ville.<\/li>\n<\/ul>\n<h2>Meilleure p\u00e9riode pour visiter<\/h2>\n<p>La meilleure p\u00e9riode pour visiter les villes de Tanzanie est la saison s\u00e8che, de juin \u00e0 octobre, lorsque le temps est agr\u00e9able et id\u00e9al pour faire du tourisme. Cependant, chaque ville offre des exp\u00e9riences uniques tout au long de l'ann\u00e9e, notamment des festivals et des \u00e9v\u00e9nements culturels.<\/p>\n<h2>Conseils et recommandations<\/h2>\n<ul>\n<li>Portez des chaussures de marche confortables et portez plusieurs couches de v\u00eatements pour vous adapter aux diff\u00e9rentes temp\u00e9ratures et conditions m\u00e9t\u00e9orologiques.<\/li>\n<li>Munissez-vous d'un appareil photo pour immortaliser les paysages urbains et les moments m\u00e9morables de vos visites.<\/li>\n<li>Respectez les coutumes et l'\u00e9tiquette locales, en particulier lorsque vous visitez des sites culturels ou religieux.<\/li>\n<li>Hydratez-vous et emportez l'essentiel, comme de la cr\u00e8me solaire et un chapeau, pour vous prot\u00e9ger du soleil.<\/li>\n<\/ul>\n<h2>Pr\u00eat \u00e0 d\u00e9couvrir les villes de Tanzanie ?<\/h2>\n<p>R\u00e9servez d\u00e8s maintenant votre tour de ville avec Go Expeditions Africa et d\u00e9couvrez l'essence de la vie urbaine tanzanienne. Visitez notre page de contact et soumettez votre demande, notre conseiller en voyages cr\u00e9era la meilleure proposition en fonction de vos souhaits.<\/p>\n<hr \/>\n<h2>Explorer d'autres activit\u00e9s<\/h2>\n<p><a href=\"https:\/\/www.goexpeditionsafrica.com\/activities\/balloon-safari\/\">Safaris en montgolfi\u00e8re<\/a><br \/>\n<a href=\"https:\/\/www.goexpeditionsafrica.com\/activities\/big-5-safaris\/\">Safaris Big 5<\/a><br \/>\n<a href=\"https:\/\/www.goexpeditionsafrica.com\/activities\/birdwatching\/\">Observation des oiseaux<\/a><br \/>\n<a href=\"https:\/\/www.goexpeditionsafrica.com\/activities\/camping-safaris\/\">Safaris en camping<\/a><br \/>\n<a href=\"https:\/\/www.goexpeditionsafrica.com\/activities\/chimpanzee-trekking\/\">Trekking pour les chimpanz\u00e9s<\/a><br \/>\n<a href=\"https:\/\/www.goexpeditionsafrica.com\/activities\/coffee-tour\/\">Tourn\u00e9e des caf\u00e9s<\/a><br \/>\n<a href=\"https:\/\/www.goexpeditionsafrica.com\/activities\/cultural-tours\/\">Visites culturelles<\/a><br \/>\n<a href=\"https:\/\/www.goexpeditionsafrica.com\/activities\/cycling-mountain-biking\/\">Cyclisme et VTT<\/a><br \/>\n<a href=\"https:\/\/www.goexpeditionsafrica.com\/activities\/dodoma-city\/\">Dodoma City<\/a><br \/>\n<a href=\"https:\/\/www.goexpeditionsafrica.com\/activities\/family-safaris\/\">Safaris en famille<\/a><br \/>\n<a href=\"https:\/\/www.goexpeditionsafrica.com\/activities\/game-drive-wildlife-safari\/\">Safari animalier<\/a><br \/>\n<a href=\"https:\/\/www.goexpeditionsafrica.com\/activities\/hiking-mount-trekking\/\">Randonn\u00e9e et trekking en montagne<\/a><br \/>\n<a href=\"https:\/\/www.goexpeditionsafrica.com\/activities\/historical-sites-tour\/\">Visite des sites historiques<\/a><br \/>\n<a href=\"https:\/\/www.goexpeditionsafrica.com\/activities\/honeymoon-safari\/\">Safari lune de miel<\/a><br \/>\n<a href=\"https:\/\/www.goexpeditionsafrica.com\/activities\/horse-riding\/\">L'\u00e9quitation<\/a><br \/>\n<a href=\"https:\/\/www.goexpeditionsafrica.com\/activities\/night-game-drive\/\">Conduite nocturne du gibier<\/a><br \/>\n<a href=\"https:\/\/www.goexpeditionsafrica.com\/activities\/photographic-safaris\/\">Safaris photographiques<\/a><br \/>\n<a href=\"https:\/\/www.goexpeditionsafrica.com\/activities\/beach-holiday-vacation\/\">Vacances \u00e0 la plage en Tanzanie<\/a><br \/>\n<a href=\"https:\/\/www.goexpeditionsafrica.com\/activities\/tanzania-city-tours\/\">Visites de la ville de Tanzanie<\/a><br \/>\n<a href=\"https:\/\/www.goexpeditionsafrica.com\/activities\/the-great-wildebeest-migration\/\">La grande migration des gnous<\/a><br \/>\n<a href=\"https:\/\/www.goexpeditionsafrica.com\/activities\/walking-safaris\/\">Safaris \u00e0 pied<\/a><\/p>","protected":false},"excerpt":{"rendered":"<p>Tanzania City Tours: Explore Vibrant Urban Experiences Across the Country Discover the rich culture, history, and vibrant life of Tanzania\u2019s cities with our exciting city tours. From the bustling streets of Dar es Salaam to the historical charm of Bagamoyo, each city offers a unique glimpse into Tanzania\u2019s urban landscape and heritage. Join us for [&hellip;]<\/p>\n","protected":false},"author":1,"featured_media":0,"parent":4482,"menu_order":0,"comment_status":"closed","ping_status":"closed","template":"","meta":{"footnotes":""},"categories":[],"tags":[],"class_list":["post-4421","page","type-page","status-publish","hentry"],"_links":{"self":[{"href":"https:\/\/www.goexpeditionsafrica.com\/fr\/wp-json\/wp\/v2\/pages\/4421","targetHints":{"allow":["GET"]}}],"collection":[{"href":"https:\/\/www.goexpeditionsafrica.com\/fr\/wp-json\/wp\/v2\/pages"}],"about":[{"href":"https:\/\/www.goexpeditionsafrica.com\/fr\/wp-json\/wp\/v2\/types\/page"}],"author":[{"embeddable":true,"href":"https:\/\/www.goexpeditionsafrica.com\/fr\/wp-json\/wp\/v2\/users\/1"}],"replies":[{"embeddable":true,"href":"https:\/\/www.goexpeditionsafrica.com\/fr\/wp-json\/wp\/v2\/comments?post=4421"}],"version-history":[{"count":5,"href":"https:\/\/www.goexpeditionsafrica.com\/fr\/wp-json\/wp\/v2\/pages\/4421\/revisions"}],"predecessor-version":[{"id":4792,"href":"https:\/\/www.goexpeditionsafrica.com\/fr\/wp-json\/wp\/v2\/pages\/4421\/revisions\/4792"}],"up":[{"embeddable":true,"href":"https:\/\/www.goexpeditionsafrica.com\/fr\/wp-json\/wp\/v2\/pages\/4482"}],"wp:attachment":[{"href":"https:\/\/www.goexpeditionsafrica.com\/fr\/wp-json\/wp\/v2\/media?parent=4421"}],"wp:term":[{"taxonomy":"category","embeddable":true,"href":"https:\/\/www.goexpeditionsafrica.com\/fr\/wp-json\/wp\/v2\/categories?post=4421"},{"taxonomy":"post_tag","embeddable":true,"href":"https:\/\/www.goexpeditionsafrica.com\/fr\/wp-json\/wp\/v2\/tags?post=4421"}],"curies":[{"name":"wp","href":"https:\/\/api.w.org\/{rel}","templated":true}]}}