{"id":4420,"date":"2024-08-24T07:00:34","date_gmt":"2024-08-24T07:00:34","guid":{"rendered":"https:\/\/www.goexpeditionsafrica.com\/?page_id=4420"},"modified":"2024-09-04T10:24:01","modified_gmt":"2024-09-04T10:24:01","slug":"visite-des-sites-historiques","status":"publish","type":"page","link":"https:\/\/www.goexpeditionsafrica.com\/fr\/activities\/historical-sites-tour\/","title":{"rendered":"Visite des sites historiques"},"content":{"rendered":"<h2>Circuit des sites historiques : D\u00e9couvrez le riche patrimoine de la Tanzanie<\/h2>\n<p>D\u00e9couvrez la riche tapisserie du patrimoine tanzanien lors d'un circuit des sites historiques, o\u00f9 le pass\u00e9 prend vie \u00e0 travers les ruines anciennes, l'architecture coloniale et les sites culturels importants. Ce voyage offre une occasion unique d'explorer les racines historiques et les traditions vivantes qui ont fait de la Tanzanie la nation diversifi\u00e9e et dynamique qu'elle est aujourd'hui.<\/p>\n<p>En visitant ces sites remarquables, vous d\u00e9couvrirez le pass\u00e9 historique du pays, depuis ses premi\u00e8res civilisations jusqu'\u00e0 son r\u00f4le dans l'histoire mondiale. Chaque site raconte une histoire passionnante, permettant de mieux comprendre l'h\u00e9ritage culturel de la Tanzanie et son impact durable sur le pr\u00e9sent.<\/p>\n<h2>\u00c0 quoi s'attendre<\/h2>\n<p>Au cours de votre visite des sites historiques, vous aurez l'occasion d'explorer :<\/p>\n<ol>\n<li>Ruines ancestrales : Explorez des sites arch\u00e9ologiques importants tels que le <a href=\"https:\/\/www.goexpeditionsafrica.com\/travel-destinations\/olduvai-gorge\/\">Gorges d'Olduvai<\/a>, o\u00f9 ont \u00e9t\u00e9 d\u00e9couverts certains des plus anciens fossiles humains, et les ruines de <a href=\"https:\/\/www.goexpeditionsafrica.com\/travel-destinations\/ruins-of-kilwa-kisiwani\/\">Kilwa Kisiwani<\/a>, qui refl\u00e8tent la grandeur de l'ancienne civilisation de la c\u00f4te swahilie.<\/li>\n<li>Architecture coloniale : D\u00e9couvrez le pass\u00e9 colonial de la Tanzanie \u00e0 travers ses b\u00e2timents et structures historiques, notamment l'architecture de l'\u00e9poque allemande et britannique dans des villes telles que <a href=\"https:\/\/www.goexpeditionsafrica.com\/travel-destinations\/dar-es-salaam\/\">Dar es Salaam<\/a> et Arusha.<\/li>\n<li>Sites du patrimoine culturel : Visitez des sites culturels tels que <a href=\"https:\/\/www.goexpeditionsafrica.com\/travel-destinations\/bagamoyo\/\">Bagamoyo<\/a>, un ancien port important pour le commerce des esclaves, et le <a href=\"https:\/\/www.goexpeditionsafrica.com\/travel-destinations\/kondoa-rock-art-sites\/\">Sites d'art rupestre de Kondoa<\/a>, Le site est connu pour ses peintures rupestres pr\u00e9historiques qui donnent un aper\u00e7u de la vie des anciens habitants.<\/li>\n<li>Visites guid\u00e9es : Profitez de visites informatives men\u00e9es par des guides comp\u00e9tents qui expliquent le contexte et les anecdotes de chaque site, enrichissant ainsi votre compr\u00e9hension de l'histoire et de la culture de la Tanzanie.<\/li>\n<li>Exp\u00e9riences interactives : Participez \u00e0 des exp\u00e9riences interactives qui donnent vie \u00e0 l'histoire, comme la visite de mus\u00e9es locaux, la participation \u00e0 des c\u00e9r\u00e9monies traditionnelles et l'interaction avec les communaut\u00e9s locales.<\/li>\n<\/ol>\n<h2>Meilleur moment pour une visite des sites historiques<\/h2>\n<p>La meilleure p\u00e9riode pour partir \u00e0 la d\u00e9couverte des sites historiques de Tanzanie est la saison s\u00e8che, de juin \u00e0 octobre. Cette p\u00e9riode offre un temps agr\u00e9able et des conditions de voyage plus faciles, ce qui vous permet de profiter pleinement des attractions historiques et de plein air. Toutefois, certains sites peuvent \u00eatre visit\u00e9s tout au long de l'ann\u00e9e, en fonction de l'accessibilit\u00e9 et des conditions m\u00e9t\u00e9orologiques.<\/p>\n<h2>Conseils et recommandations<\/h2>\n<ul>\n<li>Portez des chaussures de marche confortables et rev\u00eatez plusieurs couches de v\u00eatements pour vous adapter aux conditions m\u00e9t\u00e9orologiques et aux besoins de l'exploration des diff\u00e9rents sites.<\/li>\n<li>Apportez un appareil photo et un carnet de notes pour immortaliser des souvenirs et des faits int\u00e9ressants sur chaque site historique.<\/li>\n<li>Respecter les coutumes et les traditions locales, en particulier lors de la visite de zones culturellement sensibles ou de la participation \u00e0 des c\u00e9r\u00e9monies locales.<\/li>\n<li>Hydratez-vous et emportez des produits essentiels tels que de la cr\u00e8me solaire et des insectifuges, en particulier lorsque vous explorez des sites en plein air.<\/li>\n<\/ul>\n<h2>Comment r\u00e9server<\/h2>\n<p>Pour r\u00e9server votre visite des sites historiques, visitez notre <a href=\"https:\/\/www.goexpeditionsafrica.com\/contact-us\/\">nous contacter<\/a> et faire une demande de renseignements.<\/p>\n<h2>Pr\u00eat \u00e0 d\u00e9couvrir l'histoire de la Tanzanie ?<\/h2>\n<p>Rejoindre <a href=\"https:\/\/www.goexpeditionsafrica.com\/\">Go Expeditions Africa<\/a> pour une visite captivante des sites historiques et plongez-vous dans le riche patrimoine de la Tanzanie. R\u00e9servez votre voyage d\u00e8s aujourd'hui et d\u00e9couvrez les histoires qui ont fa\u00e7onn\u00e9 ce pays remarquable.<\/p>\n<hr \/>\n<h2>Explorer d'autres activit\u00e9s<\/h2>\n<p><a href=\"https:\/\/www.goexpeditionsafrica.com\/activities\/balloon-safari\/\">Safaris en montgolfi\u00e8re<\/a><br \/>\n<a href=\"https:\/\/www.goexpeditionsafrica.com\/activities\/big-5-safaris\/\">Safaris Big 5<\/a><br \/>\n<a href=\"https:\/\/www.goexpeditionsafrica.com\/activities\/birdwatching\/\">Observation des oiseaux<\/a><br \/>\n<a href=\"https:\/\/www.goexpeditionsafrica.com\/activities\/camping-safaris\/\">Safaris en camping<\/a><br \/>\n<a href=\"https:\/\/www.goexpeditionsafrica.com\/activities\/chimpanzee-trekking\/\">Trekking pour les chimpanz\u00e9s<\/a><br \/>\n<a href=\"https:\/\/www.goexpeditionsafrica.com\/activities\/coffee-tour\/\">Tourn\u00e9e des caf\u00e9s<\/a><br \/>\n<a href=\"https:\/\/www.goexpeditionsafrica.com\/activities\/cultural-tours\/\">Visites culturelles<\/a><br \/>\n<a href=\"https:\/\/www.goexpeditionsafrica.com\/activities\/cycling-mountain-biking\/\">Cyclisme et VTT<\/a><br \/>\n<a href=\"https:\/\/www.goexpeditionsafrica.com\/activities\/dodoma-city\/\">Dodoma City<\/a><br \/>\n<a href=\"https:\/\/www.goexpeditionsafrica.com\/activities\/family-safaris\/\">Safaris en famille<\/a><br \/>\n<a href=\"https:\/\/www.goexpeditionsafrica.com\/activities\/game-drive-wildlife-safari\/\">Safari animalier<\/a><br \/>\n<a href=\"https:\/\/www.goexpeditionsafrica.com\/activities\/hiking-mount-trekking\/\">Randonn\u00e9e et trekking en montagne<\/a><br \/>\n<a href=\"https:\/\/www.goexpeditionsafrica.com\/activities\/historical-sites-tour\/\">Visite des sites historiques<\/a><br \/>\n<a href=\"https:\/\/www.goexpeditionsafrica.com\/activities\/honeymoon-safari\/\">Safari lune de miel<\/a><br \/>\n<a href=\"https:\/\/www.goexpeditionsafrica.com\/activities\/horse-riding\/\">L'\u00e9quitation<\/a><br \/>\n<a href=\"https:\/\/www.goexpeditionsafrica.com\/activities\/night-game-drive\/\">Conduite nocturne du gibier<\/a><br \/>\n<a href=\"https:\/\/www.goexpeditionsafrica.com\/activities\/photographic-safaris\/\">Safaris photographiques<\/a><br \/>\n<a href=\"https:\/\/www.goexpeditionsafrica.com\/activities\/beach-holiday-vacation\/\">Vacances \u00e0 la plage en Tanzanie<\/a><br \/>\n<a href=\"https:\/\/www.goexpeditionsafrica.com\/activities\/tanzania-city-tours\/\">Visites de la ville de Tanzanie<\/a><br \/>\n<a href=\"https:\/\/www.goexpeditionsafrica.com\/activities\/the-great-wildebeest-migration\/\">La grande migration des gnous<\/a><br \/>\n<a href=\"https:\/\/www.goexpeditionsafrica.com\/activities\/walking-safaris\/\">Safaris \u00e0 pied<\/a><\/p>","protected":false},"excerpt":{"rendered":"<p>Historical Sites Tour: Discover Tanzania\u2019s Rich Heritage Discover the rich tapestry of Tanzania\u2019s heritage on a Historical Sites Tour, where the past comes alive through ancient ruins, colonial architecture, and culturally significant landmarks. This journey offers a unique opportunity to explore the historical roots and vibrant traditions that have shaped Tanzania into the diverse and [&hellip;]<\/p>\n","protected":false},"author":1,"featured_media":0,"parent":4482,"menu_order":0,"comment_status":"closed","ping_status":"closed","template":"","meta":{"footnotes":""},"categories":[],"tags":[],"class_list":["post-4420","page","type-page","status-publish","hentry"],"_links":{"self":[{"href":"https:\/\/www.goexpeditionsafrica.com\/fr\/wp-json\/wp\/v2\/pages\/4420","targetHints":{"allow":["GET"]}}],"collection":[{"href":"https:\/\/www.goexpeditionsafrica.com\/fr\/wp-json\/wp\/v2\/pages"}],"about":[{"href":"https:\/\/www.goexpeditionsafrica.com\/fr\/wp-json\/wp\/v2\/types\/page"}],"author":[{"embeddable":true,"href":"https:\/\/www.goexpeditionsafrica.com\/fr\/wp-json\/wp\/v2\/users\/1"}],"replies":[{"embeddable":true,"href":"https:\/\/www.goexpeditionsafrica.com\/fr\/wp-json\/wp\/v2\/comments?post=4420"}],"version-history":[{"count":5,"href":"https:\/\/www.goexpeditionsafrica.com\/fr\/wp-json\/wp\/v2\/pages\/4420\/revisions"}],"predecessor-version":[{"id":4778,"href":"https:\/\/www.goexpeditionsafrica.com\/fr\/wp-json\/wp\/v2\/pages\/4420\/revisions\/4778"}],"up":[{"embeddable":true,"href":"https:\/\/www.goexpeditionsafrica.com\/fr\/wp-json\/wp\/v2\/pages\/4482"}],"wp:attachment":[{"href":"https:\/\/www.goexpeditionsafrica.com\/fr\/wp-json\/wp\/v2\/media?parent=4420"}],"wp:term":[{"taxonomy":"category","embeddable":true,"href":"https:\/\/www.goexpeditionsafrica.com\/fr\/wp-json\/wp\/v2\/categories?post=4420"},{"taxonomy":"post_tag","embeddable":true,"href":"https:\/\/www.goexpeditionsafrica.com\/fr\/wp-json\/wp\/v2\/tags?post=4420"}],"curies":[{"name":"wp","href":"https:\/\/api.w.org\/{rel}","templated":true}]}}