{"id":4419,"date":"2024-08-24T07:00:09","date_gmt":"2024-08-24T07:00:09","guid":{"rendered":"https:\/\/www.goexpeditionsafrica.com\/?page_id=4419"},"modified":"2024-09-04T09:30:31","modified_gmt":"2024-09-04T09:30:31","slug":"tournee-des-cafes","status":"publish","type":"page","link":"https:\/\/www.goexpeditionsafrica.com\/fr\/activities\/coffee-tour\/","title":{"rendered":"Tourn\u00e9e du caf\u00e9 en Tanzanie"},"content":{"rendered":"<h2>Tourn\u00e9e du caf\u00e9 : D\u00e9couvrez le riche patrimoine tanzanien en mati\u00e8re de caf\u00e9<\/h2>\n<p>Plongez dans l'univers du caf\u00e9 tanzanien gr\u00e2ce \u00e0 notre captivant circuit du caf\u00e9, o\u00f9 l'ar\u00f4me des grains fra\u00eechement torr\u00e9fi\u00e9s emplit l'air et o\u00f9 les plantations de caf\u00e9 luxuriantes s'\u00e9tendent devant vous. D\u00e9couvrez le voyage du grain \u00e0 la tasse en vous plongeant dans les riches traditions et les saveurs vibrantes qui d\u00e9finissent l'industrie du caf\u00e9 en Tanzanie. Des fermes des hauts plateaux o\u00f9 les cerises de caf\u00e9 sont soigneusement cueillies \u00e0 la main aux processus complexes de s\u00e9chage, de torr\u00e9faction et de mouture, cette visite offre un aper\u00e7u complet et intime de la mani\u00e8re dont est produit l'un des meilleurs caf\u00e9s au monde.<\/p>\n<p>Non seulement vous serez le t\u00e9moin direct de l'art et de la science qui sous-tendent la production du caf\u00e9, mais vous aurez \u00e9galement la chance de rencontrer les agriculteurs passionn\u00e9s et les artisans qualifi\u00e9s qui consacrent leur vie \u00e0 cet artisanat. Vous d\u00e9couvrirez l'histoire du caf\u00e9 en Tanzanie, les diff\u00e9rentes r\u00e9gions de culture et les diverses m\u00e9thodes utilis\u00e9es pour cultiver et traiter les grains. En savourant les saveurs distinctes du caf\u00e9 tanzanien, qu'il s'agisse d'une infusion audacieuse et robuste ou d'une tasse douce et aromatique, vous appr\u00e9cierez davantage la complexit\u00e9 et le soin apport\u00e9s \u00e0 chaque gorg\u00e9e. Cette excursion est plus qu'une simple d\u00e9gustation : c'est un voyage au c\u0153ur de la culture tanzanienne du caf\u00e9, une fa\u00e7on unique et inoubliable d'entrer en contact avec la terre et son peuple.<\/p>\n<h2>\u00c0 quoi s'attendre<\/h2>\n<p>Pendant votre tourn\u00e9e des caf\u00e9s, vous pouvez vous attendre \u00e0.. :<\/p>\n<ul>\n<li>Visites de fermes : Visitez des exploitations de caf\u00e9 locales et d\u00e9couvrez les pratiques traditionnelles et modernes de culture du caf\u00e9. Assistez au processus de culture, de r\u00e9colte et de traitement des grains de caf\u00e9.<\/li>\n<li>Traitement du caf\u00e9 : D\u00e9couvrez le processus d\u00e9taill\u00e9 de transformation du caf\u00e9, du s\u00e9chage et du broyage \u00e0 la torr\u00e9faction et \u00e0 la mouture. D\u00e9couvrez les techniques qui font ressortir les saveurs uniques du caf\u00e9 tanzanien.<\/li>\n<li>S\u00e9ances de d\u00e9gustation : Profitez de s\u00e9ances de d\u00e9gustation de caf\u00e9 guid\u00e9es, au cours desquelles vous pourrez go\u00fbter une vari\u00e9t\u00e9 de grains cultiv\u00e9s localement. D\u00e9couvrez les saveurs et les ar\u00f4mes distincts qui font la renomm\u00e9e mondiale du caf\u00e9 tanzanien.<\/li>\n<li>Rencontrez les producteurs : Interagissez avec les producteurs de caf\u00e9 locaux et apprenez \u00e0 mieux appr\u00e9cier leur savoir-faire et leur d\u00e9vouement. D\u00e9couvrez l'importance culturelle du caf\u00e9 dans les communaut\u00e9s tanzaniennes.<\/li>\n<li>Exp\u00e9rience \u00e9ducative : Participez \u00e0 des ateliers d'information et \u00e0 des discussions sur les pratiques de culture durable du caf\u00e9 et sur l'impact de la production de caf\u00e9 sur l'\u00e9conomie locale.<\/li>\n<\/ul>\n<h2>Meilleure p\u00e9riode pour visiter<\/h2>\n<p>La meilleure p\u00e9riode pour une visite guid\u00e9e du caf\u00e9 est la saison de la r\u00e9colte du caf\u00e9, qui s'\u00e9tend g\u00e9n\u00e9ralement de mai \u00e0 septembre. Pendant cette p\u00e9riode, vous aurez la chance de voir la r\u00e9colte battre son plein et de d\u00e9couvrir l'activit\u00e9 tr\u00e9pidante des fermes.<\/p>\n<h2>Conseils et recommandations<\/h2>\n<ul>\n<li>Portez des v\u00eatements confortables et des chaussures robustes adapt\u00e9es \u00e0 la marche dans les fermes de caf\u00e9.<\/li>\n<li>Apportez un chapeau, des lunettes de soleil et de la cr\u00e8me solaire pour vous prot\u00e9ger du soleil.<\/li>\n<li>N'oubliez pas d'emporter un appareil photo pour immortaliser les paysages pittoresques et les moments m\u00e9morables de votre voyage.<\/li>\n<li>Pr\u00e9parez-vous \u00e0 des temp\u00e9ratures et des conditions m\u00e9t\u00e9orologiques variables, surtout si vous visitez diff\u00e9rentes r\u00e9gions.<\/li>\n<\/ul>\n<h2>Pr\u00eat \u00e0 d\u00e9couvrir le caf\u00e9 tanzanien ?<\/h2>\n<p>Rejoignez-nous pour une visite immersive du caf\u00e9 et d\u00e9couvrez le riche h\u00e9ritage et les saveurs exceptionnelles du caf\u00e9 tanzanien.<a href=\"https:\/\/www.goexpeditionsafrica.com\/contact-us\/\"> R\u00e9servez votre visite aujourd'hui<\/a> et d\u00e9couvrez l'essence de l'un des produits d'exportation les plus appr\u00e9ci\u00e9s de Tanzanie.<\/p>\n<hr \/>\n<h2>Explorer d'autres activit\u00e9s<\/h2>\n<p><a href=\"https:\/\/www.goexpeditionsafrica.com\/activities\/balloon-safari\/\">Safaris en montgolfi\u00e8re<\/a><br \/>\n<a href=\"https:\/\/www.goexpeditionsafrica.com\/activities\/big-5-safaris\/\">Safaris Big 5<\/a><br \/>\n<a href=\"https:\/\/www.goexpeditionsafrica.com\/activities\/birdwatching\/\">Observation des oiseaux<\/a><br \/>\n<a href=\"https:\/\/www.goexpeditionsafrica.com\/activities\/camping-safaris\/\">Safaris en camping<\/a><br \/>\n<a href=\"https:\/\/www.goexpeditionsafrica.com\/activities\/chimpanzee-trekking\/\">Trekking pour les chimpanz\u00e9s<\/a><br \/>\n<a href=\"https:\/\/www.goexpeditionsafrica.com\/activities\/cultural-tours\/\">Visites culturelles<\/a><br \/>\n<a href=\"https:\/\/www.goexpeditionsafrica.com\/activities\/cycling-mountain-biking\/\">Cyclisme et VTT<\/a><br \/>\n<a href=\"https:\/\/www.goexpeditionsafrica.com\/activities\/dodoma-city\/\">Dodoma City<\/a><br \/>\n<a href=\"https:\/\/www.goexpeditionsafrica.com\/activities\/family-safaris\/\">Safaris en famille<\/a><br \/>\n<a href=\"https:\/\/www.goexpeditionsafrica.com\/activities\/game-drive-wildlife-safari\/\">Safari animalier<\/a><br \/>\n<a href=\"https:\/\/www.goexpeditionsafrica.com\/activities\/hiking-mount-trekking\/\">Randonn\u00e9e et trekking en montagne<\/a><br \/>\n<a href=\"https:\/\/www.goexpeditionsafrica.com\/activities\/historical-sites-tour\/\">Visite des sites historiques<\/a><br \/>\n<a href=\"https:\/\/www.goexpeditionsafrica.com\/activities\/honeymoon-safari\/\">Safari lune de miel<\/a><br \/>\n<a href=\"https:\/\/www.goexpeditionsafrica.com\/activities\/horse-riding\/\">L'\u00e9quitation<\/a><br \/>\n<a href=\"https:\/\/www.goexpeditionsafrica.com\/activities\/night-game-drive\/\">Conduite nocturne du gibier<\/a><br \/>\n<a href=\"https:\/\/www.goexpeditionsafrica.com\/activities\/photographic-safaris\/\">Safaris photographiques<\/a><br \/>\n<a href=\"https:\/\/www.goexpeditionsafrica.com\/activities\/beach-holiday-vacation\/\">Vacances \u00e0 la plage en Tanzanie<\/a><br \/>\n<a href=\"https:\/\/www.goexpeditionsafrica.com\/activities\/tanzania-city-tours\/\">Visites de la ville de Tanzanie<\/a><br \/>\n<a href=\"https:\/\/www.goexpeditionsafrica.com\/activities\/the-great-wildebeest-migration\/\">La grande migration des gnous<\/a><br \/>\n<a href=\"https:\/\/www.goexpeditionsafrica.com\/activities\/walking-safaris\/\">Safaris \u00e0 pied<\/a><\/p>","protected":false},"excerpt":{"rendered":"<p>Coffee Tour: Experience Tanzania\u2019s Rich Coffee Heritage Immerse yourself in the world of Tanzanian coffee with our captivating Coffee Tour, where the aroma of freshly roasted beans fills the air and the lush coffee plantations stretch out before you. Discover the journey from bean to cup as you delve into the rich traditions and vibrant [&hellip;]<\/p>\n","protected":false},"author":1,"featured_media":0,"parent":4482,"menu_order":0,"comment_status":"closed","ping_status":"closed","template":"","meta":{"footnotes":""},"categories":[],"tags":[],"class_list":["post-4419","page","type-page","status-publish","hentry"],"_links":{"self":[{"href":"https:\/\/www.goexpeditionsafrica.com\/fr\/wp-json\/wp\/v2\/pages\/4419","targetHints":{"allow":["GET"]}}],"collection":[{"href":"https:\/\/www.goexpeditionsafrica.com\/fr\/wp-json\/wp\/v2\/pages"}],"about":[{"href":"https:\/\/www.goexpeditionsafrica.com\/fr\/wp-json\/wp\/v2\/types\/page"}],"author":[{"embeddable":true,"href":"https:\/\/www.goexpeditionsafrica.com\/fr\/wp-json\/wp\/v2\/users\/1"}],"replies":[{"embeddable":true,"href":"https:\/\/www.goexpeditionsafrica.com\/fr\/wp-json\/wp\/v2\/comments?post=4419"}],"version-history":[{"count":5,"href":"https:\/\/www.goexpeditionsafrica.com\/fr\/wp-json\/wp\/v2\/pages\/4419\/revisions"}],"predecessor-version":[{"id":4770,"href":"https:\/\/www.goexpeditionsafrica.com\/fr\/wp-json\/wp\/v2\/pages\/4419\/revisions\/4770"}],"up":[{"embeddable":true,"href":"https:\/\/www.goexpeditionsafrica.com\/fr\/wp-json\/wp\/v2\/pages\/4482"}],"wp:attachment":[{"href":"https:\/\/www.goexpeditionsafrica.com\/fr\/wp-json\/wp\/v2\/media?parent=4419"}],"wp:term":[{"taxonomy":"category","embeddable":true,"href":"https:\/\/www.goexpeditionsafrica.com\/fr\/wp-json\/wp\/v2\/categories?post=4419"},{"taxonomy":"post_tag","embeddable":true,"href":"https:\/\/www.goexpeditionsafrica.com\/fr\/wp-json\/wp\/v2\/tags?post=4419"}],"curies":[{"name":"wp","href":"https:\/\/api.w.org\/{rel}","templated":true}]}}