{"id":4417,"date":"2024-08-24T06:59:13","date_gmt":"2024-08-24T06:59:13","guid":{"rendered":"https:\/\/www.goexpeditionsafrica.com\/?page_id=4417"},"modified":"2024-09-14T15:36:06","modified_gmt":"2024-09-14T15:36:06","slug":"safari-en-4x4-safari-animalier","status":"publish","type":"page","link":"https:\/\/www.goexpeditionsafrica.com\/fr\/activities\/game-drive-wildlife-safari\/","title":{"rendered":"Safari animalier"},"content":{"rendered":"<p>Le safari animalier, appel\u00e9 \"Game drive\", est l'activit\u00e9 la plus connue et la plus vendue par la plupart des voyagistes en Tanzanie. Cette activit\u00e9 consiste \u00e0 visiter <a href=\"https:\/\/www.goexpeditionsafrica.com\/travel-destinations\/\">parcs animaliers<\/a> pour d\u00e9couvrir et rencontrer les animaux sauvages embl\u00e9matiques de la Tanzanie dans leurs habitats naturels. Cette aventure vous permet de vous immerger dans des paysages \u00e0 couper le souffle, o\u00f9 les images et les sons de la nature cr\u00e9ent une exp\u00e9rience exaltante et m\u00e9morable.<\/p>\n<p><a href=\"https:\/\/www.goexpeditionsafrica.com\/tanzania-safari-tours\/\">Nos safaris<\/a> offrent l'occasion id\u00e9ale d'observer la diversit\u00e9 des animaux qui vivent en Tanzanie, depuis les majestueux lions et \u00e9l\u00e9phants jusqu'aux insaisissables l\u00e9opards et rhinoc\u00e9ros. Que vous soyez un voyageur chevronn\u00e9 ou un visiteur novice, la richesse de la faune et les paysages \u00e9poustouflants vous laisseront bouche b\u00e9e.<\/p>\n<h2>\u00c0 quoi s'attendre<\/h2>\n<p>Au cours de votre safari, vous pourrez vous attendre \u00e0.. :<\/p>\n<ul>\n<li>Safaris guid\u00e9s : Profitez de safaris guid\u00e9s dans des v\u00e9hicules sp\u00e9cialement \u00e9quip\u00e9s, con\u00e7us pour une observation optimale de la faune et du confort. Nos guides exp\u00e9riment\u00e9s vous conduiront dans des endroits privil\u00e9gi\u00e9s et partageront avec vous leurs connaissances sur la faune et les \u00e9cosyst\u00e8mes.<\/li>\n<li>Observation de la faune : D\u00e9couvrez l'excitation d'apercevoir une grande vari\u00e9t\u00e9 d'animaux, y compris les \u201cBig 5\u201d - lion, l\u00e9opard, \u00e9l\u00e9phant, buffle et rhinoc\u00e9ros. Chaque safari offre des rencontres uniques avec la faune et la possibilit\u00e9 d'observer d'autres esp\u00e8ces fascinantes.<\/li>\n<li>Paysages pittoresques : Admirez les paysages \u00e0 couper le souffle des parcs nationaux et des r\u00e9serves naturelles de Tanzanie, notamment les vastes plaines du Serengeti, la caldeira spectaculaire du crat\u00e8re du Ngorongoro et l'environnement riche en \u00e9l\u00e9phants du Tarangire.<\/li>\n<li><a href=\"https:\/\/www.goexpeditionsafrica.com\/accommodations\/\">H\u00e9bergement confortable<\/a>: S\u00e9journez dans des lodges confortables, des camps de tentes ou des camps mobiles, offrant une gamme d'options pour r\u00e9pondre \u00e0 vos pr\u00e9f\u00e9rences. Savourez les repas pr\u00e9par\u00e9s par des chefs comp\u00e9tents et d\u00e9tendez-vous apr\u00e8s votre journ\u00e9e d'aventures.<\/li>\n<li>Perspectives de conservation : D\u00e9couvrez les efforts de conservation et l'importance de la protection des esp\u00e8ces sauvages et de leurs habitats. Nos guides fournissent des informations pr\u00e9cieuses sur les d\u00e9fis auxquels sont confront\u00e9es les esp\u00e8ces sauvages et sur les mesures prises pour assurer leur survie.<\/li>\n<\/ul>\n<h2>Meilleur moment pour partir<\/h2>\n<p>La meilleure p\u00e9riode pour un safari en Tanzanie d\u00e9pend des parcs et r\u00e9serves que vous souhaitez visiter. En g\u00e9n\u00e9ral, la saison s\u00e8che, de juin \u00e0 octobre, est id\u00e9ale pour observer le gibier, car les animaux sont plus concentr\u00e9s autour des points d'eau et la v\u00e9g\u00e9tation est moins dense. Cependant, chaque parc a ses propres saisons de pointe, comme la migration des gnous dans le Serengeti, qui a lieu de juillet \u00e0 octobre.<\/p>\n<p>En savoir plus sur<a href=\"https:\/\/www.goexpeditionsafrica.com\/tanzania-travel\/best-time-to-visit-tanzania\/\"> le meilleur moment pour visiter la tanzanie<\/a><\/p>\n<h2>Conseils et recommandations<\/h2>\n<ul>\n<li>Apportez des jumelles et un appareil photo \u00e9quip\u00e9 d'un zoom pour immortaliser les moments de vie sauvage et les vues lointaines.<\/li>\n<li>Habillez-vous de couleurs neutres pour vous fondre dans l'environnement et \u00e9viter d'effrayer la faune.<\/li>\n<li>Suivez les instructions de votre guide et respectez la faune \u00e0 une distance raisonnable pour garantir une exp\u00e9rience s\u00fbre et agr\u00e9able.<\/li>\n<li>Restez hydrat\u00e9 et pr\u00e9parez-vous \u00e0 des temp\u00e9ratures variables, en particulier t\u00f4t le matin et tard le soir.<\/li>\n<\/ul>\n<h2>Comment r\u00e9server<\/h2>\n<p>Pour r\u00e9server votre safari animalier, veuillez visiter notre site web. <a href=\"https:\/\/www.goexpeditionsafrica.com\/contact-us\/\">page de contact<\/a> pour soumettre votre demande ou appelez-nous pour une assistance personnalis\u00e9e. Notre \u00e9quipe est l\u00e0 pour vous aider \u00e0 organiser un safari m\u00e9morable et passionnant.<\/p>\n<h2>Pr\u00eat pour un safari inoubliable ?<\/h2>\n<p>Rejoignez-nous pour un safari exaltant et observez la faune et la flore de Tanzanie. R\u00e9servez votre aventure d\u00e8s maintenant avec <a href=\"https:\/\/www.goexpeditionsafrica.com\/\">Go Expeditions Africa<\/a> et cr\u00e9ez des souvenirs inoubliables au c\u0153ur de la nature sauvage de l'Afrique.<\/p>\n<hr \/>\n<h2>Explorer d'autres activit\u00e9s<\/h2>\n<p><a href=\"https:\/\/www.goexpeditionsafrica.com\/activities\/balloon-safari\/\">Safaris en montgolfi\u00e8re<\/a><br \/>\n<a href=\"https:\/\/www.goexpeditionsafrica.com\/activities\/big-5-safaris\/\">Safaris Big 5<\/a><br \/>\n<a href=\"https:\/\/www.goexpeditionsafrica.com\/activities\/birdwatching\/\">Observation des oiseaux<\/a><br \/>\n<a href=\"https:\/\/www.goexpeditionsafrica.com\/activities\/camping-safaris\/\">Safaris en camping<\/a><br \/>\n<a href=\"https:\/\/www.goexpeditionsafrica.com\/activities\/chimpanzee-trekking\/\">Trekking pour les chimpanz\u00e9s<\/a><br \/>\n<a href=\"https:\/\/www.goexpeditionsafrica.com\/activities\/coffee-tour\/\">Tourn\u00e9e des caf\u00e9s<\/a><br \/>\n<a href=\"https:\/\/www.goexpeditionsafrica.com\/activities\/cultural-tours\/\">Visites culturelles<\/a><br \/>\n<a href=\"https:\/\/www.goexpeditionsafrica.com\/activities\/cycling-mountain-biking\/\">Cyclisme et VTT<\/a><br \/>\n<a href=\"https:\/\/www.goexpeditionsafrica.com\/activities\/dodoma-city\/\">Dodoma City<\/a><br \/>\n<a href=\"https:\/\/www.goexpeditionsafrica.com\/activities\/family-safaris\/\">Safaris en famille<\/a><br \/>\n<a href=\"https:\/\/www.goexpeditionsafrica.com\/activities\/game-drive-wildlife-safari\/\">Safari animalier<\/a><br \/>\n<a href=\"https:\/\/www.goexpeditionsafrica.com\/activities\/hiking-mount-trekking\/\">Randonn\u00e9e et trekking en montagne<\/a><br \/>\n<a href=\"https:\/\/www.goexpeditionsafrica.com\/activities\/historical-sites-tour\/\">Visite des sites historiques<\/a><br \/>\n<a href=\"https:\/\/www.goexpeditionsafrica.com\/activities\/honeymoon-safari\/\">Safari lune de miel<\/a><br \/>\n<a href=\"https:\/\/www.goexpeditionsafrica.com\/activities\/horse-riding\/\">L'\u00e9quitation<\/a><br \/>\n<a href=\"https:\/\/www.goexpeditionsafrica.com\/activities\/night-game-drive\/\">Conduite nocturne du gibier<\/a><br \/>\n<a href=\"https:\/\/www.goexpeditionsafrica.com\/activities\/photographic-safaris\/\">Safaris photographiques<\/a><br \/>\n<a href=\"https:\/\/www.goexpeditionsafrica.com\/activities\/beach-holiday-vacation\/\">Vacances \u00e0 la plage en Tanzanie<\/a><br \/>\n<a href=\"https:\/\/www.goexpeditionsafrica.com\/activities\/tanzania-city-tours\/\">Visites de la ville de Tanzanie<\/a><br \/>\n<a href=\"https:\/\/www.goexpeditionsafrica.com\/activities\/the-great-wildebeest-migration\/\">La grande migration des gnous<\/a><br \/>\n<a href=\"https:\/\/www.goexpeditionsafrica.com\/activities\/walking-safaris\/\">Safaris \u00e0 pied<\/a><\/p>","protected":false},"excerpt":{"rendered":"<p>Wildlife safari, referred to as Game drive, is a most famous and sold by most of the tour operators in Tanzania. This activities is all about visiting wildlife parks to experience and encounter Tanzania\u2019s iconic wildlife in their natural habitats. This adventure allows you to immerse yourself in the breathtaking landscapes, where the sights and [&hellip;]<\/p>\n","protected":false},"author":1,"featured_media":0,"parent":4482,"menu_order":0,"comment_status":"closed","ping_status":"closed","template":"","meta":{"footnotes":""},"categories":[],"tags":[],"class_list":["post-4417","page","type-page","status-publish","hentry"],"_links":{"self":[{"href":"https:\/\/www.goexpeditionsafrica.com\/fr\/wp-json\/wp\/v2\/pages\/4417","targetHints":{"allow":["GET"]}}],"collection":[{"href":"https:\/\/www.goexpeditionsafrica.com\/fr\/wp-json\/wp\/v2\/pages"}],"about":[{"href":"https:\/\/www.goexpeditionsafrica.com\/fr\/wp-json\/wp\/v2\/types\/page"}],"author":[{"embeddable":true,"href":"https:\/\/www.goexpeditionsafrica.com\/fr\/wp-json\/wp\/v2\/users\/1"}],"replies":[{"embeddable":true,"href":"https:\/\/www.goexpeditionsafrica.com\/fr\/wp-json\/wp\/v2\/comments?post=4417"}],"version-history":[{"count":5,"href":"https:\/\/www.goexpeditionsafrica.com\/fr\/wp-json\/wp\/v2\/pages\/4417\/revisions"}],"predecessor-version":[{"id":4613,"href":"https:\/\/www.goexpeditionsafrica.com\/fr\/wp-json\/wp\/v2\/pages\/4417\/revisions\/4613"}],"up":[{"embeddable":true,"href":"https:\/\/www.goexpeditionsafrica.com\/fr\/wp-json\/wp\/v2\/pages\/4482"}],"wp:attachment":[{"href":"https:\/\/www.goexpeditionsafrica.com\/fr\/wp-json\/wp\/v2\/media?parent=4417"}],"wp:term":[{"taxonomy":"category","embeddable":true,"href":"https:\/\/www.goexpeditionsafrica.com\/fr\/wp-json\/wp\/v2\/categories?post=4417"},{"taxonomy":"post_tag","embeddable":true,"href":"https:\/\/www.goexpeditionsafrica.com\/fr\/wp-json\/wp\/v2\/tags?post=4417"}],"curies":[{"name":"wp","href":"https:\/\/api.w.org\/{rel}","templated":true}]}}