{"id":4415,"date":"2024-08-24T06:58:30","date_gmt":"2024-08-24T06:58:30","guid":{"rendered":"https:\/\/www.goexpeditionsafrica.com\/?page_id=4415"},"modified":"2024-09-04T11:07:30","modified_gmt":"2024-09-04T11:07:30","slug":"safari-nocturne","status":"publish","type":"page","link":"https:\/\/www.goexpeditionsafrica.com\/fr\/activities\/night-game-drive\/","title":{"rendered":"Conduite nocturne du gibier"},"content":{"rendered":"<h2>Safari nocturne : D\u00e9couvrez la faune tanzanienne dans l'obscurit\u00e9<\/h2>\n<p>Night Game Drive est une aventure safari unique qui vous emm\u00e8ne dans la nature apr\u00e8s le coucher du soleil, vous offrant la possibilit\u00e9 d'observer le comportement des animaux actifs la nuit et d'assister \u00e0 la transformation magique du paysage sous les \u00e9toiles. \u00c0 la tomb\u00e9e de la nuit, le paysage se transforme, r\u00e9v\u00e9lant un monde d'activit\u00e9s cach\u00e9es. Cette aventure safari unique offre un aper\u00e7u captivant des comportements nocturnes des animaux, dont beaucoup sont insaisissables pendant la journ\u00e9e.<\/p>\n<p data-sourcepos=\"5:1-5:151\">Le safari nocturne vous permettra d'assister \u00e0 la gr\u00e2ce silencieuse des l\u00e9opards qui traquent leur proie sous le couvert de l'obscurit\u00e9. Observez la lueur hypnotique des cr\u00e9atures nocturnes, telles que les bushbabies et les civettes. \u00c9coutez la symphonie des sons nocturnes, des hululements des chouettes aux appels lointains des hy\u00e8nes. Un safari nocturne est une exp\u00e9rience inoubliable qui vous laissera des souvenirs imp\u00e9rissables de l'incroyable faune de Tanzanie.<\/p>\n<h2>\u00c0 quoi s'attendre<\/h2>\n<p>Pendant votre safari nocturne, vous pouvez vous attendre \u00e0.. :<\/p>\n<ol>\n<li>La faune nocturne : Rep\u00e9rez les cr\u00e9atures insaisissables qui s'animent \u00e0 la nuit tomb\u00e9e, notamment les pr\u00e9dateurs comme les lions et les l\u00e9opards, ainsi que d'autres animaux nocturnes comme les hy\u00e8nes, les oryct\u00e9ropes et les hiboux.<\/li>\n<li>Excursions guid\u00e9es : Profitez de l'expertise de guides comp\u00e9tents qui utilisent un \u00e9quipement sp\u00e9cialis\u00e9, notamment des projecteurs puissants, pour localiser et observer la faune tout en garantissant une exp\u00e9rience s\u00fbre et respectueuse.<\/li>\n<li>Ciel \u00e9toil\u00e9 : Admirez le ciel nocturne \u00e9poustouflant de la Tanzanie pendant que vous conduisez dans la brousse, les \u00e9toiles constituant une toile de fond \u00e9poustouflante pour votre aventure.<\/li>\n<li>Une exp\u00e9rience unique : D\u00e9couvrez une nouvelle perspective sur la faune et les paysages de Tanzanie, en d\u00e9couvrant comment les diff\u00e9rents animaux s'adaptent \u00e0 la nuit et comment l'environnement change apr\u00e8s la tomb\u00e9e de la nuit.<\/li>\n<li>V\u00e9hicules de safari confortables : Voyagez dans des v\u00e9hicules de safari sp\u00e9cialement con\u00e7us et \u00e9quip\u00e9s pour l'observation nocturne, ce qui vous assure confort et s\u00e9curit\u00e9 pendant votre aventure.<\/li>\n<\/ol>\n<h2>Meilleur moment pour un safari nocturne<\/h2>\n<p>Les safaris nocturnes sont g\u00e9n\u00e9ralement propos\u00e9s tout au long de l'ann\u00e9e, mais le meilleur moment pour en faire l'exp\u00e9rience est la saison s\u00e8che, de juin \u00e0 octobre. Cette p\u00e9riode offre un ciel plus clair et des conditions m\u00e9t\u00e9orologiques plus pr\u00e9visibles, ce qui augmente vos chances d'apercevoir la faune nocturne. Cependant, les safaris nocturnes peuvent \u00eatre un compl\u00e9ment passionnant \u00e0 votre itin\u00e9raire de safari, quelle que soit la saison.<\/p>\n<h2>Conseils et recommandations<\/h2>\n<ul>\n<li>Portez des v\u00eatements chauds, car les temp\u00e9ratures peuvent chuter consid\u00e9rablement apr\u00e8s le coucher du soleil, et apportez une veste l\u00e9g\u00e8re ou une couverture pour vous sentir \u00e0 l'aise pendant le trajet.<\/li>\n<li>Munissez-vous d'un appareil photo \u00e0 faible luminosit\u00e9 pour capturer les sc\u00e8nes nocturnes et utilisez un filtre rouge sur votre lampe de poche pour ne pas perturber la faune.<\/li>\n<li>Suivez les instructions de votre guide et restez silencieux pour \u00e9viter d'effrayer les animaux et augmenter vos chances d'observer des animaux sauvages.<\/li>\n<li>Pr\u00e9parez-vous \u00e0 des terrains vari\u00e9s et \u00e0 d'\u00e9ventuels changements de temp\u00e9rature, et assurez-vous d'avoir des provisions suffisantes, comme de l'eau et des en-cas, pour le trajet.<\/li>\n<\/ul>\n<hr \/>\n<h2>Explorer d'autres activit\u00e9s<\/h2>\n<p><a href=\"https:\/\/www.goexpeditionsafrica.com\/activities\/balloon-safari\/\">Safaris en montgolfi\u00e8re<\/a><br \/>\n<a href=\"https:\/\/www.goexpeditionsafrica.com\/activities\/big-5-safaris\/\">Safaris Big 5<\/a><br \/>\n<a href=\"https:\/\/www.goexpeditionsafrica.com\/activities\/birdwatching\/\">Observation des oiseaux<\/a><br \/>\n<a href=\"https:\/\/www.goexpeditionsafrica.com\/activities\/camping-safaris\/\">Safaris en camping<\/a><br \/>\n<a href=\"https:\/\/www.goexpeditionsafrica.com\/activities\/chimpanzee-trekking\/\">Trekking pour les chimpanz\u00e9s<\/a><br \/>\n<a href=\"https:\/\/www.goexpeditionsafrica.com\/activities\/coffee-tour\/\">Tourn\u00e9e des caf\u00e9s<\/a><br \/>\n<a href=\"https:\/\/www.goexpeditionsafrica.com\/activities\/cultural-tours\/\">Visites culturelles<\/a><br \/>\n<a href=\"https:\/\/www.goexpeditionsafrica.com\/activities\/cycling-mountain-biking\/\">Cyclisme et VTT<\/a><br \/>\n<a href=\"https:\/\/www.goexpeditionsafrica.com\/activities\/dodoma-city\/\">Dodoma City<\/a><br \/>\n<a href=\"https:\/\/www.goexpeditionsafrica.com\/activities\/family-safaris\/\">Safaris en famille<\/a><br \/>\n<a href=\"https:\/\/www.goexpeditionsafrica.com\/activities\/game-drive-wildlife-safari\/\">Safari animalier<\/a><br \/>\n<a href=\"https:\/\/www.goexpeditionsafrica.com\/activities\/hiking-mount-trekking\/\">Randonn\u00e9e et trekking en montagne<\/a><br \/>\n<a href=\"https:\/\/www.goexpeditionsafrica.com\/activities\/historical-sites-tour\/\">Visite des sites historiques<\/a><br \/>\n<a href=\"https:\/\/www.goexpeditionsafrica.com\/activities\/honeymoon-safari\/\">Safari lune de miel<\/a><br \/>\n<a href=\"https:\/\/www.goexpeditionsafrica.com\/activities\/horse-riding\/\">L'\u00e9quitation<\/a><br \/>\n<a href=\"https:\/\/www.goexpeditionsafrica.com\/activities\/night-game-drive\/\">Conduite nocturne du gibier<\/a><br \/>\n<a href=\"https:\/\/www.goexpeditionsafrica.com\/activities\/photographic-safaris\/\">Safaris photographiques<\/a><br \/>\n<a href=\"https:\/\/www.goexpeditionsafrica.com\/activities\/beach-holiday-vacation\/\">Vacances \u00e0 la plage en Tanzanie<\/a><br \/>\n<a href=\"https:\/\/www.goexpeditionsafrica.com\/activities\/tanzania-city-tours\/\">Visites de la ville de Tanzanie<\/a><br \/>\n<a href=\"https:\/\/www.goexpeditionsafrica.com\/activities\/the-great-wildebeest-migration\/\">La grande migration des gnous<\/a><br \/>\n<a href=\"https:\/\/www.goexpeditionsafrica.com\/activities\/walking-safaris\/\">Safaris \u00e0 pied<\/a><\/p>","protected":false},"excerpt":{"rendered":"<p>Night Game Drive: Explore Tanzania\u2019s Wildlife After Dark Night Game Drive is a unique safari adventure takes you out into the wilderness after sunset, offering a chance to observe the behavior of animals that are active at night and witness the magical transformation of the landscape under the stars. As darkness falls, the landscape transforms, [&hellip;]<\/p>\n","protected":false},"author":1,"featured_media":0,"parent":4482,"menu_order":0,"comment_status":"closed","ping_status":"closed","template":"","meta":{"footnotes":""},"categories":[],"tags":[],"class_list":["post-4415","page","type-page","status-publish","hentry"],"_links":{"self":[{"href":"https:\/\/www.goexpeditionsafrica.com\/fr\/wp-json\/wp\/v2\/pages\/4415","targetHints":{"allow":["GET"]}}],"collection":[{"href":"https:\/\/www.goexpeditionsafrica.com\/fr\/wp-json\/wp\/v2\/pages"}],"about":[{"href":"https:\/\/www.goexpeditionsafrica.com\/fr\/wp-json\/wp\/v2\/types\/page"}],"author":[{"embeddable":true,"href":"https:\/\/www.goexpeditionsafrica.com\/fr\/wp-json\/wp\/v2\/users\/1"}],"replies":[{"embeddable":true,"href":"https:\/\/www.goexpeditionsafrica.com\/fr\/wp-json\/wp\/v2\/comments?post=4415"}],"version-history":[{"count":5,"href":"https:\/\/www.goexpeditionsafrica.com\/fr\/wp-json\/wp\/v2\/pages\/4415\/revisions"}],"predecessor-version":[{"id":4784,"href":"https:\/\/www.goexpeditionsafrica.com\/fr\/wp-json\/wp\/v2\/pages\/4415\/revisions\/4784"}],"up":[{"embeddable":true,"href":"https:\/\/www.goexpeditionsafrica.com\/fr\/wp-json\/wp\/v2\/pages\/4482"}],"wp:attachment":[{"href":"https:\/\/www.goexpeditionsafrica.com\/fr\/wp-json\/wp\/v2\/media?parent=4415"}],"wp:term":[{"taxonomy":"category","embeddable":true,"href":"https:\/\/www.goexpeditionsafrica.com\/fr\/wp-json\/wp\/v2\/categories?post=4415"},{"taxonomy":"post_tag","embeddable":true,"href":"https:\/\/www.goexpeditionsafrica.com\/fr\/wp-json\/wp\/v2\/tags?post=4415"}],"curies":[{"name":"wp","href":"https:\/\/api.w.org\/{rel}","templated":true}]}}