{"id":4414,"date":"2024-08-24T06:58:17","date_gmt":"2024-08-24T06:58:17","guid":{"rendered":"https:\/\/www.goexpeditionsafrica.com\/?page_id=4414"},"modified":"2024-09-04T12:17:24","modified_gmt":"2024-09-04T12:17:24","slug":"plage-vacances-vacances","status":"publish","type":"page","link":"https:\/\/www.goexpeditionsafrica.com\/fr\/activities\/beach-holiday-vacation\/","title":{"rendered":"Vacances \u00e0 la plage : Le paradis de la plage en Tanzanie"},"content":{"rendered":"<p>Les vacances \u00e0 la plage sont le meilleur moyen de d\u00e9couvrir et d'explorer les plages tropicales de Tanzanie. Les plages de Tanzanie offrent un large \u00e9ventail d'exp\u00e9riences, depuis les rivages tranquilles de l'oc\u00e9an Indien jusqu'\u00e0 l'oc\u00e9an Pacifique. <a href=\"https:\/\/www.goexpeditionsafrica.com\/zanzibar-travel\/\">Zanzibar<\/a> et les \u00eeles Pemba, ainsi que les villes c\u00f4ti\u00e8res anim\u00e9es telles que <a href=\"https:\/\/www.goexpeditionsafrica.com\/travel-destinations\/dar-es-salaam\/\">Dar es Salaam<\/a>. Prenez un bain de soleil sur le sable blanc et poudreux, nagez dans les eaux chaudes de l'oc\u00e9an Indien. <a href=\"https:\/\/en.wikipedia.org\/wiki\/Indian_Ocean\" target=\"_blank\" rel=\"noopener\">Oc\u00e9an Indien<\/a>, ou l'exploration des r\u00e9cifs coralliens. Les r\u00e9gions c\u00f4ti\u00e8res sont \u00e9galement connues pour leur riche histoire, leur culture locale et leur d\u00e9licieuse cuisine \u00e0 base de fruits de mer.<\/p>\n<p>Chaque destination de plage offre des attractions et des activit\u00e9s uniques, telles que la plong\u00e9e avec tuba, la plong\u00e9e sous-marine, les croisi\u00e8res en boutre et la d\u00e9couverte de sites historiques. Que vous vous pr\u00e9lassiez sous un palmier ou que vous pratiquiez des sports nautiques, les plages de Tanzanie ont de quoi satisfaire tous les voyageurs.<\/p>\n<h2><strong>Meilleur moment pour vivre l'exp\u00e9rience<\/strong><\/h2>\n<p>La meilleure p\u00e9riode pour visiter les plages de Tanzanie est la saison s\u00e8che, de juin \u00e0 octobre, lorsque le temps est ensoleill\u00e9 et agr\u00e9able. Cependant, les r\u00e9gions c\u00f4ti\u00e8res sont g\u00e9n\u00e9ralement chaudes tout au long de l'ann\u00e9e, avec un climat tropical qui permet de profiter des plages tout au long de l'ann\u00e9e. La saison des pluies (de mars \u00e0 mai) peut \u00eatre moins id\u00e9ale en raison d'averses occasionnelles.<\/p>\n<h2><strong>\u00c0 quoi s'attendre<\/strong><\/h2>\n<p>Pendant vos vacances \u00e0 la plage, vous pouvez vous attendre \u00e0.. :<\/p>\n<ul>\n<li>Des plages magnifiques et propres avec du sable doux et des eaux claires.<\/li>\n<li>Temp\u00e9ratures chaudes et soleil abondant, parfait pour les activit\u00e9s de plage.<\/li>\n<li>Possibilit\u00e9s de pratiquer des sports nautiques tels que la plong\u00e9e avec tuba, la plong\u00e9e sous-marine et le kite surf.<\/li>\n<li>Acc\u00e8s \u00e0 de luxueuses stations baln\u00e9aires, \u00e0 de charmantes maisons d'h\u00f4tes et \u00e0 des restaurants locaux proposant des fruits de mer frais et des sp\u00e9cialit\u00e9s r\u00e9gionales.<\/li>\n<li>Des exp\u00e9riences culturelles int\u00e9ressantes, y compris des visites de march\u00e9s locaux et de sites historiques.<\/li>\n<\/ul>\n<h2><strong>Conseils et recommandations<\/strong><\/h2>\n<ul>\n<li>Pr\u00e9voyez des v\u00eatements l\u00e9gers et respirants, des maillots de bain et une protection solaire (cr\u00e8me solaire, chapeau et lunettes de soleil).<\/li>\n<li>Apportez un masque de plong\u00e9e si vous pr\u00e9voyez de faire des explorations sous-marines, ou v\u00e9rifiez si votre h\u00e9bergement fournit du mat\u00e9riel.<\/li>\n<li>Restez hydrat\u00e9 et go\u00fbtez aux plats de fruits de mer locaux pour d\u00e9couvrir l'authenticit\u00e9 de la r\u00e9gion.<\/li>\n<li>Respectez les coutumes locales et soyez attentifs aux pratiques de conservation de l'environnement, en particulier lorsque vous pratiquez des activit\u00e9s nautiques.<\/li>\n<\/ul>\n<h2><strong>S\u00e9curit\u00e9 et conservation<\/strong><\/h2>\n<p>Les plages de Tanzanie sont g\u00e9n\u00e9ralement s\u00fbres pour les touristes, mais il est important de respecter les consignes de s\u00e9curit\u00e9 locales, en particulier pour les activit\u00e9s nautiques. Faites attention aux courants forts potentiels et nagez toujours dans les zones d\u00e9sign\u00e9es. Les efforts de conservation sont essentiels pour prot\u00e9ger l'environnement marin. \u00c9vitez donc de toucher ou de marcher sur les r\u00e9cifs coralliens et soutenez les initiatives respectueuses de l'environnement.<\/p>\n<h2><strong>Pr\u00eat pour une escapade \u00e0 la plage ?<\/strong><\/h2>\n<p>\u00c9vadez-vous au paradis et profitez du soleil sur les magnifiques plages de Tanzanie. <a href=\"https:\/\/www.goexpeditionsafrica.com\/contact-us\/\">R\u00e9servez vos vacances \u00e0 la plage d\u00e8s maintenant<\/a> avec Go Expeditions Africa et cr\u00e9ez des souvenirs inoubliables sur les rives de l'un des plus beaux littoraux du monde.<\/p>\n<hr \/>\n<h2>Explorer d'autres activit\u00e9s<\/h2>\n<p><a href=\"https:\/\/www.goexpeditionsafrica.com\/activities\/balloon-safari\/\">Safaris en montgolfi\u00e8re<\/a><br \/>\n<a href=\"https:\/\/www.goexpeditionsafrica.com\/activities\/big-5-safaris\/\">Safaris Big 5<\/a><br \/>\n<a href=\"https:\/\/www.goexpeditionsafrica.com\/activities\/birdwatching\/\">Observation des oiseaux<\/a><br \/>\n<a href=\"https:\/\/www.goexpeditionsafrica.com\/activities\/camping-safaris\/\">Safaris en camping<\/a><br \/>\n<a href=\"https:\/\/www.goexpeditionsafrica.com\/activities\/chimpanzee-trekking\/\">Trekking pour les chimpanz\u00e9s<\/a><br \/>\n<a href=\"https:\/\/www.goexpeditionsafrica.com\/activities\/coffee-tour\/\">Tourn\u00e9e des caf\u00e9s<\/a><br \/>\n<a href=\"https:\/\/www.goexpeditionsafrica.com\/activities\/tanzania-cultural-tours\/\">Visites culturelles<\/a><br \/>\n<a href=\"https:\/\/www.goexpeditionsafrica.com\/activities\/cycling-mountain-biking\/\">Cyclisme et VTT<\/a><br \/>\n<a href=\"https:\/\/www.goexpeditionsafrica.com\/activities\/dodoma-city\/\">Dodoma City<\/a><br \/>\n<a href=\"https:\/\/www.goexpeditionsafrica.com\/activities\/family-safaris\/\">Safaris en famille<\/a><br \/>\n<a href=\"https:\/\/www.goexpeditionsafrica.com\/activities\/game-drive-wildlife-safari\/\">Safari animalier<\/a><br \/>\n<a href=\"https:\/\/www.goexpeditionsafrica.com\/activities\/hiking-mount-trekking\/\">Randonn\u00e9e et trekking en montagne<\/a><br \/>\n<a href=\"https:\/\/www.goexpeditionsafrica.com\/activities\/historical-sites-tour\/\">Visite des sites historiques<\/a><br \/>\n<a href=\"https:\/\/www.goexpeditionsafrica.com\/activities\/honeymoon-safari\/\">Safari lune de miel<\/a><br \/>\n<a href=\"https:\/\/www.goexpeditionsafrica.com\/activities\/horse-riding\/\">L'\u00e9quitation<\/a><br \/>\n<a href=\"https:\/\/www.goexpeditionsafrica.com\/activities\/night-game-drive\/\">Conduite nocturne du gibier<\/a><br \/>\n<a href=\"https:\/\/www.goexpeditionsafrica.com\/activities\/photographic-safaris\/\">Safaris photographiques<\/a><br \/>\n<a href=\"https:\/\/www.goexpeditionsafrica.com\/activities\/beach-holiday-vacation\/\">Vacances \u00e0 la plage en Tanzanie<\/a><br \/>\n<a href=\"https:\/\/www.goexpeditionsafrica.com\/activities\/tanzania-city-tours\/\">Visites de la ville de Tanzanie<\/a><br \/>\n<a href=\"https:\/\/www.goexpeditionsafrica.com\/activities\/the-great-wildebeest-migration\/\">La grande migration des gnous<\/a><br \/>\n<a href=\"https:\/\/www.goexpeditionsafrica.com\/activities\/walking-safaris\/\">Safaris \u00e0 pied<\/a><\/p>","protected":false},"excerpt":{"rendered":"<p>Beach Holiday Vacation is the best way to discover and explore tropical beach in Tanzania. Tanzania\u2019s beaches offer a diverse range of experiences, from the tranquil shores of Zanzibar and Pemba Islands to the vibrant coastal towns like Dar es Salaam. Enjoy sunbathing on powdery white sands, swimming in the warm Indian Ocean, or exploring [&hellip;]<\/p>\n","protected":false},"author":1,"featured_media":0,"parent":4482,"menu_order":0,"comment_status":"closed","ping_status":"closed","template":"","meta":{"footnotes":""},"categories":[],"tags":[],"class_list":["post-4414","page","type-page","status-publish","hentry"],"_links":{"self":[{"href":"https:\/\/www.goexpeditionsafrica.com\/fr\/wp-json\/wp\/v2\/pages\/4414","targetHints":{"allow":["GET"]}}],"collection":[{"href":"https:\/\/www.goexpeditionsafrica.com\/fr\/wp-json\/wp\/v2\/pages"}],"about":[{"href":"https:\/\/www.goexpeditionsafrica.com\/fr\/wp-json\/wp\/v2\/types\/page"}],"author":[{"embeddable":true,"href":"https:\/\/www.goexpeditionsafrica.com\/fr\/wp-json\/wp\/v2\/users\/1"}],"replies":[{"embeddable":true,"href":"https:\/\/www.goexpeditionsafrica.com\/fr\/wp-json\/wp\/v2\/comments?post=4414"}],"version-history":[{"count":5,"href":"https:\/\/www.goexpeditionsafrica.com\/fr\/wp-json\/wp\/v2\/pages\/4414\/revisions"}],"predecessor-version":[{"id":4790,"href":"https:\/\/www.goexpeditionsafrica.com\/fr\/wp-json\/wp\/v2\/pages\/4414\/revisions\/4790"}],"up":[{"embeddable":true,"href":"https:\/\/www.goexpeditionsafrica.com\/fr\/wp-json\/wp\/v2\/pages\/4482"}],"wp:attachment":[{"href":"https:\/\/www.goexpeditionsafrica.com\/fr\/wp-json\/wp\/v2\/media?parent=4414"}],"wp:term":[{"taxonomy":"category","embeddable":true,"href":"https:\/\/www.goexpeditionsafrica.com\/fr\/wp-json\/wp\/v2\/categories?post=4414"},{"taxonomy":"post_tag","embeddable":true,"href":"https:\/\/www.goexpeditionsafrica.com\/fr\/wp-json\/wp\/v2\/tags?post=4414"}],"curies":[{"name":"wp","href":"https:\/\/api.w.org\/{rel}","templated":true}]}}