{"id":4413,"date":"2024-08-24T06:58:07","date_gmt":"2024-08-24T06:58:07","guid":{"rendered":"https:\/\/www.goexpeditionsafrica.com\/?page_id=4413"},"modified":"2024-09-14T15:35:14","modified_gmt":"2024-09-14T15:35:14","slug":"observation-des-oiseaux","status":"publish","type":"page","link":"https:\/\/www.goexpeditionsafrica.com\/fr\/activities\/birdwatching\/","title":{"rendered":"Observation des oiseaux"},"content":{"rendered":"<h2>Observation des oiseaux : en bref<\/h2>\n<p>Plongez dans le monde vibrant de la vie aviaire gr\u00e2ce \u00e0 une aventure d'observation des oiseaux en Tanzanie. Abritant une grande diversit\u00e9 d'esp\u00e8ces d'oiseaux, la Tanzanie est un paradis pour les amateurs d'oiseaux et les amoureux de la nature. Des for\u00eats tropicales luxuriantes aux vastes savanes, les \u00e9cosyst\u00e8mes vari\u00e9s du pays constituent la toile de fond id\u00e9ale pour rep\u00e9rer toute une s\u00e9rie d'oiseaux fascinants.<\/p>\n<h2>Principales destinations pour l'observation des oiseaux<\/h2>\n<p>La Tanzanie compte plusieurs sites de choix pour l'observation des oiseaux, chacun offrant des exp\u00e9riences et des esp\u00e8ces uniques. Les destinations les plus connues sont les suivantes :<\/p>\n<ul>\n<li><a href=\"https:\/\/www.goexpeditionsafrica.com\/travel-destinations\/ngorongoro-crater\/\">Crat\u00e8re du Ngorongoro<\/a>: Un point chaud r\u00e9put\u00e9 pour la diversit\u00e9 de sa faune ornithologique, y compris les esp\u00e8ces d'oiseaux rares et end\u00e9miques.<\/li>\n<li><a href=\"https:\/\/www.goexpeditionsafrica.com\/airports\/seronera-airstrip\/\">Parc national du Serengeti<\/a>: C\u00e9l\u00e8bre pour ses grandes populations de rapaces et d'oiseaux migrateurs.<\/li>\n<li><a href=\"https:\/\/www.goexpeditionsafrica.com\/travel-destinations\/tarangire-national-park\/\">Parc national du Tarangire<\/a>: Connu pour son abondance d'esp\u00e8ces d'oiseaux, en particulier pendant la saison des pluies.<\/li>\n<li><a href=\"https:\/\/www.goexpeditionsafrica.com\/tanzania-safari-tours\/lake-manyara-national-park-day-trip\/\">Parc national du lac Manyara<\/a>: Accueil de grandes vol\u00e9es de flamants roses et d'une vari\u00e9t\u00e9 d'autres oiseaux aquatiques.<\/li>\n<li><a href=\"https:\/\/www.goexpeditionsafrica.com\/travel-destinations\/udzungwa-mountains\/\">Montagnes d'Udzungwa<\/a>: Un refuge pour les esp\u00e8ces end\u00e9miques et rares dans un environnement forestier luxuriant.<\/li>\n<\/ul>\n<h2>\u00c0 quoi s'attendre<\/h2>\n<p>Lors de votre excursion d'observation des oiseaux, vous pouvez vous attendre \u00e0.. :<\/p>\n<ul>\n<li>Des promenades et des randonn\u00e9es guid\u00e9es avec des guides ornithologues experts qui peuvent aider \u00e0 identifier les esp\u00e8ces et donner des indications sur leur comportement.<\/li>\n<li>Possibilit\u00e9 d'observer une grande vari\u00e9t\u00e9 d'oiseaux, y compris des esp\u00e8ces communes et rares, dans leurs habitats naturels.<\/li>\n<li>H\u00e9bergement confortable \u00e0 proximit\u00e9 des hauts lieux de l'ornithologie, allant des \u00e9colodges aux camps de tentes.<\/li>\n<li>Commentaire perspicace sur la conservation des oiseaux et leur r\u00f4le dans l'\u00e9cosyst\u00e8me local.<\/li>\n<li>Des vues panoramiques et des paysages diversifi\u00e9s qui am\u00e9liorent l'exp\u00e9rience d'observation des oiseaux.<\/li>\n<\/ul>\n<h2>Meilleure p\u00e9riode pour l'observation des oiseaux<\/h2>\n<p>La meilleure p\u00e9riode pour observer les oiseaux en Tanzanie est la saison humide, de novembre \u00e0 avril, lorsque les oiseaux migrateurs arrivent et que les esp\u00e8ces r\u00e9sidentes sont plus actives. Chaque saison offre des possibilit\u00e9s d'observation diff\u00e9rentes, de sorte que votre visite peut \u00eatre adapt\u00e9e \u00e0 vos int\u00e9r\u00eats.<\/p>\n<h2>Conseils et recommandations<\/h2>\n<ul>\n<li>Apportez une paire de jumelles et un guide de terrain pour vous aider \u00e0 identifier les diff\u00e9rentes esp\u00e8ces d'oiseaux.<\/li>\n<li>Portez des v\u00eatements de couleur neutre pour vous fondre dans l'environnement et \u00e9viter d'effrayer les oiseaux.<\/li>\n<li>Soyez patient et silencieux pour augmenter vos chances d'observer les oiseaux dans leur comportement naturel.<\/li>\n<li>Hydratez-vous et prot\u00e9gez-vous du soleil, en particulier lors des longues excursions ornithologiques.<\/li>\n<\/ul>\n<h2>Comment r\u00e9server<\/h2>\n<p>Pour r\u00e9server votre aventure d'observation des oiseaux, rendez-vous sur notre site Web. <a href=\"https:\/\/www.goexpeditionsafrica.com\/contact-us\/\">nous contacter<\/a> et soumettez votre demande. Notre sp\u00e9cialiste des safaris vous r\u00e9pondra avec la meilleure proposition de safari ornithologique.<\/p>\n<h2>Pr\u00eat \u00e0 d\u00e9couvrir les oiseaux de Tanzanie ?<\/h2>\n<p>Rejoignez-nous pour une exp\u00e9rience inoubliable d'observation des oiseaux et d\u00e9couvrez l'incroyable diversit\u00e9 aviaire de la Tanzanie. R\u00e9servez votre aventure d\u00e8s maintenant avec Go Expeditions Africa et r\u00e9alisez vos r\u00eaves d'observation des oiseaux.<\/p>\n<hr \/>\n<h2>Explorer d'autres activit\u00e9s<\/h2>\n<p><a href=\"https:\/\/www.goexpeditionsafrica.com\/activities\/balloon-safari\/\">Safaris en montgolfi\u00e8re<\/a><br \/>\n<a href=\"https:\/\/www.goexpeditionsafrica.com\/activities\/big-5-safaris\/\">Safaris Big 5<\/a><br \/>\n<a href=\"https:\/\/www.goexpeditionsafrica.com\/activities\/camping-safaris\/\">Safaris en camping<\/a><br \/>\n<a href=\"https:\/\/www.goexpeditionsafrica.com\/activities\/chimpanzee-trekking\/\">Trekking pour les chimpanz\u00e9s<\/a><br \/>\n<a href=\"https:\/\/www.goexpeditionsafrica.com\/activities\/coffee-tour\/\">Tourn\u00e9e des caf\u00e9s<\/a><br \/>\n<a href=\"https:\/\/www.goexpeditionsafrica.com\/activities\/cultural-tours\/\">Visites culturelles<\/a><br \/>\n<a href=\"https:\/\/www.goexpeditionsafrica.com\/activities\/cycling-mountain-biking\/\">Cyclisme et VTT<\/a><br \/>\n<a href=\"https:\/\/www.goexpeditionsafrica.com\/activities\/dodoma-city\/\">Dodoma City<\/a><br \/>\n<a href=\"https:\/\/www.goexpeditionsafrica.com\/activities\/family-safaris\/\">Safaris en famille<\/a><br \/>\n<a href=\"https:\/\/www.goexpeditionsafrica.com\/activities\/game-drive-wildlife-safari\/\">Safari animalier<\/a><br \/>\n<a href=\"https:\/\/www.goexpeditionsafrica.com\/activities\/hiking-mount-trekking\/\">Randonn\u00e9e et trekking en montagne<\/a><br \/>\n<a href=\"https:\/\/www.goexpeditionsafrica.com\/activities\/historical-sites-tour\/\">Visite des sites historiques<\/a><br \/>\n<a href=\"https:\/\/www.goexpeditionsafrica.com\/activities\/honeymoon-safari\/\">Safari lune de miel<\/a><br \/>\n<a href=\"https:\/\/www.goexpeditionsafrica.com\/activities\/horse-riding\/\">L'\u00e9quitation<\/a><br \/>\n<a href=\"https:\/\/www.goexpeditionsafrica.com\/activities\/night-game-drive\/\">Conduite nocturne du gibier<\/a><br \/>\n<a href=\"https:\/\/www.goexpeditionsafrica.com\/activities\/photographic-safaris\/\">Safaris photographiques<\/a><br \/>\n<a href=\"https:\/\/www.goexpeditionsafrica.com\/activities\/beach-holiday-vacation\/\">Vacances \u00e0 la plage en Tanzanie<\/a><br \/>\n<a href=\"https:\/\/www.goexpeditionsafrica.com\/activities\/tanzania-city-tours\/\">Visites de la ville de Tanzanie<\/a><br \/>\n<a href=\"https:\/\/www.goexpeditionsafrica.com\/activities\/the-great-wildebeest-migration\/\">La grande migration des gnous<\/a><br \/>\n<a href=\"https:\/\/www.goexpeditionsafrica.com\/activities\/walking-safaris\/\">Safaris \u00e0 pied<\/a><\/p>","protected":false},"excerpt":{"rendered":"<p>Birdwatching: At Glance Immerse yourself in the vibrant world of avian life with a bird watching adventure in Tanzania. Home to a diverse range of bird species, Tanzania offers a paradise for bird enthusiasts and nature lovers alike. From lush rainforests to expansive savannas, the country&#8217;s varied ecosystems provide the perfect backdrop for spotting an [&hellip;]<\/p>\n","protected":false},"author":1,"featured_media":0,"parent":4482,"menu_order":0,"comment_status":"closed","ping_status":"closed","template":"","meta":{"footnotes":""},"categories":[],"tags":[],"class_list":["post-4413","page","type-page","status-publish","hentry"],"_links":{"self":[{"href":"https:\/\/www.goexpeditionsafrica.com\/fr\/wp-json\/wp\/v2\/pages\/4413","targetHints":{"allow":["GET"]}}],"collection":[{"href":"https:\/\/www.goexpeditionsafrica.com\/fr\/wp-json\/wp\/v2\/pages"}],"about":[{"href":"https:\/\/www.goexpeditionsafrica.com\/fr\/wp-json\/wp\/v2\/types\/page"}],"author":[{"embeddable":true,"href":"https:\/\/www.goexpeditionsafrica.com\/fr\/wp-json\/wp\/v2\/users\/1"}],"replies":[{"embeddable":true,"href":"https:\/\/www.goexpeditionsafrica.com\/fr\/wp-json\/wp\/v2\/comments?post=4413"}],"version-history":[{"count":5,"href":"https:\/\/www.goexpeditionsafrica.com\/fr\/wp-json\/wp\/v2\/pages\/4413\/revisions"}],"predecessor-version":[{"id":5252,"href":"https:\/\/www.goexpeditionsafrica.com\/fr\/wp-json\/wp\/v2\/pages\/4413\/revisions\/5252"}],"up":[{"embeddable":true,"href":"https:\/\/www.goexpeditionsafrica.com\/fr\/wp-json\/wp\/v2\/pages\/4482"}],"wp:attachment":[{"href":"https:\/\/www.goexpeditionsafrica.com\/fr\/wp-json\/wp\/v2\/media?parent=4413"}],"wp:term":[{"taxonomy":"category","embeddable":true,"href":"https:\/\/www.goexpeditionsafrica.com\/fr\/wp-json\/wp\/v2\/categories?post=4413"},{"taxonomy":"post_tag","embeddable":true,"href":"https:\/\/www.goexpeditionsafrica.com\/fr\/wp-json\/wp\/v2\/tags?post=4413"}],"curies":[{"name":"wp","href":"https:\/\/api.w.org\/{rel}","templated":true}]}}