{"id":4407,"date":"2024-08-24T06:53:22","date_gmt":"2024-08-24T06:53:22","guid":{"rendered":"https:\/\/www.goexpeditionsafrica.com\/?page_id=4407"},"modified":"2024-09-14T15:34:52","modified_gmt":"2024-09-14T15:34:52","slug":"safari-en-ballon","status":"publish","type":"page","link":"https:\/\/www.goexpeditionsafrica.com\/fr\/activities\/balloon-safari\/","title":{"rendered":"Safari en montgolfi\u00e8re"},"content":{"rendered":"<h2>Safari en montgolfi\u00e8re : Vue d'ensemble<\/h2>\n<p>D\u00e9couvrez la magie de la Tanzanie d'un point de vue a\u00e9rien gr\u00e2ce \u00e0 un safari en montgolfi\u00e8re \u00e0 couper le souffle. Cette aventure unique offre une perspective in\u00e9gal\u00e9e sur les paysages \u00e9poustouflants du pays, des vastes plaines du Serengeti aux for\u00eats luxuriantes de l'ouest de la Tanzanie. <a href=\"https:\/\/www.goexpeditionsafrica.com\/travel-destinations\/ngorongoro-crater\/\">Crat\u00e8re du Ngorongoro<\/a>. Les safaris en ballon sont un moyen serein et exaltant d'observer la faune et la beaut\u00e9 naturelle d'une mani\u00e8re vraiment inoubliable.<\/p>\n<p>Un safari en ballon consiste \u00e0 se laisser d\u00e9river silencieusement au-dessus de la savane africaine \u00e0 bord d'une montgolfi\u00e8re, offrant un point de vue exclusif pour <a href=\"https:\/\/www.goexpeditionsafrica.com\/activities\/game-drive-wildlife-safari\/\">observer la faune et la flore<\/a> et des paysages. Chaque vol dure environ une heure, en fonction des conditions m\u00e9t\u00e9orologiques et de la configuration des vents. En planant dans le ciel, vous aurez une vue panoramique des divers paysages de la Tanzanie, notamment des vastes plaines, des collines ondulantes et des vastes for\u00eats.<\/p>\n<p>Les safaris en montgolfi\u00e8re comprennent souvent un petit-d\u00e9jeuner traditionnel au champagne \u00e0 l'atterrissage, ce qui vous permet de c\u00e9l\u00e9brer l'aventure tout en profitant d'un festin au c\u0153ur de la nature sauvage.<\/p>\n<h2>Meilleur moment pour vivre l'exp\u00e9rience<\/h2>\n<p>La meilleure p\u00e9riode pour les safaris en ballon est la saison s\u00e8che, de juin \u00e0 octobre, lorsque la faune est plus concentr\u00e9e autour des sources d'eau et que les conditions m\u00e9t\u00e9orologiques sont g\u00e9n\u00e9ralement stables. Cependant, les safaris en ballon peuvent \u00eatre organis\u00e9s tout au long de l'ann\u00e9e, chaque saison offrant des paysages et des possibilit\u00e9s d'observation de la faune uniques.<\/p>\n<p>En savoir plus sur<a href=\"https:\/\/www.goexpeditionsafrica.com\/tanzania-travel\/best-time-to-visit-tanzania\/\"> la meilleure p\u00e9riode pour visiter la Tanzanie<\/a><\/p>\n<h2>\u00c0 quoi s'attendre<\/h2>\n<p>Pendant votre safari en ballon, vous pouvez vous attendre \u00e0.. :<\/p>\n<ul>\n<li>Pr\u00e9paration et gonflage du ballon t\u00f4t le matin, juste avant le lever du soleil.<\/li>\n<li>Un vol serein et paisible avec des vues imprenables sur les paysages de Tanzanie.<\/li>\n<li>Possibilit\u00e9 d'observer la faune depuis le ciel, notamment les troupeaux de gnous, les \u00e9l\u00e9phants et les pr\u00e9dateurs.<\/li>\n<li>Un petit-d\u00e9jeuner au champagne \u00e0 l'atterrissage, souvent accompagn\u00e9 d'un certificat de votre aventure.<\/li>\n<\/ul>\n<h2>Conseils et recommandations<\/h2>\n<ul>\n<li>Portez des v\u00eatements superpos\u00e9s, car les temp\u00e9ratures peuvent \u00eatre fra\u00eeches t\u00f4t le matin, mais se r\u00e9chauffer rapidement lorsque le soleil se l\u00e8ve.<\/li>\n<li>Apportez un appareil photo muni d'un zoom pour immortaliser les superbes vues a\u00e9riennes et les observations d'animaux sauvages.<\/li>\n<li>Arrivez t\u00f4t sur le site de d\u00e9collage pour que votre aventure commence en douceur.<\/li>\n<li>Pr\u00e9parez-vous \u00e0 un atterrissage en douceur, mais parfois cahoteux, et suivez les instructions du guide pour une exp\u00e9rience en toute s\u00e9curit\u00e9.<\/li>\n<\/ul>\n<h2>S\u00e9curit\u00e9 et conservation<\/h2>\n<p>Les safaris en montgolfi\u00e8re sont organis\u00e9s selon les normes de s\u00e9curit\u00e9 les plus strictes, avec notamment des contr\u00f4les avant le vol et des pilotes exp\u00e9riment\u00e9s. Les efforts de conservation font partie int\u00e9grante de l'exp\u00e9rience du safari, avec des directives en place pour minimiser l'impact sur la faune et les habitats. Suivez toujours les instructions de votre guide afin de vivre une aventure s\u00fbre et respectueuse.<\/p>\n<h2>Comment r\u00e9server un safari en montgolfi\u00e8re ?<\/h2>\n<p>Pour r\u00e9server votre safari en montgolfi\u00e8re, visitez le site <a href=\"https:\/\/www.goexpeditionsafrica.com\/contact-us\/\">notre page de contact<\/a>.<\/p>\n<h2>Pr\u00eat pour l'aventure ?<\/h2>\n<p>Ne manquez pas l'occasion de d\u00e9couvrir la Tanzanie vue du ciel. R\u00e9servez d\u00e8s maintenant votre safari en montgolfi\u00e8re et vivez une aventure sans pr\u00e9c\u00e9dent avec <a href=\"https:\/\/www.goexpeditionsafrica.com\/\">Go Expeditions Africa<\/a>.<\/p>\n<hr \/>\n<h2>Explorer d'autres activit\u00e9s<\/h2>\n<p><a href=\"https:\/\/www.goexpeditionsafrica.com\/activities\/balloon-safari\/\">Safaris en montgolfi\u00e8re<\/a><br \/>\n<a href=\"https:\/\/www.goexpeditionsafrica.com\/activities\/big-5-safaris\/\">Safaris Big 5<\/a><br \/>\n<a href=\"https:\/\/www.goexpeditionsafrica.com\/activities\/birdwatching\/\">Observation des oiseaux<\/a><br \/>\n<a href=\"https:\/\/www.goexpeditionsafrica.com\/activities\/camping-safaris\/\">Safaris en camping<\/a><br \/>\n<a href=\"https:\/\/www.goexpeditionsafrica.com\/activities\/chimpanzee-trekking\/\">Trekking pour les chimpanz\u00e9s<\/a><br \/>\n<a href=\"https:\/\/www.goexpeditionsafrica.com\/activities\/coffee-tour\/\">Tourn\u00e9e des caf\u00e9s<\/a><br \/>\n<a href=\"https:\/\/www.goexpeditionsafrica.com\/activities\/cultural-tours\/\">Visites culturelles<\/a><br \/>\n<a href=\"https:\/\/www.goexpeditionsafrica.com\/activities\/cycling-mountain-biking\/\">Cyclisme et VTT<\/a><br \/>\n<a href=\"https:\/\/www.goexpeditionsafrica.com\/activities\/dodoma-city\/\">Dodoma City<\/a><br \/>\n<a href=\"https:\/\/www.goexpeditionsafrica.com\/activities\/family-safaris\/\">Safaris en famille<\/a><br \/>\n<a href=\"https:\/\/www.goexpeditionsafrica.com\/activities\/game-drive-wildlife-safari\/\">Safari animalier<\/a><br \/>\n<a href=\"https:\/\/www.goexpeditionsafrica.com\/activities\/hiking-mount-trekking\/\">Randonn\u00e9e et trekking en montagne<\/a><br \/>\n<a href=\"https:\/\/www.goexpeditionsafrica.com\/activities\/historical-sites-tour\/\">Visite des sites historiques<\/a><br \/>\n<a href=\"https:\/\/www.goexpeditionsafrica.com\/activities\/honeymoon-safari\/\">Safari lune de miel<\/a><br \/>\n<a href=\"https:\/\/www.goexpeditionsafrica.com\/activities\/horse-riding\/\">L'\u00e9quitation<\/a><br \/>\n<a href=\"https:\/\/www.goexpeditionsafrica.com\/activities\/night-game-drive\/\">Conduite nocturne du gibier<\/a><br \/>\n<a href=\"https:\/\/www.goexpeditionsafrica.com\/activities\/photographic-safaris\/\">Safaris photographiques<\/a><br \/>\n<a href=\"https:\/\/www.goexpeditionsafrica.com\/activities\/beach-holiday-vacation\/\">Vacances \u00e0 la plage en Tanzanie<\/a><br \/>\n<a href=\"https:\/\/www.goexpeditionsafrica.com\/activities\/tanzania-city-tours\/\">Visites de la ville de Tanzanie<\/a><br \/>\n<a href=\"https:\/\/www.goexpeditionsafrica.com\/activities\/the-great-wildebeest-migration\/\">La grande migration des gnous<\/a><br \/>\n<a href=\"https:\/\/www.goexpeditionsafrica.com\/activities\/walking-safaris\/\">Safaris \u00e0 pied<\/a><\/p>","protected":false},"excerpt":{"rendered":"<p>Balloon Safari: Overview Experience the magic of Tanzania from a bird&#8217;s-eye view with a breathtaking balloon safari. This unique adventure offers an unparalleled perspective of the country\u2019s stunning landscapes, from the vast Serengeti plains to the lush Ngorongoro Crater. Balloon safaris provide a serene and exhilarating way to witness wildlife and natural beauty in a [&hellip;]<\/p>\n","protected":false},"author":1,"featured_media":0,"parent":4482,"menu_order":0,"comment_status":"closed","ping_status":"closed","template":"","meta":{"footnotes":""},"categories":[],"tags":[],"class_list":["post-4407","page","type-page","status-publish","hentry"],"_links":{"self":[{"href":"https:\/\/www.goexpeditionsafrica.com\/fr\/wp-json\/wp\/v2\/pages\/4407","targetHints":{"allow":["GET"]}}],"collection":[{"href":"https:\/\/www.goexpeditionsafrica.com\/fr\/wp-json\/wp\/v2\/pages"}],"about":[{"href":"https:\/\/www.goexpeditionsafrica.com\/fr\/wp-json\/wp\/v2\/types\/page"}],"author":[{"embeddable":true,"href":"https:\/\/www.goexpeditionsafrica.com\/fr\/wp-json\/wp\/v2\/users\/1"}],"replies":[{"embeddable":true,"href":"https:\/\/www.goexpeditionsafrica.com\/fr\/wp-json\/wp\/v2\/comments?post=4407"}],"version-history":[{"count":5,"href":"https:\/\/www.goexpeditionsafrica.com\/fr\/wp-json\/wp\/v2\/pages\/4407\/revisions"}],"predecessor-version":[{"id":5251,"href":"https:\/\/www.goexpeditionsafrica.com\/fr\/wp-json\/wp\/v2\/pages\/4407\/revisions\/5251"}],"up":[{"embeddable":true,"href":"https:\/\/www.goexpeditionsafrica.com\/fr\/wp-json\/wp\/v2\/pages\/4482"}],"wp:attachment":[{"href":"https:\/\/www.goexpeditionsafrica.com\/fr\/wp-json\/wp\/v2\/media?parent=4407"}],"wp:term":[{"taxonomy":"category","embeddable":true,"href":"https:\/\/www.goexpeditionsafrica.com\/fr\/wp-json\/wp\/v2\/categories?post=4407"},{"taxonomy":"post_tag","embeddable":true,"href":"https:\/\/www.goexpeditionsafrica.com\/fr\/wp-json\/wp\/v2\/tags?post=4407"}],"curies":[{"name":"wp","href":"https:\/\/api.w.org\/{rel}","templated":true}]}}