{"id":4406,"date":"2024-08-24T06:53:02","date_gmt":"2024-08-24T06:53:02","guid":{"rendered":"https:\/\/www.goexpeditionsafrica.com\/?page_id=4406"},"modified":"2024-09-12T20:17:25","modified_gmt":"2024-09-12T20:17:25","slug":"safaris-a-pied","status":"publish","type":"page","link":"https:\/\/www.goexpeditionsafrica.com\/fr\/activities\/walking-safaris\/","title":{"rendered":"Safaris \u00e0 pied"},"content":{"rendered":"<p>D\u00e9couvrez la nature sauvage de l'Afrique avec un safari \u00e0 pied, une aventure immersive qui vous rapproche des paysages \u00e9poustouflants et de la faune diversifi\u00e9e de l'Afrique. Contrairement aux safaris <a href=\"https:\/\/www.goexpeditionsafrica.com\/activities\/game-drive-wildlife-safari\/\">safaris en voiture<\/a>, Les safaris \u00e0 pied offrent une perspective unique, vous permettant d'entrer en contact avec la nature \u00e0 un niveau plus profond.<\/p>\n<p>Guid\u00e9 par des rangers exp\u00e9riment\u00e9s et comp\u00e9tents, vous explorerez la nature sauvage \u00e0 pied, en vous immergeant dans les images, les sons et les parfums de la brousse africaine. Vous d\u00e9couvrirez des pistes cach\u00e9es, observerez le comportement des animaux sauvages d'un point de vue unique et appr\u00e9cierez profond\u00e9ment l'\u00e9quilibre complexe de la nature. Un safari \u00e0 pied est une exp\u00e9rience vraiment inoubliable qui vous laissera des souvenirs imp\u00e9rissables de votre aventure africaine.<\/p>\n<h2>\u00c0 quoi s'attendre<\/h2>\n<p>Lors d'un safari \u00e0 pied, vous pouvez vous attendre \u00e0.. :<\/p>\n<ul>\n<li>Rencontres rapproch\u00e9es : Faites l'exp\u00e9rience de rencontres intimes avec les animaux sauvages et apprenez de votre guide leur comportement et leur habitat. Les safaris \u00e0 pied permettent d'observer des d\u00e9tails qui \u00e9chappent souvent aux v\u00e9hicules, comme les traces, les plantes et les insectes.<\/li>\n<li>Promenades guid\u00e9es : Profitez de promenades guid\u00e9es par des gardes forestiers experts qui vous donneront un aper\u00e7u de l'\u00e9cosyst\u00e8me, du suivi de la faune et de la flore et des techniques de survie. Leurs connaissances vous permettront de mieux comprendre et appr\u00e9cier l'environnement.<\/li>\n<li>Paysages pittoresques : Explorez des paysages vari\u00e9s, des savanes et des for\u00eats aux zones humides et aux collines. Les safaris \u00e0 pied vous permettent d'appr\u00e9cier pleinement la beaut\u00e9 et la s\u00e9r\u00e9nit\u00e9 de la nature sauvage africaine.<\/li>\n<li>S\u00e9curit\u00e9 et confort : La s\u00e9curit\u00e9 est une priorit\u00e9 absolue, les gardes forestiers veillant \u00e0 ce que l'exp\u00e9rience soit s\u00fbre et agr\u00e9able. Les safaris \u00e0 pied sont souvent h\u00e9berg\u00e9s dans des tentes ou des lodges confortables qui offrent une retraite reposante apr\u00e8s les explorations.<\/li>\n<\/ul>\n<h2>Meilleure p\u00e9riode pour les safaris \u00e0 pied<\/h2>\n<p>La meilleure p\u00e9riode pour les safaris \u00e0 pied se situe g\u00e9n\u00e9ralement pendant la saison s\u00e8che, de juin \u00e0 octobre, lorsque le temps est plus pr\u00e9visible et que la faune se concentre autour des points d'eau. Cette p\u00e9riode offre \u00e9galement des chemins plus d\u00e9gag\u00e9s et moins de risques de rencontrer de fortes pluies. Cependant, les safaris \u00e0 pied peuvent \u00eatre organis\u00e9s tout au long de l'ann\u00e9e, en fonction de la r\u00e9gion et des conditions sp\u00e9cifiques.<\/p>\n<h2>Conseils et recommandations<\/h2>\n<ul>\n<li>Portez des v\u00eatements confortables et respirants ainsi que des chaussures de marche solides. Il est recommand\u00e9 de porter des couleurs neutres pour se fondre dans l'environnement et \u00e9viter d'effrayer la faune.<\/li>\n<li>Apportez l'essentiel : chapeau, cr\u00e8me solaire, insectifuge et un petit sac \u00e0 dos pour vos affaires personnelles.<\/li>\n<li>Restez hydrat\u00e9 et pr\u00e9parez-vous \u00e0 des conditions m\u00e9t\u00e9orologiques variables. Emportez une bouteille d'eau et soyez pr\u00eat \u00e0 affronter les temp\u00e9ratures chaudes et froides.<\/li>\n<li>\u00c9coutez attentivement les instructions de votre guide pour garantir votre s\u00e9curit\u00e9 et optimiser votre exp\u00e9rience.<\/li>\n<\/ul>\n<h2>Pr\u00eat \u00e0 d\u00e9couvrir la nature sauvage \u00e0 pied ?<\/h2>\n<p>Rejoindre <a href=\"https:\/\/www.goexpeditionsafrica.com\/\">Go Expeditions Africa<\/a> pour un safari \u00e0 pied inoubliable et plongez-vous dans la beaut\u00e9 de la nature sauvage africaine. R\u00e9servez votre aventure d\u00e8s aujourd'hui et d\u00e9couvrez le plaisir d'explorer la nature de pr\u00e8s.<\/p>\n<hr \/>\n<h2>Explorer d'autres activit\u00e9s<\/h2>\n<p><a href=\"https:\/\/www.goexpeditionsafrica.com\/activities\/balloon-safari\/\">Safaris en montgolfi\u00e8re<\/a><br \/>\n<a href=\"https:\/\/www.goexpeditionsafrica.com\/activities\/big-5-safaris\/\">Safaris Big 5<\/a><br \/>\n<a href=\"https:\/\/www.goexpeditionsafrica.com\/activities\/birdwatching\/\">Observation des oiseaux<\/a><br \/>\n<a href=\"https:\/\/www.goexpeditionsafrica.com\/activities\/camping-safaris\/\">Safaris en camping<\/a><br \/>\n<a href=\"https:\/\/www.goexpeditionsafrica.com\/activities\/chimpanzee-trekking\/\">Trekking pour les chimpanz\u00e9s<\/a><br \/>\n<a href=\"https:\/\/www.goexpeditionsafrica.com\/activities\/coffee-tour\/\">Tourn\u00e9e des caf\u00e9s<\/a><br \/>\n<a href=\"https:\/\/www.goexpeditionsafrica.com\/activities\/tanzania-cultural-tours\/\">Visites culturelles<\/a><br \/>\n<a href=\"https:\/\/www.goexpeditionsafrica.com\/activities\/cycling-mountain-biking\/\">Cyclisme et VTT<\/a><br \/>\n<a href=\"https:\/\/www.goexpeditionsafrica.com\/activities\/dodoma-city\/\">Dodoma City<\/a><br \/>\n<a href=\"https:\/\/www.goexpeditionsafrica.com\/activities\/family-safaris\/\">Safaris en famille<\/a><br \/>\n<a href=\"https:\/\/www.goexpeditionsafrica.com\/activities\/game-drive-wildlife-safari\/\">Safari animalier<\/a><br \/>\n<a href=\"https:\/\/www.goexpeditionsafrica.com\/activities\/hiking-mount-trekking\/\">Randonn\u00e9e et trekking en montagne<\/a><br \/>\n<a href=\"https:\/\/www.goexpeditionsafrica.com\/activities\/historical-sites-tour\/\">Visite des sites historiques<\/a><br \/>\n<a href=\"https:\/\/www.goexpeditionsafrica.com\/activities\/honeymoon-safari\/\">Safari lune de miel<\/a><br \/>\n<a href=\"https:\/\/www.goexpeditionsafrica.com\/activities\/horse-riding\/\">L'\u00e9quitation<\/a><br \/>\n<a href=\"https:\/\/www.goexpeditionsafrica.com\/activities\/night-game-drive\/\">Conduite nocturne du gibier<\/a><br \/>\n<a href=\"https:\/\/www.goexpeditionsafrica.com\/activities\/photographic-safaris\/\">Safaris photographiques<\/a><br \/>\n<a href=\"https:\/\/www.goexpeditionsafrica.com\/activities\/beach-holiday-vacation\/\">Vacances \u00e0 la plage en Tanzanie<\/a><br \/>\n<a href=\"https:\/\/www.goexpeditionsafrica.com\/activities\/tanzania-city-tours\/\">Visites de la ville de Tanzanie<\/a><br \/>\n<a href=\"https:\/\/www.goexpeditionsafrica.com\/activities\/the-great-wildebeest-migration\/\">La grande migration des gnous<\/a><br \/>\n<a href=\"https:\/\/www.goexpeditionsafrica.com\/activities\/walking-safaris\/\">Safaris \u00e0 pied<\/a><\/p>","protected":false},"excerpt":{"rendered":"<p>Discover the African wilderness with a walking safari, an immersive adventure that brings you up close and personal with Africa&#8217;s stunning landscapes and diverse wildlife. Unlike traditional game drives, walking safaris offer a unique perspective, allowing you to connect with nature on a deeper level. Guided by experienced and knowledgeable rangers, you&#8217;ll explore the wilderness [&hellip;]<\/p>\n","protected":false},"author":1,"featured_media":0,"parent":4482,"menu_order":0,"comment_status":"closed","ping_status":"closed","template":"","meta":{"footnotes":""},"categories":[],"tags":[],"class_list":["post-4406","page","type-page","status-publish","hentry"],"_links":{"self":[{"href":"https:\/\/www.goexpeditionsafrica.com\/fr\/wp-json\/wp\/v2\/pages\/4406","targetHints":{"allow":["GET"]}}],"collection":[{"href":"https:\/\/www.goexpeditionsafrica.com\/fr\/wp-json\/wp\/v2\/pages"}],"about":[{"href":"https:\/\/www.goexpeditionsafrica.com\/fr\/wp-json\/wp\/v2\/types\/page"}],"author":[{"embeddable":true,"href":"https:\/\/www.goexpeditionsafrica.com\/fr\/wp-json\/wp\/v2\/users\/1"}],"replies":[{"embeddable":true,"href":"https:\/\/www.goexpeditionsafrica.com\/fr\/wp-json\/wp\/v2\/comments?post=4406"}],"version-history":[{"count":5,"href":"https:\/\/www.goexpeditionsafrica.com\/fr\/wp-json\/wp\/v2\/pages\/4406\/revisions"}],"predecessor-version":[{"id":4796,"href":"https:\/\/www.goexpeditionsafrica.com\/fr\/wp-json\/wp\/v2\/pages\/4406\/revisions\/4796"}],"up":[{"embeddable":true,"href":"https:\/\/www.goexpeditionsafrica.com\/fr\/wp-json\/wp\/v2\/pages\/4482"}],"wp:attachment":[{"href":"https:\/\/www.goexpeditionsafrica.com\/fr\/wp-json\/wp\/v2\/media?parent=4406"}],"wp:term":[{"taxonomy":"category","embeddable":true,"href":"https:\/\/www.goexpeditionsafrica.com\/fr\/wp-json\/wp\/v2\/categories?post=4406"},{"taxonomy":"post_tag","embeddable":true,"href":"https:\/\/www.goexpeditionsafrica.com\/fr\/wp-json\/wp\/v2\/tags?post=4406"}],"curies":[{"name":"wp","href":"https:\/\/api.w.org\/{rel}","templated":true}]}}