{"id":4383,"date":"2024-08-24T06:17:16","date_gmt":"2024-08-24T06:17:16","guid":{"rendered":"https:\/\/www.goexpeditionsafrica.com\/?page_id=4383"},"modified":"2024-09-14T00:09:02","modified_gmt":"2024-09-14T00:09:02","slug":"ile-de-rubondo","status":"publish","type":"page","link":"https:\/\/www.goexpeditionsafrica.com\/fr\/travel-destinations\/rubondo-island\/","title":{"rendered":"Parc national de l'\u00eele de Rubondo"},"content":{"rendered":"<h2>\u00c0 propos de l'\u00eele de Rubondo<\/h2>\n<p>Le parc national de l'\u00eele de Rubondo, situ\u00e9 dans l'angle sud-ouest de l'\u00eele, est l'un des plus grands parcs nationaux du monde. <a href=\"https:\/\/www.goexpeditionsafrica.com\/lakes-and-rivers\/lake-victoria\/\">Lac Victoria<\/a>, Le parc national de la baie d'Hudson est l'un des sanctuaires animaliers les plus isol\u00e9s et les plus vierges de Tanzanie. Connu pour ses paysages luxuriants, sa faune diversifi\u00e9e et son environnement serein, le parc offre une exp\u00e9rience de safari unique sur une \u00eele entour\u00e9e du plus grand lac d'Afrique. L'\u00eele de Rubondo est r\u00e9put\u00e9e pour ses efforts de conservation et son r\u00f4le dans la protection des esp\u00e8ces terrestres et aquatiques.<\/p>\n<p>Le parc national de l'\u00eele de Rubondo est situ\u00e9 sur l'\u00eele de Rubondo, dans le lac Victoria, \u00e0 environ 150 kilom\u00e8tres au sud-ouest de la capitale. <a href=\"https:\/\/www.goexpeditionsafrica.com\/travel-destinations\/mwanza-city\/\">Mwanza<\/a>. Le parc couvre une superficie d'environ 237 kilom\u00e8tres carr\u00e9s (92 miles carr\u00e9s) et se caract\u00e9rise par un terrain vari\u00e9, comprenant des for\u00eats, des zones humides et des plaines herbeuses.<\/p>\n<p>Le climat de l'\u00eele de Rubondo est tropical, avec des temp\u00e9ratures chaudes et une humidit\u00e9 mod\u00e9r\u00e9e \u00e0 \u00e9lev\u00e9e. Les temp\u00e9ratures moyennes varient entre 22\u00b0C (72\u00b0F) et 32\u00b0C (90\u00b0F). Le parc conna\u00eet deux saisons des pluies principales : les longues pluies de mars \u00e0 mai et les courtes pluies d'octobre \u00e0 d\u00e9cembre. La saison s\u00e8che, de juin \u00e0 septembre, est la p\u00e9riode la plus favorable pour visiter le parc, avec une humidit\u00e9 plus faible et un temps plus clair.<\/p>\n<h2>Attractions<\/h2>\n<p>Le parc national de l'\u00eele de Rubondo est r\u00e9put\u00e9 pour sa riche biodiversit\u00e9 et ses exp\u00e9riences uniques en mati\u00e8re de faune et de flore.<\/p>\n<p>Faune et flore : Le parc abrite une faune vari\u00e9e, notamment des \u00e9l\u00e9phants, des girafes, des hippopotames et diverses esp\u00e8ces d'antilopes. Il est \u00e9galement connu pour sa population de chimpanz\u00e9s, qui ont \u00e9t\u00e9 introduits sur l'\u00eele dans les ann\u00e9es 1960 et qui prosp\u00e8rent depuis dans l'environnement prot\u00e9g\u00e9 du parc.<\/p>\n<p>Faune et flore : Avec plus de 400 esp\u00e8ces d'oiseaux recens\u00e9es, l'\u00eele de Rubondo est un paradis pour les ornithologues. Les habitats vari\u00e9s du parc abritent un large \u00e9ventail de vie aviaire, y compris des esp\u00e8ces rares et end\u00e9miques.<\/p>\n<p>P\u00eache : le lac Victoria offre d'excellentes possibilit\u00e9s de p\u00eache, avec une grande vari\u00e9t\u00e9 d'esp\u00e8ces de poissons. Les visiteurs peuvent faire des excursions de p\u00eache et s'informer sur la vie aquatique du lac.<\/p>\n<h2>Choses \u00e0 faire au parc national de l'\u00eele de Rubondo<\/h2>\n<p><a href=\"https:\/\/www.goexpeditionsafrica.com\/\">Go Expeditions Africa offre<\/a> des visites guid\u00e9es et des activit\u00e9s pour agr\u00e9menter votre visite du parc national de l'\u00eele de Rubondo.<\/p>\n<h3>Safaris animaliers :<\/h3>\n<p>Embarquez pour des safaris guid\u00e9s afin d'explorer les divers habitats du parc et de rencontrer sa faune unique. Profitez des safaris et des promenades dans la nature avec des guides exp\u00e9riment\u00e9s qui peuvent vous donner des informations sur l'\u00e9cologie du parc et les efforts de conservation.<\/p>\n<h3>Pistage des chimpanz\u00e9s :<\/h3>\n<p>Participez \u00e0 des excursions de suivi des chimpanz\u00e9s pour observer ces fascinants primates dans leur habitat naturel. Des guides comp\u00e9tents vous renseigneront sur leur comportement et leur conservation.<\/p>\n<h3>Excursions d'observation des oiseaux :<\/h3>\n<p>Participez \u00e0 des excursions d'observation des oiseaux pour rep\u00e9rer un large \u00e9ventail d'esp\u00e8ces d'oiseaux dans leur environnement naturel. Explorez les diff\u00e9rents habitats du parc pour trouver des oiseaux rares et end\u00e9miques.<\/p>\n<h3>Voyages de p\u00eache :<\/h3>\n<p>Participez \u00e0 des excursions de p\u00eache sur le lac Victoria pour attraper diff\u00e9rentes esp\u00e8ces de poissons. Profitez d'une journ\u00e9e paisible sur l'eau et d\u00e9couvrez l'\u00e9cosyst\u00e8me aquatique du lac.<\/p>\n<h2>H\u00e9bergement et accessibilit\u00e9<\/h2>\n<p>Le parc national de l'\u00eele de Rubondo propose une s\u00e9rie d'options d'h\u00e9bergement, notamment des lodges et des campings, qui offrent des s\u00e9jours confortables avec vue sur le paysage environnant. Ces options sont con\u00e7ues pour am\u00e9liorer l'exp\u00e9rience de l'exploration de la beaut\u00e9 naturelle du parc.<\/p>\n<p>Pour atteindre l'\u00eele de Rubondo, il faut prendre un vol de Mwanza jusqu'\u00e0 la piste d'atterrissage du parc, suivi d'un transfert en bateau jusqu'\u00e0 l'\u00eele. Des visites guid\u00e9es et des transports peuvent \u00eatre organis\u00e9s pour garantir une visite agr\u00e9able de ce sanctuaire isol\u00e9.<\/p>\n<h2>Explorez le parc national de l'\u00eele de Rubondo avec Go Expeditions Africa<\/h2>\n<p>Le parc national de l'\u00eele de Rubondo offre une exp\u00e9rience unique et immersive de la vie sauvage sur l'un des plus grands lacs d'Afrique. Avec Go Expeditions Africa, vous pouvez explorer le parc avec des conseils d'experts et des circuits sur mesure.<\/p>\n<p>D\u00e9couvrez la riche biodiversit\u00e9 de l'\u00eele, participez \u00e0 des rencontres passionnantes avec la faune et la flore, et profitez de sereines excursions de p\u00eache sur le lac Victoria. Laissez-nous vous aider \u00e0 planifier une visite inoubliable du parc national de l'\u00eele de Rubondo et d\u00e9couvrez les merveilles naturelles de cette destination remarquable.<\/p>","protected":false},"excerpt":{"rendered":"<p>About Rubondo Island Rubondo Island National Park, situated in the southwestern corner of Lake Victoria, is one of Tanzania\u2019s most remote and pristine wildlife sanctuaries. Known for its lush landscapes, diverse wildlife, and serene environment, the park offers a unique safari experience on an island surrounded by the largest lake in Africa. Rubondo Island is [&hellip;]<\/p>\n","protected":false},"author":1,"featured_media":0,"parent":320,"menu_order":0,"comment_status":"closed","ping_status":"closed","template":"","meta":{"footnotes":""},"categories":[7],"tags":[],"class_list":["post-4383","page","type-page","status-publish","hentry","category-destinations"],"_links":{"self":[{"href":"https:\/\/www.goexpeditionsafrica.com\/fr\/wp-json\/wp\/v2\/pages\/4383","targetHints":{"allow":["GET"]}}],"collection":[{"href":"https:\/\/www.goexpeditionsafrica.com\/fr\/wp-json\/wp\/v2\/pages"}],"about":[{"href":"https:\/\/www.goexpeditionsafrica.com\/fr\/wp-json\/wp\/v2\/types\/page"}],"author":[{"embeddable":true,"href":"https:\/\/www.goexpeditionsafrica.com\/fr\/wp-json\/wp\/v2\/users\/1"}],"replies":[{"embeddable":true,"href":"https:\/\/www.goexpeditionsafrica.com\/fr\/wp-json\/wp\/v2\/comments?post=4383"}],"version-history":[{"count":4,"href":"https:\/\/www.goexpeditionsafrica.com\/fr\/wp-json\/wp\/v2\/pages\/4383\/revisions"}],"predecessor-version":[{"id":5238,"href":"https:\/\/www.goexpeditionsafrica.com\/fr\/wp-json\/wp\/v2\/pages\/4383\/revisions\/5238"}],"up":[{"embeddable":true,"href":"https:\/\/www.goexpeditionsafrica.com\/fr\/wp-json\/wp\/v2\/pages\/320"}],"wp:attachment":[{"href":"https:\/\/www.goexpeditionsafrica.com\/fr\/wp-json\/wp\/v2\/media?parent=4383"}],"wp:term":[{"taxonomy":"category","embeddable":true,"href":"https:\/\/www.goexpeditionsafrica.com\/fr\/wp-json\/wp\/v2\/categories?post=4383"},{"taxonomy":"post_tag","embeddable":true,"href":"https:\/\/www.goexpeditionsafrica.com\/fr\/wp-json\/wp\/v2\/tags?post=4383"}],"curies":[{"name":"wp","href":"https:\/\/api.w.org\/{rel}","templated":true}]}}