{"id":4382,"date":"2024-08-24T06:16:40","date_gmt":"2024-08-24T06:16:40","guid":{"rendered":"https:\/\/www.goexpeditionsafrica.com\/?page_id=4382"},"modified":"2024-09-09T19:10:57","modified_gmt":"2024-09-09T19:10:57","slug":"riviere-tarangire","status":"publish","type":"page","link":"https:\/\/www.goexpeditionsafrica.com\/fr\/lakes-and-rivers\/tarangire-river\/","title":{"rendered":"Rivi\u00e8re Tarangire"},"content":{"rendered":"<p>La rivi\u00e8re Tarangire est une voie d'eau cruciale qui traverse les r\u00e9gions suivantes <a href=\"https:\/\/www.goexpeditionsafrica.com\/travel-destinations\/tarangire-national-park\/\">Tarangire National<\/a> Park, situ\u00e9 dans le nord de la Tanzanie. Cette rivi\u00e8re est au c\u0153ur de l'\u00e9cosyst\u00e8me du parc, assurant la subsistance de la faune et de la flore, en particulier pendant la saison s\u00e8che o\u00f9 elle devient la principale source d'eau pour les animaux. La rivi\u00e8re Tarangire, avec son d\u00e9bit saisonnier, fa\u00e7onne le paysage et cr\u00e9e un environnement unique qui attire diverses esp\u00e8ces, ce qui en fait une destination de choix pour les passionn\u00e9s de faune et de flore et les amateurs de safari.<\/p>\n<h2>G\u00e9ographie et flux<\/h2>\n<p>La rivi\u00e8re Tarangire prend sa source dans les hautes terres de Kondoa, au sud-ouest du parc national de Tarangire, et coule vers le nord-est \u00e0 travers le parc avant de se jeter dans le lac Burunge. Elle s'\u00e9tend sur environ 150 kilom\u00e8tres, serpente \u00e0 travers les plaines de savane et forme un r\u00e9seau complexe de mar\u00e9cages saisonniers, de zones humides et de marais pendant la saison des pluies.<\/p>\n<p>Pendant la saison s\u00e8che, la rivi\u00e8re se r\u00e9tr\u00e9cit, laissant derri\u00e8re elle des trous d'eau qui deviennent essentiels \u00e0 la survie de la faune. Le d\u00e9bit de la rivi\u00e8re est en grande partie saisonnier, les fortes pluies de la saison humide transformant le paysage en prairies luxuriantes, tandis que la saison s\u00e8che le r\u00e9duit \u00e0 des mares isol\u00e9es, intensifiant la concurrence pour les ressources entre les animaux sauvages.<\/p>\n<h2>La faune soutenue par la rivi\u00e8re Tarangire<\/h2>\n<p>La rivi\u00e8re Tarangire est un p\u00f4le d'attraction pour la faune, en particulier pendant les mois secs, lorsque l'eau se rar\u00e9fie dans d'autres parties du parc. La rivi\u00e8re est essentielle \u00e0 la survie de nombreuses esp\u00e8ces et offre l'une des plus fortes concentrations d'animaux sauvages en dehors du parc national de Tarangire. <a href=\"https:\/\/www.goexpeditionsafrica.com\/travel-destinations\/serengeti-national-park\/\">L'\u00e9cosyst\u00e8me du Serengeti<\/a>.<\/p>\n<ul>\n<li>\u00c9l\u00e9phants : La rivi\u00e8re est surtout connue pour attirer de grands troupeaux d'\u00e9l\u00e9phants. Le parc national du Tarangire abrite l'une des plus grandes populations d'\u00e9l\u00e9phants de Tanzanie, avec des centaines d'\u00e9l\u00e9phants se rassemblant pr\u00e8s des rives pendant la saison s\u00e8che.<\/li>\n<li>Lions et autres pr\u00e9dateurs : Les pr\u00e9dateurs tels que les lions, les l\u00e9opards et les gu\u00e9pards sont fr\u00e9quemment observ\u00e9s pr\u00e8s de la rivi\u00e8re, profitant de l'abondance des herbivores qui viennent s'y abreuver. Les points d'eau de la rivi\u00e8re sont des terrains de chasse populaires pour ces grands f\u00e9lins.<\/li>\n<li>Z\u00e8bres et gnous : Un grand nombre de z\u00e8bres, de gnous et de buffles d\u00e9pendent de la rivi\u00e8re pour s'abreuver. Ces herbivores suivent des sch\u00e9mas de migration saisonni\u00e8re, se d\u00e9pla\u00e7ant vers la rivi\u00e8re Tarangire \u00e0 la recherche de nourriture pendant la saison s\u00e8che.<\/li>\n<li>Faune et flore : Les zones humides et les marais qui entourent la rivi\u00e8re Tarangire en font une zone ornithologique importante. Plus de 550 esp\u00e8ces d'oiseaux y ont \u00e9t\u00e9 recens\u00e9es, dont l'aigle p\u00eacheur africain, le carouge \u00e0 collier jaune et l'autruche. Les oiseaux migrateurs affluent \u00e9galement vers la rivi\u00e8re pendant la saison des pluies, ce qui ajoute \u00e0 sa diversit\u00e9.<\/li>\n<\/ul>\n<h2>Activit\u00e9s et attractions<\/h2>\n<p>La rivi\u00e8re Tarangire et ses environs offrent de nombreuses attractions aux visiteurs du parc. Les safaris sont attir\u00e9s par la rivi\u00e8re non seulement pour l'observation de la faune, mais aussi pour les paysages \u00e0 couper le souffle et les divers \u00e9cosyst\u00e8mes qu'elle alimente.<\/p>\n<ul>\n<li><a href=\"https:\/\/www.goexpeditionsafrica.com\/activities\/game-drive-wildlife-safari\/\">Safari<\/a>: L'une des activit\u00e9s les plus populaires dans le parc national du Tarangire est le safari le long de la rivi\u00e8re. Les visiteurs peuvent voir les animaux se rassembler autour de l'eau et observer la dynamique pr\u00e9dateur-proie en action. La saison s\u00e8che offre les meilleures opportunit\u00e9s de voir de grands troupeaux d'animaux rassembl\u00e9s pr\u00e8s des rives.<\/li>\n<li><a href=\"https:\/\/www.goexpeditionsafrica.com\/activities\/birdwatching\/\">Observation des oiseaux<\/a>: Pour les amateurs d'oiseaux, la rivi\u00e8re Tarangire et ses zones humides environnantes offrent une excellente occasion d'observer les esp\u00e8ces d'oiseaux r\u00e9sidents et migrateurs. La rivi\u00e8re est particuli\u00e8rement anim\u00e9e pendant la saison des pluies, lorsque les oiseaux d'eau et d'autres esp\u00e8ces profitent de l'environnement luxuriant.<\/li>\n<li><a href=\"https:\/\/www.goexpeditionsafrica.com\/activities\/walking-safaris\/\">Promenades dans la nature<\/a>: Des promenades guid\u00e9es le long de la rivi\u00e8re permettent aux visiteurs d'explorer la flore et la faune de pr\u00e8s. Ces promenades offrent un aper\u00e7u de l'\u00e9cologie unique de la rivi\u00e8re Tarangire, y compris les anciens baobabs qui dominent le paysage et abritent diverses esp\u00e8ces animales.<\/li>\n<\/ul>\n<h2>Acc\u00e8s et meilleure p\u00e9riode de visite<\/h2>\n<p>Le parc national du Tarangire est facilement accessible depuis Arusha, situ\u00e9 \u00e0 environ 120 kilom\u00e8tres, et constitue une \u00e9tape fr\u00e9quente du circuit de safari du nord de la Tanzanie. La meilleure p\u00e9riode pour visiter la rivi\u00e8re Tarangire est la saison s\u00e8che (juin \u00e0 octobre), lorsque la rivi\u00e8re devient une ressource cruciale pour la faune et que les observations d'animaux sont \u00e0 leur apog\u00e9e. Pendant cette p\u00e9riode, le parc offre certaines des meilleures opportunit\u00e9s d'observer de grands troupeaux d'\u00e9l\u00e9phants et d'autres animaux \u00e0 proximit\u00e9 de la rivi\u00e8re.<\/p>\n<p>En revanche, la saison humide (de novembre \u00e0 mai) transforme le paysage en une oasis de verdure, avec la rivi\u00e8re qui se gonfle et les plaines qui se couvrent de v\u00e9g\u00e9tation. Bien que la faune soit plus dispers\u00e9e pendant cette p\u00e9riode, le parc devient un paradis pour les ornithologues, avec l'arriv\u00e9e des esp\u00e8ces migratrices, et le paysage est luxuriant et vivant.<\/p>\n<h2>Communaut\u00e9s locales et importance culturelle<\/h2>\n<p>La rivi\u00e8re Tarangire n'abrite pas seulement la faune, elle joue \u00e9galement un r\u00f4le important dans la vie des communaut\u00e9s locales, notamment les Maasai et d'autres groupes indig\u00e8nes. Ces communaut\u00e9s d\u00e9pendent depuis toujours de la rivi\u00e8re pour l'eau et les p\u00e2turages de leur b\u00e9tail. La r\u00e9gion autour de la rivi\u00e8re Tarangire est \u00e9galement connue pour son tourisme culturel, o\u00f9 les visiteurs peuvent interagir avec les communaut\u00e9s Maasai, d\u00e9couvrir leurs traditions, leur mode de vie et les pratiques durables qu'ils ont utilis\u00e9es pour coexister avec la faune.<\/p>\n<h2>D\u00e9fis et efforts de conservation<\/h2>\n<p>Comme beaucoup d'autres rivi\u00e8res en Tanzanie, la rivi\u00e8re Tarangire est confront\u00e9e \u00e0 des pressions environnementales dues au changement climatique, au d\u00e9tournement de l'eau en amont et \u00e0 la d\u00e9forestation. La r\u00e9duction du d\u00e9bit d'eau, en particulier pendant la saison s\u00e8che, affecte \u00e0 la fois la faune et l'\u00e9cosyst\u00e8me. Les organisations de conservation et le gouvernement tanzanien s'efforcent de relever ces d\u00e9fis par le biais de programmes de reforestation, de pratiques de gestion durable de l'eau et d'initiatives de conservation communautaires.<\/p>","protected":false},"excerpt":{"rendered":"<p>The Tarangire River is a crucial waterway that runs through Tarangire National Park, located in northern Tanzania. This river is the heart of the park\u2019s ecosystem, sustaining both wildlife and plant life, especially during the dry season when it becomes the primary source of water for the animals. The Tarangire River, with its seasonal flow, [&hellip;]<\/p>\n","protected":false},"author":1,"featured_media":0,"parent":4489,"menu_order":0,"comment_status":"closed","ping_status":"closed","template":"","meta":{"footnotes":""},"categories":[16],"tags":[],"class_list":["post-4382","page","type-page","status-publish","hentry","category-lakes-rivers"],"_links":{"self":[{"href":"https:\/\/www.goexpeditionsafrica.com\/fr\/wp-json\/wp\/v2\/pages\/4382","targetHints":{"allow":["GET"]}}],"collection":[{"href":"https:\/\/www.goexpeditionsafrica.com\/fr\/wp-json\/wp\/v2\/pages"}],"about":[{"href":"https:\/\/www.goexpeditionsafrica.com\/fr\/wp-json\/wp\/v2\/types\/page"}],"author":[{"embeddable":true,"href":"https:\/\/www.goexpeditionsafrica.com\/fr\/wp-json\/wp\/v2\/users\/1"}],"replies":[{"embeddable":true,"href":"https:\/\/www.goexpeditionsafrica.com\/fr\/wp-json\/wp\/v2\/comments?post=4382"}],"version-history":[{"count":3,"href":"https:\/\/www.goexpeditionsafrica.com\/fr\/wp-json\/wp\/v2\/pages\/4382\/revisions"}],"predecessor-version":[{"id":4913,"href":"https:\/\/www.goexpeditionsafrica.com\/fr\/wp-json\/wp\/v2\/pages\/4382\/revisions\/4913"}],"up":[{"embeddable":true,"href":"https:\/\/www.goexpeditionsafrica.com\/fr\/wp-json\/wp\/v2\/pages\/4489"}],"wp:attachment":[{"href":"https:\/\/www.goexpeditionsafrica.com\/fr\/wp-json\/wp\/v2\/media?parent=4382"}],"wp:term":[{"taxonomy":"category","embeddable":true,"href":"https:\/\/www.goexpeditionsafrica.com\/fr\/wp-json\/wp\/v2\/categories?post=4382"},{"taxonomy":"post_tag","embeddable":true,"href":"https:\/\/www.goexpeditionsafrica.com\/fr\/wp-json\/wp\/v2\/tags?post=4382"}],"curies":[{"name":"wp","href":"https:\/\/api.w.org\/{rel}","templated":true}]}}