{"id":4377,"date":"2024-08-24T06:12:43","date_gmt":"2024-08-24T06:12:43","guid":{"rendered":"https:\/\/www.goexpeditionsafrica.com\/?page_id=4377"},"modified":"2024-09-11T14:16:13","modified_gmt":"2024-09-11T14:16:13","slug":"gorge-dolduvai","status":"publish","type":"page","link":"https:\/\/www.goexpeditionsafrica.com\/fr\/travel-destinations\/olduvai-gorge\/","title":{"rendered":"Gorges d'Olduvai"},"content":{"rendered":"<h2>Gorges d'Olduvai : En bref<\/h2>\n<p>Les gorges d'Olduvai, souvent appel\u00e9es \u201cberceau de l'humanit\u00e9\u201d, sont un site arch\u00e9ologique de renomm\u00e9e mondiale situ\u00e9 dans la zone de conservation de Ngorongoro, dans le nord de la Tanzanie. Ces gorges embl\u00e9matiques ont jou\u00e9 un r\u00f4le essentiel dans l'\u00e9tude de l'\u00e9volution humaine, offrant des informations inestimables sur les d\u00e9buts de notre esp\u00e8ce. Avec ses riches fossiles, ses paysages \u00e9poustouflants et son importance historique, les gorges d'Olduvai sont une destination incontournable pour les passionn\u00e9s d'histoire et les amoureux de la nature.<\/p>\n<h2>Situation, m\u00e9t\u00e9o et climat<\/h2>\n<p>Les gorges d'Olduvai sont situ\u00e9es dans la partie orientale de la zone de conservation du Ngorongoro, \u00e0 environ 45 kilom\u00e8tres au sud de l'a\u00e9roport d'Olduvai. <a href=\"https:\/\/www.goexpeditionsafrica.com\/travel-destinations\/serengeti-national-park\/\">Parc national du Serengeti<\/a> et 200 kilom\u00e8tres \u00e0 l'ouest de <a href=\"https:\/\/www.goexpeditionsafrica.com\/travel-destinations\/arusha-city\/\">Arusha<\/a>. La gorge s'\u00e9tend sur environ 48 kilom\u00e8tres et est nich\u00e9e entre les hauts plateaux du Ngorongoro et les plaines du Serengeti.<\/p>\n<p>Le climat des gorges d'Olduvai est typiquement sec et aride, avec des temp\u00e9ratures allant de 15\u00b0C (59\u00b0F) \u00e0 30\u00b0C (86\u00b0F). La r\u00e9gion conna\u00eet des pr\u00e9cipitations minimes, la principale saison des pluies se d\u00e9roulant de mars \u00e0 mai et une p\u00e9riode de pluie plus courte de novembre \u00e0 d\u00e9cembre. La saison s\u00e8che, de juin \u00e0 octobre, est la meilleure p\u00e9riode pour visiter la r\u00e9gion, avec un ciel d\u00e9gag\u00e9 et des temp\u00e9ratures agr\u00e9ables.<\/p>\n<h2>Attractions et activit\u00e9s naturelles<\/h2>\n<p>Les gorges d'Olduvai sont c\u00e9l\u00e8bres pour leur importance arch\u00e9ologique et leurs paysages naturels \u00e0 couper le souffle.<\/p>\n<h3>Site arch\u00e9ologique<\/h3>\n<p>Les gorges sont c\u00e9l\u00e8bres pour les fossiles qu'on y trouve, notamment des restes humains et des outils qui ont permis de mieux comprendre l'\u00e9volution de l'homme. Les visiteurs peuvent explorer le site et voir les expositions au mus\u00e9e des gorges d'Olduvai, qui pr\u00e9sente les d\u00e9couvertes faites dans la r\u00e9gion.<\/p>\n<h3>Vues panoramiques<\/h3>\n<p>Le paysage accident\u00e9 des gorges d'Olduvai offre des vues imprenables sur le terrain environnant. Les falaises spectaculaires et les vastes plaines cr\u00e9ent un cadre pittoresque id\u00e9al pour prendre des photos et appr\u00e9cier la beaut\u00e9 naturelle de la r\u00e9gion.<\/p>\n<h2>Choses \u00e0 faire aux gorges d'Olduvai<\/h2>\n<p>Go Expeditions Africa propose des visites guid\u00e9es et des activit\u00e9s pour agr\u00e9menter votre visite des gorges d'Olduvai.<\/p>\n<h3>Visites arch\u00e9ologiques :<\/h3>\n<p>Explorez les gorges d'Olduvai en compagnie d'un guide comp\u00e9tent qui vous donnera des informations sur l'importance arch\u00e9ologique du site. Visitez les zones de fouilles, d\u00e9couvrez les premiers fossiles humains d\u00e9couverts ici et comprenez leur impact sur l'\u00e9tude de l'\u00e9volution humaine.<\/p>\n<h3>Visite du mus\u00e9e :<\/h3>\n<p>Visitez le mus\u00e9e des gorges d'Olduvai pour voir des expositions de restes fossilis\u00e9s, d'outils et d'artefacts d\u00e9couverts sur le site. Le mus\u00e9e propose des expositions \u00e9ducatives qui mettent en contexte les d\u00e9couvertes faites \u00e0 Olduvai Gorge.<\/p>\n<h3>Vue panoramique :<\/h3>\n<p>Profitez de vues panoramiques sur le paysage spectaculaire des gorges d'Olduvai. Les vues panoramiques des gorges et des plaines environnantes offrent d'excellentes possibilit\u00e9s de photographie et d'appr\u00e9ciation de la beaut\u00e9 naturelle.<\/p>\n<h2>H\u00e9bergement et accessibilit\u00e9<\/h2>\n<p>Les options d'h\u00e9bergement pr\u00e8s des gorges d'Olduvai comprennent des lodges et des campings dans la zone de conservation du Ngorongoro. Ces options offrent des s\u00e9jours confortables et un acc\u00e8s facile aux gorges et aux autres attractions voisines.<\/p>\n<p>Les gorges d'Olduvai sont facilement accessibles depuis Arusha et le Serengeti, la route passant par la zone de conservation du Ngorongoro. Des visites guid\u00e9es et des transports peuvent \u00eatre organis\u00e9s pour assurer une visite sans encombre de ce site historique.<\/p>\n<h2>Explorer les gorges d'Olduvai avec Go Expeditions Africa<\/h2>\n<p>Les gorges d'Olduvai offrent un m\u00e9lange unique d'importance arch\u00e9ologique et de beaut\u00e9 naturelle stup\u00e9fiante. Avec <a href=\"https:\/\/www.goexpeditionsafrica.com\/\">Go Expeditions Africa<\/a>, Vous pouvez explorer les gorges avec l'aide d'un expert et en suivant des circuits sur mesure.<\/p>\n<p>D\u00e9couvrez l'histoire fascinante de l'\u00e9volution humaine, admirez les paysages \u00e0 couper le souffle et apprenez \u00e0 mieux conna\u00eetre l'un des sites arch\u00e9ologiques les plus importants au monde. Laissez-nous vous aider \u00e0 planifier une visite inoubliable des gorges d'Olduvai et \u00e0 profiter au maximum de votre s\u00e9jour dans cette destination remarquable.<\/p>","protected":false},"excerpt":{"rendered":"<p>Olduvai Gorge: At a Glance Olduvai Gorge, often referred to as the &#8220;Cradle of Humankind,&#8221; is a world-renowned archaeological site located in the Ngorongoro Conservation Area of northern Tanzania. This iconic gorge has played a pivotal role in the study of human evolution, offering invaluable insights into the early development of our species. With its [&hellip;]<\/p>\n","protected":false},"author":1,"featured_media":0,"parent":320,"menu_order":0,"comment_status":"closed","ping_status":"closed","template":"","meta":{"footnotes":""},"categories":[7],"tags":[],"class_list":["post-4377","page","type-page","status-publish","hentry","category-destinations"],"_links":{"self":[{"href":"https:\/\/www.goexpeditionsafrica.com\/fr\/wp-json\/wp\/v2\/pages\/4377","targetHints":{"allow":["GET"]}}],"collection":[{"href":"https:\/\/www.goexpeditionsafrica.com\/fr\/wp-json\/wp\/v2\/pages"}],"about":[{"href":"https:\/\/www.goexpeditionsafrica.com\/fr\/wp-json\/wp\/v2\/types\/page"}],"author":[{"embeddable":true,"href":"https:\/\/www.goexpeditionsafrica.com\/fr\/wp-json\/wp\/v2\/users\/1"}],"replies":[{"embeddable":true,"href":"https:\/\/www.goexpeditionsafrica.com\/fr\/wp-json\/wp\/v2\/comments?post=4377"}],"version-history":[{"count":4,"href":"https:\/\/www.goexpeditionsafrica.com\/fr\/wp-json\/wp\/v2\/pages\/4377\/revisions"}],"predecessor-version":[{"id":5207,"href":"https:\/\/www.goexpeditionsafrica.com\/fr\/wp-json\/wp\/v2\/pages\/4377\/revisions\/5207"}],"up":[{"embeddable":true,"href":"https:\/\/www.goexpeditionsafrica.com\/fr\/wp-json\/wp\/v2\/pages\/320"}],"wp:attachment":[{"href":"https:\/\/www.goexpeditionsafrica.com\/fr\/wp-json\/wp\/v2\/media?parent=4377"}],"wp:term":[{"taxonomy":"category","embeddable":true,"href":"https:\/\/www.goexpeditionsafrica.com\/fr\/wp-json\/wp\/v2\/categories?post=4377"},{"taxonomy":"post_tag","embeddable":true,"href":"https:\/\/www.goexpeditionsafrica.com\/fr\/wp-json\/wp\/v2\/tags?post=4377"}],"curies":[{"name":"wp","href":"https:\/\/api.w.org\/{rel}","templated":true}]}}