{"id":4369,"date":"2024-08-24T06:09:43","date_gmt":"2024-08-24T06:09:43","guid":{"rendered":"https:\/\/www.goexpeditionsafrica.com\/?page_id=4369"},"modified":"2024-09-14T14:48:37","modified_gmt":"2024-09-14T14:48:37","slug":"montagnes-dudzungwa","status":"publish","type":"page","link":"https:\/\/www.goexpeditionsafrica.com\/fr\/travel-destinations\/udzungwa-mountains\/","title":{"rendered":"Montagnes d'Udzungwa"},"content":{"rendered":"<h2>Montagnes d'Udzungwa : En un coup d'\u0153il<\/h2>\n<p>Les monts Udzungwa font partie de la cha\u00eene de montagnes de l'Arc oriental et sont r\u00e9put\u00e9s pour leur biodiversit\u00e9 exceptionnelle et leurs paysages \u00e9poustouflants. C'est l'un des parcs nationaux les plus intacts et les moins visit\u00e9s de Tanzanie. Les monts Udzungwa offrent une occasion unique d'explorer des for\u00eats luxuriantes, des chutes d'eau \u00e0 couper le souffle et une faune diversifi\u00e9e.<\/p>\n<p>Le parc national des monts Udzungwa est situ\u00e9 dans la r\u00e9gion d'Iringa et s'\u00e9tend sur une superficie d'environ 1 990 kilom\u00e8tres carr\u00e9s. Le parc est bord\u00e9 par la r\u00e9serve de Selous au sud et par le parc national de Mikumi \u00e0 l'est, cr\u00e9ant ainsi un important corridor \u00e9cologique.<\/p>\n<p>Le climat des monts Udzungwa est tropical, avec des variations en fonction de l'altitude. Les basses altitudes connaissent des temp\u00e9ratures plus chaudes, tandis que les altitudes plus \u00e9lev\u00e9es sont plus fra\u00eeches. Les temp\u00e9ratures moyennes varient de 18\u00b0C (64\u00b0F) \u00e0 28\u00b0C (82\u00b0F). Le parc a un r\u00e9gime pluviom\u00e9trique bimodal, avec des pluies longues de mars \u00e0 mai et des pluies courtes de novembre \u00e0 d\u00e9cembre. La saison s\u00e8che, de juin \u00e0 octobre, est id\u00e9ale pour les randonn\u00e9es et l'observation de la faune.<\/p>\n<h2>Flore et faune<\/h2>\n<p>Les montagnes d'Udzungwa sont r\u00e9put\u00e9es pour leur riche biodiversit\u00e9, qui comprend de nombreuses esp\u00e8ces end\u00e9miques et rares.<\/p>\n<p>Flore : La v\u00e9g\u00e9tation du parc comprend des for\u00eats de plaine, des for\u00eats de montagne et des prairies. Les for\u00eats abritent plus de 200 esp\u00e8ces d'arbres, dont des feuillus anciens et des esp\u00e8ces v\u00e9g\u00e9tales uniques. Les divers habitats abritent une grande vari\u00e9t\u00e9 de plantes, dont plusieurs orchid\u00e9es end\u00e9miques.<\/p>\n<p>Faune : Les montagnes d'Udzungwa sont un haut lieu de la vie sauvage, avec des esp\u00e8ces telles que le singe colobe rouge d'Udzungwa, end\u00e9mique, et le rare mangabey de Sanje. Les ornithologues peuvent observer plus de 400 esp\u00e8ces d'oiseaux, dont la perdrix foresti\u00e8re end\u00e9mique d'Udzungwa. Les rivi\u00e8res et les chutes d'eau du parc constituent des habitats pour divers amphibiens et insectes, ce qui contribue \u00e0 la diversit\u00e9 \u00e9cologique de la r\u00e9gion.<\/p>\n<h2>Choses \u00e0 faire dans les montagnes d'Udzungwa<\/h2>\n<p><a href=\"https:\/\/www.goexpeditionsafrica.com\/\">Go Expeditions Africa<\/a> propose une s\u00e9rie d'activit\u00e9s permettant d'explorer la beaut\u00e9 naturelle et la biodiversit\u00e9 des montagnes d'Udzungwa.<\/p>\n<h3>Randonn\u00e9e et trekking :<\/h3>\n<p>Embarquez pour des aventures passionnantes <a href=\"https:\/\/www.goexpeditionsafrica.com\/activities\/hiking-mountain-trekking\/\">randonn\u00e9es<\/a> \u00e0 travers les montagnes d'Udzungwa, avec des sentiers allant de la promenade facile au trekking difficile. Parmi les randonn\u00e9es les plus populaires, citons le trek des cascades de Sanje, qui m\u00e8ne \u00e0 une \u00e9tonnante cascade \u00e0 trois niveaux offrant des vues panoramiques.<\/p>\n<h3>Observation des oiseaux :<\/h3>\n<p>Avec plus de 400 esp\u00e8ces d'oiseaux recens\u00e9es, les montagnes d'Udzungwa sont un paradis pour les ornithologues. Participez \u00e0 des visites guid\u00e9es pour rep\u00e9rer des esp\u00e8ces d'oiseaux rares et end\u00e9miques dans leur habitat naturel.<\/p>\n<h3>Observation de la faune et de la flore :<\/h3>\n<p>Explorez les divers \u00e9cosyst\u00e8mes du parc et rencontrez une faune unique, notamment des primates end\u00e9miques comme le colobe rouge d'Udzungwa. Des visites guid\u00e9es de la faune permettent de mieux comprendre la richesse de la faune du parc et les efforts de conservation.<\/p>\n<h3>Promenades dans la nature :<\/h3>\n<p>D\u00e9couvrez la beaut\u00e9 des montagnes d'Udzungwa de plus pr\u00e8s gr\u00e2ce \u00e0 des visites guid\u00e9es. <a href=\"https:\/\/www.goexpeditionsafrica.com\/activities\/walking-safaris\/\">promenades dans la nature<\/a>. D\u00e9couvrez la flore et la faune du parc gr\u00e2ce \u00e0 des guides comp\u00e9tents tout en profitant d'un environnement serein.<\/p>\n<h2>H\u00e9bergement et accessibilit\u00e9<\/h2>\n<p>Les montagnes d'Udzungwa offrent un \u00e9ventail de possibilit\u00e9s d'h\u00e9bergement, notamment des lodges et des campings, qui permettent de passer des s\u00e9jours confortables \u00e0 proximit\u00e9 des principales attractions du parc. Ces options r\u00e9pondent \u00e0 diff\u00e9rents budgets et pr\u00e9f\u00e9rences.<\/p>\n<p>L'acc\u00e8s aux montagnes d'Udzungwa se fait principalement par la route, avec des routes bien entretenues qui relient le parc aux grandes villes comme Iringa. Les visiteurs peuvent \u00e9galement organiser des visites guid\u00e9es qui incluent le transport vers et depuis le parc.<\/p>\n<h2>Explorez les montagnes d'Udzungwa avec Go Expeditions Africa<\/h2>\n<p>Les montagnes d'Udzungwa offrent une exp\u00e9rience naturelle unique et immersive, avec une riche biodiversit\u00e9 et des paysages \u00e9poustouflants qui ne demandent qu'\u00e0 \u00eatre explor\u00e9s. Avec Go Expeditions Africa, vous pouvez d\u00e9couvrir la beaut\u00e9 exceptionnelle du parc \u00e0 travers des visites et des activit\u00e9s guid\u00e9es par des experts.<\/p>\n<p><a href=\"https:\/\/www.goexpeditionsafrica.com\/contact-us\/\">Planifiez votre visite<\/a> jusqu'aux montagnes d'Udzungwa et embarquez pour une aventure qui combine des paysages \u00e0 couper le souffle, une faune diversifi\u00e9e et des exp\u00e9riences m\u00e9morables. Laissez-nous vous aider \u00e0 cr\u00e9er un voyage inoubliable dans l'un des joyaux cach\u00e9s de la Tanzanie.<\/p>","protected":false},"excerpt":{"rendered":"<p>Udzungwa Mountains: At a Glance The Udzungwa Mountains form part of the Eastern Arc Mountain range and are renowned for their exceptional biodiversity and stunning landscapes. As one of Tanzania\u2019s most pristine and less-visited national parks, the Udzungwa Mountains offer a unique opportunity to explore lush forests, breathtaking waterfalls, and diverse wildlife. The Udzungwa Mountains [&hellip;]<\/p>\n","protected":false},"author":1,"featured_media":0,"parent":320,"menu_order":0,"comment_status":"closed","ping_status":"closed","template":"","meta":{"footnotes":""},"categories":[7],"tags":[],"class_list":["post-4369","page","type-page","status-publish","hentry","category-destinations"],"_links":{"self":[{"href":"https:\/\/www.goexpeditionsafrica.com\/fr\/wp-json\/wp\/v2\/pages\/4369","targetHints":{"allow":["GET"]}}],"collection":[{"href":"https:\/\/www.goexpeditionsafrica.com\/fr\/wp-json\/wp\/v2\/pages"}],"about":[{"href":"https:\/\/www.goexpeditionsafrica.com\/fr\/wp-json\/wp\/v2\/types\/page"}],"author":[{"embeddable":true,"href":"https:\/\/www.goexpeditionsafrica.com\/fr\/wp-json\/wp\/v2\/users\/1"}],"replies":[{"embeddable":true,"href":"https:\/\/www.goexpeditionsafrica.com\/fr\/wp-json\/wp\/v2\/comments?post=4369"}],"version-history":[{"count":4,"href":"https:\/\/www.goexpeditionsafrica.com\/fr\/wp-json\/wp\/v2\/pages\/4369\/revisions"}],"predecessor-version":[{"id":5243,"href":"https:\/\/www.goexpeditionsafrica.com\/fr\/wp-json\/wp\/v2\/pages\/4369\/revisions\/5243"}],"up":[{"embeddable":true,"href":"https:\/\/www.goexpeditionsafrica.com\/fr\/wp-json\/wp\/v2\/pages\/320"}],"wp:attachment":[{"href":"https:\/\/www.goexpeditionsafrica.com\/fr\/wp-json\/wp\/v2\/media?parent=4369"}],"wp:term":[{"taxonomy":"category","embeddable":true,"href":"https:\/\/www.goexpeditionsafrica.com\/fr\/wp-json\/wp\/v2\/categories?post=4369"},{"taxonomy":"post_tag","embeddable":true,"href":"https:\/\/www.goexpeditionsafrica.com\/fr\/wp-json\/wp\/v2\/tags?post=4369"}],"curies":[{"name":"wp","href":"https:\/\/api.w.org\/{rel}","templated":true}]}}