{"id":4354,"date":"2024-08-24T06:06:42","date_gmt":"2024-08-24T06:06:42","guid":{"rendered":"https:\/\/www.goexpeditionsafrica.com\/?page_id=4354"},"modified":"2024-09-14T15:27:42","modified_gmt":"2024-09-14T15:27:42","slug":"seronera","status":"publish","type":"page","link":"https:\/\/www.goexpeditionsafrica.com\/fr\/travel-destinations\/seronera\/","title":{"rendered":"Seronera"},"content":{"rendered":"<h2>Seronera, Serengeti central : En un coup d'\u0153il<\/h2>\n<p>Seronera, situ\u00e9 au c\u0153ur de la r\u00e9gion de la <a href=\"https:\/\/www.goexpeditionsafrica.com\/travel-destinations\/serengeti-national-park\/\">Parc national du Serengeti<\/a>, Seronera est l'une des destinations de safari les plus embl\u00e9matiques de Tanzanie. Centre n\u00e9vralgique du Serengeti, Seronera offre un acc\u00e8s in\u00e9gal\u00e9 \u00e0 la faune diversifi\u00e9e et aux paysages \u00e9poustouflants du parc. Cette r\u00e9gion est r\u00e9put\u00e9e pour la richesse de ses populations animales et les spectaculaires migrations saisonni\u00e8res qui attirent les amateurs d'animaux sauvages du monde entier.<\/p>\n<p>Seronera se trouve \u00e0 environ 250 kilom\u00e8tres (155 miles) \u00e0 l'ouest de <a href=\"https:\/\/www.goexpeditionsafrica.com\/travel-destinations\/arusha-city\/\">Arusha<\/a>. La r\u00e9gion sert de point d'acc\u00e8s cl\u00e9 \u00e0 diverses parties du Serengeti et est strat\u00e9giquement situ\u00e9e pour offrir d'excellentes possibilit\u00e9s d'observation de la faune.<\/p>\n<p>Le climat de Seronera se caract\u00e9rise par un climat tropical de savane, avec des temp\u00e9ratures chaudes et des saisons s\u00e8ches et humides distinctes. Les temp\u00e9ratures moyennes varient entre 20\u00b0C (68\u00b0F) et 30\u00b0C (86\u00b0F). La saison des pluies s'\u00e9tend de mars \u00e0 mai et de novembre \u00e0 d\u00e9cembre, tandis que la saison s\u00e8che s'\u00e9tend de juin \u00e0 octobre. Les mois secs sont id\u00e9aux pour l'observation de la faune, car les animaux se rassemblent autour des points d'eau, ce qui les rend plus faciles \u00e0 rep\u00e9rer.<\/p>\n<h2>Faune et paysages<\/h2>\n<p>Les paysages diversifi\u00e9s de Seronera comprennent des plaines ouvertes, des prairies et des zones riveraines, qui abritent un large \u00e9ventail d'esp\u00e8ces sauvages.<\/p>\n<p>La v\u00e9g\u00e9tation de Seronera se compose principalement d'herbes de savane, d'acacias et d'\u00eelots bois\u00e9s occasionnels. Les herbes luxuriantes des plaines sont essentielles \u00e0 la survie des herbivores du parc, tandis que les for\u00eats riveraines abritent diverses esp\u00e8ces sauvages.<\/p>\n<p>Seronera est r\u00e9put\u00e9 pour sa faune impressionnante. La r\u00e9gion abrite de grands troupeaux de gnous, de z\u00e8bres et de gazelles, en particulier lors de la grande migration. Les pr\u00e9dateurs tels que les lions, les gu\u00e9pards et les l\u00e9opards sont \u00e9galement souvent aper\u00e7us. La rivi\u00e8re Seronera attire de nombreux animaux, notamment des \u00e9l\u00e9phants, des hippopotames et diverses esp\u00e8ces d'oiseaux, ce qui en fait un lieu privil\u00e9gi\u00e9 pour l'observation de la faune.<\/p>\n<h2>Choses \u00e0 faire \u00e0 Seronera, Serengeti central<\/h2>\n<p><a href=\"https:\/\/www.goexpeditionsafrica.com\/\">Go Expeditions Africa<\/a> offre une vari\u00e9t\u00e9 d'activit\u00e9s pour am\u00e9liorer votre exp\u00e9rience de safari \u00e0 Seronera.<\/p>\n<h3>Safari :<\/h3>\n<p>Partir \u00e0 la d\u00e9couverte de sensations fortes <a href=\"https:\/\/www.goexpeditionsafrica.com\/activities\/game-drive-wildlife-safari\/\">safaris en voiture<\/a> \u00e0 travers les riches paysages du Seronera. Vous rencontrerez de pr\u00e8s la faune vari\u00e9e du Serengeti, y compris l'embl\u00e9matique Grande Migration si vous vous rendez en haute saison.<\/p>\n<h3>Observation des oiseaux :<\/h3>\n<p>Avec ses divers habitats, Seronera est un paradis pour les ornithologues. Visite guid\u00e9e <a href=\"https:\/\/www.goexpeditionsafrica.com\/activities\/birdwatching\/\">observation des oiseaux<\/a> peuvent vous aider \u00e0 rep\u00e9rer un large \u00e9ventail d'esp\u00e8ces aviaires, y compris des oiseaux rares et end\u00e9miques.<\/p>\n<h3>Safaris en montgolfi\u00e8re :<\/h3>\n<p>Pour un point de vue unique sur le Serengeti, envisagez de faire un voyage \u00e0 l'\u00e9tranger. <a href=\"https:\/\/www.goexpeditionsafrica.com\/activities\/balloon-safari\/\">safari en montgolfi\u00e8re<\/a>. Envolez-vous au-dessus des plaines au lever du soleil et profitez d'une vue \u00e0 couper le souffle sur le paysage et la faune en contrebas.<\/p>\n<h3>Promenades guid\u00e9es dans la nature :<\/h3>\n<p>Explorez le Serengeti \u00e0 pied avec une <a href=\"https:\/\/www.goexpeditionsafrica.com\/activities\/walking-safaris\/\">Promenade guid\u00e9e dans la nature<\/a>. Des guides comp\u00e9tents vous feront d\u00e9couvrir la flore et la faune du parc et vous permettront de mieux comprendre l'\u00e9cosyst\u00e8me.<\/p>\n<h2>H\u00e9bergement et accessibilit\u00e9<\/h2>\n<p>Seronera propose une gamme d'options d'h\u00e9bergement, des lodges de luxe aux campings plus basiques, offrant des s\u00e9jours confortables \u00e0 proximit\u00e9 des principales zones d'observation de la faune du parc. Ces lodges et ces campings offrent une vue imprenable sur les paysages du Serengeti et un excellent acc\u00e8s aux safaris en voiture.<\/p>\n<p>L'acc\u00e8s \u00e0 Seronera est facilit\u00e9 par la route depuis Arusha ou par des vols r\u00e9guliers \u00e0 destination de l'\u00eele de Seronera. <a href=\"https:\/\/www.goexpeditionsafrica.com\/airports\/seronera-airstrip\/\">Piste d'atterrissage de Seronera<\/a>. Plusieurs compagnies a\u00e9riennes proposent des vols vers la piste d'atterrissage, ce qui permet aux visiteurs de se rendre facilement \u00e0 ce point central du Serengeti.<\/p>\n<h2>Explorez Seronera, Serengeti central avec Go Expeditions Africa<\/h2>\n<p>Seronera, dans le Serengeti central, offre la quintessence de l'exp\u00e9rience du Serengeti avec sa faune riche, ses paysages \u00e9poustouflants et ses possibilit\u00e9s de safari exceptionnelles. Avec Go Expeditions Africa, vous pouvez explorer le c\u0153ur du Serengeti avec des guides experts et des circuits sur mesure.<\/p>\n<p>Planifiez votre visite \u00e0 Seronera et immergez-vous dans les merveilles du Serengeti. Laissez-nous vous aider \u00e0 cr\u00e9er une exp\u00e9rience de safari inoubliable, remplie de rencontres extraordinaires avec la faune et de paysages \u00e0 couper le souffle.<\/p>","protected":false},"excerpt":{"rendered":"<p>Seronera, Central Serengeti: At a Glance Seronera, located in the heart of the Serengeti National Park, is one of Tanzania&#8217;s most iconic safari destinations. As the central hub of the Serengeti, Seronera offers unparalleled access to the park\u2019s diverse wildlife and stunning landscapes. This region is renowned for its rich animal populations and the dramatic [&hellip;]<\/p>\n","protected":false},"author":1,"featured_media":0,"parent":320,"menu_order":0,"comment_status":"closed","ping_status":"closed","template":"","meta":{"footnotes":""},"categories":[7],"tags":[],"class_list":["post-4354","page","type-page","status-publish","hentry","category-destinations"],"_links":{"self":[{"href":"https:\/\/www.goexpeditionsafrica.com\/fr\/wp-json\/wp\/v2\/pages\/4354","targetHints":{"allow":["GET"]}}],"collection":[{"href":"https:\/\/www.goexpeditionsafrica.com\/fr\/wp-json\/wp\/v2\/pages"}],"about":[{"href":"https:\/\/www.goexpeditionsafrica.com\/fr\/wp-json\/wp\/v2\/types\/page"}],"author":[{"embeddable":true,"href":"https:\/\/www.goexpeditionsafrica.com\/fr\/wp-json\/wp\/v2\/users\/1"}],"replies":[{"embeddable":true,"href":"https:\/\/www.goexpeditionsafrica.com\/fr\/wp-json\/wp\/v2\/comments?post=4354"}],"version-history":[{"count":4,"href":"https:\/\/www.goexpeditionsafrica.com\/fr\/wp-json\/wp\/v2\/pages\/4354\/revisions"}],"predecessor-version":[{"id":5247,"href":"https:\/\/www.goexpeditionsafrica.com\/fr\/wp-json\/wp\/v2\/pages\/4354\/revisions\/5247"}],"up":[{"embeddable":true,"href":"https:\/\/www.goexpeditionsafrica.com\/fr\/wp-json\/wp\/v2\/pages\/320"}],"wp:attachment":[{"href":"https:\/\/www.goexpeditionsafrica.com\/fr\/wp-json\/wp\/v2\/media?parent=4354"}],"wp:term":[{"taxonomy":"category","embeddable":true,"href":"https:\/\/www.goexpeditionsafrica.com\/fr\/wp-json\/wp\/v2\/categories?post=4354"},{"taxonomy":"post_tag","embeddable":true,"href":"https:\/\/www.goexpeditionsafrica.com\/fr\/wp-json\/wp\/v2\/tags?post=4354"}],"curies":[{"name":"wp","href":"https:\/\/api.w.org\/{rel}","templated":true}]}}