{"id":4353,"date":"2024-08-24T06:06:28","date_gmt":"2024-08-24T06:06:28","guid":{"rendered":"https:\/\/www.goexpeditionsafrica.com\/?page_id=4353"},"modified":"2024-09-14T15:33:29","modified_gmt":"2024-09-14T15:33:29","slug":"piste-datterrissage-de-seronera","status":"publish","type":"page","link":"https:\/\/www.goexpeditionsafrica.com\/fr\/airports\/seronera-airstrip\/","title":{"rendered":"Piste d'atterrissage de Seronera"},"content":{"rendered":"<h2>\u00c0 propos de la piste d'atterrissage de Seronera<\/h2>\n<p>La piste d'atterrissage de Seronera est situ\u00e9e au c\u0153ur de la r\u00e9gion de la <a href=\"https:\/\/www.goexpeditionsafrica.com\/travel-destinations\/serengeti-national-park\/\">Parc national du Serengeti<\/a>, La piste d'atterrissage est l'une des r\u00e9serves naturelles les plus c\u00e9l\u00e8bres de Tanzanie. Point d'acc\u00e8s essentiel pour les amateurs de safari, la piste d'atterrissage facilite les d\u00e9placements vers cette destination embl\u00e9matique, r\u00e9put\u00e9e pour la diversit\u00e9 de sa faune et de sa flore et ses paysages spectaculaires.<\/p>\n<h2>Informations cl\u00e9s<\/h2>\n<ul>\n<li>Lieu : Parc national du Serengeti, Tanzanie<\/li>\n<li>Code IATA : SEU<\/li>\n<li>Type d'a\u00e9roport : Domestique<\/li>\n<li>\u00c9l\u00e9vation : Environ 1 500 m\u00e8tres (4 921 pieds)<\/li>\n<\/ul>\n<h2>Installations et services<\/h2>\n<p>La piste d'atterrissage de Seronera fournit des installations essentielles aux voyageurs qui visitent le Serengeti :<\/p>\n<ul>\n<li>Terminaux : Terminal de base avec des installations minimales<\/li>\n<li>Restauration : Les possibilit\u00e9s de restauration sont limit\u00e9es ; les voyageurs doivent se pr\u00e9parer en cons\u00e9quence.<\/li>\n<li>Magasins : Aucun magasin n'est disponible sur la piste d'atterrissage.<\/li>\n<li>Change de devises : Non disponible sur la piste d'atterrissage<\/li>\n<li>Wi-Fi : Le Wi-Fi n'est g\u00e9n\u00e9ralement pas disponible<\/li>\n<li>Transport : V\u00e9hicules de safari et transferts organis\u00e9s par les voyagistes<\/li>\n<\/ul>\n<h2>Compagnies a\u00e9riennes et destinations<\/h2>\n<p>La piste d'atterrissage de Seronera est principalement desservie par des vols en provenance des principales villes tanzaniennes et d'autres pistes d'atterrissage dans la r\u00e9gion du Serengeti. Les principales destinations sont les suivantes<\/p>\n<ul>\n<li><a href=\"https:\/\/www.goexpeditionsafrica.com\/travel-destinations\/arusha-city\/\">Arusha<\/a><\/li>\n<li><a href=\"https:\/\/www.goexpeditionsafrica.com\/activities\/dodoma-city\/\">Dodoma<\/a><\/li>\n<li><a href=\"https:\/\/www.goexpeditionsafrica.com\/travel-destinations\/moshi-town\/\">Kilimandjaro<\/a><\/li>\n<\/ul>\n<h2>Conseils de voyage<\/h2>\n<p>Pour un voyage en douceur \u00e0 destination et en provenance de la piste d'atterrissage de Seronera, tenez compte des conseils suivants :<\/p>\n<ul>\n<li>Heure d'arriv\u00e9e : Arrivez suffisamment \u00e0 l'avance pour le transfert pr\u00e9vu dans le cadre du safari.<\/li>\n<li>Monnaie locale : Se munir de shillings tanzaniens (TZS) pour les d\u00e9penses impr\u00e9vues.<\/li>\n<li>Pr\u00e9cautions sanitaires : Apporter les m\u00e9dicaments n\u00e9cessaires et se pr\u00e9parer \u00e0 l'\u00e9loignement.<\/li>\n<li>Bagages : Faites des bagages l\u00e9gers et assurez-vous qu'ils sont adapt\u00e9s aux safaris.<\/li>\n<\/ul>\n<p>Pour plus d'informations sur la piste d'atterrissage de Seronera, consultez votre voyagiste ou visitez le site officiel de la piste d'atterrissage de Seronera. <a href=\"https:\/\/www.tanzaniaparks.go.tz\" target=\"_blank\" rel=\"noopener\">Site web des parcs nationaux de Tanzanie<\/a>.<\/p>\n<h3>Autres a\u00e9roports de Tanzanie<\/h3>\n<p><a href=\"https:\/\/www.goexpeditionsafrica.com\/airports\/abeid-amani-karume-international-airport\/\">A\u00e9roport international Abeid Amani Karume<\/a><br \/>\n<a href=\"https:\/\/www.goexpeditionsafrica.com\/airports\/julius-nyerere-international-airport\/\">A\u00e9roport international Julius Nyerere<\/a><br \/>\n<a href=\"https:\/\/www.goexpeditionsafrica.com\/airports\/kilimanjaro-international-airport\/\">A\u00e9roport international du Kilimandjaro<\/a><br \/>\n<a href=\"https:\/\/www.goexpeditionsafrica.com\/airports\/arusha-airport\/\">A\u00e9roport d'Arusha<\/a><br \/>\n<a href=\"https:\/\/www.goexpeditionsafrica.com\/airports\/dodoma-airport\/\">A\u00e9roport de Dodoma<\/a><\/p>","protected":false},"excerpt":{"rendered":"<p>About Seronera Airstrip Seronera Airstrip is located in the heart of the Serengeti National Park, one of Tanzania\u2019s most famous wildlife reserves. Serving as a vital access point for safari-goers, the airstrip facilitates easy travel to this iconic destination, renowned for its diverse wildlife and spectacular landscapes. Key Information Location: Serengeti National Park, Tanzania IATA [&hellip;]<\/p>\n","protected":false},"author":1,"featured_media":0,"parent":4493,"menu_order":0,"comment_status":"closed","ping_status":"closed","template":"","meta":{"footnotes":""},"categories":[15],"tags":[],"class_list":["post-4353","page","type-page","status-publish","hentry","category-airports"],"_links":{"self":[{"href":"https:\/\/www.goexpeditionsafrica.com\/fr\/wp-json\/wp\/v2\/pages\/4353","targetHints":{"allow":["GET"]}}],"collection":[{"href":"https:\/\/www.goexpeditionsafrica.com\/fr\/wp-json\/wp\/v2\/pages"}],"about":[{"href":"https:\/\/www.goexpeditionsafrica.com\/fr\/wp-json\/wp\/v2\/types\/page"}],"author":[{"embeddable":true,"href":"https:\/\/www.goexpeditionsafrica.com\/fr\/wp-json\/wp\/v2\/users\/1"}],"replies":[{"embeddable":true,"href":"https:\/\/www.goexpeditionsafrica.com\/fr\/wp-json\/wp\/v2\/comments?post=4353"}],"version-history":[{"count":5,"href":"https:\/\/www.goexpeditionsafrica.com\/fr\/wp-json\/wp\/v2\/pages\/4353\/revisions"}],"predecessor-version":[{"id":5250,"href":"https:\/\/www.goexpeditionsafrica.com\/fr\/wp-json\/wp\/v2\/pages\/4353\/revisions\/5250"}],"up":[{"embeddable":true,"href":"https:\/\/www.goexpeditionsafrica.com\/fr\/wp-json\/wp\/v2\/pages\/4493"}],"wp:attachment":[{"href":"https:\/\/www.goexpeditionsafrica.com\/fr\/wp-json\/wp\/v2\/media?parent=4353"}],"wp:term":[{"taxonomy":"category","embeddable":true,"href":"https:\/\/www.goexpeditionsafrica.com\/fr\/wp-json\/wp\/v2\/categories?post=4353"},{"taxonomy":"post_tag","embeddable":true,"href":"https:\/\/www.goexpeditionsafrica.com\/fr\/wp-json\/wp\/v2\/tags?post=4353"}],"curies":[{"name":"wp","href":"https:\/\/api.w.org\/{rel}","templated":true}]}}