{"id":4352,"date":"2024-08-24T06:05:59","date_gmt":"2024-08-24T06:05:59","guid":{"rendered":"https:\/\/www.goexpeditionsafrica.com\/?page_id=4352"},"modified":"2024-09-04T16:33:37","modified_gmt":"2024-09-04T16:33:37","slug":"aeroport-darusha","status":"publish","type":"page","link":"https:\/\/www.goexpeditionsafrica.com\/fr\/airports\/arusha-airport\/","title":{"rendered":"A\u00e9roport d'Arusha"},"content":{"rendered":"<h2>A propos de l'a\u00e9roport d'Arusha<\/h2>\n<p>L'a\u00e9roport d'Arusha (ARK) est situ\u00e9 \u00e0 Arusha, une ville cl\u00e9 du nord de la Tanzanie, connue pour sa proximit\u00e9 avec les principales destinations de safari et avec l'Europe. <a href=\"https:\/\/www.goexpeditionsafrica.com\/travel-destinations\/mount-meru\/\">Mont Meru<\/a>. Desservant \u00e0 la fois les vols int\u00e9rieurs et r\u00e9gionaux, l'a\u00e9roport d'Arusha est une plaque tournante importante pour les voyageurs qui explorent le circuit des safaris du nord.<\/p>\n<h2>Informations cl\u00e9s<\/h2>\n<ul>\n<li>Lieu : Arusha, Tanzanie<\/li>\n<li>Code IATA : ARK<\/li>\n<li>Type d'a\u00e9roport : Domestique<\/li>\n<li>L'altitude : 1 400 m\u00e8tres (4 593 pieds)<\/li>\n<\/ul>\n<h2>Installations et services<\/h2>\n<p>L'a\u00e9roport d'Arusha offre des services et des installations essentiels pour garantir un voyage confortable :<\/p>\n<ul>\n<li>Terminaux : Terminal unique desservant les vols domestiques et r\u00e9gionaux<\/li>\n<li>Restauration : Les possibilit\u00e9s de restauration sont limit\u00e9es.<\/li>\n<li>Magasins : Services de base pour les achats<\/li>\n<li>Change de devises : Non disponible \u00e0 l'a\u00e9roport<\/li>\n<li>Wi-Fi : Le Wi-Fi peut ne pas \u00eatre disponible<\/li>\n<li>Transport : Services de taxis et de location de voitures<\/li>\n<\/ul>\n<h2>Compagnies a\u00e9riennes et destinations<\/h2>\n<p>L'a\u00e9roport d'Arusha dessert principalement des lignes int\u00e9rieures et r\u00e9gionales. Les principales destinations sont les suivantes<\/p>\n<ul>\n<li><a href=\"https:\/\/www.goexpeditionsafrica.com\/travel-destinations\/dar-es-salaam\/\">Dar es Salaam<\/a><\/li>\n<li><a href=\"https:\/\/www.goexpeditionsafrica.com\/travel-destinations\/moshi-town\/\">Kilimandjaro<\/a><\/li>\n<li><a href=\"https:\/\/www.goexpeditionsafrica.com\/travel-destinations\/mwanza-city\/\">Mwanza<\/a><\/li>\n<\/ul>\n<h2>Conseils de voyage<\/h2>\n<p>Pour que votre voyage \u00e0 l'a\u00e9roport d'Arusha se d\u00e9roule sans encombre, gardez \u00e0 l'esprit les conseils suivants :<\/p>\n<ul>\n<li>Heure d'arriv\u00e9e : Arrivez au moins 1 \u00e0 2 heures avant votre vol int\u00e9rieur.<\/li>\n<li>Monnaie locale : Disposer de shillings tanzaniens (TZS) pour les petits achats.<\/li>\n<li>Pr\u00e9cautions sanitaires : Apportez tous les m\u00e9dicaments n\u00e9cessaires et tenez-vous au courant des avis sanitaires.<\/li>\n<\/ul>\n<p>Pour plus d'informations sur l'a\u00e9roport d'Arusha, visitez leur site officiel <a href=\"https:\/\/www.taa.go.tz\" target=\"_blank\" rel=\"noopener\">site web<\/a>.<\/p>\n<h3>Autres a\u00e9roports de Tanzanie<\/h3>\n<p><a href=\"https:\/\/www.goexpeditionsafrica.com\/airports\/abeid-amani-karume-international-airport\/\">A\u00e9roport international Abeid Amani Karume<\/a><br \/>\n<a href=\"https:\/\/www.goexpeditionsafrica.com\/airports\/julius-nyerere-international-airport\/\">A\u00e9roport international Julius Nyerere<\/a><br \/>\n<a href=\"https:\/\/www.goexpeditionsafrica.com\/airports\/kilimanjaro-international-airport\/\">A\u00e9roport international du Kilimandjaro<\/a><br \/>\n<a href=\"https:\/\/www.goexpeditionsafrica.com\/airports\/seronera-airstrip\/\">Piste d'atterrissage de Seronera | Parc national du Serengeti<\/a><br \/>\n<a href=\"https:\/\/www.goexpeditionsafrica.com\/airports\/dodoma-airport\/\">A\u00e9roport de Dodoma<\/a><\/p>","protected":false},"excerpt":{"rendered":"<p>About Arusha Airport Arusha Airport (ARK) is located in Arusha, a key city in northern Tanzania known for its proximity to major safari destinations and Mount Meru. Serving both domestic and regional flights, Arusha Airport is an important hub for travelers exploring the northern safari circuit. Key Information Location: Arusha, Tanzania IATA Code: ARK Airport [&hellip;]<\/p>\n","protected":false},"author":1,"featured_media":0,"parent":4493,"menu_order":0,"comment_status":"closed","ping_status":"closed","template":"","meta":{"footnotes":""},"categories":[15],"tags":[],"class_list":["post-4352","page","type-page","status-publish","hentry","category-airports"],"_links":{"self":[{"href":"https:\/\/www.goexpeditionsafrica.com\/fr\/wp-json\/wp\/v2\/pages\/4352","targetHints":{"allow":["GET"]}}],"collection":[{"href":"https:\/\/www.goexpeditionsafrica.com\/fr\/wp-json\/wp\/v2\/pages"}],"about":[{"href":"https:\/\/www.goexpeditionsafrica.com\/fr\/wp-json\/wp\/v2\/types\/page"}],"author":[{"embeddable":true,"href":"https:\/\/www.goexpeditionsafrica.com\/fr\/wp-json\/wp\/v2\/users\/1"}],"replies":[{"embeddable":true,"href":"https:\/\/www.goexpeditionsafrica.com\/fr\/wp-json\/wp\/v2\/comments?post=4352"}],"version-history":[{"count":5,"href":"https:\/\/www.goexpeditionsafrica.com\/fr\/wp-json\/wp\/v2\/pages\/4352\/revisions"}],"predecessor-version":[{"id":4808,"href":"https:\/\/www.goexpeditionsafrica.com\/fr\/wp-json\/wp\/v2\/pages\/4352\/revisions\/4808"}],"up":[{"embeddable":true,"href":"https:\/\/www.goexpeditionsafrica.com\/fr\/wp-json\/wp\/v2\/pages\/4493"}],"wp:attachment":[{"href":"https:\/\/www.goexpeditionsafrica.com\/fr\/wp-json\/wp\/v2\/media?parent=4352"}],"wp:term":[{"taxonomy":"category","embeddable":true,"href":"https:\/\/www.goexpeditionsafrica.com\/fr\/wp-json\/wp\/v2\/categories?post=4352"},{"taxonomy":"post_tag","embeddable":true,"href":"https:\/\/www.goexpeditionsafrica.com\/fr\/wp-json\/wp\/v2\/tags?post=4352"}],"curies":[{"name":"wp","href":"https:\/\/api.w.org\/{rel}","templated":true}]}}