{"id":4350,"date":"2024-08-24T06:05:04","date_gmt":"2024-08-24T06:05:04","guid":{"rendered":"https:\/\/www.goexpeditionsafrica.com\/?page_id=4350"},"modified":"2024-09-11T05:59:14","modified_gmt":"2024-09-11T05:59:14","slug":"reserve-naturelle-damani","status":"publish","type":"page","link":"https:\/\/www.goexpeditionsafrica.com\/fr\/travel-destinations\/amani-nature-reserve\/","title":{"rendered":"R\u00e9serve naturelle d'Amani"},"content":{"rendered":"<h2>R\u00e9serve naturelle d'Amani : En bref<\/h2>\n<p>Nich\u00e9e dans les montagnes de l'Arc oriental, la r\u00e9serve naturelle d'Amani est un joyau de biodiversit\u00e9 et de beaut\u00e9 naturelle en Tanzanie. Connue pour ses for\u00eats luxuriantes \u00e0 feuilles persistantes et son incroyable \u00e9ventail d'esp\u00e8ces end\u00e9miques, Amani offre une retraite paisible aux amoureux de la nature et \u00e0 ceux qui cherchent \u00e0 explorer l'une des r\u00e9gions les plus importantes d'Afrique sur le plan \u00e9cologique.<\/p>\n<h2>Situation, m\u00e9t\u00e9o et climat<\/h2>\n<p>La r\u00e9serve naturelle d'Amani est situ\u00e9e dans le <a href=\"https:\/\/www.goexpeditionsafrica.com\/travel-destinations\/usambara-mountains\/\">Montagnes de l'Usambara oriental<\/a>, Elle fait partie de l'ancienne cha\u00eene de montagnes de l'Arc oriental. La r\u00e9serve couvre une superficie de plus de 8 380 hectares et se caract\u00e9rise par ses for\u00eats denses et sa riche biodiversit\u00e9. L'altitude de la r\u00e9serve varie de 190 \u00e0 1 135 m\u00e8tres au-dessus du niveau de la mer, ce qui cr\u00e9e une vari\u00e9t\u00e9 d'habitats au sein de la r\u00e9serve.<\/p>\n<p>Le climat d'Amani est typiquement frais et temp\u00e9r\u00e9, avec un taux d'humidit\u00e9 \u00e9lev\u00e9 d\u00fb aux fr\u00e9quentes brumes et averses de pluie qui alimentent les for\u00eats denses. Ce microclimat unique contribue \u00e0 l'incroyable biodiversit\u00e9 de la r\u00e9gion, qui constitue un havre de paix pour de nombreuses esp\u00e8ces de flore et de faune.<\/p>\n<h2>Flore et faune<\/h2>\n<p>La r\u00e9serve naturelle d'Amani est r\u00e9put\u00e9e pour sa biodiversit\u00e9 exceptionnelle, en particulier pour son niveau \u00e9lev\u00e9 d'end\u00e9misme. La r\u00e9serve abrite de nombreuses esp\u00e8ces v\u00e9g\u00e9tales et animales que l'on ne trouve nulle part ailleurs sur Terre, ce qui en fait une zone critique pour les efforts de conservation.<\/p>\n<p>La flore : Les for\u00eats d'Amani sont incroyablement diversifi\u00e9es, avec plus de 1 000 esp\u00e8ces de plantes recens\u00e9es, dont plusieurs sont end\u00e9miques \u00e0 la r\u00e9gion. La r\u00e9serve est particuli\u00e8rement c\u00e9l\u00e8bre pour sa riche vari\u00e9t\u00e9 de foug\u00e8res, d'orchid\u00e9es et de plantes m\u00e9dicinales, dont beaucoup sont utilis\u00e9es par les communaut\u00e9s locales depuis des g\u00e9n\u00e9rations.<\/p>\n<p>La faune : Amani est un paradis pour les amateurs de faune, offrant la possibilit\u00e9 d'apercevoir certaines des esp\u00e8ces les plus insaisissables et les plus rares de Tanzanie. La r\u00e9serve abrite une grande vari\u00e9t\u00e9 de primates, dont le colobe rouge d'Usambara, une esp\u00e8ce end\u00e9mique, et le singe vervet. Les ornithologues seront ravis par la pr\u00e9sence de plus de 340 esp\u00e8ces d'oiseaux, dont l'end\u00e9mique oiseau-soleil d'Amani et le hibou grand-duc d'Usambara. En outre, la r\u00e9serve est \u00e9galement connue pour sa population diversifi\u00e9e de papillons, de reptiles et d'amphibiens.<\/p>\n<h2>Choses \u00e0 faire \u00e0 la r\u00e9serve naturelle d'Amani<\/h2>\n<p>Go Expeditions Africa propose une gamme d'activit\u00e9s qui vous permettront de vous immerger totalement dans la beaut\u00e9 de la r\u00e9serve naturelle d'Amani.<\/p>\n<h3>Promenades guid\u00e9es dans la nature :<\/h3>\n<p>Explorez les for\u00eats luxuriantes d'Amani lors d'une promenade guid\u00e9e dans la nature. Ces promenades permettent d'en apprendre davantage sur la flore et la faune uniques de la r\u00e9serve tout en profitant d'un environnement serein.<\/p>\n<h3>Observation des oiseaux :<\/h3>\n<p>Avec sa riche faune ornithologique, Amani est une visite incontournable pour les ornithologues. Nos visites guid\u00e9es <a href=\"https:\/\/www.goexpeditionsafrica.com\/activities\/birdwatching\/\">observation des oiseaux<\/a> Les visites guid\u00e9es offrent la meilleure chance d'apercevoir certaines des esp\u00e8ces rares et end\u00e9miques qui habitent la r\u00e9serve.<\/p>\n<h3>Observation des papillons :<\/h3>\n<p>Amani abrite un large \u00e9ventail d'esp\u00e8ces de papillons. Visitez le Amani Butterfly Project pour observer de pr\u00e8s ces magnifiques cr\u00e9atures et d\u00e9couvrir les efforts de conservation d\u00e9ploy\u00e9s pour les prot\u00e9ger.<\/p>\n<h3>Visites culturelles :<\/h3>\n<p>S'engager aupr\u00e8s des communaut\u00e9s locales vivant autour de la r\u00e9serve naturelle d'Amani. <a href=\"https:\/\/www.goexpeditionsafrica.com\/activities\/cultural-tours\/\">Nos visites culturelles<\/a> offrent la possibilit\u00e9 de d\u00e9couvrir le mode de vie traditionnel et d'apprendre le lien profond qui existe entre les populations et la for\u00eat.<\/p>\n<h2>H\u00e9bergement et accessibilit\u00e9<\/h2>\n<p>La r\u00e9serve naturelle d'Amani propose plusieurs options d'h\u00e9bergement qui r\u00e9pondent \u00e0 diff\u00e9rents budgets et pr\u00e9f\u00e9rences. Les visiteurs peuvent choisir entre des maisons d'h\u00f4tes de base, des \u00e9co-lodges ou m\u00eame des campings qui permettent de s'immerger davantage dans la nature.<\/p>\n<p>La r\u00e9serve est accessible par la route depuis les grandes villes comme <a href=\"https:\/\/www.goexpeditionsafrica.com\/travel-destinations\/tanga-city\/\">Tanga<\/a>, <a href=\"https:\/\/www.goexpeditionsafrica.com\/travel-destinations\/dar-es-salaam\/\">Dar es Salaam<\/a>, et <a href=\"https:\/\/www.goexpeditionsafrica.com\/travel-destinations\/arusha-city\/\">Arusha<\/a>. Les a\u00e9roports les plus proches sont ceux de Tanga et de <a href=\"https:\/\/www.goexpeditionsafrica.com\/airports\/kilimanjaro-international-airport\/\">Kilimandjaro<\/a>, Le transport terrestre vers Amani peut \u00eatre organis\u00e9 \u00e0 partir de ce point.<\/p>\n<h2>Explorez Amani avec Go Expeditions Africa<\/h2>\n<p>La r\u00e9serve naturelle d'Amani est une destination unique et tranquille en Tanzanie, offrant aux visiteurs la possibilit\u00e9 de se rapprocher de la nature dans l'une des r\u00e9gions les plus riches en biodiversit\u00e9 au monde. Que vous soyez int\u00e9ress\u00e9 par l'observation des oiseaux, l'exploration de for\u00eats luxuriantes ou le contact avec les cultures locales, Amani a quelque chose \u00e0 offrir \u00e0 chacun.<\/p>\n<p>En choisissant <a href=\"https:\/\/www.goexpeditionsafrica.com\/\">Go Expeditions Africa<\/a>, Avec la r\u00e9serve naturelle d'Amani, vous contribuez aux efforts de conservation en cours dans la r\u00e9gion et vous soutenez les communaut\u00e9s locales. Organisons votre visite \u00e0 la r\u00e9serve naturelle d'Amani et d\u00e9couvrons la beaut\u00e9 sereine de ce joyau cach\u00e9 de la Tanzanie.<\/p>","protected":false},"excerpt":{"rendered":"<p>Amani Nature Reserve: At a Glance Nestled within the Eastern Arc Mountains, the Amani Nature Reserve is a gem of biodiversity and natural beauty in Tanzania. Known for its lush, evergreen forests and an incredible array of endemic species, Amani offers a tranquil retreat for nature lovers and those seeking to explore one of the [&hellip;]<\/p>\n","protected":false},"author":1,"featured_media":0,"parent":320,"menu_order":0,"comment_status":"closed","ping_status":"closed","template":"","meta":{"footnotes":""},"categories":[7],"tags":[],"class_list":["post-4350","page","type-page","status-publish","hentry","category-destinations"],"_links":{"self":[{"href":"https:\/\/www.goexpeditionsafrica.com\/fr\/wp-json\/wp\/v2\/pages\/4350","targetHints":{"allow":["GET"]}}],"collection":[{"href":"https:\/\/www.goexpeditionsafrica.com\/fr\/wp-json\/wp\/v2\/pages"}],"about":[{"href":"https:\/\/www.goexpeditionsafrica.com\/fr\/wp-json\/wp\/v2\/types\/page"}],"author":[{"embeddable":true,"href":"https:\/\/www.goexpeditionsafrica.com\/fr\/wp-json\/wp\/v2\/users\/1"}],"replies":[{"embeddable":true,"href":"https:\/\/www.goexpeditionsafrica.com\/fr\/wp-json\/wp\/v2\/comments?post=4350"}],"version-history":[{"count":5,"href":"https:\/\/www.goexpeditionsafrica.com\/fr\/wp-json\/wp\/v2\/pages\/4350\/revisions"}],"predecessor-version":[{"id":4653,"href":"https:\/\/www.goexpeditionsafrica.com\/fr\/wp-json\/wp\/v2\/pages\/4350\/revisions\/4653"}],"up":[{"embeddable":true,"href":"https:\/\/www.goexpeditionsafrica.com\/fr\/wp-json\/wp\/v2\/pages\/320"}],"wp:attachment":[{"href":"https:\/\/www.goexpeditionsafrica.com\/fr\/wp-json\/wp\/v2\/media?parent=4350"}],"wp:term":[{"taxonomy":"category","embeddable":true,"href":"https:\/\/www.goexpeditionsafrica.com\/fr\/wp-json\/wp\/v2\/categories?post=4350"},{"taxonomy":"post_tag","embeddable":true,"href":"https:\/\/www.goexpeditionsafrica.com\/fr\/wp-json\/wp\/v2\/tags?post=4350"}],"curies":[{"name":"wp","href":"https:\/\/api.w.org\/{rel}","templated":true}]}}