{"id":4348,"date":"2024-08-24T06:03:44","date_gmt":"2024-08-24T06:03:44","guid":{"rendered":"https:\/\/www.goexpeditionsafrica.com\/?page_id=4348"},"modified":"2024-09-11T06:05:42","modified_gmt":"2024-09-11T06:05:42","slug":"grottes-damboni","status":"publish","type":"page","link":"https:\/\/www.goexpeditionsafrica.com\/fr\/travel-destinations\/amboni-caves\/","title":{"rendered":"Grottes d'Amboni"},"content":{"rendered":"<h2>Grottes d'Amboni : En un coup d'\u0153il<\/h2>\n<p>Les grottes d'Amboni comptent parmi les r\u00e9seaux de grottes calcaires les plus \u00e9tendus d'Afrique de l'Est. Ces grottes myst\u00e9rieuses et impressionnantes offrent aux visiteurs un aper\u00e7u de l'histoire g\u00e9ologique de la r\u00e9gion, ainsi qu'une riche tapisserie de l\u00e9gendes et de folklore locaux. Que vous soyez amateur d'aventure ou d'histoire, les grottes d'Amboni constituent une exp\u00e9rience unique qui allie beaut\u00e9 naturelle et patrimoine culturel.<\/p>\n<p>Situ\u00e9 \u00e0 environ 8 kilom\u00e8tres au nord de <a href=\"https:\/\/www.goexpeditionsafrica.com\/travel-destinations\/tanga-city\/\">Ville de Tanga<\/a>, Les grottes d'Amboni couvrent une superficie d'environ 234 kilom\u00e8tres carr\u00e9s. Les grottes ont \u00e9t\u00e9 form\u00e9es il y a des millions d'ann\u00e9es par la dissolution du calcaire, cr\u00e9ant un labyrinthe de tunnels, de chambres et de formations rocheuses qui captivent les visiteurs.<\/p>\n<p>Le climat autour des grottes est typiquement tropical, avec des temp\u00e9ratures chaudes tout au long de l'ann\u00e9e. La r\u00e9gion conna\u00eet une saison des pluies de mars \u00e0 mai et une p\u00e9riode plus courte d'octobre \u00e0 d\u00e9cembre. Les visiteurs peuvent explorer les grottes confortablement pendant la saison s\u00e8che, lorsque les sentiers sont plus accessibles et que le temps est propice aux activit\u00e9s de plein air.<\/p>\n<h2>Importance et histoire g\u00e9ologiques<\/h2>\n<p>Les grottes d'Amboni ne sont pas seulement une merveille naturelle, mais aussi un site d'un grand int\u00e9r\u00eat g\u00e9ologique. Les grottes ont \u00e9t\u00e9 form\u00e9es pendant la p\u00e9riode jurassique, ce qui leur conf\u00e8re un \u00e2ge d'environ 150 millions d'ann\u00e9es. Au fil du temps, l'\u00e9coulement constant de l'eau \u00e0 travers le calcaire a cr\u00e9\u00e9 des stalactites, des stalagmites et des formations rocheuses complexes \u00e9tonnantes qui semblent presque appartenir \u00e0 un autre monde.<\/p>\n<p>Les grottes ont \u00e9t\u00e9 un sujet de fascination pour les habitants et les chercheurs. Le folklore local parle d'esprits et de rituels anciens associ\u00e9s aux grottes, ce qui ajoute un \u00e9l\u00e9ment mystique \u00e0 leur attrait. Les d\u00e9couvertes arch\u00e9ologiques sugg\u00e8rent que les grottes ont \u00e9t\u00e9 utilis\u00e9es par les hommes \u00e0 l'\u00e9poque pr\u00e9historique, ce qui en fait un site important pour comprendre l'histoire ancienne de la r\u00e9gion.<\/p>\n<h2>Flore et faune<\/h2>\n<p>Si l'attrait principal des grottes d'Amboni r\u00e9side dans leurs formations g\u00e9ologiques, la r\u00e9gion environnante abrite \u00e9galement une vari\u00e9t\u00e9 d'esp\u00e8ces v\u00e9g\u00e9tales et animales qui prosp\u00e8rent dans cet environnement unique.<\/p>\n<p>Flore : La zone entourant les grottes est couverte d'une v\u00e9g\u00e9tation tropicale compos\u00e9e d'arbustes, de petits arbres et d'une vari\u00e9t\u00e9 de foug\u00e8res. La verdure luxuriante ajoute \u00e0 l'atmosph\u00e8re mystique des grottes, offrant un contraste saisissant avec l'int\u00e9rieur sec et rocheux.<\/p>\n<p>Faune : Les grottes sont habit\u00e9es par plusieurs esp\u00e8ces de chauves-souris, qui sont les animaux les plus courants dans les chambres obscures. \u00c0 l'ext\u00e9rieur des grottes, les visiteurs peuvent apercevoir de petits mammif\u00e8res, des reptiles et diverses esp\u00e8ces d'oiseaux originaires de la r\u00e9gion.<\/p>\n<h2>Choses \u00e0 faire aux grottes d'Amboni<\/h2>\n<p><a href=\"https:\/\/www.goexpeditionsafrica.com\/\">Go Expeditions Africa<\/a> propose une gamme d'activit\u00e9s passionnantes aux visiteurs d\u00e9sireux d'explorer les grottes d'Amboni et leurs environs.<\/p>\n<h3>Visites guid\u00e9es des grottes :<\/h3>\n<p>Embarquez pour une visite guid\u00e9e des grottes d'Amboni, o\u00f9 vous explorerez le r\u00e9seau complexe de tunnels et de chambres. Nos guides exp\u00e9riment\u00e9s vous feront partager l'histoire fascinante et les l\u00e9gendes associ\u00e9es aux grottes, rendant votre visite \u00e0 la fois \u00e9ducative et passionnante.<\/p>\n<h3>Photographie :<\/h3>\n<p>Les formations rocheuses uniques et les jeux de lumi\u00e8re \u00e0 l'int\u00e9rieur des grottes offrent de fantastiques opportunit\u00e9s pour la photographie. Saisissez la beaut\u00e9 des stalactites et des stalagmites, ainsi que l'ambiance myst\u00e9rieuse qui r\u00e8gne dans le monde souterrain.<\/p>\n<h3>Exploration historique :<\/h3>\n<p>D\u00e9couvrez l'importance arch\u00e9ologique des grottes, o\u00f9 l'on a d\u00e9couvert des preuves d'une activit\u00e9 humaine pr\u00e9coce. Nos visites permettent de mieux comprendre les anciennes cultures qui ont habit\u00e9 la r\u00e9gion.<\/p>\n<h3>Folklore et r\u00e9cits culturels :<\/h3>\n<p>D\u00e9couvrez les l\u00e9gendes locales et la signification spirituelle des grottes \u00e0 travers des histoires transmises de g\u00e9n\u00e9ration en g\u00e9n\u00e9ration. Ces r\u00e9cits ajoutent une dimension culturelle \u00e0 votre exploration, en vous rapprochant des croyances et des traditions de la population locale.<\/p>\n<h2>H\u00e9bergement et accessibilit\u00e9<\/h2>\n<p>Les grottes d'Amboni sont facilement accessibles depuis Tanga, o\u00f9 les visiteurs peuvent trouver une vari\u00e9t\u00e9 d'options d'h\u00e9bergement allant des maisons d'h\u00f4tes bon march\u00e9 aux h\u00f4tels plus confortables. Les grottes se trouvent \u00e0 une courte distance en voiture de la ville de Tanga, ce qui est pratique pour une excursion d'une journ\u00e9e ou un s\u00e9jour plus long afin d'explorer la r\u00e9gion.<\/p>\n<p>Tanga est bien desservie par la route et par les airs, avec des vols r\u00e9guliers en provenance de grandes villes comme <a href=\"https:\/\/www.goexpeditionsafrica.com\/travel-destinations\/dar-es-salaam\/\">Dar es Salaam<\/a> et <a href=\"https:\/\/www.goexpeditionsafrica.com\/travel-destinations\/arusha-city\/\">Arusha<\/a>. Le transport terrestre vers les grottes peut \u00eatre organis\u00e9 \u00e0 partir de Tanga, ce qui en fait une destination sans probl\u00e8me pour les voyageurs.<\/p>\n<h2>Explorez les grottes d'Amboni avec Go Expeditions Africa<\/h2>\n<p>Les grottes d'Amboni offrent une aventure unique qui allie beaut\u00e9 naturelle, merveilles g\u00e9ologiques et histoire culturelle. Que vous exploriez les passages complexes des grottes, que vous d\u00e9couvriez leurs origines anciennes ou que vous vous plongiez dans le folklore local, vous vivrez une exp\u00e9rience inoubliable.<\/p>\n<p>En visitant les grottes d'Amboni avec Go Expeditions Africa, vous appr\u00e9cierez davantage ce joyau cach\u00e9 de la Tanzanie, tout en soutenant les efforts de conservation locaux. Laissez-nous vous aider \u00e0 planifier votre visite des grottes d'Amboni et \u00e0 d\u00e9couvrir les myst\u00e8res de l'un des sites naturels les plus fascinants d'Afrique de l'Est.<\/p>","protected":false},"excerpt":{"rendered":"<p>Amboni Caves: At a Glance The Amboni Caves are among the most extensive limestone cave systems in East Africa. These mysterious and awe-inspiring caves offer visitors a glimpse into the geological history of the region, along with a rich tapestry of local legends and folklore. Whether you&#8217;re an adventure seeker or a history enthusiast, the [&hellip;]<\/p>\n","protected":false},"author":1,"featured_media":0,"parent":320,"menu_order":0,"comment_status":"closed","ping_status":"closed","template":"","meta":{"footnotes":""},"categories":[7],"tags":[],"class_list":["post-4348","page","type-page","status-publish","hentry","category-destinations"],"_links":{"self":[{"href":"https:\/\/www.goexpeditionsafrica.com\/fr\/wp-json\/wp\/v2\/pages\/4348","targetHints":{"allow":["GET"]}}],"collection":[{"href":"https:\/\/www.goexpeditionsafrica.com\/fr\/wp-json\/wp\/v2\/pages"}],"about":[{"href":"https:\/\/www.goexpeditionsafrica.com\/fr\/wp-json\/wp\/v2\/types\/page"}],"author":[{"embeddable":true,"href":"https:\/\/www.goexpeditionsafrica.com\/fr\/wp-json\/wp\/v2\/users\/1"}],"replies":[{"embeddable":true,"href":"https:\/\/www.goexpeditionsafrica.com\/fr\/wp-json\/wp\/v2\/comments?post=4348"}],"version-history":[{"count":4,"href":"https:\/\/www.goexpeditionsafrica.com\/fr\/wp-json\/wp\/v2\/pages\/4348\/revisions"}],"predecessor-version":[{"id":5111,"href":"https:\/\/www.goexpeditionsafrica.com\/fr\/wp-json\/wp\/v2\/pages\/4348\/revisions\/5111"}],"up":[{"embeddable":true,"href":"https:\/\/www.goexpeditionsafrica.com\/fr\/wp-json\/wp\/v2\/pages\/320"}],"wp:attachment":[{"href":"https:\/\/www.goexpeditionsafrica.com\/fr\/wp-json\/wp\/v2\/media?parent=4348"}],"wp:term":[{"taxonomy":"category","embeddable":true,"href":"https:\/\/www.goexpeditionsafrica.com\/fr\/wp-json\/wp\/v2\/categories?post=4348"},{"taxonomy":"post_tag","embeddable":true,"href":"https:\/\/www.goexpeditionsafrica.com\/fr\/wp-json\/wp\/v2\/tags?post=4348"}],"curies":[{"name":"wp","href":"https:\/\/api.w.org\/{rel}","templated":true}]}}