{"id":4345,"date":"2024-08-24T06:03:23","date_gmt":"2024-08-24T06:03:23","guid":{"rendered":"https:\/\/www.goexpeditionsafrica.com\/?page_id=4345"},"modified":"2024-09-11T07:17:26","modified_gmt":"2024-09-11T07:17:26","slug":"bagamoyo","status":"publish","type":"page","link":"https:\/\/www.goexpeditionsafrica.com\/fr\/travel-destinations\/bagamoyo\/","title":{"rendered":"Bagamoyo"},"content":{"rendered":"<h2>Bagamoyo : En bref<\/h2>\n<p>Bagamoyo, ville historique situ\u00e9e sur la c\u00f4te est de la Tanzanie, est un lieu o\u00f9 le pass\u00e9 et le pr\u00e9sent s'entrem\u00ealent harmonieusement. Bagamoyo, l'une des plus anciennes villes du pays, occupe une place importante dans l'histoire de l'Afrique de l'Est, car elle a servi de port et de centre commercial majeur au cours des XVIIIe et XIXe si\u00e8cles. Aujourd'hui, Bagamoyo est une ville c\u00f4ti\u00e8re tranquille connue pour son riche patrimoine culturel, ses sites historiques et ses belles plages. Une visite \u00e0 Bagamoyo offre une occasion unique de remonter le temps tout en profitant d'un environnement c\u00f4tier serein.<\/p>\n<h2>Situation, m\u00e9t\u00e9o et climat<\/h2>\n<p>Bagamoyo est situ\u00e9 \u00e0 environ 75 kilom\u00e8tres (47 miles) au nord de <a href=\"https:\/\/www.goexpeditionsafrica.com\/travel-destinations\/dar-es-salaam\/\">Dar es Salaam<\/a>, C'est la plus grande ville de Tanzanie et elle est facilement accessible par la route. La ville s'\u00e9tend le long de l'oc\u00e9an Indien, offrant des vues pittoresques et une atmosph\u00e8re tranquille.<\/p>\n<p>Bagamoyo jouit d'un climat tropical, caract\u00e9ris\u00e9 par des temp\u00e9ratures chaudes tout au long de l'ann\u00e9e. Les temp\u00e9ratures moyennes varient entre 25\u00b0C (77\u00b0F) et 32\u00b0C (90\u00b0F), les mois les plus chauds se situant entre novembre et mars. La r\u00e9gion conna\u00eet deux saisons des pluies : les longues pluies de mars \u00e0 mai et les courtes pluies d'octobre \u00e0 d\u00e9cembre. La saison s\u00e8che, de juin \u00e0 septembre, est la p\u00e9riode id\u00e9ale pour visiter la r\u00e9gion, avec un temps agr\u00e9able et un ciel d\u00e9gag\u00e9.<\/p>\n<h2>Importance historique et culturelle<\/h2>\n<p>L'histoire de Bagamoyo est profond\u00e9ment ancr\u00e9e dans les routes commerciales qui reliaient l'Afrique de l'Est au reste du monde. La ville \u00e9tait l'un des principaux terminus des caravanes qui transportaient l'ivoire, les \u00e9pices et d'autres marchandises de l'int\u00e9rieur vers la c\u00f4te. Elle a \u00e9galement \u00e9t\u00e9 l'un des plus importants ports de traite d'esclaves de la c\u00f4te est-africaine au cours du XIXe si\u00e8cle.<\/p>\n<p>Sites historiques : Bagamoyo abrite de nombreux sites historiques qui racontent l'histoire de son pass\u00e9. Le mus\u00e9e de Bagamoyo, situ\u00e9 au c\u0153ur de la ville, offre un aper\u00e7u de l'histoire de la ville, notamment de son r\u00f4le dans la traite des esclaves et en tant que centre d'activit\u00e9 missionnaire. Le vieux fort, construit par les Arabes omanais dans les ann\u00e9es 1860, et la mission catholique, \u00e9tablie dans les ann\u00e9es 1870, sont des sites incontournables pour les passionn\u00e9s d'histoire. Les ruines de Kaole, un ancien village situ\u00e9 juste au sud de Bagamoyo, abritent les vestiges d'une mosqu\u00e9e du XIIIe si\u00e8cle et des tombes qui donnent un aper\u00e7u de l'histoire pr\u00e9coloniale de la r\u00e9gion.<\/p>\n<p>H\u00e9ritage culturel : Bagamoyo est un creuset de cultures, refl\u00e9tant la diversit\u00e9 de son histoire. L'architecture de la ville, avec son m\u00e9lange d'influences swahilies, arabes, indiennes et europ\u00e9ennes, t\u00e9moigne de son h\u00e9ritage multiculturel. La musique et la danse traditionnelles font \u00e9galement partie int\u00e9grante de l'identit\u00e9 culturelle de Bagamoyo, qui accueille chaque ann\u00e9e le festival des arts de Bagamoyo, qui c\u00e9l\u00e8bre l'art, la musique et la danse tanzaniens.<\/p>\n<h2>Choses \u00e0 faire \u00e0 Bagamoyo<\/h2>\n<p>Go Expeditions Africa propose une gamme d'activit\u00e9s pour vous aider \u00e0 explorer la riche histoire de Bagamoyo et ses magnifiques environs.<\/p>\n<h3>Visites historiques :<\/h3>\n<p>D\u00e9couvrez les sites historiques de Bagamoyo au cours d'une visite guid\u00e9e, o\u00f9 vous apprendrez le r\u00f4le de la ville dans la traite des esclaves, sa diversit\u00e9 culturelle et son importance dans la propagation du christianisme en Afrique de l'Est. Vous visiterez le mus\u00e9e de Bagamoyo, le vieux fort, la mission catholique et le mus\u00e9e de la ville de Bagamoyo. <a href=\"https:\/\/www.nature-reserves.go.tz\/index.php\/destinations\/view\/kaole-ruins\" target=\"_blank\" rel=\"noopener\">Ruines de Kaole<\/a> pour plonger dans le pass\u00e9 de la ville.<\/p>\n<h3>D\u00e9tente \u00e0 la plage :<\/h3>\n<p>Le littoral de Bagamoyo est parsem\u00e9 de plages magnifiques et pr\u00e9serv\u00e9es o\u00f9 vous pourrez vous d\u00e9tendre et vous relaxer. Que vous souhaitiez vous baigner, prendre un bain de soleil ou simplement profiter de la vue, les plages de Bagamoyo offrent une retraite paisible loin de l'agitation de la vie urbaine.<\/p>\n<h3>Visites culturelles :<\/h3>\n<p>Immergez-vous dans la sc\u00e8ne culturelle vibrante de Bagamoyo en visitant les march\u00e9s locaux, les ateliers d'art et les maisons traditionnelles swahilies. Vous vous engagerez aupr\u00e8s de la communaut\u00e9 locale, d\u00e9couvrirez leur mode de vie et ferez l'exp\u00e9rience de la chaleur et de l'hospitalit\u00e9 des habitants de Bagamoyo.<\/p>\n<h3>Activit\u00e9s aquatiques :<\/h3>\n<p>Pour ceux qui aiment l'eau, Bagamoyo offre des possibilit\u00e9s de plong\u00e9e avec masque et tuba, de navigation en boutre et de p\u00eache. Explorez les r\u00e9cifs coralliens au large de la c\u00f4te, naviguez \u00e0 bord d'un boutre traditionnel ou essayez de p\u00eacher dans l'oc\u00e9an Indien.<\/p>\n<h2>H\u00e9bergement et accessibilit\u00e9<\/h2>\n<p>Bagamoyo offre une vari\u00e9t\u00e9 d'options d'h\u00e9bergement adapt\u00e9es \u00e0 diff\u00e9rents budgets et pr\u00e9f\u00e9rences, allant des charmants h\u00f4tels de bord de mer aux maisons d'h\u00f4tes bon march\u00e9. Que vous recherchiez le luxe ou la simplicit\u00e9, vous trouverez des lieux de s\u00e9jour confortables pour explorer cette ville historique.<\/p>\n<p>Bagamoyo est facilement accessible depuis Dar es Salaam, avec des services de bus r\u00e9guliers et des transferts priv\u00e9s. Le trajet dure environ une heure et demie, ce qui fait de Bagamoyo une destination id\u00e9ale pour une excursion d'une journ\u00e9e ou une escapade d'un week-end.<\/p>\n<h2>Explorer Bagamoyo avec Go Expeditions Africa<\/h2>\n<p>Bagamoyo est une ville o\u00f9 l'histoire prend vie, offrant un m\u00e9lange unique de patrimoine culturel, d'importance historique et de beaut\u00e9 naturelle. Que vous soyez f\u00e9ru d'histoire, de culture ou simplement \u00e0 la recherche d'une escapade relaxante sur la c\u00f4te, Bagamoyo a quelque chose \u00e0 vous offrir.<\/p>\n<p>En choisissant <a href=\"https:\/\/www.goexpeditionsafrica.com\/\">Go Expeditions Africa<\/a>, Dans le cadre de ce programme, vous pouvez explorer la riche histoire et la culture vibrante de Bagamoyo avec l'aide d'experts locaux passionn\u00e9s par la pr\u00e9servation et le partage de leur patrimoine. Laissez-nous vous aider \u00e0 d\u00e9couvrir les tr\u00e9sors cach\u00e9s de Bagamoyo et \u00e0 cr\u00e9er des souvenirs inoubliables dans cette ville historique.<\/p>","protected":false},"excerpt":{"rendered":"<p>Bagamoyo: At a Glance Bagamoyo, a historic town on Tanzania\u2019s eastern coast, is a place where the past and present seamlessly intertwine. As one of the oldest towns in the country, Bagamoyo holds a significant place in East Africa&#8217;s history, serving as a major port and trading center during the 18th and 19th centuries. Today, [&hellip;]<\/p>\n","protected":false},"author":1,"featured_media":0,"parent":320,"menu_order":0,"comment_status":"closed","ping_status":"closed","template":"","meta":{"footnotes":""},"categories":[7],"tags":[],"class_list":["post-4345","page","type-page","status-publish","hentry","category-destinations"],"_links":{"self":[{"href":"https:\/\/www.goexpeditionsafrica.com\/fr\/wp-json\/wp\/v2\/pages\/4345","targetHints":{"allow":["GET"]}}],"collection":[{"href":"https:\/\/www.goexpeditionsafrica.com\/fr\/wp-json\/wp\/v2\/pages"}],"about":[{"href":"https:\/\/www.goexpeditionsafrica.com\/fr\/wp-json\/wp\/v2\/types\/page"}],"author":[{"embeddable":true,"href":"https:\/\/www.goexpeditionsafrica.com\/fr\/wp-json\/wp\/v2\/users\/1"}],"replies":[{"embeddable":true,"href":"https:\/\/www.goexpeditionsafrica.com\/fr\/wp-json\/wp\/v2\/comments?post=4345"}],"version-history":[{"count":5,"href":"https:\/\/www.goexpeditionsafrica.com\/fr\/wp-json\/wp\/v2\/pages\/4345\/revisions"}],"predecessor-version":[{"id":5123,"href":"https:\/\/www.goexpeditionsafrica.com\/fr\/wp-json\/wp\/v2\/pages\/4345\/revisions\/5123"}],"up":[{"embeddable":true,"href":"https:\/\/www.goexpeditionsafrica.com\/fr\/wp-json\/wp\/v2\/pages\/320"}],"wp:attachment":[{"href":"https:\/\/www.goexpeditionsafrica.com\/fr\/wp-json\/wp\/v2\/media?parent=4345"}],"wp:term":[{"taxonomy":"category","embeddable":true,"href":"https:\/\/www.goexpeditionsafrica.com\/fr\/wp-json\/wp\/v2\/categories?post=4345"},{"taxonomy":"post_tag","embeddable":true,"href":"https:\/\/www.goexpeditionsafrica.com\/fr\/wp-json\/wp\/v2\/tags?post=4345"}],"curies":[{"name":"wp","href":"https:\/\/api.w.org\/{rel}","templated":true}]}}