{"id":4333,"date":"2024-08-24T05:58:42","date_gmt":"2024-08-24T05:58:42","guid":{"rendered":"https:\/\/www.goexpeditionsafrica.com\/?page_id=4333"},"modified":"2024-09-09T11:00:25","modified_gmt":"2024-09-09T11:00:25","slug":"lac-victoria","status":"publish","type":"page","link":"https:\/\/www.goexpeditionsafrica.com\/fr\/lakes-and-rivers\/lake-victoria\/","title":{"rendered":"Le lac Victoria : Le plus grand lac d'Afrique"},"content":{"rendered":"<p>Le lac Victoria, le plus grand lac d'Afrique et le deuxi\u00e8me plus grand lac d'eau douce du monde, est un point de rep\u00e8re g\u00e9ographique et \u00e9cologique important. S'\u00e9tendant sur environ 68 800 kilom\u00e8tres carr\u00e9s et chevauchant trois pays - la Tanzanie, l'Ouganda et le Kenya - le lac Victoria est une ressource vitale pour des millions de personnes vivant dans son bassin. Connu pour sa beaut\u00e9 pittoresque et sa culture locale dynamique, le lac Victoria est une destination incontournable pour les voyageurs qui souhaitent explorer l'une des merveilles naturelles les plus embl\u00e9matiques d'Afrique.<\/p>\n<h2>G\u00e9ographie et caract\u00e9ristiques physiques<\/h2>\n<p>Le lac Victoria est situ\u00e9 dans le syst\u00e8me du rift est-africain et se trouve \u00e0 une altitude d'environ 1 134 m\u00e8tres au-dessus du niveau de la mer. La forme du lac est \u00e0 peu pr\u00e8s ovale et il est entour\u00e9 d'un paysage vari\u00e9 comprenant des collines ondulantes, des zones humides luxuriantes et des plaines fertiles. Le lac est aliment\u00e9 par de nombreux cours d'eau, dont la rivi\u00e8re Kagera, son principal affluent. Il constitue la source principale du Nil, qui s'\u00e9coule vers le nord \u00e0 travers l'Ouganda et l'\u00c9gypte jusqu'\u00e0 la mer M\u00e9diterran\u00e9e.<\/p>\n<h2>Une biodiversit\u00e9 unique<\/h2>\n<p>Le lac Victoria est r\u00e9put\u00e9 pour sa biodiversit\u00e9 unique, en particulier ses diverses esp\u00e8ces de poissons. Cependant, l'\u00e9cosyst\u00e8me du lac est confront\u00e9 \u00e0 des d\u00e9fis importants en raison des esp\u00e8ces invasives et des changements environnementaux. Malgr\u00e9 ces d\u00e9fis, le lac Victoria reste un point chaud de la biodiversit\u00e9, avec de nombreuses esp\u00e8ces que l'on ne trouve que dans ce lac.<\/p>\n<ul>\n<li>Cichlid\u00e9s : Le lac Victoria est c\u00e9l\u00e8bre pour ses cichlid\u00e9s, avec plus de 500 esp\u00e8ces recens\u00e9es, dont beaucoup sont end\u00e9miques. Ces poissons color\u00e9s contribuent \u00e0 la vitalit\u00e9 de l'\u00e9cosyst\u00e8me sous-marin du lac et constituent un p\u00f4le d'attraction pour la recherche scientifique et la p\u00eache de loisir.<\/li>\n<li>Esp\u00e8ces envahissantes : L'introduction de la perche du Nil dans les ann\u00e9es 1950 a eu un impact profond sur l'\u00e9cosyst\u00e8me du lac. Si elle est devenue un poisson commercial important, elle a \u00e9galement entra\u00een\u00e9 le d\u00e9clin de nombreuses esp\u00e8ces de cichlid\u00e9s indig\u00e8nes.<\/li>\n<li>Oiseaux : Les zones humides du lac et les zones environnantes abritent diverses esp\u00e8ces d'oiseaux, dont le majestueux aigle p\u00eacheur africain et le remarquable vanneau \u00e0 t\u00eate blanche. Ces oiseaux contribuent \u00e0 la riche diversit\u00e9 aviaire du lac.<\/li>\n<\/ul>\n<h2>Culture et communaut\u00e9s locales<\/h2>\n<p>Les rives du lac Victoria sont habit\u00e9es par diverses communaut\u00e9s aux riches traditions culturelles. Le bassin du lac comprend plusieurs groupes ethniques, chacun ayant des coutumes, des langues et des modes de vie uniques. Le contact avec ces communaut\u00e9s permet aux visiteurs de vivre des exp\u00e9riences culturelles pr\u00e9cieuses et d'avoir un aper\u00e7u de leurs pratiques traditionnelles.<\/p>\n<p>Les festivals et les march\u00e9s locaux autour du lac offrent des d\u00e9monstrations vibrantes de culture, y compris la musique, la danse et l'artisanat traditionnels. Les visiteurs ont l'occasion de participer aux c\u00e9l\u00e9brations locales et de d\u00e9couvrir l'h\u00e9ritage culturel qui fa\u00e7onne la vie autour du lac Victoria.<\/p>\n<p>En r\u00e9sum\u00e9, le lac Victoria est une destination magnifique qui offre un m\u00e9lange de beaut\u00e9 naturelle, de riche biodiversit\u00e9 et de culture locale dynamique. Que vous exploriez ses divers \u00e9cosyst\u00e8mes, que vous pratiquiez des activit\u00e9s nautiques ou que vous vous engagiez aupr\u00e8s des communaut\u00e9s locales, le lac Victoria vous promet une exp\u00e9rience m\u00e9morable et enrichissante.<\/p>\n<h2>Activit\u00e9s et attractions<\/h2>\n<p>Le lac Victoria offre un large \u00e9ventail d'activit\u00e9s aux visiteurs, qu'il s'agisse d'explorer la beaut\u00e9 de ses paysages ou de s'engager dans diverses aventures nautiques. Que vous souhaitiez p\u00eacher, faire du bateau ou simplement profiter des paysages \u00e9poustouflants, le lac Victoria offre de nombreuses possibilit\u00e9s pour une exp\u00e9rience m\u00e9morable.<\/p>\n<ul>\n<li>P\u00eache : la p\u00eache est une activit\u00e9 populaire sur le lac Victoria. Les p\u00eacheurs locaux et les touristes se lancent \u00e0 la poursuite de la perche du Nil, du tilapia et d'autres esp\u00e8ces de poissons. Le lac soutient une industrie de la p\u00eache florissante et les march\u00e9s locaux proposent des prises fra\u00eeches tous les jours.<\/li>\n<li>Excursions en bateau : Les excursions en bateau autour du lac permettent de profiter d'un environnement serein et d'explorer ses nombreuses \u00eeles, telles que les \u00eeles Ssese. Ces excursions offrent des vues panoramiques et permettent d'observer la faune et les esp\u00e8ces d'oiseaux.<\/li>\n<li><a href=\"https:\/\/www.goexpeditionsafrica.com\/activities\/tanzania-cultural-tours\/\">Visites culturelles<\/a>: Les visites des communaut\u00e9s locales autour du lac Victoria donnent un aper\u00e7u des modes de vie et des cultures traditionnels. Le dialogue avec les p\u00eacheurs locaux et les habitants permet de mieux comprendre l'importance du lac dans leur vie quotidienne.<\/li>\n<\/ul>\n<h2>H\u00e9bergement et acc\u00e8s<\/h2>\n<p>Le lac Victoria est bien desservi par un \u00e9ventail de possibilit\u00e9s d'h\u00e9bergement, allant des lodges de luxe aux maisons d'h\u00f4tes plus modestes. De nombreux lodges sont situ\u00e9s sur les rives du lac, offrant aux visiteurs des vues \u00e0 couper le souffle et un acc\u00e8s pratique aux activit\u00e9s lacustres. Parmi les options d'h\u00e9bergement, on trouve \u00e9galement des centres de vill\u00e9giature sur les \u00eeles Ssese, qui offrent une exp\u00e9rience plus isol\u00e9e.<\/p>\n<p>L'acc\u00e8s au lac Victoria est facilit\u00e9 par les grandes villes telles que <a href=\"https:\/\/www.goexpeditionsafrica.com\/travel-destinations\/mwanza-city\/\">Mwanza<\/a> en Tanzanie, Entebbe en Ouganda et Kisumu au Kenya. Ces villes sont bien desservies par la route, l'avion et le ferry, ce qui permet aux voyageurs d'atteindre le lac assez facilement. Les a\u00e9roports internationaux de ces villes offrent des connexions vers d'autres destinations majeures en Afrique et au-del\u00e0.<\/p>","protected":false},"excerpt":{"rendered":"<p>Lake Victoria, the largest lake in Africa and the world\u2019s second-largest freshwater lake, is a significant geographical and ecological landmark. Spanning approximately 68,800 square kilometers and straddling three countries\u2014Tanzania, Uganda, and Kenya\u2014Lake Victoria is a vital resource for millions of people living in its basin. Known for its picturesque beauty and vibrant local culture, Lake [&hellip;]<\/p>\n","protected":false},"author":1,"featured_media":0,"parent":4489,"menu_order":0,"comment_status":"closed","ping_status":"closed","template":"","meta":{"footnotes":""},"categories":[16],"tags":[],"class_list":["post-4333","page","type-page","status-publish","hentry","category-lakes-rivers"],"_links":{"self":[{"href":"https:\/\/www.goexpeditionsafrica.com\/fr\/wp-json\/wp\/v2\/pages\/4333","targetHints":{"allow":["GET"]}}],"collection":[{"href":"https:\/\/www.goexpeditionsafrica.com\/fr\/wp-json\/wp\/v2\/pages"}],"about":[{"href":"https:\/\/www.goexpeditionsafrica.com\/fr\/wp-json\/wp\/v2\/types\/page"}],"author":[{"embeddable":true,"href":"https:\/\/www.goexpeditionsafrica.com\/fr\/wp-json\/wp\/v2\/users\/1"}],"replies":[{"embeddable":true,"href":"https:\/\/www.goexpeditionsafrica.com\/fr\/wp-json\/wp\/v2\/comments?post=4333"}],"version-history":[{"count":4,"href":"https:\/\/www.goexpeditionsafrica.com\/fr\/wp-json\/wp\/v2\/pages\/4333\/revisions"}],"predecessor-version":[{"id":4840,"href":"https:\/\/www.goexpeditionsafrica.com\/fr\/wp-json\/wp\/v2\/pages\/4333\/revisions\/4840"}],"up":[{"embeddable":true,"href":"https:\/\/www.goexpeditionsafrica.com\/fr\/wp-json\/wp\/v2\/pages\/4489"}],"wp:attachment":[{"href":"https:\/\/www.goexpeditionsafrica.com\/fr\/wp-json\/wp\/v2\/media?parent=4333"}],"wp:term":[{"taxonomy":"category","embeddable":true,"href":"https:\/\/www.goexpeditionsafrica.com\/fr\/wp-json\/wp\/v2\/categories?post=4333"},{"taxonomy":"post_tag","embeddable":true,"href":"https:\/\/www.goexpeditionsafrica.com\/fr\/wp-json\/wp\/v2\/tags?post=4333"}],"curies":[{"name":"wp","href":"https:\/\/api.w.org\/{rel}","templated":true}]}}