{"id":4326,"date":"2024-08-24T05:59:41","date_gmt":"2024-08-24T05:59:41","guid":{"rendered":"https:\/\/www.goexpeditionsafrica.com\/?page_id=4326"},"modified":"2024-09-07T15:19:37","modified_gmt":"2024-09-07T15:19:37","slug":"riviere-kilombero","status":"publish","type":"page","link":"https:\/\/www.goexpeditionsafrica.com\/fr\/lakes-and-rivers\/kilombero-river\/","title":{"rendered":"La rivi\u00e8re Kilombero : La ligne de vie des zones humides du sud de la Tanzanie"},"content":{"rendered":"<h2>\u00c0 propos de la rivi\u00e8re Kilombero<\/h2>\n<p>La rivi\u00e8re Kilombero, situ\u00e9e dans le sud de la Tanzanie, est l'une des voies navigables les plus importantes d'Afrique de l'Est. Traversant la vaste vall\u00e9e de Kilombero, cette rivi\u00e8re joue un r\u00f4le essentiel pour les communaut\u00e9s locales et la riche biodiversit\u00e9 de la r\u00e9gion. Connue pour ses vastes plaines inondables et ses zones humides vitales, la rivi\u00e8re Kilombero est un atout \u00e9cologique et \u00e9conomique essentiel pour la Tanzanie. Ses eaux, entour\u00e9es par le bassin fertile du Kilombero, nourrissent la vie et fournissent des ressources vitales pour l'agriculture, la faune et la p\u00eache.<\/p>\n<h2>G\u00e9ographie et caract\u00e9ristiques physiques<\/h2>\n<p>La rivi\u00e8re Kilombero s'\u00e9tend \u00e0 travers la vall\u00e9e de Kilombero, prenant sa source dans le <a href=\"https:\/\/www.goexpeditionsafrica.com\/travel-destinations\/udzungwa-mountains\/\">Montagnes d'Udzungwa<\/a> dans le sud de la Tanzanie. Il s'\u00e9coule sur environ 402 kilom\u00e8tres, rejoignant le <a href=\"https:\/\/www.goexpeditionsafrica.com\/lakes-and-rivers\/rufiji-river\/\">Rivi\u00e8re Rufiji<\/a> pour former l'un des plus grands syst\u00e8mes fluviaux du pays. Le fleuve est connu pour ses vastes plaines inondables, qui couvrent plus de 11 000 kilom\u00e8tres carr\u00e9s, ce qui en fait l'une des plus grandes zones humides d'Afrique de l'Est.<\/p>\n<p>Les plaines inondables de la rivi\u00e8re et les zones humides environnantes sont aliment\u00e9es par les pr\u00e9cipitations saisonni\u00e8res et abritent un r\u00e9seau de petits cours d'eau et d'affluents. Pendant la saison des pluies, la rivi\u00e8re Kilombero gonfle, inondant de grandes parties de la vall\u00e9e et cr\u00e9ant des terres riches et fertiles qui soutiennent \u00e0 la fois l'agriculture et une faune diversifi\u00e9e. L'\u00e9cosyst\u00e8me de la rivi\u00e8re est essentiel au maintien de la sant\u00e9 des zones humides de la r\u00e9gion et contribue de mani\u00e8re significative aux moyens de subsistance locaux.<\/p>\n<h2>Une biodiversit\u00e9 unique<\/h2>\n<p>La rivi\u00e8re Kilombero et ses plaines inondables sont des points chauds de la biodiversit\u00e9, offrant un habitat \u00e0 un large \u00e9ventail d'esp\u00e8ces. La rivi\u00e8re est un havre pour la vie aquatique, les oiseaux et les grands mammif\u00e8res, ce qui en fait une zone de conservation essentielle. La biodiversit\u00e9 de la rivi\u00e8re contribue \u00e9galement \u00e0 son statut de r\u00e9gion \u00e9cologiquement la plus pr\u00e9cieuse de Tanzanie.<\/p>\n<ul>\n<li>Esp\u00e8ces de poissons end\u00e9miques : La rivi\u00e8re Kilombero abrite diverses esp\u00e8ces de poissons, dont certaines sont end\u00e9miques \u00e0 la r\u00e9gion. Ces poissons jouent un r\u00f4le essentiel dans l'\u00e9conomie locale, la p\u00eache \u00e9tant un moyen de subsistance majeur pour les communaut\u00e9s vivant le long de la rivi\u00e8re.<\/li>\n<li>Mammif\u00e8res : Les zones humides et les plaines inondables environnantes abritent des populations de grands mammif\u00e8res, notamment des \u00e9l\u00e9phants, des buffles et des hippopotames. Ces animaux d\u00e9pendent de la rivi\u00e8re pour l'eau et les p\u00e2turages pendant la saison s\u00e8che.<\/li>\n<li>La faune et la flore : La rivi\u00e8re et ses zones humides sont un paradis pour les ornithologues. Plus de 350 esp\u00e8ces d'oiseaux ont \u00e9t\u00e9 recens\u00e9es dans la r\u00e9gion, notamment des oiseaux d'eau tels que l'aigle p\u00eacheur africain, des aigrettes et le tisserand Kilombero, une esp\u00e8ce menac\u00e9e que l'on ne trouve que dans cette r\u00e9gion.<\/li>\n<\/ul>\n<h2>Activit\u00e9s et attractions<\/h2>\n<p>La rivi\u00e8re Kilombero offre un large \u00e9ventail d'activit\u00e9s aux visiteurs, ce qui en fait une destination pour les amoureux de la nature, les ornithologues et les personnes int\u00e9ress\u00e9es par le tourisme rural. La rivi\u00e8re et ses environs offrent des possibilit\u00e9s uniques d'explorer les paysages du sud de la Tanzanie.<\/p>\n<ul>\n<li>Safaris animaliers : Les plaines inondables entourant la rivi\u00e8re Kilombero abritent plusieurs r\u00e9serves o\u00f9 les visiteurs peuvent s'embarquer pour des safaris animaliers. Ces r\u00e9serves offrent la possibilit\u00e9 d'observer des animaux tels que des hippopotames, des \u00e9l\u00e9phants et des crocodiles dans leur habitat naturel.<\/li>\n<li>Observation des oiseaux : la vall\u00e9e de Kilombero est une destination de choix pour l'observation des oiseaux. Avec des centaines d'esp\u00e8ces d'oiseaux \u00e0 observer, les visiteurs peuvent profiter d'une faune aviaire dynamique, en particulier pendant la saison des pluies, lorsque les oiseaux migrateurs affluent vers les zones humides.<\/li>\n<li>P\u00eache : la p\u00eache est une activit\u00e9 populaire le long de la rivi\u00e8re. Les communaut\u00e9s locales d\u00e9pendent des stocks de poissons de la rivi\u00e8re pour leur subsistance, et les visiteurs peuvent participer aux pratiques de p\u00eache traditionnelles tout en apprenant l'importance de la rivi\u00e8re pour l'\u00e9conomie locale.<\/li>\n<\/ul>\n<h2>Culture et communaut\u00e9s locales<\/h2>\n<p>La rivi\u00e8re Kilombero est au c\u0153ur de la vie de nombreuses communaut\u00e9s locales, notamment les peuples Ndamba et Bena, qui vivent dans la r\u00e9gion depuis des si\u00e8cles. Ces communaut\u00e9s d\u00e9pendent de la rivi\u00e8re pour l'agriculture, la p\u00eache et l'\u00e9levage. Les visiteurs de la r\u00e9gion ont la possibilit\u00e9 d'entrer en contact avec ces communaut\u00e9s, de d\u00e9couvrir leur mode de vie et les pratiques traditionnelles qui les soutiennent depuis des g\u00e9n\u00e9rations.<\/p>\n<p>Nombre de ces interactions ont lieu dans le cadre d'initiatives de tourisme culturel, o\u00f9 des guides locaux organisent des visites de villages, offrent un aper\u00e7u des techniques agricoles traditionnelles et racontent des histoires sur la vie le long de la rivi\u00e8re. Ces exp\u00e9riences permettent aux visiteurs d'appr\u00e9cier l'importance culturelle de la rivi\u00e8re Kilombero tout en soutenant les \u00e9conomies locales par le biais d'un tourisme responsable.<\/p>\n<h2>Conservation et importance environnementale<\/h2>\n<p>La rivi\u00e8re Kilombero n'est pas seulement importante pour les communaut\u00e9s et la faune qui en d\u00e9pendent, elle joue \u00e9galement un r\u00f4le essentiel dans la sant\u00e9 environnementale globale de la Tanzanie. Les plaines inondables jouent un r\u00f4le de tampon, att\u00e9nuant les inondations et maintenant la fertilit\u00e9 des sols pour l'agriculture. Toutefois, la pression croissante exerc\u00e9e par l'expansion de l'agriculture et les pratiques de p\u00eache non durables ont mis en p\u00e9ril l'\u00e9cosyst\u00e8me de la rivi\u00e8re.<\/p>\n<p>Des efforts de conservation sont en cours pour prot\u00e9ger la biodiversit\u00e9 de la vall\u00e9e du Kilombero et promouvoir des pratiques durables au sein des communaut\u00e9s locales. Ces initiatives visent \u00e0 trouver un \u00e9quilibre entre les besoins de la population croissante et la pr\u00e9servation des ressources naturelles de la rivi\u00e8re, afin que les g\u00e9n\u00e9rations futures puissent continuer \u00e0 b\u00e9n\u00e9ficier de cette voie d'eau vitale.<\/p>","protected":false},"excerpt":{"rendered":"<p>About the Kilombero River The Kilombero River, located in southern Tanzania, is one of the most significant waterways in East Africa. Flowing through the vast Kilombero Valley, this river plays a critical role in supporting both local communities and the rich biodiversity of the region. Known for its wide floodplains and vital wetlands, the Kilombero [&hellip;]<\/p>\n","protected":false},"author":1,"featured_media":0,"parent":4489,"menu_order":0,"comment_status":"closed","ping_status":"closed","template":"","meta":{"footnotes":""},"categories":[16],"tags":[],"class_list":["post-4326","page","type-page","status-publish","hentry","category-lakes-rivers"],"_links":{"self":[{"href":"https:\/\/www.goexpeditionsafrica.com\/fr\/wp-json\/wp\/v2\/pages\/4326","targetHints":{"allow":["GET"]}}],"collection":[{"href":"https:\/\/www.goexpeditionsafrica.com\/fr\/wp-json\/wp\/v2\/pages"}],"about":[{"href":"https:\/\/www.goexpeditionsafrica.com\/fr\/wp-json\/wp\/v2\/types\/page"}],"author":[{"embeddable":true,"href":"https:\/\/www.goexpeditionsafrica.com\/fr\/wp-json\/wp\/v2\/users\/1"}],"replies":[{"embeddable":true,"href":"https:\/\/www.goexpeditionsafrica.com\/fr\/wp-json\/wp\/v2\/comments?post=4326"}],"version-history":[{"count":4,"href":"https:\/\/www.goexpeditionsafrica.com\/fr\/wp-json\/wp\/v2\/pages\/4326\/revisions"}],"predecessor-version":[{"id":4823,"href":"https:\/\/www.goexpeditionsafrica.com\/fr\/wp-json\/wp\/v2\/pages\/4326\/revisions\/4823"}],"up":[{"embeddable":true,"href":"https:\/\/www.goexpeditionsafrica.com\/fr\/wp-json\/wp\/v2\/pages\/4489"}],"wp:attachment":[{"href":"https:\/\/www.goexpeditionsafrica.com\/fr\/wp-json\/wp\/v2\/media?parent=4326"}],"wp:term":[{"taxonomy":"category","embeddable":true,"href":"https:\/\/www.goexpeditionsafrica.com\/fr\/wp-json\/wp\/v2\/categories?post=4326"},{"taxonomy":"post_tag","embeddable":true,"href":"https:\/\/www.goexpeditionsafrica.com\/fr\/wp-json\/wp\/v2\/tags?post=4326"}],"curies":[{"name":"wp","href":"https:\/\/api.w.org\/{rel}","templated":true}]}}