{"id":4316,"date":"2024-08-24T05:52:36","date_gmt":"2024-08-24T05:52:36","guid":{"rendered":"https:\/\/www.goexpeditionsafrica.com\/?page_id=4316"},"modified":"2024-09-09T12:08:18","modified_gmt":"2024-09-09T12:08:18","slug":"lac-natron","status":"publish","type":"page","link":"https:\/\/www.goexpeditionsafrica.com\/fr\/lakes-and-rivers\/lake-natron\/","title":{"rendered":"Lac Natron : l'extraordinaire lac alcalin de Tanzanie"},"content":{"rendered":"<h2>\u00c0 propos du lac Natron<\/h2>\n<p>Le lac Natron, situ\u00e9 dans le nord de la Tanzanie, pr\u00e8s de la fronti\u00e8re avec le Kenya, est l'un des lacs les plus fascinants et les plus uniques d'Afrique. Ce lac salin et alcalin, situ\u00e9 au bord de la cha\u00eene des <a href=\"https:\/\/www.goexpeditionsafrica.com\/lakes-and-rivers\/great-rift-valley\/\">Vall\u00e9e du Rift en Afrique de l'Est<\/a>, Le lac Natron est r\u00e9put\u00e9 pour son aspect saisissant et ses conditions environnementales extr\u00eames. D'une superficie d'environ 1 040 kilom\u00e8tres carr\u00e9s, le lac Natron est remarquable pour ses eaux aux couleurs vives et l'habitat extr\u00eame qu'il offre \u00e0 une faune sp\u00e9cialis\u00e9e.<\/p>\n<h2>G\u00e9ographie et caract\u00e9ristiques physiques<\/h2>\n<p>Le lac Natron est situ\u00e9 \u00e0 une altitude d'environ 600 m\u00e8tres au-dessus du niveau de la mer et est connu pour sa salinit\u00e9 et son alcalinit\u00e9 \u00e9lev\u00e9es. Le lac est principalement aliment\u00e9 par la rivi\u00e8re Ewaso Ng'iro et plusieurs petits cours d'eau, qui contribuent \u00e0 sa composition chimique unique. Les eaux du lac ont un pH compris entre 9 et 10,5, ce qui en fait l'un des lacs les plus alcalins du monde. Le paysage environnant est caract\u00e9ris\u00e9 par des formations volcaniques, notamment le volcan Ol Doinyo Lengai situ\u00e9 \u00e0 proximit\u00e9, ce qui ajoute au paysage spectaculaire du lac.<\/p>\n<h2>Une biodiversit\u00e9 unique<\/h2>\n<p>Malgr\u00e9 ses conditions difficiles, le lac Natron abrite une faune vari\u00e9e et sp\u00e9cialis\u00e9e, adapt\u00e9e \u00e0 son environnement extr\u00eame. L'\u00e9cosyst\u00e8me unique du lac abrite plusieurs esp\u00e8ces remarquables, notamment des oiseaux et des micro-organismes qui se d\u00e9veloppent dans ses eaux alcalines.<\/p>\n<ul>\n<li>Flamants : Le lac Natron est un lieu de reproduction crucial pour le flamant nain, une esp\u00e8ce sp\u00e9cialement adapt\u00e9e aux conditions extr\u00eames du lac. L'alcalinit\u00e9 \u00e9lev\u00e9e du lac est id\u00e9ale pour ces oiseaux, qui y trouvent un refuge s\u00fbr pour leurs activit\u00e9s de nidification et d'alimentation.<\/li>\n<li>Micro-organismes : Les eaux alcalines du lac abritent toute une s\u00e9rie de micro-organismes, notamment des algues qui donnent au lac ses teintes rouge\u00e2tres et orang\u00e9es caract\u00e9ristiques. Ces micro-organismes sont adapt\u00e9s \u00e0 l'extr\u00eame salinit\u00e9 du lac et contribuent \u00e0 sa coloration unique.<\/li>\n<li>Ol Doinyo Lengai : Le volcan Ol Doinyo Lengai, connu sous le nom de \u201cMontagne de Dieu\u201d par les Maasai, contribue \u00e0 la composition chimique du lac par ses cendres volcaniques et ses min\u00e9raux. Le volcan fournit \u00e9galement une toile de fond spectaculaire au paysage d'un autre monde du lac.<\/li>\n<\/ul>\n<h2>Culture et communaut\u00e9s locales<\/h2>\n<p>La r\u00e9gion autour du lac Natron est habit\u00e9e par les <a href=\"https:\/\/www.goexpeditionsafrica.com\/tanzania-travel\/maasai-people\/\">Peuple Maasai<\/a>, Les Maasa\u00ef vivent en harmonie avec la terre depuis des si\u00e8cles. Les Maasai sont connus pour leur riche h\u00e9ritage culturel, notamment leurs coutumes traditionnelles, leur musique et leurs danses. En s'engageant aupr\u00e8s de la communaut\u00e9 maasai, les visiteurs ont un aper\u00e7u pr\u00e9cieux de leur mode de vie et de leur relation avec le lac et ses environs.<\/p>\n<p>Les visiteurs du lac Natron peuvent d\u00e9couvrir la culture masa\u00ef \u00e0 travers les march\u00e9s locaux, les \u00e9v\u00e9nements culturels et les interactions avec les membres de la communaut\u00e9. L'apprentissage des traditions et des pratiques des Maasai enrichit l'exp\u00e9rience globale de la visite de cette destination unique et isol\u00e9e.<\/p>\n<h2>Activit\u00e9s et attractions<\/h2>\n<p>Le lac Natron offre une gamme d'activit\u00e9s et d'attractions aux visiteurs d\u00e9sireux d'explorer son environnement unique et sa beaut\u00e9 naturelle. Bien que les conditions extr\u00eames du lac limitent certaines activit\u00e9s traditionnelles, il existe encore de nombreuses possibilit\u00e9s de d\u00e9couvrir ses caract\u00e9ristiques distinctives.<\/p>\n<ul>\n<li>Observation des flamants : L'une des principales attractions du lac Natron est la possibilit\u00e9 d'observer les flamants roses. Pendant la saison de reproduction, qui se d\u00e9roule g\u00e9n\u00e9ralement entre juillet et septembre, les visiteurs peuvent observer de grandes vol\u00e9es de ces magnifiques oiseaux qui nichent le long des rives du lac.<\/li>\n<li>Visites de volcans : Le volcan Ol Doinyo Lengai est un \u00e9l\u00e9ment important de la r\u00e9gion du lac Natron. Des visites guid\u00e9es peuvent \u00eatre organis\u00e9es pour explorer le volcan et ses paysages environnants, offrant des vues \u00e0 couper le souffle et un aper\u00e7u de l'activit\u00e9 g\u00e9ologique de la r\u00e9gion.<\/li>\n<li>Photographie : Les couleurs frappantes et les paysages uniques du lac Natron offrent d'excellentes opportunit\u00e9s pour la photographie. Les teintes rouge et orange vives du lac, combin\u00e9es \u00e0 l'arri\u00e8re-plan volcanique spectaculaire, cr\u00e9ent un environnement visuellement \u00e9blouissant pour capturer des images m\u00e9morables.<\/li>\n<\/ul>\n<h2>H\u00e9bergement et acc\u00e8s<\/h2>\n<p>Les possibilit\u00e9s d'h\u00e9bergement pr\u00e8s du lac Natron sont relativement limit\u00e9es mais comprennent plusieurs lodges et campings qui offrent des \u00e9quipements de base et des vues magnifiques sur le lac et les paysages environnants. Ces lodges et campings sont souvent situ\u00e9s sur les rives du lac, ce qui permet d'acc\u00e9der facilement aux attractions du lac.<\/p>\n<p>L'acc\u00e8s au lac Natron se fait g\u00e9n\u00e9ralement par la ville de <a href=\"https:\/\/www.goexpeditionsafrica.com\/travel-destinations\/arusha-city\/\">Arusha<\/a>, qui est bien reli\u00e9 au lac par la route. Le voyage d'Arusha au lac Natron implique de traverser des paysages pittoresques et peut \u00eatre organis\u00e9 dans le cadre de visites guid\u00e9es ou d'options d'autosuffisance. La situation isol\u00e9e du lac ajoute \u00e0 son attrait, offrant aux visiteurs une exp\u00e9rience hors des sentiers battus.<\/p>","protected":false},"excerpt":{"rendered":"<p>About Lake Natron Lake Natron, located in northern Tanzania near the border with Kenya, is one of the most fascinating and unique lakes in Africa. This saline and alkaline lake, situated at the edge of the East African Rift Valley, is renowned for its striking appearance and extreme environmental conditions. Covering an area of approximately [&hellip;]<\/p>\n","protected":false},"author":1,"featured_media":0,"parent":4489,"menu_order":0,"comment_status":"closed","ping_status":"closed","template":"","meta":{"footnotes":""},"categories":[16],"tags":[],"class_list":["post-4316","page","type-page","status-publish","hentry","category-lakes-rivers"],"_links":{"self":[{"href":"https:\/\/www.goexpeditionsafrica.com\/fr\/wp-json\/wp\/v2\/pages\/4316","targetHints":{"allow":["GET"]}}],"collection":[{"href":"https:\/\/www.goexpeditionsafrica.com\/fr\/wp-json\/wp\/v2\/pages"}],"about":[{"href":"https:\/\/www.goexpeditionsafrica.com\/fr\/wp-json\/wp\/v2\/types\/page"}],"author":[{"embeddable":true,"href":"https:\/\/www.goexpeditionsafrica.com\/fr\/wp-json\/wp\/v2\/users\/1"}],"replies":[{"embeddable":true,"href":"https:\/\/www.goexpeditionsafrica.com\/fr\/wp-json\/wp\/v2\/comments?post=4316"}],"version-history":[{"count":5,"href":"https:\/\/www.goexpeditionsafrica.com\/fr\/wp-json\/wp\/v2\/pages\/4316\/revisions"}],"predecessor-version":[{"id":4855,"href":"https:\/\/www.goexpeditionsafrica.com\/fr\/wp-json\/wp\/v2\/pages\/4316\/revisions\/4855"}],"up":[{"embeddable":true,"href":"https:\/\/www.goexpeditionsafrica.com\/fr\/wp-json\/wp\/v2\/pages\/4489"}],"wp:attachment":[{"href":"https:\/\/www.goexpeditionsafrica.com\/fr\/wp-json\/wp\/v2\/media?parent=4316"}],"wp:term":[{"taxonomy":"category","embeddable":true,"href":"https:\/\/www.goexpeditionsafrica.com\/fr\/wp-json\/wp\/v2\/categories?post=4316"},{"taxonomy":"post_tag","embeddable":true,"href":"https:\/\/www.goexpeditionsafrica.com\/fr\/wp-json\/wp\/v2\/tags?post=4316"}],"curies":[{"name":"wp","href":"https:\/\/api.w.org\/{rel}","templated":true}]}}