{"id":2687,"date":"2024-07-09T11:10:35","date_gmt":"2024-07-09T11:10:35","guid":{"rendered":"https:\/\/goexpeditionsafrica.com\/new\/?page_id=2687"},"modified":"2024-09-14T16:11:14","modified_gmt":"2024-09-14T16:11:14","slug":"parc-national-du-lac-manyara-2","status":"publish","type":"page","link":"https:\/\/www.goexpeditionsafrica.com\/fr\/travel-destinations\/lake-manyara-national-park-2\/","title":{"rendered":"Parc national du lac Manyara"},"content":{"rendered":"<h2>\u00c0 propos du parc national du lac Manyara<\/h2>\n<p>Le parc national du lac Manyara est un spectacle naturel qui d\u00e9finit v\u00e9ritablement la beaut\u00e9 et la diversit\u00e9 de l'Afrique. S'\u00e9tendant sur 330 kilom\u00e8tres carr\u00e9s, dont environ 220 kilom\u00e8tres carr\u00e9s pour le lac, ce joyau de parc brille par sa mosa\u00efque enchanteresse de paysages, allant du lac de soude nich\u00e9 dans la for\u00eat tropicale \u00e0 l'eau de mer, en passant par le lac d'eau douce. <a href=\"https:\/\/en.wikipedia.org\/wiki\/Great_Rift_Valley\" target=\"_blank\" rel=\"noopener\">Vall\u00e9e du Rift<\/a> aux for\u00eats \u00e9paisses et aux pentes imposantes des montagnes. Outre son environnement exceptionnel, le parc est r\u00e9put\u00e9 pour ses lions grimpeurs et les vastes troupeaux d'\u00e9l\u00e9phants qu'il a \u00e9t\u00e9 cr\u00e9\u00e9 pour prot\u00e9ger. De grands rassemblements de buffles, de gu\u00e9pards, de girafes Masa\u00ef et d'impalas peuplent \u00e9galement les rives du lac et les pentes luxuriantes de la vall\u00e9e.<\/p>\n<p>Explorer d'autres <a href=\"https:\/\/www.goexpeditionsafrica.com\/tanzania-travel-destinations\/\">Destinations de voyage en Tanzanie<\/a><\/p>\n<h2>Meilleure p\u00e9riode pour visiter<\/h2>\n<p>Le parc national du lac Manyara est une destination valable toute l'ann\u00e9e, mais certaines p\u00e9riodes de l'ann\u00e9e offrent des exp\u00e9riences uniques :<\/p>\n<ul>\n<li>Saison s\u00e8che (juin \u00e0 octobre) : Parfaite pour l'observation de la faune car les animaux se rassemblent autour des sources d'eau. Le temps est agr\u00e9able et le risque de paludisme est faible.<\/li>\n<li>Saison humide (novembre \u00e0 mai) : Id\u00e9ale pour l'observation des oiseaux, les esp\u00e8ces migratrices enrichissant l'avifaune du parc. Le paysage est luxuriant et vivant, mais l'acc\u00e8s peut \u00eatre limit\u00e9 en raison des fortes pluies.<\/li>\n<\/ul>\n<h2>Faune et flore<\/h2>\n<p>Le parc national du lac Manyara est un v\u00e9ritable r\u00eave pour les amateurs de faune et de flore. Ses habitants les plus l\u00e9gendaires sont les lions qui grimpent aux arbres, un ph\u00e9nom\u00e8ne que l'on ne voit que dans une poign\u00e9e d'endroits en Afrique. Ces f\u00e9lins majestueux d\u00e9fient les normes et peuvent souvent \u00eatre aper\u00e7us se pr\u00e9lassant dans les acacias, observant leur environnement.<\/p>\n<p>Le parc abrite \u00e9galement de grands troupeaux d'\u00e9l\u00e9phants, connus pour leur taille impressionnante par rapport \u00e0 leurs cousins d'autres parcs. Parmi la faune diversifi\u00e9e, vous trouverez des z\u00e8bres, des hippopotames, des girafes, des phacoch\u00e8res et un large \u00e9ventail d'antilopes dans les plaines. Le lac est un habitat prosp\u00e8re pour les hippopotames et un nombre impressionnant de crocodiles, que l'on peut souvent voir se pr\u00e9lasser sur les rives.<\/p>\n<p>Paradis des ornithologues, le parc compte plus de 400 esp\u00e8ces d'oiseaux. Le lac scintillant est souvent color\u00e9 en rose par des milliers de flamants roses, tandis que les p\u00e9licans, les cigognes et les cormorans ajoutent au spectacle aviaire. Les for\u00eats r\u00e9sonnent des cris des turacos vibrants, des calaos et des bavardages des nombreux singes qui y vivent.<\/p>\n<p>Observer leurs prouesses acrobatiques et assister \u00e0 leur<\/p>\n<h3>Points forts<\/h3>\n<p>Le safari du parc national du lac Manyara offre une pl\u00e9thore d'exp\u00e9riences uniques et de moments forts :<\/p>\n<ul>\n<li>Lions grimpeurs - Assistez \u00e0 ce spectacle rare et unique.<\/li>\n<li>Le bonheur d'observer les oiseaux - Observez plus de 400 esp\u00e8ces d'oiseaux, y compris les flamants roses.<\/li>\n<li>Lac Manyara - Admirez la beaut\u00e9 du lac et sa faune.<\/li>\n<li>Des troupes de babouins in\u00e9gal\u00e9es - Observez la plus grande concentration de babouins au monde.<\/li>\n<li>Des paysages \u00e9poustouflants - Les for\u00eats, les chutes d'eau et l'escarpement de la vall\u00e9e du Rift ajoutent au charme du parc.<\/li>\n<\/ul>\n<p>Le m\u00e9lange unique d'\u00e9cosyst\u00e8mes vari\u00e9s, de paysages saisissants et de faune distinctive fait du parc national du lac Manyara une \u00e9tape exceptionnelle de votre voyage. <a href=\"https:\/\/www.goexpeditionsafrica.com\/tanzania-safari-tours\/\">Safari en Tanzanie<\/a>. D\u00e9couvrez l'attrait subtil de ce parc remarquable et laissez la beaut\u00e9 sauvage de la Tanzanie laisser une impression \u00e9ternelle dans votre c\u0153ur.<\/p>\n<hr \/>\n<h4>Informations utiles sur les voyages en Tanzanie<\/h4>\n<p><a href=\"https:\/\/www.goexpeditionsafrica.com\/tanzania-travel\/food-on-your-tanzania-safari\/\">Nourriture lors de votre safari en Tanzanie<\/a><br \/>\n<a href=\"https:\/\/www.goexpeditionsafrica.com\/tanzania-travel\/tanzania-safari-cost\/\">Co\u00fbt du safari en Tanzanie<\/a><br \/>\n<a href=\"https:\/\/www.goexpeditionsafrica.com\/tanzania-travel\/tipping-in-tanzania-safari\/\">Pourboires lors d'un safari en Tanzanie<\/a><br \/>\n<a href=\"https:\/\/www.goexpeditionsafrica.com\/tanzania-travel\/tanzania-safari-packing-list\/\">Liste des bagages pour le safari en Tanzanie<\/a><br \/>\n<a href=\"https:\/\/www.goexpeditionsafrica.com\/tanzania-travel\/tanzania-safari-facts\/\">Faits concernant les safaris en Tanzanie<\/a><br \/>\n<a href=\"https:\/\/www.goexpeditionsafrica.com\/tanzania-travel\/tanzania-safari-faq\/\">FAQ sur les safaris en Tanzanie<\/a><br \/>\n<a href=\"https:\/\/www.goexpeditionsafrica.com\/tanzania-travel\/tanzanian-people\/\">Le peuple tanzanien<\/a><br \/>\n<a href=\"https:\/\/www.goexpeditionsafrica.com\/tanzania-travel\/best-time-to-visit-tanzania\/\">Meilleure p\u00e9riode pour visiter la Tanzanie<\/a><\/p>\n<hr \/>\n<p>&nbsp;<\/p>","protected":false},"excerpt":{"rendered":"<p>About Lake Manyara National Park Lake Manyara National Park is a natural spectacle that truly defines the beauty and diversity of Africa. Spanning 330 square kilometres, of which approximately 220 square kilometres is the lake, this gem of a park shines with an enchanting mosaic of landscapes \u2013 ranging from the soda lake nestled within [&hellip;]<\/p>\n","protected":false},"author":1,"featured_media":2726,"parent":320,"menu_order":0,"comment_status":"closed","ping_status":"closed","template":"","meta":{"footnotes":""},"categories":[7],"tags":[],"class_list":["post-2687","page","type-page","status-publish","has-post-thumbnail","hentry","category-destinations"],"_links":{"self":[{"href":"https:\/\/www.goexpeditionsafrica.com\/fr\/wp-json\/wp\/v2\/pages\/2687","targetHints":{"allow":["GET"]}}],"collection":[{"href":"https:\/\/www.goexpeditionsafrica.com\/fr\/wp-json\/wp\/v2\/pages"}],"about":[{"href":"https:\/\/www.goexpeditionsafrica.com\/fr\/wp-json\/wp\/v2\/types\/page"}],"author":[{"embeddable":true,"href":"https:\/\/www.goexpeditionsafrica.com\/fr\/wp-json\/wp\/v2\/users\/1"}],"replies":[{"embeddable":true,"href":"https:\/\/www.goexpeditionsafrica.com\/fr\/wp-json\/wp\/v2\/comments?post=2687"}],"version-history":[{"count":5,"href":"https:\/\/www.goexpeditionsafrica.com\/fr\/wp-json\/wp\/v2\/pages\/2687\/revisions"}],"predecessor-version":[{"id":4746,"href":"https:\/\/www.goexpeditionsafrica.com\/fr\/wp-json\/wp\/v2\/pages\/2687\/revisions\/4746"}],"up":[{"embeddable":true,"href":"https:\/\/www.goexpeditionsafrica.com\/fr\/wp-json\/wp\/v2\/pages\/320"}],"wp:featuredmedia":[{"embeddable":true,"href":"https:\/\/www.goexpeditionsafrica.com\/fr\/wp-json\/wp\/v2\/media\/2726"}],"wp:attachment":[{"href":"https:\/\/www.goexpeditionsafrica.com\/fr\/wp-json\/wp\/v2\/media?parent=2687"}],"wp:term":[{"taxonomy":"category","embeddable":true,"href":"https:\/\/www.goexpeditionsafrica.com\/fr\/wp-json\/wp\/v2\/categories?post=2687"},{"taxonomy":"post_tag","embeddable":true,"href":"https:\/\/www.goexpeditionsafrica.com\/fr\/wp-json\/wp\/v2\/tags?post=2687"}],"curies":[{"name":"wp","href":"https:\/\/api.w.org\/{rel}","templated":true}]}}