{"id":2685,"date":"2024-07-09T11:05:17","date_gmt":"2024-07-09T11:05:17","guid":{"rendered":"https:\/\/goexpeditionsafrica.com\/new\/?page_id=2685"},"modified":"2024-09-14T16:02:49","modified_gmt":"2024-09-14T16:02:49","slug":"katavi","status":"publish","type":"page","link":"https:\/\/www.goexpeditionsafrica.com\/fr\/travel-destinations\/katavi\/","title":{"rendered":"Parc national de Katavi"},"content":{"rendered":"<h2>A propos du parc national de Katavi<\/h2>\n<p>Un safari sp\u00e9cial et isol\u00e9 vous attend dans le parc national de Katavi, connu pour l'abondance de sa faune et la diversit\u00e9 de ses paysages. L'un des principaux attraits de ce <a href=\"https:\/\/www.goexpeditionsafrica.com\/tanzania-travel-destinations\/\">Destination safari en Tanzanie<\/a> est sans aucun doute sa nature isol\u00e9e et exclusive. Cela a permis \u00e0 la r\u00e9gion de rester compl\u00e8tement pr\u00e9serv\u00e9e des influences ext\u00e9rieures, ce qui fait que les safaris y sont parmi les plus uniques que vous puissiez rencontrer.<\/p>\n<h2>Meilleure p\u00e9riode pour visiter<\/h2>\n<p>La meilleure p\u00e9riode pour visiter le parc national de Katavi est la saison s\u00e8che annuelle qui s'\u00e9tend de juin \u00e0 octobre. Pendant cette saison, les <a href=\"https:\/\/www.researchgate.net\/figure\/a-Sketch-of-the-Katuma-River-basin-and-the-human-activities-within-b-Time-series-plot_fig2_351172324\" target=\"_blank\" rel=\"noopener\">Rivi\u00e8re Katuma<\/a> est l'une des seules sources d'eau disponibles dans les environs, ce qui explique que plusieurs animaux s'y rassemblent pour \u00e9tancher leur soif. Vous aurez donc de grandes possibilit\u00e9s d'observation de la faune autour de la rivi\u00e8re. Des centaines d'hippopotames et de <a href=\"https:\/\/en.wikipedia.org\/wiki\/Nile_crocodile\" target=\"_blank\" rel=\"noopener\">Crocodiles du Nil<\/a> se rassemblent \u00e9galement autour des rares points d'eau. Combinez cela avec des milliers d'impalas, de z\u00e8bres et de topis et vous obtiendrez l'une des meilleures chances d'observer la faune.<\/p>\n<ul>\n<li>La saison verte, de novembre \u00e0 mai, montre une autre facette de Katavi. Au fur et \u00e0 mesure que les pluies repeuplent le parc, les paysages s'animent.<\/li>\n<li>Une v\u00e9g\u00e9tation luxuriante s'y \u00e9panouit, attirant des troupeaux de z\u00e8bres, d'\u00e9l\u00e9phants et de buffles, ainsi qu'une multitude d'esp\u00e8ces d'oiseaux.<\/li>\n<li>L'air est rempli de cris m\u00e9lodieux et de spectacles \u00e9clatants lorsque les oiseaux migrateurs font leur visite annuelle.<\/li>\n<\/ul>\n<p>De plus, la saison verte offre un cadre serein et intime. <a href=\"https:\/\/www.goexpeditionsafrica.com\/tanzania-safari-tours\/\">Safari en Tanzanie<\/a> Les visiteurs ont la possibilit\u00e9 d'assister au cercle de la vie et de voir les animaux nouveau-n\u00e9s faire leurs premiers pas.<\/p>\n<h2>La faune \u00e0 Katavi<\/h2>\n<p>Les safaris dans le parc national de Katavi ne sont pas particuli\u00e8rement connus pour leurs rares observations d'animaux sauvages. Mais c'est le nombre d'animaux qui surprend. Des troupeaux de buffles du Cap se comptant par milliers sont r\u00e9guli\u00e8rement aper\u00e7us. Des hippopotames jaillissent des flaques des rivi\u00e8res saisonni\u00e8res. De merveilleuses antilopes zibelines peuvent \u00eatre aper\u00e7ues de temps \u00e0 autre dans les environs du parc. <a href=\"https:\/\/en.wikipedia.org\/wiki\/Miombo\" target=\"_blank\" rel=\"noopener\">Bois de miombo<\/a>.<\/p>\n<p>Alors que les \u00e9l\u00e9phants et les cochons d'eau ont tendance \u00e0 rester dans les r\u00e9serves d'eau ass\u00e9ch\u00e9es des lacs Chada et Katavi, une troupe de lions opportunistes n'est jamais loin de l'action, attendant le moment pr\u00e9cis o\u00f9 une proie se pr\u00e9sente \u00e0 eux.<\/p>\n<h2>Points forts<\/h2>\n<p>Voici quelques exp\u00e9riences que la plupart des safaris ont v\u00e9cues dans le parc national de Katavi :<\/p>\n<ul>\n<li>Site pr\u00e9serv\u00e9 avec un nombre de visiteurs annuels \u00e9tonnamment bas<\/li>\n<li>Large \u00e9ventail d'habitats - des prairies ouvertes aux zones bois\u00e9es, en passant par les rivi\u00e8res et les lacs.<\/li>\n<li>Esp\u00e8ces sauvages vari\u00e9es, y compris les impressionnants troupeaux de buffles du Cap<\/li>\n<li>Certaines des plus grandes populations de crocodiles du Nil et d'hippopotames de Tanzanie.<\/li>\n<li>Safaris \u00e0 pied pour vivre l'aventure la plus authentique de la brousse tanzanienne<\/li>\n<\/ul>\n<p>Vous cherchez \u00e0 vous isoler au milieu de paysages \u00e9poustouflants, loin du bourdonnement des v\u00e9hicules de safari et des foules exasp\u00e9rantes ? Alors, le parc national de Katavi est fait pour r\u00e9pondre \u00e0 vos besoins et \u00e0 vos pr\u00e9f\u00e9rences en mati\u00e8re de safari !<\/p>\n<hr \/>\n<h2>Informations utiles sur les voyages en Tanzanie<\/h2>\n<p><a href=\"https:\/\/www.goexpeditionsafrica.com\/tanzania-travel\/food-on-your-tanzania-safari\/\">Nourriture lors de votre safari en Tanzanie<\/a><br \/>\n<a href=\"https:\/\/www.goexpeditionsafrica.com\/tanzania-travel\/tanzania-safari-cost\/\">Co\u00fbt du safari en Tanzanie<\/a><br \/>\n<a href=\"https:\/\/www.goexpeditionsafrica.com\/tanzania-travel\/tipping-in-tanzania-safari\/\">Pourboires lors d'un safari en Tanzanie<\/a><br \/>\n<a href=\"https:\/\/www.goexpeditionsafrica.com\/tanzania-travel\/tanzania-safari-packing-list\/\">Liste des bagages pour le safari en Tanzanie<\/a><br \/>\n<a href=\"https:\/\/www.goexpeditionsafrica.com\/tanzania-travel\/tanzania-safari-facts\/\">Faits concernant les safaris en Tanzanie<\/a><br \/>\n<a href=\"https:\/\/www.goexpeditionsafrica.com\/tanzania-travel\/tanzania-safari-faq\/\">FAQ sur les safaris en Tanzanie<\/a><br \/>\n<a href=\"https:\/\/www.goexpeditionsafrica.com\/tanzania-travel\/tanzanian-people\/\">Le peuple tanzanien<\/a><br \/>\n<a href=\"https:\/\/www.goexpeditionsafrica.com\/tanzania-travel\/best-time-to-visit-tanzania\/\">Meilleure p\u00e9riode pour visiter la Tanzanie<\/a><\/p>","protected":false},"excerpt":{"rendered":"<p>About Katavi national park A special and remote safari experience awaits you at Katavi National Park \u2013 known for its abundance of wildlife and diversity of scenic surroundings! One of the major drawcards of this Tanzania Safari destination has to be its remote and exclusive nature. This has gone and made sure that the area [&hellip;]<\/p>\n","protected":false},"author":1,"featured_media":2716,"parent":320,"menu_order":0,"comment_status":"closed","ping_status":"closed","template":"","meta":{"footnotes":""},"categories":[7],"tags":[],"class_list":["post-2685","page","type-page","status-publish","has-post-thumbnail","hentry","category-destinations"],"_links":{"self":[{"href":"https:\/\/www.goexpeditionsafrica.com\/fr\/wp-json\/wp\/v2\/pages\/2685","targetHints":{"allow":["GET"]}}],"collection":[{"href":"https:\/\/www.goexpeditionsafrica.com\/fr\/wp-json\/wp\/v2\/pages"}],"about":[{"href":"https:\/\/www.goexpeditionsafrica.com\/fr\/wp-json\/wp\/v2\/types\/page"}],"author":[{"embeddable":true,"href":"https:\/\/www.goexpeditionsafrica.com\/fr\/wp-json\/wp\/v2\/users\/1"}],"replies":[{"embeddable":true,"href":"https:\/\/www.goexpeditionsafrica.com\/fr\/wp-json\/wp\/v2\/comments?post=2685"}],"version-history":[{"count":5,"href":"https:\/\/www.goexpeditionsafrica.com\/fr\/wp-json\/wp\/v2\/pages\/2685\/revisions"}],"predecessor-version":[{"id":4748,"href":"https:\/\/www.goexpeditionsafrica.com\/fr\/wp-json\/wp\/v2\/pages\/2685\/revisions\/4748"}],"up":[{"embeddable":true,"href":"https:\/\/www.goexpeditionsafrica.com\/fr\/wp-json\/wp\/v2\/pages\/320"}],"wp:featuredmedia":[{"embeddable":true,"href":"https:\/\/www.goexpeditionsafrica.com\/fr\/wp-json\/wp\/v2\/media\/2716"}],"wp:attachment":[{"href":"https:\/\/www.goexpeditionsafrica.com\/fr\/wp-json\/wp\/v2\/media?parent=2685"}],"wp:term":[{"taxonomy":"category","embeddable":true,"href":"https:\/\/www.goexpeditionsafrica.com\/fr\/wp-json\/wp\/v2\/categories?post=2685"},{"taxonomy":"post_tag","embeddable":true,"href":"https:\/\/www.goexpeditionsafrica.com\/fr\/wp-json\/wp\/v2\/tags?post=2685"}],"curies":[{"name":"wp","href":"https:\/\/api.w.org\/{rel}","templated":true}]}}