{"id":2684,"date":"2024-07-09T11:04:47","date_gmt":"2024-07-09T11:04:47","guid":{"rendered":"https:\/\/goexpeditionsafrica.com\/new\/?page_id=2684"},"modified":"2024-09-14T15:46:33","modified_gmt":"2024-09-14T15:46:33","slug":"parc-national-de-la-gombe","status":"publish","type":"page","link":"https:\/\/www.goexpeditionsafrica.com\/fr\/travel-destinations\/gombe-national-park\/","title":{"rendered":"Parc national de Gombe"},"content":{"rendered":"<h2>\u00c0 propos du parc national de Gombe<\/h2>\n<p>Le parc national de la for\u00eat de Gombe est situ\u00e9 dans la partie la plus occidentale du pays. <a href=\"https:\/\/kigoma.go.tz\/kigoma\" target=\"_blank\" rel=\"noopener\">District de Kigoma<\/a> de Tanzanie, le long des rives du lac Tanganyika. Le parc couvre une superficie de 35 km2, ce qui en fait le plus petit parc national de Tanzanie et de la plupart des pays d'Afrique.<\/p>\n<p>Le parc est r\u00e9put\u00e9 dans le monde entier pour \u00eatre le lieu o\u00f9 se d\u00e9roulent les recherches scientifiques novatrices de l'Institut de recherche sur les maladies infectieuses. <a href=\"https:\/\/janegoodall.org\/\" target=\"_blank\" rel=\"noopener\">Jane Goodall<\/a> avec des chimpanz\u00e9s et d'autres primates. Le parc se compose de for\u00eats, de prairies ouvertes, de vall\u00e9es escarp\u00e9es et de for\u00eats tropicales humides. La diversit\u00e9 est stup\u00e9fiante pour un si petit territoire. La r\u00e9gion o\u00f9 se trouvent les primates est la for\u00eat tropicale dense.<\/p>\n<p>Explorer d'autres <a href=\"https:\/\/www.goexpeditionsafrica.com\/tanzania-travel-destinations\/\">Destinations de voyage en Tanzanie<\/a><\/p>\n<h2>Meilleure p\u00e9riode pour visiter le parc national de la Gombe<\/h2>\n<p>La saison s\u00e8che (de juin \u00e0 octobre) est la meilleure p\u00e9riode pour visiter le parc national de la for\u00eat de Gombe. C'est la p\u00e9riode o\u00f9 il ne pleut pratiquement pas, o\u00f9 le soleil brille abondamment et o\u00f9 les moustiques sont moins nombreux. Les chimpanz\u00e9s restent g\u00e9n\u00e9ralement sur les pentes inf\u00e9rieures et sont plus faciles \u00e0 rep\u00e9rer.<\/p>\n<ul>\n<li>La saison des pluies, de novembre \u00e0 mai, offre une exp\u00e9rience diff\u00e9rente mais tout aussi envo\u00fbtante dans le parc national de Gombe Stream.<\/li>\n<li>La for\u00eat s'anime d'une verdure \u00e9clatante et du chant des oiseaux.<\/li>\n<li>Bien que les pluies soient plus fr\u00e9quentes, cette p\u00e9riode offre une occasion unique d'observer les habitudes alimentaires des chimpanz\u00e9s, qui cherchent des fruits m\u00fbrs et s'alimentent au milieu de la v\u00e9g\u00e9tation luxuriante.<\/li>\n<li>La saison des pluies apporte \u00e9galement moins de touristes, ce qui permet une rencontre plus intime et sereine avec les chimpanz\u00e9s et les autres animaux sauvages.<\/li>\n<\/ul>\n<h2>Faune et flore<\/h2>\n<p>Le parc national de la for\u00eat de Gombe est r\u00e9put\u00e9 pour sa population d'animaux habitu\u00e9s \u00e0 la vie en for\u00eat. <a href=\"https:\/\/en.wikipedia.org\/wiki\/Chimpanzee\" target=\"_blank\" rel=\"noopener\">chimpanz\u00e9s<\/a>, Vous pourrez ainsi observer leurs interactions sociales captivantes, leurs comportements ludiques et leur remarquable intelligence.<\/p>\n<p>En vous promenant dans les for\u00eats denses, vous vous retrouverez peut-\u00eatre immerg\u00e9 dans un monde o\u00f9 la fronti\u00e8re entre l'homme et le singe s'estompe, car vous verrez les chimpanz\u00e9s se balancer sans effort d'un arbre \u00e0 l'autre et se livrer \u00e0 des \u00e9changes complexes.<\/p>\n<p>Si les chimpanz\u00e9s volent la vedette, le parc national de la for\u00eat de Gombe abrite \u00e9galement une vari\u00e9t\u00e9 d'autres esp\u00e8ces sauvages. <a href=\"https:\/\/en.wikipedia.org\/wiki\/Red_colobus\" target=\"_blank\" rel=\"noopener\">Singes colobes rouges<\/a> sautent gracieusement entre les branches, les singes vervets s'\u00e9battent \u00e0 la cime des arbres et les babouins oliv\u00e2tres parcourent le sol de la for\u00eat.<\/p>\n<p>Les oiseaux color\u00e9s remplissent l'air de leurs chants m\u00e9lodieux, tandis que le bushbuck et le duiker peuvent \u00eatre aper\u00e7us le long des lisi\u00e8res de la for\u00eat.<\/p>\n<h2>Points forts<\/h2>\n<p>Nous savons que vous attendez avec impatience de conna\u00eetre les principaux points forts des safaris dans le parc national de la for\u00eat de Gombe. Nous ne vous ferons pas attendre plus longtemps, car voici quelques exemples de ces points forts :<\/p>\n<ul>\n<li>Une nature vierge qui regorge d'une faune et d'une flore vari\u00e9es<\/li>\n<li>Lieu de recherche renomm\u00e9 sur les chimpanz\u00e9s par Jane Goodall Paysages spectaculaires de for\u00eats et de lacs<\/li>\n<li>La richesse de l'avifaune est un paradis pour les ornithologues.<\/li>\n<li>Promenade en bateau sur le lac Tanganyika<\/li>\n<\/ul>\n<p>Partez \u00e0 l'aventure dans le parc national de la for\u00eat de Gombe, o\u00f9 vivent des chimpanz\u00e9s et o\u00f9 les merveilles de la nature vous attendent. <a href=\"https:\/\/www.goexpeditionsafrica.com\/contact-us\/\">Planifiez vos safaris en Tanzanie<\/a> avec nous et d\u00e9couvrez la beaut\u00e9 brute du joyau cach\u00e9 de la Tanzanie. Lib\u00e9rez l'explorateur qui sommeille en vous et soyez t\u00e9moin de la magie de cette nature sauvage africaine !<\/p>\n<p>Et cr\u00e9ez des souvenirs inoubliables avec nos safaris.<\/p>","protected":false},"excerpt":{"rendered":"<p>About Gombe National Park Gombe Forest National Park is situated in the westernmost Kigoma district of Tanzania, along the shores of Lake Tanganyika. The park covers an area of 35 sq. km. making it the smallest Tanzania National Park as well as across most of Africa. The park is renowned across the world as being [&hellip;]<\/p>\n","protected":false},"author":1,"featured_media":2702,"parent":320,"menu_order":0,"comment_status":"closed","ping_status":"closed","template":"","meta":{"footnotes":""},"categories":[7],"tags":[],"class_list":["post-2684","page","type-page","status-publish","has-post-thumbnail","hentry","category-destinations"],"_links":{"self":[{"href":"https:\/\/www.goexpeditionsafrica.com\/fr\/wp-json\/wp\/v2\/pages\/2684","targetHints":{"allow":["GET"]}}],"collection":[{"href":"https:\/\/www.goexpeditionsafrica.com\/fr\/wp-json\/wp\/v2\/pages"}],"about":[{"href":"https:\/\/www.goexpeditionsafrica.com\/fr\/wp-json\/wp\/v2\/types\/page"}],"author":[{"embeddable":true,"href":"https:\/\/www.goexpeditionsafrica.com\/fr\/wp-json\/wp\/v2\/users\/1"}],"replies":[{"embeddable":true,"href":"https:\/\/www.goexpeditionsafrica.com\/fr\/wp-json\/wp\/v2\/comments?post=2684"}],"version-history":[{"count":5,"href":"https:\/\/www.goexpeditionsafrica.com\/fr\/wp-json\/wp\/v2\/pages\/2684\/revisions"}],"predecessor-version":[{"id":4747,"href":"https:\/\/www.goexpeditionsafrica.com\/fr\/wp-json\/wp\/v2\/pages\/2684\/revisions\/4747"}],"up":[{"embeddable":true,"href":"https:\/\/www.goexpeditionsafrica.com\/fr\/wp-json\/wp\/v2\/pages\/320"}],"wp:featuredmedia":[{"embeddable":true,"href":"https:\/\/www.goexpeditionsafrica.com\/fr\/wp-json\/wp\/v2\/media\/2702"}],"wp:attachment":[{"href":"https:\/\/www.goexpeditionsafrica.com\/fr\/wp-json\/wp\/v2\/media?parent=2684"}],"wp:term":[{"taxonomy":"category","embeddable":true,"href":"https:\/\/www.goexpeditionsafrica.com\/fr\/wp-json\/wp\/v2\/categories?post=2684"},{"taxonomy":"post_tag","embeddable":true,"href":"https:\/\/www.goexpeditionsafrica.com\/fr\/wp-json\/wp\/v2\/tags?post=2684"}],"curies":[{"name":"wp","href":"https:\/\/api.w.org\/{rel}","templated":true}]}}