{"id":2650,"date":"2024-07-09T10:45:46","date_gmt":"2024-07-09T10:45:46","guid":{"rendered":"https:\/\/goexpeditionsafrica.com\/new\/?page_id=2650"},"modified":"2026-02-14T06:36:00","modified_gmt":"2026-02-14T06:36:00","slug":"parc-national-du-kilimandjaro-2","status":"publish","type":"page","link":"https:\/\/www.goexpeditionsafrica.com\/fr\/travel-destinations\/kilimanjaro-national-park-2\/","title":{"rendered":"Parc national du Kilimandjaro"},"content":{"rendered":"<h2>\u00c0 propos du parc national du Kilimandjaro<\/h2>\n<p>Situ\u00e9 en Tanzanie, \u00e0 la fronti\u00e8re nord du Kenya, le parc national du Kilimandjaro, d'une superficie de 1 688 km2, abrite la plus grande masse volcanique isol\u00e9e de la plan\u00e8te et la plus grande montagne d'Afrique. <a href=\"https:\/\/www.goexpeditionsafrica.com\/mount-kilimanjaro-climbing\/\">Mont Kilimandjaro<\/a>.<\/p>\n<p>Le mont Kilimandjaro et le parc national qui l'entoure sont uniques car presque tous les \u00e9cosyst\u00e8mes sont repr\u00e9sent\u00e9s entre la base et le sommet. Le parc est situ\u00e9 \u00e0 300 km au sud de l'\u00e9quateur, dans la r\u00e9gion du Kilimandjaro, en Tanzanie, et comprend l'ensemble de la montagne au-dessus de la limite des arbres et la ceinture foresti\u00e8re montagnarde qui l'entoure, \u00e0 plus de 1 820 m\u00e8tres d'altitude.<\/p>\n<p>Explorer d'autres<a href=\"https:\/\/www.goexpeditionsafrica.com\/tanzania-travel-destinations\/\"> Destinations de voyage en Tanzanie<\/a><\/p>\n<h2>Meilleure p\u00e9riode pour visiter<\/h2>\n<p>Les mois de janvier et f\u00e9vrier et de septembre \u00e0 octobre sont g\u00e9n\u00e9ralement consid\u00e9r\u00e9s comme la meilleure p\u00e9riode pour visiter le parc national du Kilimandjaro. Pendant ces mois, le temps est g\u00e9n\u00e9ralement clair, avec moins de pr\u00e9cipitations et des temp\u00e9ratures douces qui rendent les randonn\u00e9es plus confortables. La visibilit\u00e9 est optimale, offrant des vues panoramiques \u00e0 couper le souffle sur les paysages environnants, y compris les vastes plaines africaines et les glaciers \u00e9poustouflants au sommet de la montagne.<\/p>\n<ul>\n<li>Cependant, l'attrait du parc national du Kilimandjaro s'\u00e9tend au-del\u00e0 de ces deux p\u00e9riodes id\u00e9ales.<\/li>\n<li>Les mois interm\u00e9diaires de juin, juillet et ao\u00fbt offrent \u00e9galement d'excellentes conditions m\u00e9t\u00e9orologiques, bien que les temp\u00e9ratures soient l\u00e9g\u00e8rement plus fra\u00eeches.<\/li>\n<li>Ces mois-l\u00e0, l'afflux de visiteurs est mod\u00e9r\u00e9, ce qui permet de trouver un \u00e9quilibre entre la solitude de la nature et le partage de l'exp\u00e9rience avec d'autres aventuriers.<\/li>\n<li>La verdure luxuriante et les fleurs sauvages \u00e9clatantes qui fleurissent pendant ces mois cr\u00e9ent une toile de fond pittoresque pour les randonneurs.<\/li>\n<\/ul>\n<p>Pour ceux qui recherchent une exp\u00e9rience de safari en Tanzanie plus calme et moins fr\u00e9quent\u00e9e, les mois creux de novembre \u00e0 d\u00e9cembre et de mars \u00e0 mai offrent la possibilit\u00e9 d'explorer le parc avec moins de touristes.<\/p>\n<p>Bien qu'il y ait plus de chances qu'il y ait des pr\u00e9cipitations, ces mois-l\u00e0 mettent en valeur la beaut\u00e9 du Kilimandjaro. Malgr\u00e9 les averses occasionnelles, ces mois mettent en valeur la beaut\u00e9 du Kilimandjaro, car la pluie nourrit la flore et la faune diverses qui habitent le parc.<\/p>\n<h2>Faune et flore<\/h2>\n<p>Le parc national du Kilimandjaro abrite une grande vari\u00e9t\u00e9 d'animaux sauvages tels que les \u00e9l\u00e9phants de for\u00eat, <a href=\"https:\/\/en.wikipedia.org\/wiki\/Common_duiker\" target=\"_blank\" rel=\"noopener\">c\u00e9phalophe gris<\/a>, Les esp\u00e8ces les plus importantes sont, entre autres, les buffles du Cap, les hyrax arboricoles, les babouins et les b\u00e9b\u00e9s de la brousse.<\/p>\n<p>Depuis les for\u00eats tropicales luxuriantes \u00e0 la base jusqu'aux d\u00e9serts alpins arides pr\u00e8s du sommet. L'un des habitants les plus embl\u00e9matiques du parc est l'\u00e9l\u00e9phant d'Afrique. Ces doux g\u00e9ants traversent gracieusement les pentes inf\u00e9rieures, laissant leur empreinte sur le sol de la for\u00eat pendant qu'ils cherchent de la nourriture.<\/p>\n<ul>\n<li>Apercevoir un troupeau d'\u00e9l\u00e9phants avec en toile de fond le sommet enneig\u00e9 du Kilimandjaro est un spectacle qui capture v\u00e9ritablement l'essence de la nature sauvage africaine.<\/li>\n<li>Un autre point fort du parc national du Kilimandjaro est l'incroyable vari\u00e9t\u00e9 de primates qui y vivent.<\/li>\n<li>Les for\u00eats sont anim\u00e9es par les sons des singes colobes joueurs, des singes bleus agiles et des singes vervets espi\u00e8gles qui se balancent de branche en branche.<\/li>\n<\/ul>\n<p>L'observation de leurs prouesses acrobatiques et de leur dynamique sociale complexe est une exp\u00e9rience captivante qui rapproche les visiteurs des merveilles du monde naturel.<\/p>\n<h2>Points forts<\/h2>\n<p>Voici quelques-uns des principaux enseignements et exp\u00e9riences des safaris dans le parc national du Kilimandjaro, qui ne manqueront pas de vous combler :<\/p>\n<ul>\n<li>Marches guid\u00e9es dans la nature sur les pentes inf\u00e9rieures du Kilimandjaro<\/li>\n<li>Visites photographiques - Pour ceux qui veulent repartir avec des souvenirs qui r\u00e9sistent \u00e0 l'\u00e9preuve du temps<\/li>\n<li>Observation des oiseaux - avec la pr\u00e9sence de plus de 180 esp\u00e8ces diff\u00e9rentes d'oiseaux<\/li>\n<li>Trekking vers le point culminant et le toit de l'Afrique - le Mont Kilimandjaro<\/li>\n<\/ul>\n<p>Vous avez h\u00e2te de vivre l'exp\u00e9rience d'un safari en Tanzanie dans le parc national du Mont Kilimandjaro ? Alors.., <a href=\"https:\/\/www.goexpeditionsafrica.com\/contact-us\/\">choisissez-nous comme partenaire de voyage<\/a> et d\u00e9couvrez la gloire du Kilimandjaro en personne !<\/p>\n<hr \/>\n<h4>Informations utiles sur les voyages en Tanzanie<\/h4>\n<p><a href=\"https:\/\/www.goexpeditionsafrica.com\/tanzania-travel\/food-on-your-tanzania-safari\/\">Nourriture lors de votre safari en Tanzanie<\/a><br \/>\n<a href=\"https:\/\/www.goexpeditionsafrica.com\/tanzania-travel\/tanzania-safari-cost\/\">Co\u00fbt du safari en Tanzanie<\/a><br \/>\n<a href=\"https:\/\/www.goexpeditionsafrica.com\/tanzania-travel\/tipping-in-tanzania-safari\/\">Pourboires lors d'un safari en Tanzanie<\/a><br \/>\n<a href=\"https:\/\/www.goexpeditionsafrica.com\/tanzania-travel\/tanzania-safari-packing-list\/\">Liste des bagages pour le safari en Tanzanie<\/a><br \/>\n<a href=\"https:\/\/www.goexpeditionsafrica.com\/tanzania-travel\/tanzania-safari-facts\/\">Faits concernant les safaris en Tanzanie<\/a><br \/>\n<a href=\"https:\/\/www.goexpeditionsafrica.com\/tanzania-travel\/tanzania-safari-faq\/\">FAQ sur les safaris en Tanzanie<\/a><br \/>\n<a href=\"https:\/\/www.goexpeditionsafrica.com\/tanzania-travel\/tanzanian-people\/\">Le peuple tanzanien<\/a><br \/>\n<a href=\"https:\/\/www.goexpeditionsafrica.com\/tanzania-travel\/best-time-to-visit-tanzania\/\">Meilleure p\u00e9riode pour visiter la Tanzanie<\/a><\/p>\n<hr \/>\n<p>&nbsp;<\/p>","protected":false},"excerpt":{"rendered":"<p>About Kilimanjaro National Park Located in Tanzania alongside the Kenyan northern border, Kilimanjaro National Park covering an area of 1,688 sq. km. shelters the largest free-standing volcanic mass on Earth and the largest mountain in Africa \u2013 Mount Kilimanjaro. Mount Kilimanjaro and the encircling national park is unique since almost all ecosystems are accounted for [&hellip;]<\/p>\n","protected":false},"author":1,"featured_media":2667,"parent":320,"menu_order":0,"comment_status":"closed","ping_status":"closed","template":"","meta":{"footnotes":""},"categories":[7],"tags":[],"class_list":["post-2650","page","type-page","status-publish","has-post-thumbnail","hentry","category-destinations"],"_links":{"self":[{"href":"https:\/\/www.goexpeditionsafrica.com\/fr\/wp-json\/wp\/v2\/pages\/2650","targetHints":{"allow":["GET"]}}],"collection":[{"href":"https:\/\/www.goexpeditionsafrica.com\/fr\/wp-json\/wp\/v2\/pages"}],"about":[{"href":"https:\/\/www.goexpeditionsafrica.com\/fr\/wp-json\/wp\/v2\/types\/page"}],"author":[{"embeddable":true,"href":"https:\/\/www.goexpeditionsafrica.com\/fr\/wp-json\/wp\/v2\/users\/1"}],"replies":[{"embeddable":true,"href":"https:\/\/www.goexpeditionsafrica.com\/fr\/wp-json\/wp\/v2\/comments?post=2650"}],"version-history":[{"count":5,"href":"https:\/\/www.goexpeditionsafrica.com\/fr\/wp-json\/wp\/v2\/pages\/2650\/revisions"}],"predecessor-version":[{"id":4749,"href":"https:\/\/www.goexpeditionsafrica.com\/fr\/wp-json\/wp\/v2\/pages\/2650\/revisions\/4749"}],"up":[{"embeddable":true,"href":"https:\/\/www.goexpeditionsafrica.com\/fr\/wp-json\/wp\/v2\/pages\/320"}],"wp:featuredmedia":[{"embeddable":true,"href":"https:\/\/www.goexpeditionsafrica.com\/fr\/wp-json\/wp\/v2\/media\/2667"}],"wp:attachment":[{"href":"https:\/\/www.goexpeditionsafrica.com\/fr\/wp-json\/wp\/v2\/media?parent=2650"}],"wp:term":[{"taxonomy":"category","embeddable":true,"href":"https:\/\/www.goexpeditionsafrica.com\/fr\/wp-json\/wp\/v2\/categories?post=2650"},{"taxonomy":"post_tag","embeddable":true,"href":"https:\/\/www.goexpeditionsafrica.com\/fr\/wp-json\/wp\/v2\/tags?post=2650"}],"curies":[{"name":"wp","href":"https:\/\/api.w.org\/{rel}","templated":true}]}}