{"id":2649,"date":"2024-07-09T10:25:34","date_gmt":"2024-07-09T10:25:34","guid":{"rendered":"https:\/\/goexpeditionsafrica.com\/new\/?page_id=2649"},"modified":"2024-09-14T16:15:41","modified_gmt":"2024-09-14T16:15:41","slug":"parc-national-de-mikumi-2","status":"publish","type":"page","link":"https:\/\/www.goexpeditionsafrica.com\/fr\/travel-destinations\/mikumi-national-park-2\/","title":{"rendered":"Parc national de Mikumi"},"content":{"rendered":"<h2>\u00c0 propos du parc national de Mikumi<\/h2>\n<p>Joyau cach\u00e9 du tr\u00e9sor animalier tanzanien, le parc national de Mikumi est dot\u00e9 d'une fantastique concentration d'animaux sauvages. On y observe notamment plusieurs antilopes et des esp\u00e8ces qui ne sont pr\u00e9sentes que dans une poign\u00e9e de pays. <a href=\"https:\/\/www.goexpeditionsafrica.com\/tanzania-travel-destinations\/\">Destinations des safaris en Tanzanie<\/a>.<\/p>\n<p>La principale attraction du parc est la plaine inondable de Mikumi, o\u00f9 les savanes ouvertes rencontrent la mer. <a href=\"https:\/\/en.wikipedia.org\/wiki\/Miombo\" target=\"_blank\" rel=\"noopener\">For\u00eats de miombo<\/a> Le parc national de Mikumi est situ\u00e9 dans un environnement id\u00e9al pour l'observation de la faune. Le parc est \u00e9galement bien situ\u00e9 et si vous combinez cela avec le fait qu'il accueille beaucoup moins de visiteurs, le parc national de Mikumi est certainement l'une des destinations de safari que vous devez explorer.<\/p>\n<h2>Meilleure p\u00e9riode pour visiter<\/h2>\n<p>En termes d'observation de la faune et de la flore, le <a href=\"https:\/\/www.goexpeditionsafrica.com\/best-time-to-visit-tanzania\/\">Meilleure p\u00e9riode pour visiter<\/a> Le parc national de Mikumi est accessible tout au long de l'ann\u00e9e. Mais si vous voulez avoir une longueur d'avance sur les possibilit\u00e9s d'observation, une visite pendant la saison s\u00e8che (de fin juin \u00e0 octobre) est fortement recommand\u00e9e. C'est \u00e0 ce moment-l\u00e0 que la v\u00e9g\u00e9tation est beaucoup plus clairsem\u00e9e et que les animaux se rassemblent autour des points d'eau.<\/p>\n<ul>\n<li>La saison humide, de novembre \u00e0 mai, offre une exp\u00e9rience diff\u00e9rente mais tout aussi captivante dans le parc national de Mikumi.<\/li>\n<li>Pendant cette p\u00e9riode, le parc se transforme en un paradis verdoyant, car les pr\u00e9cipitations rajeunissent le paysage.<\/li>\n<li>La v\u00e9g\u00e9tation y est florissante, attirant une multitude d'animaux qui broutent, notamment des gnous et des impalas.<\/li>\n<li>La saison des pluies am\u00e8ne \u00e9galement des oiseaux migrateurs dans le parc, ce qui en fait un paradis pour les amateurs d'ornithologie.<\/li>\n<\/ul>\n<p>Bien que des averses occasionnelles puissent perturber les activit\u00e9s, la saison humide offre une atmosph\u00e8re plus calme et plus sereine, avec moins de touristes et la possibilit\u00e9 d'assister au cycle de la vie lorsque les animaux nouveau-n\u00e9s font leurs premiers pas.<\/p>\n<h2>Faune et flore<\/h2>\n<p>Le parc national de Mikumi est un r\u00eave pour les amateurs d'animaux sauvages. Il abrite une faune fascinante dans ses vastes plaines et ses for\u00eats denses. Des lions royaux se pr\u00e9lassant au soleil aux girafes gracieuses traversant la savane, le parc est un havre de paix pour la faune embl\u00e9matique de l'Afrique.<\/p>\n<p>Les \u00e9l\u00e9phants se prom\u00e8nent majestueusement, tandis que les z\u00e8bres et les gnous cr\u00e9ent un spectacle lors de leur migration annuelle. Mikumi abrite \u00e9galement d'insaisissables l\u00e9opards et hy\u00e8nes tachet\u00e9es, qui ajoutent une touche de myst\u00e8re \u00e0 l'exp\u00e9rience du safari.<\/p>\n<p>En outre, l'un des points forts du parc national de Mikumi est l'observation de l'\u00e9land, la plus grande antilope du monde. L'antilope zibeline et le grand koudou, tout aussi impressionnants, peuvent \u00eatre observ\u00e9s sur les contreforts couverts de for\u00eats de Miombo de la montagne qui s'\u00e9l\u00e8ve aux abords du parc.<\/p>\n<h2>Points forts<\/h2>\n<p>Voici quelques-uns des moments les plus m\u00e9morables de votre safari dans le parc national de Mikumi :<\/p>\n<ul>\n<li>La faune africaine embl\u00e9matique - Lions, \u00e9l\u00e9phants, girafes, etc.<\/li>\n<li>Une faune abondante - Un paradis pour les amateurs d'ornithologie.<\/li>\n<li>Des paysages \u00e0 couper le souffle - vastes plaines et for\u00eats denses.<\/li>\n<li>Pr\u00e9dateurs nocturnes - Les l\u00e9opards et les hy\u00e8nes, insaisissables, font leur apparition.<\/li>\n<li>Une exp\u00e9rience inoubliable dans la nature sauvage - A la rencontre de l'esprit sauvage de l'Afrique.<\/li>\n<\/ul>\n<p>Le temps est venu pour les amateurs de safari de laisser leur marque sur les safaris en Tanzanie et de visiter certaines des attractions les plus m\u00e9connues que ce pays merveilleux a \u00e0 offrir !<\/p>\n<p>Autres informations utiles sur la Tanzanie ;<\/p>\n<p><a href=\"https:\/\/www.goexpeditionsafrica.com\/how-many-days-before-should-you-book-your-tanzania-safari-tours\/\">Combien de jours \u00e0 l'avance devez-vous r\u00e9server votre safari en Tanzanie ?<\/a><\/p>\n<p><a href=\"https:\/\/www.goexpeditionsafrica.com\/why-tanzania-could-be-the-best-safari-destination\/\">Pourquoi la Tanzanie pourrait-elle \u00eatre la meilleure destination pour les safaris ?<\/a><\/p>\n<p><a href=\"https:\/\/www.goexpeditionsafrica.com\/top-destinations-in-tanzania-for-a-first-time-visitor\/\">Les meilleures destinations en Tanzanie pour un premier visiteur !<\/a><\/p>\n<p>&nbsp;<\/p>","protected":false},"excerpt":{"rendered":"<p>About Mikumi National Park A hidden gem of Tanzania\u2019s wildlife treasure chest \u2013 Mikumi National Park is endowed with a fantastic concentration of wildlife, including sightings of several antelopes and species that are only present in a handful of Tanzania Safari Destinations. The park\u2019s premier attraction is the Mikumi Floodplain, where open savannahs meet the [&hellip;]<\/p>\n","protected":false},"author":1,"featured_media":2651,"parent":320,"menu_order":0,"comment_status":"closed","ping_status":"closed","template":"","meta":{"footnotes":""},"categories":[7],"tags":[],"class_list":["post-2649","page","type-page","status-publish","has-post-thumbnail","hentry","category-destinations"],"_links":{"self":[{"href":"https:\/\/www.goexpeditionsafrica.com\/fr\/wp-json\/wp\/v2\/pages\/2649","targetHints":{"allow":["GET"]}}],"collection":[{"href":"https:\/\/www.goexpeditionsafrica.com\/fr\/wp-json\/wp\/v2\/pages"}],"about":[{"href":"https:\/\/www.goexpeditionsafrica.com\/fr\/wp-json\/wp\/v2\/types\/page"}],"author":[{"embeddable":true,"href":"https:\/\/www.goexpeditionsafrica.com\/fr\/wp-json\/wp\/v2\/users\/1"}],"replies":[{"embeddable":true,"href":"https:\/\/www.goexpeditionsafrica.com\/fr\/wp-json\/wp\/v2\/comments?post=2649"}],"version-history":[{"count":5,"href":"https:\/\/www.goexpeditionsafrica.com\/fr\/wp-json\/wp\/v2\/pages\/2649\/revisions"}],"predecessor-version":[{"id":4750,"href":"https:\/\/www.goexpeditionsafrica.com\/fr\/wp-json\/wp\/v2\/pages\/2649\/revisions\/4750"}],"up":[{"embeddable":true,"href":"https:\/\/www.goexpeditionsafrica.com\/fr\/wp-json\/wp\/v2\/pages\/320"}],"wp:featuredmedia":[{"embeddable":true,"href":"https:\/\/www.goexpeditionsafrica.com\/fr\/wp-json\/wp\/v2\/media\/2651"}],"wp:attachment":[{"href":"https:\/\/www.goexpeditionsafrica.com\/fr\/wp-json\/wp\/v2\/media?parent=2649"}],"wp:term":[{"taxonomy":"category","embeddable":true,"href":"https:\/\/www.goexpeditionsafrica.com\/fr\/wp-json\/wp\/v2\/categories?post=2649"},{"taxonomy":"post_tag","embeddable":true,"href":"https:\/\/www.goexpeditionsafrica.com\/fr\/wp-json\/wp\/v2\/tags?post=2649"}],"curies":[{"name":"wp","href":"https:\/\/api.w.org\/{rel}","templated":true}]}}