{"id":1789,"date":"2024-07-06T08:36:47","date_gmt":"2024-07-06T08:36:47","guid":{"rendered":"https:\/\/goexpeditionsafrica.com\/new\/?page_id=1789"},"modified":"2024-09-14T15:44:51","modified_gmt":"2024-09-14T15:44:51","slug":"parc-national-darusha","status":"publish","type":"page","link":"https:\/\/www.goexpeditionsafrica.com\/fr\/travel-destinations\/arusha-national-park\/","title":{"rendered":"Parc national d'Arusha"},"content":{"rendered":"<h2>\u00c0 propos du parc national d'Arusha<\/h2>\n<p>Le parc national d'Arusha, avec ses paysages s\u00e9duisants et sa faune diversifi\u00e9e, occupe une place particuli\u00e8re parmi les <a href=\"https:\/\/www.goexpeditionsafrica.com\/tanzania-travel-destinations\">L'impressionnante gamme de parcs de Tanzanie<\/a>. Nich\u00e9 \u00e0 l'extr\u00e9mit\u00e9 orientale de la vall\u00e9e du Grand Rift, le parc s'\u00e9tend sur 552 kilom\u00e8tres carr\u00e9s.<\/p>\n<p>Malgr\u00e9 sa taille modeste, il poss\u00e8de une multitude d'habitats uniques - des for\u00eats tropicales luxuriantes du crat\u00e8re de Ngurdoto \u00e0 la beaut\u00e9 tranquille de l'estuaire de l'Oc\u00e9an Indien, en passant par l'estuaire de l'Oc\u00e9an Pacifique. <a href=\"https:\/\/en.wikipedia.org\/wiki\/Momela_Lakes\" target=\"_blank\" rel=\"noopener\">Lacs Momella<\/a> et l'imposante majest\u00e9 de <a href=\"https:\/\/www.goexpeditionsafrica.com\/mount-meru\/\">Mont Meru<\/a>. Arusha s\u00e9duit sans peine les visiteurs par son passage spectaculaire d'un terrain montagneux immacul\u00e9 \u00e0 des sc\u00e8nes urbaines anim\u00e9es, un contraste captivant qui reste in\u00e9gal\u00e9 dans le monde.<\/p>\n<p>Contrairement \u00e0 ses c\u00e9l\u00e8bres homologues, le Serengeti et le Ngorongoro, le parc national d'Arusha offre une exp\u00e9rience de safari en Tanzanie nettement plus calme, mais tout aussi fascinante. Ce parc spectaculaire est \u00e9galement une porte d'entr\u00e9e essentielle pour le circuit nord de la Tanzanie. <a href=\"https:\/\/www.goexpeditionsafrica.com\/tanzania-travel-destinations\/\">Les destinations safari embl\u00e9matiques de l'Afrique de l'Est<\/a>.<\/p>\n<h3>Meilleure p\u00e9riode pour visiter<\/h3>\n<p>Le parc national d'Arusha est int\u00e9ressant \u00e0 visiter tout au long de l'ann\u00e9e, la faune et la flore \u00e9tant facilement rep\u00e9rables dans la diversit\u00e9 des paysages.<\/p>\n<ul>\n<li>Cependant, la saison s\u00e8che, de juin \u00e0 octobre, offre les meilleures conditions pour les safaris \u00e0 pied, avec un ciel plus clair et moins de moustiques.<\/li>\n<li>En revanche, la saison des pluies, de novembre \u00e0 mai, apporte un paysage rajeuni, une riche avifaune et moins de visiteurs.<\/li>\n<li>C'est une excellente p\u00e9riode pour les ornithologues, car les esp\u00e8ces migratrices \u00e9lisent domicile dans le parc.<\/li>\n<li>La verdure florissante de cette saison offre des possibilit\u00e9s de photos spectaculaires.<\/li>\n<\/ul>\n<h3>Faune et flore<\/h3>\n<p>Abritant une grande vari\u00e9t\u00e9 d'animaux sauvages, le parc national d'Arusha vous permet de vivre l'exp\u00e9rience unique d'un safari africain. Ici, les paysages verdoyants r\u00e9sonnent des bruits de la nature : les trompettes des \u00e9l\u00e9phants, le bruissement des singes dans la canop\u00e9e et le clapotis des hippopotames dans les lacs Momella. Si le parc ne peut s'enorgueillir des vastes troupeaux de gnous et de z\u00e8bres de ses homologues du sud, il offre la rare chance d'apercevoir quelques esp\u00e8ces int\u00e9ressantes.<\/p>\n<p>Les singes colobes noirs et blancs se balancent dans les for\u00eats luxuriantes et les gracieuses girafes parcourent la savane, tandis que des familles de phacoch\u00e8res peuvent \u00eatre aper\u00e7ues en train de chercher de la nourriture. Le parc est \u00e9galement un sanctuaire pour le rare et magnifique <a href=\"https:\/\/en.wikipedia.org\/wiki\/Cape_bushbuck\" target=\"_blank\" rel=\"noopener\">potamoch\u00e8re<\/a> et <a href=\"https:\/\/en.wikipedia.org\/wiki\/Reedbuck\" target=\"_blank\" rel=\"noopener\">roseau<\/a>.<\/p>\n<p>Le parc national d'Arusha est \u00e9galement un paradis pour les ornithologues. Il abrite une multitude d'esp\u00e8ces aviaires color\u00e9es, notamment des flamants roses, des martins-p\u00eacheurs et le majestueux aigle p\u00eacheur d'Afrique. Que vous soyez un ornithologue passionn\u00e9 ou un observateur occasionnel, les oiseaux du parc vous promettent un spectacle captivant.<\/p>\n<h3>Points forts<\/h3>\n<p>Le parc national d'Arusha, bien que moins fr\u00e9quent\u00e9, offre des exp\u00e9riences aussi uniques et passionnantes que ses c\u00e9l\u00e8bres voisins. Voici quelques-uns des points forts de la visite de ce paradis serein :<\/p>\n<ul>\n<li>Une faune unique - des singes colobes aux bushbucks et aux girafes.<\/li>\n<li>Une faune et une flore extraordinaires - plus de 400 esp\u00e8ces, un paradis pour les ornithologues.<\/li>\n<li>Des paysages spectaculaires - du mont Meru aux for\u00eats de jungle et aux lacs tranquilles.<\/li>\n<li>Safaris \u00e0 pied - D\u00e9couvrez la faune et la flore tanzaniennes de plus pr\u00e8s.<\/li>\n<li>Une exp\u00e9rience inoubliable dans la nature sauvage - plongez dans les divers habitats de l'Afrique sauvage.<\/li>\n<\/ul>\n<p>Si vous avez l'intention de faire le premier pas vers votre aventure \u00e0 Arusha, contactez-nous d\u00e8s aujourd'hui pour planifier votre voyage. <a href=\"https:\/\/www.goexpeditionsafrica.com\/tanzania-safari-tours\/\">Safari en Tanzanie<\/a>. Sortez des sentiers battus et p\u00e9n\u00e9trez au c\u0153ur de la beaut\u00e9 sauvage de la Tanzanie - le parc national d'Arusha vous attend !<\/p>\n<hr \/>\n<h3>Conseils de voyage utiles<\/h3>\n<p><a href=\"https:\/\/www.goexpeditionsafrica.com\/6-essential-tips-to-look-out-for-on-your-tanzania-safari-tours-2\/\">6 conseils essentiels \u00e0 prendre en compte lors de votre safari en Tanzanie !<\/a><br \/>\n<a href=\"https:\/\/www.goexpeditionsafrica.com\/guide-to-an-adventurous-tanzania-safari-tour-with-your-kids\/\">Guide pour un safari aventureux en Tanzanie avec vos enfants !<\/a><br \/>\n<a href=\"https:\/\/www.goexpeditionsafrica.com\/wp-admin\/post.php?post=2632&amp;action=edit\" aria-label=\"\u201cCombien de jours \u00e0 l&#039;avance devez-vous r\u00e9server votre safari en Tanzanie ? (Editer)\">Combien de jours \u00e0 l'avance devez-vous r\u00e9server votre safari en Tanzanie ?<\/a><br \/>\n<a href=\"https:\/\/www.goexpeditionsafrica.com\/why-tanzania-could-be-the-best-safari-destination\/\">Pourquoi la Tanzanie pourrait-elle \u00eatre la meilleure destination pour les safaris ?<\/a><\/p>","protected":false},"excerpt":{"rendered":"<p>About Arusha National Park Arusha National Park, with its alluring landscapes and diverse wildlife, holds a special place among Tanzania&#8217;s impressive range of parks. Nestled on the Great Rift Valley&#8217;s eastern edge, the park spans 552 square kilometres. Despite its modest size, it has got a wealth of unique habitats &#8211; from the lush rainforests [&hellip;]<\/p>\n","protected":false},"author":1,"featured_media":1792,"parent":320,"menu_order":0,"comment_status":"closed","ping_status":"closed","template":"","meta":{"footnotes":""},"categories":[7],"tags":[],"class_list":["post-1789","page","type-page","status-publish","has-post-thumbnail","hentry","category-destinations"],"_links":{"self":[{"href":"https:\/\/www.goexpeditionsafrica.com\/fr\/wp-json\/wp\/v2\/pages\/1789","targetHints":{"allow":["GET"]}}],"collection":[{"href":"https:\/\/www.goexpeditionsafrica.com\/fr\/wp-json\/wp\/v2\/pages"}],"about":[{"href":"https:\/\/www.goexpeditionsafrica.com\/fr\/wp-json\/wp\/v2\/types\/page"}],"author":[{"embeddable":true,"href":"https:\/\/www.goexpeditionsafrica.com\/fr\/wp-json\/wp\/v2\/users\/1"}],"replies":[{"embeddable":true,"href":"https:\/\/www.goexpeditionsafrica.com\/fr\/wp-json\/wp\/v2\/comments?post=1789"}],"version-history":[{"count":5,"href":"https:\/\/www.goexpeditionsafrica.com\/fr\/wp-json\/wp\/v2\/pages\/1789\/revisions"}],"predecessor-version":[{"id":5254,"href":"https:\/\/www.goexpeditionsafrica.com\/fr\/wp-json\/wp\/v2\/pages\/1789\/revisions\/5254"}],"up":[{"embeddable":true,"href":"https:\/\/www.goexpeditionsafrica.com\/fr\/wp-json\/wp\/v2\/pages\/320"}],"wp:featuredmedia":[{"embeddable":true,"href":"https:\/\/www.goexpeditionsafrica.com\/fr\/wp-json\/wp\/v2\/media\/1792"}],"wp:attachment":[{"href":"https:\/\/www.goexpeditionsafrica.com\/fr\/wp-json\/wp\/v2\/media?parent=1789"}],"wp:term":[{"taxonomy":"category","embeddable":true,"href":"https:\/\/www.goexpeditionsafrica.com\/fr\/wp-json\/wp\/v2\/categories?post=1789"},{"taxonomy":"post_tag","embeddable":true,"href":"https:\/\/www.goexpeditionsafrica.com\/fr\/wp-json\/wp\/v2\/tags?post=1789"}],"curies":[{"name":"wp","href":"https:\/\/api.w.org\/{rel}","templated":true}]}}