{"id":1277,"date":"2024-07-03T12:49:58","date_gmt":"2024-07-03T12:49:58","guid":{"rendered":"https:\/\/goexpeditionsafrica.com\/new\/?page_id=1277"},"modified":"2025-05-28T12:24:07","modified_gmt":"2025-05-28T12:24:07","slug":"route-de-lumbwe","status":"publish","type":"page","link":"https:\/\/www.goexpeditionsafrica.com\/fr\/mount-kilimanjaro-climbing\/umbwe-route\/","title":{"rendered":"Route de l'Umbwe"},"content":{"rendered":"<div data-elementor-type=\"wp-page\" data-elementor-id=\"1277\" class=\"elementor elementor-1277\" data-elementor-post-type=\"page\">\n\t\t\t\t<div class=\"elementor-element elementor-element-24f3ab9a e-flex e-con-boxed e-con e-parent\" data-id=\"24f3ab9a\" data-element_type=\"container\" data-e-type=\"container\" data-settings=\"{&quot;background_background&quot;:&quot;classic&quot;}\">\n\t\t\t\t\t<div class=\"e-con-inner\">\n\t\t\t\t<div class=\"elementor-element elementor-element-18e96af3 elementor-widget elementor-widget-heading\" data-id=\"18e96af3\" data-element_type=\"widget\" data-e-type=\"widget\" data-widget_type=\"heading.default\">\n\t\t\t\t\t<h1 class=\"elementor-heading-title elementor-size-default\">Route de l'Umbwe<\/h1>\t\t\t\t<\/div>\n\t\t\t\t\t<\/div>\n\t\t\t\t<\/div>\n\t\t<div class=\"elementor-element elementor-element-681136da e-flex e-con-boxed e-con e-parent\" data-id=\"681136da\" data-element_type=\"container\" data-e-type=\"container\">\n\t\t\t\t\t<div class=\"e-con-inner\">\n\t\t\t\t<div class=\"elementor-element elementor-element-8634539 elementor-widget elementor-widget-shortcode\" data-id=\"8634539\" data-element_type=\"widget\" data-e-type=\"widget\" data-widget_type=\"shortcode.default\">\n\t\t\t\t\t\t\t<div class=\"elementor-shortcode\"><nav aria-label=\"chapelure\" class=\"rank-math-breadcrumb\"><p><span class=\"last\">Accueil<\/span><\/p><\/nav><\/div>\n\t\t\t\t\t\t<\/div>\n\t\t\t\t\t<\/div>\n\t\t\t\t<\/div>\n\t\t<div class=\"elementor-element elementor-element-74e3d240 e-flex e-con-boxed e-con e-parent\" data-id=\"74e3d240\" data-element_type=\"container\" data-e-type=\"container\">\n\t\t\t\t\t<div class=\"e-con-inner\">\n\t\t\t\t<div class=\"elementor-element elementor-element-1ed9f8d elementor-widget elementor-widget-text-editor\" data-id=\"1ed9f8d\" data-element_type=\"widget\" data-e-type=\"widget\" data-widget_type=\"text-editor.default\">\n\t\t\t\t\t\t\t\t\t<p>La route Umbwe vous invite \u00e0 une exp\u00e9dition passionnante, au d\u00e9part du versant sud du Kilimandjaro. Ce chemin moins connu combine des terrains difficiles avec des paysages attrayants, offrant une exp\u00e9rience con\u00e7ue pour les alpinistes chevronn\u00e9s.<\/p><h2>Une vue d'ensemble<\/h2><p>La route de l'Umbwe tire son charisme de sa difficult\u00e9 et de la beaut\u00e9 intacte de son trac\u00e9. Bien qu'elle soit la plus difficile, cette route du Kilimandjaro est incroyablement belle et moins fr\u00e9quent\u00e9e, offrant aux grimpeurs un voyage intact et paisible vers le sommet de la montagne.<\/p><h3>Principales caract\u00e9ristiques de la route d'Umbwe<\/h3><ul><li>Distance : Environ 53 kilom\u00e8tres<\/li><li>Difficult\u00e9 : Extr\u00eame, en raison de la mont\u00e9e rapide et abrupte.<\/li><li>Dur\u00e9e : Bien que cet itin\u00e9raire d'ascension du Kilimandjaro puisse \u00eatre parcouru en 5 jours, il est conseill\u00e9 d'opter pour des itin\u00e9raires proposant un trek de 6 \u00e0 7 jours, car cela permet une meilleure acclimatation.<\/li><li>Foule : il offre une intimit\u00e9 et une solitude in\u00e9gal\u00e9es en raison de sa nature peu fr\u00e9quent\u00e9e.<\/li><li>Conditions du sentier : Le sentier se caract\u00e9rise par sa raideur, ce qui vous oblige \u00e0 naviguer sur des formations rocheuses. \u00c0 certains endroits, vous devrez vous appuyer sur les racines des arbres pour remonter la pente. En vous aventurant dans la r\u00e9gion alpine, vous serez confront\u00e9s \u00e0 des vents puissants et resterez vuln\u00e9rables aux forces de la nature.<\/li><\/ul><h3>Points forts du paysage<\/h3><p>La route de l'Umbwe offre plusieurs sites \u00e0 couper le souffle, depuis les for\u00eats tropicales verdoyantes jusqu'\u00e0 l'imposante muraille de Barranco. Attractions particuli\u00e8res : Des for\u00eats tropicales luxuriantes, l'imposant mur de Barranco et l'impressionnant circuit du sud. Vues panoramiques : Vues saisissantes des plaines du sud et de l'imposant sommet du Kibo.<\/p><h3>Itin\u00e9raire concis<\/h3><p>L'aventure d'Umbwe se d\u00e9roule en une s\u00e9rie d'\u00e9tapes palpitantes :<\/p><ul><li>D\u00e9part : Le voyage commence \u00e0 la porte d'Umbwe, \u00e0 travers des for\u00eats tropicales luxuriantes.<\/li><li>Acclimatation : Le deuxi\u00e8me jour, le camp de Barranco est atteint, o\u00f9 les alpinistes peuvent se reposer et s'adapter \u00e0 l'altitude \u00e9lev\u00e9e.<\/li><li>Pouss\u00e9e vers le sommet : La pouss\u00e9e vers le sommet implique un trekking \u00e9prouvant jusqu'\u00e0 Uhuru Peak via Stella Point.<\/li><li>Descente : La descente suit la route de Mweka, en passant par les camps Millennium et Mweka.<\/li><\/ul><h3>Points de vue essentiels<\/h3><p>La voie Umbwe offre une ascension passionnante mais difficile, particuli\u00e8rement recommand\u00e9e aux alpinistes exp\u00e9riment\u00e9s.<\/p><ul><li>Taux de r\u00e9ussite : Environ 70%<\/li><li>Meilleure p\u00e9riode pour grimper : Saisons s\u00e8ches, en particulier janvier-mars et juin-octobre.<\/li><\/ul><h3>Peser le pour et le contre<\/h3><p>Chaque itin\u00e9raire pr\u00e9sente des atouts et des d\u00e9fis potentiels qui lui sont propres :<\/p><p><strong>Pour<\/strong> - Itin\u00e9raire panoramique et peu fr\u00e9quent\u00e9, voie directe, exp\u00e9rience unique pour les grimpeurs exp\u00e9riment\u00e9s.<\/p><p><strong>Cons<\/strong>- Difficult\u00e9 \u00e9lev\u00e9e en raison de la rapidit\u00e9 de l'ascension, des possibilit\u00e9s limit\u00e9es d'acclimatation, du faible taux de r\u00e9ussite.<\/p><h3>Conseils sp\u00e9cifiques \u00e0 l'itin\u00e9raire<\/h3><p>Tout en respectant les conseils g\u00e9n\u00e9raux pour l'ascension du Kilimandjaro, voici quelques suggestions sp\u00e9cifiques \u00e0 l'Umbwe :<\/p><ul><li>Une exp\u00e9rience pr\u00e9alable de l'escalade en haute altitude et une condition physique rigoureuse sont n\u00e9cessaires.<\/li><li>Malgr\u00e9 la difficult\u00e9 de l'ascension, il est essentiel de maintenir un rythme r\u00e9gulier \u201cpole-pole\u201d (lentement, lentement) pour \u00e9viter le mal de l'altitude.<\/li><li>Investissez dans du mat\u00e9riel d'escalade de haute qualit\u00e9 adapt\u00e9 aux diff\u00e9rentes conditions m\u00e9t\u00e9orologiques.<\/li><li>Envisagez de faire appel \u00e0 un guide professionnel pour am\u00e9liorer votre s\u00e9curit\u00e9 et votre taux de r\u00e9ussite.<\/li><\/ul><p>La route Umbwe du Kilimandjaro, connue pour ses sentiers escarp\u00e9s et ses paysages \u00e9poustouflants, offre un voyage inoubliable aux alpinistes chevronn\u00e9s gr\u00e2ce \u00e0 son ascension rapide et \u00e0 l'impressionnant mur de Barranco.<\/p><p>Malgr\u00e9 un niveau de difficult\u00e9 \u00e9lev\u00e9 et des possibilit\u00e9s d'acclimatation limit\u00e9es, le parcours extraordinaire et les vues magnifiques de la route d'Umbwe en font un choix passionnant pour les aventuriers exp\u00e9riment\u00e9s qui aspirent \u00e0 une ascension palpitante du Kilimandjaro.<\/p>\t\t\t\t\t\t\t\t<\/div>\n\t\t\t\t\t<\/div>\n\t\t\t\t<\/div>\n\t\t<div class=\"elementor-element elementor-element-1a46f624 e-flex e-con-boxed e-con e-parent\" data-id=\"1a46f624\" data-element_type=\"container\" data-e-type=\"container\" data-settings=\"{&quot;background_background&quot;:&quot;classic&quot;}\">\n\t\t\t\t\t<div class=\"e-con-inner\">\n\t\t<div class=\"elementor-element elementor-element-77cf9041 e-con-full e-flex e-con e-child\" data-id=\"77cf9041\" data-element_type=\"container\" data-e-type=\"container\">\n\t\t\t\t<div class=\"elementor-element elementor-element-452ca486 elementor-widget elementor-widget-heading\" data-id=\"452ca486\" data-element_type=\"widget\" data-e-type=\"widget\" data-widget_type=\"heading.default\">\n\t\t\t\t\t<h2 class=\"elementor-heading-title elementor-size-default\">PERSONNALISEZ VOTRE VOYAGE<\/h2>\t\t\t\t<\/div>\n\t\t\t\t<div class=\"elementor-element elementor-element-305b8a01 elementor-widget elementor-widget-text-editor\" data-id=\"305b8a01\" data-element_type=\"widget\" data-e-type=\"widget\" data-widget_type=\"text-editor.default\">\n\t\t\t\t\t\t\t\t\t<p>Pour commencer \u00e0 planifier votre voyage avec nous, vous pouvez cr\u00e9er un itin\u00e9raire \u00e0 partir de z\u00e9ro ou modifier l'un de nos itin\u00e9raires sugg\u00e9r\u00e9s. Vous voulez visiter une belle destination ou partir \u00e0 l'aventure pour atteindre le sommet ? Nous ferons en sorte que cela se produise.<\/p>\t\t\t\t\t\t\t\t<\/div>\n\t\t\t\t<div class=\"elementor-element elementor-element-321c9eaf elementor-widget elementor-widget-button\" data-id=\"321c9eaf\" data-element_type=\"widget\" data-e-type=\"widget\" data-widget_type=\"button.default\">\n\t\t\t\t\t\t\t\t\t\t<a class=\"elementor-button elementor-button-link elementor-size-sm\" href=\"https:\/\/www.goexpeditionsafrica.com\/contact-us\/\">\n\t\t\t\t\t\t<span class=\"elementor-button-content-wrapper\">\n\t\t\t\t\t\t\t\t\t<span class=\"elementor-button-text\">Demande de renseignements<\/span>\n\t\t\t\t\t<\/span>\n\t\t\t\t\t<\/a>\n\t\t\t\t\t\t\t\t<\/div>\n\t\t\t\t<\/div>\n\t\t<div class=\"elementor-element elementor-element-7a9783b8 e-con-full e-flex e-con e-child\" data-id=\"7a9783b8\" data-element_type=\"container\" data-e-type=\"container\">\n\t\t<div class=\"elementor-element elementor-element-3b249d0e e-grid e-con-boxed e-con e-child\" data-id=\"3b249d0e\" data-element_type=\"container\" data-e-type=\"container\">\n\t\t\t\t\t<div class=\"e-con-inner\">\n\t\t\t\t<div class=\"elementor-element elementor-element-54f0ba89 elementor-widget elementor-widget-image\" data-id=\"54f0ba89\" data-element_type=\"widget\" data-e-type=\"widget\" id=\"logos\" data-widget_type=\"image.default\">\n\t\t\t\t\t\t\t\t\t\t\t\t\t\t\t<img decoding=\"async\" src=\"https:\/\/goexpeditionsafrica.com\/new\/wp-content\/uploads\/2024\/06\/1.png\" title=\"\" alt=\"\" loading=\"lazy\">\t\t\t\t\t\t\t\t\t\t\t\t\t\t\t<\/div>\n\t\t\t\t<div class=\"elementor-element elementor-element-39c6198f elementor-widget elementor-widget-image\" data-id=\"39c6198f\" data-element_type=\"widget\" data-e-type=\"widget\" id=\"logos\" data-widget_type=\"image.default\">\n\t\t\t\t\t\t\t\t\t\t\t\t\t\t\t<img decoding=\"async\" width=\"140\" height=\"100\" src=\"https:\/\/www.goexpeditionsafrica.com\/wp-content\/uploads\/2024\/06\/tato.png\" class=\"attachment-large size-large wp-image-13\" alt=\"\">\t\t\t\t\t\t\t\t\t\t\t\t\t\t\t<\/div>\n\t\t\t\t<div class=\"elementor-element elementor-element-41c66e08 elementor-widget elementor-widget-image\" data-id=\"41c66e08\" data-element_type=\"widget\" data-e-type=\"widget\" id=\"logos\" data-widget_type=\"image.default\">\n\t\t\t\t\t\t\t\t\t\t\t\t\t\t\t<img decoding=\"async\" width=\"140\" height=\"100\" src=\"https:\/\/www.goexpeditionsafrica.com\/wp-content\/uploads\/2024\/06\/tlto.png\" class=\"attachment-large size-large wp-image-15\" alt=\"\">\t\t\t\t\t\t\t\t\t\t\t\t\t\t\t<\/div>\n\t\t\t\t<div class=\"elementor-element elementor-element-2b22739d elementor-widget elementor-widget-image\" data-id=\"2b22739d\" data-element_type=\"widget\" data-e-type=\"widget\" id=\"logos\" data-widget_type=\"image.default\">\n\t\t\t\t\t\t\t\t\t\t\t\t\t\t\t<img decoding=\"async\" width=\"140\" height=\"100\" src=\"https:\/\/www.goexpeditionsafrica.com\/wp-content\/uploads\/2024\/06\/TripAdvisor-Logo.wine_.png\" class=\"attachment-large size-large wp-image-14\" alt=\"\">\t\t\t\t\t\t\t\t\t\t\t\t\t\t\t<\/div>\n\t\t\t\t\t<\/div>\n\t\t\t\t<\/div>\n\t\t\t\t<\/div>\n\t\t\t\t\t<\/div>\n\t\t\t\t<\/div>\n\t\t<div class=\"elementor-element elementor-element-3063ed5a e-flex e-con-boxed e-con e-parent\" data-id=\"3063ed5a\" data-element_type=\"container\" data-e-type=\"container\">\n\t\t\t\t\t<div class=\"e-con-inner\">\n\t\t\t\t<div class=\"elementor-element elementor-element-cb80034 elementor-widget elementor-widget-heading\" data-id=\"cb80034\" data-element_type=\"widget\" data-e-type=\"widget\" data-widget_type=\"heading.default\">\n\t\t\t\t\t<h2 class=\"elementor-heading-title elementor-size-default\">Paquets apparent\u00e9s<\/h2>\t\t\t\t<\/div>\n\t\t\t\t<div class=\"elementor-element elementor-element-6bb62b73 elementor-widget elementor-widget-text-editor\" data-id=\"6bb62b73\" data-element_type=\"widget\" data-e-type=\"widget\" data-widget_type=\"text-editor.default\">\n\t\t\t\t\t\t\t\t\t<p>D\u00e9couvrez la beaut\u00e9 de la Tanzanie et cr\u00e9ez des souvenirs inoubliables gr\u00e2ce \u00e0 nos safaris.<\/p>\t\t\t\t\t\t\t\t<\/div>\n\t\t\t\t<div class=\"elementor-element elementor-element-fb05782 elementor-widget elementor-widget-ts-post-feed\" data-id=\"fb05782\" data-element_type=\"widget\" data-e-type=\"widget\" data-widget_type=\"ts-post-feed.default\">\n\t\t\t\t\t<link rel='stylesheet' id='vx:post-feed.css-css' href='https:\/\/www.goexpeditionsafrica.com\/wp-content\/themes\/spike\/assets\/dist\/post-feed.css?ver=1.7.0-beta.2' type='text\/css' media='all' \/>\n\n\n<div\n\tclass=\"post-feed-grid ts-feed-nowrap min-scroll min-scroll-h\t\tvx-opacity\"\n\tdata-auto-slide=\"0\"\n>\n\n\t\n\t<div class=\"ts-preview\" data-post-id=\"1282\">\t\t<div data-elementor-type=\"page\" data-elementor-id=\"6990\" class=\"elementor elementor-6990\" data-elementor-post-type=\"elementor_library\">\n\t\t\t\t<a style=\"background-image: url(&#039;https:\/\/www.goexpeditionsafrica.com\/wp-content\/uploads\/2024\/07\/northern-circuit-route-banner.jpg&#039;)\" class=\"elementor-element elementor-element-27994a3 e-flex e-con-boxed e-con e-child\" data-id=\"27994a3\" data-element_type=\"container\" data-e-type=\"container\" data-settings=\"{&quot;background_background&quot;:&quot;classic&quot;}\" href=\"https:\/\/www.goexpeditionsafrica.com\/fr\/mount-kilimanjaro-climbing\/northern-circuit-route\/\">\n\t\t\t\t\t<div class=\"e-con-inner\">\n\t\t\t\t<div class=\"elementor-element elementor-element-731189d elementor-widget elementor-widget-text-editor\" data-id=\"731189d\" data-element_type=\"widget\" data-e-type=\"widget\" data-widget_type=\"text-editor.default\">\n\t\t\t\t\t\t\t\t\tCircuit nord\t\t\t\t\t\t\t\t<\/div>\n\t\t\t\t\t<\/div>\n\t\t\t\t<\/a>\n\t\t\t\t<\/div>\n\t\t<\/div><div class=\"ts-preview\" data-post-id=\"1280\">\t\t<div data-elementor-type=\"page\" data-elementor-id=\"6990\" class=\"elementor elementor-6990\" data-elementor-post-type=\"elementor_library\">\n\t\t\t\t<a style=\"background-image: url(&#039;https:\/\/www.goexpeditionsafrica.com\/wp-content\/uploads\/2024\/07\/rongai-route-banner.jpg&#039;)\" class=\"elementor-element elementor-element-27994a3 e-flex e-con-boxed e-con e-child\" data-id=\"27994a3\" data-element_type=\"container\" data-e-type=\"container\" data-settings=\"{&quot;background_background&quot;:&quot;classic&quot;}\" href=\"https:\/\/www.goexpeditionsafrica.com\/fr\/mount-kilimanjaro-climbing\/rongai-route\/\">\n\t\t\t\t\t<div class=\"e-con-inner\">\n\t\t\t\t<div class=\"elementor-element elementor-element-731189d elementor-widget elementor-widget-text-editor\" data-id=\"731189d\" data-element_type=\"widget\" data-e-type=\"widget\" data-widget_type=\"text-editor.default\">\n\t\t\t\t\t\t\t\t\tRoute de Rongai\t\t\t\t\t\t\t\t<\/div>\n\t\t\t\t\t<\/div>\n\t\t\t\t<\/a>\n\t\t\t\t<\/div>\n\t\t<\/div><div class=\"ts-preview\" data-post-id=\"1277\">\t\t<div data-elementor-type=\"page\" data-elementor-id=\"6990\" class=\"elementor elementor-6990\" data-elementor-post-type=\"elementor_library\">\n\t\t\t\t<a style=\"background-image: url(&#039;https:\/\/www.goexpeditionsafrica.com\/wp-content\/uploads\/2024\/07\/umbwe-route-banner.jpg&#039;)\" class=\"elementor-element elementor-element-27994a3 e-flex e-con-boxed e-con e-child\" data-id=\"27994a3\" data-element_type=\"container\" data-e-type=\"container\" data-settings=\"{&quot;background_background&quot;:&quot;classic&quot;}\" href=\"https:\/\/www.goexpeditionsafrica.com\/fr\/mount-kilimanjaro-climbing\/umbwe-route\/\">\n\t\t\t\t\t<div class=\"e-con-inner\">\n\t\t\t\t<div class=\"elementor-element elementor-element-731189d elementor-widget elementor-widget-text-editor\" data-id=\"731189d\" data-element_type=\"widget\" data-e-type=\"widget\" data-widget_type=\"text-editor.default\">\n\t\t\t\t\t\t\t\t\tRoute de l'Umbwe\t\t\t\t\t\t\t\t<\/div>\n\t\t\t\t\t<\/div>\n\t\t\t\t<\/a>\n\t\t\t\t<\/div>\n\t\t<\/div><div class=\"ts-preview\" data-post-id=\"1275\">\t\t<div data-elementor-type=\"page\" data-elementor-id=\"6990\" class=\"elementor elementor-6990\" data-elementor-post-type=\"elementor_library\">\n\t\t\t\t<a style=\"background-image: url(&#039;https:\/\/www.goexpeditionsafrica.com\/wp-content\/uploads\/2024\/07\/shira-route-banner.jpg&#039;)\" class=\"elementor-element elementor-element-27994a3 e-flex e-con-boxed e-con e-child\" data-id=\"27994a3\" data-element_type=\"container\" data-e-type=\"container\" data-settings=\"{&quot;background_background&quot;:&quot;classic&quot;}\" href=\"https:\/\/www.goexpeditionsafrica.com\/fr\/mount-kilimanjaro-climbing\/shira-route\/\">\n\t\t\t\t\t<div class=\"e-con-inner\">\n\t\t\t\t<div class=\"elementor-element elementor-element-731189d elementor-widget elementor-widget-text-editor\" data-id=\"731189d\" data-element_type=\"widget\" data-e-type=\"widget\" data-widget_type=\"text-editor.default\">\n\t\t\t\t\t\t\t\t\tRoute de Shira\t\t\t\t\t\t\t\t<\/div>\n\t\t\t\t\t<\/div>\n\t\t\t\t<\/a>\n\t\t\t\t<\/div>\n\t\t<\/div><div class=\"ts-preview\" data-post-id=\"1063\">\t\t<div data-elementor-type=\"page\" data-elementor-id=\"6990\" class=\"elementor elementor-6990\" data-elementor-post-type=\"elementor_library\">\n\t\t\t\t<a style=\"background-image: url(&#039;https:\/\/www.goexpeditionsafrica.com\/wp-content\/uploads\/2024\/07\/machame-route-banner-1.jpg&#039;)\" class=\"elementor-element elementor-element-27994a3 e-flex e-con-boxed e-con e-child\" data-id=\"27994a3\" data-element_type=\"container\" data-e-type=\"container\" data-settings=\"{&quot;background_background&quot;:&quot;classic&quot;}\" href=\"https:\/\/www.goexpeditionsafrica.com\/fr\/mount-kilimanjaro-climbing\/machame-route\/\">\n\t\t\t\t\t<div class=\"e-con-inner\">\n\t\t\t\t<div class=\"elementor-element elementor-element-731189d elementor-widget elementor-widget-text-editor\" data-id=\"731189d\" data-element_type=\"widget\" data-e-type=\"widget\" data-widget_type=\"text-editor.default\">\n\t\t\t\t\t\t\t\t\tRoute de Machame\t\t\t\t\t\t\t\t<\/div>\n\t\t\t\t\t<\/div>\n\t\t\t\t<\/a>\n\t\t\t\t<\/div>\n\t\t<\/div><div class=\"ts-preview\" data-post-id=\"1039\">\t\t<div data-elementor-type=\"page\" data-elementor-id=\"6990\" class=\"elementor elementor-6990\" data-elementor-post-type=\"elementor_library\">\n\t\t\t\t<a style=\"background-image: url(&#039;https:\/\/www.goexpeditionsafrica.com\/wp-content\/uploads\/2024\/07\/marangu-route-banner-1.jpg&#039;)\" class=\"elementor-element elementor-element-27994a3 e-flex e-con-boxed e-con e-child\" data-id=\"27994a3\" data-element_type=\"container\" data-e-type=\"container\" data-settings=\"{&quot;background_background&quot;:&quot;classic&quot;}\" href=\"https:\/\/www.goexpeditionsafrica.com\/fr\/mount-kilimanjaro-climbing\/marangu-route\/\">\n\t\t\t\t\t<div class=\"e-con-inner\">\n\t\t\t\t<div class=\"elementor-element elementor-element-731189d elementor-widget elementor-widget-text-editor\" data-id=\"731189d\" data-element_type=\"widget\" data-e-type=\"widget\" data-widget_type=\"text-editor.default\">\n\t\t\t\t\t\t\t\t\tRoute de Marangu\t\t\t\t\t\t\t\t<\/div>\n\t\t\t\t\t<\/div>\n\t\t\t\t<\/a>\n\t\t\t\t<\/div>\n\t\t<\/div><div class=\"ts-preview\" data-post-id=\"835\">\t\t<div data-elementor-type=\"page\" data-elementor-id=\"6990\" class=\"elementor elementor-6990\" data-elementor-post-type=\"elementor_library\">\n\t\t\t\t<a style=\"background-image: url(&#039;https:\/\/www.goexpeditionsafrica.com\/wp-content\/uploads\/2024\/07\/lemosho-route-banner.jpg&#039;)\" class=\"elementor-element elementor-element-27994a3 e-flex e-con-boxed e-con e-child\" data-id=\"27994a3\" data-element_type=\"container\" data-e-type=\"container\" data-settings=\"{&quot;background_background&quot;:&quot;classic&quot;}\" href=\"https:\/\/www.goexpeditionsafrica.com\/fr\/mount-kilimanjaro-climbing\/lemosho-route\/\">\n\t\t\t\t\t<div class=\"e-con-inner\">\n\t\t\t\t<div class=\"elementor-element elementor-element-731189d elementor-widget elementor-widget-text-editor\" data-id=\"731189d\" data-element_type=\"widget\" data-e-type=\"widget\" data-widget_type=\"text-editor.default\">\n\t\t\t\t\t\t\t\t\tRoute du Lemosho\t\t\t\t\t\t\t\t<\/div>\n\t\t\t\t\t<\/div>\n\t\t\t\t<\/a>\n\t\t\t\t<\/div>\n\t\t<\/div><\/div>\n<div class=\"ts-no-posts hidden\">\n\t<svg width=\"80\" height=\"80\" viewbox=\"0 0 24 25\" fill=\"none\" xmlns=\"http:\/\/www.w3.org\/2000\/svg\" transform=\"rotate(0 0 0)\"><path fill-rule=\"evenodd\" clip-rule=\"evenodd\" d=\"M11.25 2.75C6.14154 2.75 2 6.89029 2 11.998C2 17.1056 6.14154 21.2459 11.25 21.2459C13.5335 21.2459 15.6238 20.4187 17.2373 19.0475L20.7182 22.5287C21.011 22.8216 21.4859 22.8217 21.7788 22.5288C22.0717 22.2359 22.0718 21.761 21.7789 21.4681L18.2983 17.9872C19.6714 16.3736 20.5 14.2826 20.5 11.998C20.5 6.89029 16.3585 2.75 11.25 2.75ZM3.5 11.998C3.5 7.71905 6.96962 4.25 11.25 4.25C15.5304 4.25 19 7.71905 19 11.998C19 16.2769 15.5304 19.7459 11.25 19.7459C6.96962 19.7459 3.5 16.2769 3.5 11.998Z\" fill=\"#343C54\"\/><\/svg>\t<p>Pas de r\u00e9sultats disponibles\t\t\t<\/p>\n\t\n<\/div>\n\t\t<ul class=\"simplify-ul flexify post-feed-nav\">\n\t\t<li>\n\t\t\t<a href=\"#\" class=\"ts-icon-btn ts-prev-page disabled\" aria-label=\"Pr\u00e9c\u00e9dent\">\n\t\t\t\t<svg width=\"80\" height=\"80\" viewbox=\"0 0 24 24\" fill=\"none\" xmlns=\"http:\/\/www.w3.org\/2000\/svg\" transform=\"rotate(0 0 0)\"><path d=\"M10.746 6.00002C10.746 5.69663 10.5632 5.42312 10.2829 5.30707C10.0026 5.19101 9.67996 5.25526 9.4655 5.46986L3.51254 11.4266C3.35184 11.5642 3.25 11.7685 3.25 11.9966V11.9982C3.24959 12.1906 3.32276 12.3831 3.46949 12.53L9.46548 18.5302C9.67994 18.7448 10.0026 18.809 10.2829 18.693C10.5632 18.5769 10.746 18.3034 10.746 18L10.746 12.7466L20.0014 12.7466C20.4156 12.7466 20.7514 12.4108 20.7514 11.9966C20.7514 11.5824 20.4156 11.2466 20.0014 11.2466L10.746 11.2466V6.00002Z\" fill=\"#343C54\"\/><\/svg>\t\t\t<\/a>\n\t\t<\/li>\n\t\t<li>\n\t\t\t<a href=\"#\" class=\"ts-icon-btn ts-next-page disabled\" aria-label=\"Suivant\">\n\t\t\t\t<svg width=\"80\" height=\"80\" viewbox=\"0 0 24 24\" fill=\"none\" xmlns=\"http:\/\/www.w3.org\/2000\/svg\" transform=\"rotate(0 0 0)\"><path d=\"M14.5359 5.46986C14.3214 5.25526 13.9988 5.19101 13.7185 5.30707C13.4382 5.42312 13.2554 5.69663 13.2554 6.00002V11.2466L4 11.2466C3.58579 11.2466 3.25 11.5824 3.25 11.9966C3.25 12.4108 3.58579 12.7466 4 12.7466L13.2554 12.7466V18C13.2554 18.3034 13.4382 18.5769 13.7185 18.693C13.9988 18.809 14.3214 18.7448 14.5359 18.5302L20.5319 12.53C20.6786 12.3831 20.7518 12.1905 20.7514 11.9981L20.7514 11.9966C20.7514 11.7685 20.6495 11.5642 20.4888 11.4266L14.5359 5.46986Z\" fill=\"#343C54\"\/><\/svg>\t\t\t<\/a>\n\t\t<\/li>\n\t<\/ul>\n\t\t\t\t<\/div>\n\t\t\t\t\t<\/div>\n\t\t\t\t<\/div>\n\t\t\t\t<\/div>","protected":false},"excerpt":{"rendered":"<p>The Umbwe Route invites you to a thrilling expedition, starting from the southern side of Mount Kilimanjaro. This lesser-known path combines challenging terrains with attractive scenery, offering an experience designed for the seasoned climber. A Comprehensive Overview The Umbwe Route draws its charisma from the sheer difficulty it presents and the untouched beauty along its [&hellip;]<\/p>\n","protected":false},"author":1,"featured_media":1278,"parent":1065,"menu_order":0,"comment_status":"closed","ping_status":"closed","template":"","meta":{"footnotes":""},"categories":[10],"tags":[],"class_list":["post-1277","page","type-page","status-publish","has-post-thumbnail","hentry","category-kilimanjaro-routes"],"_links":{"self":[{"href":"https:\/\/www.goexpeditionsafrica.com\/fr\/wp-json\/wp\/v2\/pages\/1277","targetHints":{"allow":["GET"]}}],"collection":[{"href":"https:\/\/www.goexpeditionsafrica.com\/fr\/wp-json\/wp\/v2\/pages"}],"about":[{"href":"https:\/\/www.goexpeditionsafrica.com\/fr\/wp-json\/wp\/v2\/types\/page"}],"author":[{"embeddable":true,"href":"https:\/\/www.goexpeditionsafrica.com\/fr\/wp-json\/wp\/v2\/users\/1"}],"replies":[{"embeddable":true,"href":"https:\/\/www.goexpeditionsafrica.com\/fr\/wp-json\/wp\/v2\/comments?post=1277"}],"version-history":[{"count":5,"href":"https:\/\/www.goexpeditionsafrica.com\/fr\/wp-json\/wp\/v2\/pages\/1277\/revisions"}],"predecessor-version":[{"id":7076,"href":"https:\/\/www.goexpeditionsafrica.com\/fr\/wp-json\/wp\/v2\/pages\/1277\/revisions\/7076"}],"up":[{"embeddable":true,"href":"https:\/\/www.goexpeditionsafrica.com\/fr\/wp-json\/wp\/v2\/pages\/1065"}],"wp:featuredmedia":[{"embeddable":true,"href":"https:\/\/www.goexpeditionsafrica.com\/fr\/wp-json\/wp\/v2\/media\/1278"}],"wp:attachment":[{"href":"https:\/\/www.goexpeditionsafrica.com\/fr\/wp-json\/wp\/v2\/media?parent=1277"}],"wp:term":[{"taxonomy":"category","embeddable":true,"href":"https:\/\/www.goexpeditionsafrica.com\/fr\/wp-json\/wp\/v2\/categories?post=1277"},{"taxonomy":"post_tag","embeddable":true,"href":"https:\/\/www.goexpeditionsafrica.com\/fr\/wp-json\/wp\/v2\/tags?post=1277"}],"curies":[{"name":"wp","href":"https:\/\/api.w.org\/{rel}","templated":true}]}}