{"id":1275,"date":"2024-07-03T12:48:22","date_gmt":"2024-07-03T12:48:22","guid":{"rendered":"https:\/\/goexpeditionsafrica.com\/new\/?page_id=1275"},"modified":"2025-05-28T12:18:09","modified_gmt":"2025-05-28T12:18:09","slug":"itineraire-shira","status":"publish","type":"page","link":"https:\/\/www.goexpeditionsafrica.com\/fr\/mount-kilimanjaro-climbing\/shira-route\/","title":{"rendered":"Route de Shira"},"content":{"rendered":"<div data-elementor-type=\"wp-page\" data-elementor-id=\"1275\" class=\"elementor elementor-1275\" data-elementor-post-type=\"page\">\n\t\t\t\t<div class=\"elementor-element elementor-element-5201ca15 e-flex e-con-boxed e-con e-parent\" data-id=\"5201ca15\" data-element_type=\"container\" data-e-type=\"container\" data-settings=\"{&quot;background_background&quot;:&quot;classic&quot;}\">\n\t\t\t\t\t<div class=\"e-con-inner\">\n\t\t\t\t<div class=\"elementor-element elementor-element-487790ae elementor-widget elementor-widget-heading\" data-id=\"487790ae\" data-element_type=\"widget\" data-e-type=\"widget\" data-widget_type=\"heading.default\">\n\t\t\t\t\t<h1 class=\"elementor-heading-title elementor-size-default\">Route de Shira<\/h1>\t\t\t\t<\/div>\n\t\t\t\t\t<\/div>\n\t\t\t\t<\/div>\n\t\t<div class=\"elementor-element elementor-element-590981a5 e-flex e-con-boxed e-con e-parent\" data-id=\"590981a5\" data-element_type=\"container\" data-e-type=\"container\">\n\t\t\t\t\t<div class=\"e-con-inner\">\n\t\t\t\t<div class=\"elementor-element elementor-element-bc6a1f4 elementor-widget elementor-widget-shortcode\" data-id=\"bc6a1f4\" data-element_type=\"widget\" data-e-type=\"widget\" data-widget_type=\"shortcode.default\">\n\t\t\t\t\t\t\t<div class=\"elementor-shortcode\"><nav aria-label=\"chapelure\" class=\"rank-math-breadcrumb\"><p><span class=\"last\">Accueil<\/span><\/p><\/nav><\/div>\n\t\t\t\t\t\t<\/div>\n\t\t\t\t\t<\/div>\n\t\t\t\t<\/div>\n\t\t<div class=\"elementor-element elementor-element-5b67a9fe e-flex e-con-boxed e-con e-parent\" data-id=\"5b67a9fe\" data-element_type=\"container\" data-e-type=\"container\">\n\t\t\t\t\t<div class=\"e-con-inner\">\n\t\t\t\t<div class=\"elementor-element elementor-element-5d9645ba elementor-widget elementor-widget-text-editor\" data-id=\"5d9645ba\" data-element_type=\"widget\" data-e-type=\"widget\" data-widget_type=\"text-editor.default\">\n\t\t\t\t\t\t\t\t\t<p>La route du circuit nord est votre billet pour un voyage exceptionnel sur le Kilimandjaro, surtout si vous avez l'avantage du temps et que vous \u00eates pr\u00eat \u00e0 vivre une exp\u00e9rience de trekking de premier ordre. Ce sentier vous emm\u00e8ne \u00e0 travers les pentes nord, moins fr\u00e9quent\u00e9es mais incroyablement pittoresques, offrant un spectacle panoramique sans pareil.<\/p><p>Comme il s'agit de l'itin\u00e9raire le plus long du Kilimandjaro, la plupart des compagnies touristiques le programment comme une exp\u00e9dition de huit ou neuf jours. Cette dur\u00e9e, combin\u00e9e \u00e0 la douceur de l'ascension, offre aux grimpeurs d'excellentes possibilit\u00e9s d'acclimatation, ce qui augmente consid\u00e9rablement les chances d'atteindre le sommet de la montagne.<\/p><h2>Une vue d'ensemble<\/h2><p>La route du circuit nord est souvent consid\u00e9r\u00e9e comme le grand tour du Kilimandjaro. Il s'agit d'un itin\u00e9raire con\u00e7u pour offrir les vues les plus diverses et les plus \u00e9poustouflantes, tout en rendant le gain d'altitude plus facile \u00e0 g\u00e9rer gr\u00e2ce \u00e0 une ascension graduelle et \u00e0 une dur\u00e9e plus longue. L'itin\u00e9raire passe par le c\u00f4t\u00e9 ouest, comme l'itin\u00e9raire Lemosho. Voici ce qu'il faut savoir sur le circuit nord du Kilimandjaro :<\/p><ul><li>Distance : Environ 98 kilom\u00e8tres<\/li><li>Difficult\u00e9 : Mod\u00e9r\u00e9e \u00e0 \u00e9lev\u00e9e, principalement en raison de la dur\u00e9e de la randonn\u00e9e.<\/li><li>Dur\u00e9e : 8-9 jours ; plus le temps est long, meilleure est l'acclimatation.<\/li><li>L'affluence : Moins de monde, offrant aux grimpeurs la tranquillit\u00e9 et une exp\u00e9rience plus personnelle.<\/li><li>Conditions du sentier : Les randonneurs qui font l'ascension du Kilimandjaro trouveront un grand r\u00e9confort dans la tranquillit\u00e9 de ce sentier, car il reste relativement peu connu en raison de sa r\u00e9putation d'\u00eatre l'un des itin\u00e9raires les plus co\u00fbteux \u00e0 entreprendre. Par ailleurs, le sentier offre des points de vue captivants gr\u00e2ce \u00e0 sa beaut\u00e9 naturelle impressionnante.<\/li><\/ul><h3>Points forts du paysage<\/h3><p>Le Northern Circuit vous fait traverser un paysage en constante \u00e9volution, ce qui vous permet de d\u00e9couvrir tous les environnements diversifi\u00e9s du Kilimandjaro : Attractions distinctives : For\u00eats tropicales, landes, d\u00e9serts alpins, les \u00e9tonnantes pentes nord et le magnifique camp du crat\u00e8re. Vues panoramiques : Vues in\u00e9gal\u00e9es et continues sur les glaciers du nord du Kibo.<\/p><h3>Itin\u00e9raire concis<\/h3><p>Votre voyage le long du circuit nord du Kilimandjaro se d\u00e9roule comme suit :<\/p><ul><li>D\u00e9part : L'aventure commence \u00e0 Londorossi Gate et se poursuit \u00e0 travers la for\u00eat tropicale jusqu'au Mti Mkubwa Camp.<\/li><li>Acclimatation : Nombreuses randonn\u00e9es d'acclimatation, en particulier \u00e0 Third Cave et School Hut.<\/li><li>Pouss\u00e9e vers le sommet : La pouss\u00e9e finale vers le sommet se fait de School Hut \u00e0 Uhuru Peak, en passant par Gilman's Point.<\/li><li>Descente : La descente se fait par l'itin\u00e9raire Mweka<\/li><\/ul><h3>Points de vue essentiels<\/h3><p>Voici d'autres informations relatives au Northern Circuit Route Kilimanjaro :<\/p><ul><li>Taux de r\u00e9ussite : Environ 90%<\/li><li>Meilleure p\u00e9riode pour grimper : Pendant les saisons s\u00e8ches, id\u00e9alement de janvier \u00e0 mars et de juin \u00e0 octobre.<\/li><\/ul><h3>Peser le pour et le contre<\/h3><p>Chaque itin\u00e9raire a ses hauts et ses bas, et voici les Circuits du Nord :<\/p><ul><li>Pour : Taux de r\u00e9ussite \u00e9lev\u00e9, exp\u00e9rience la plus compl\u00e8te du Kilimandjaro et temps d'acclimatation suffisant.<\/li><li>Inconv\u00e9nients : dur\u00e9e plus longue, physiquement exigeant et co\u00fbt plus \u00e9lev\u00e9.<\/li><\/ul><h3>Conseils sp\u00e9cifiques \u00e0 l'itin\u00e9raire<\/h3><p>Pour profiter au mieux de votre aventure dans le circuit nord, voici quelques conseils pratiques :<\/p><ul><li>Comme il s'agit d'un itin\u00e9raire plus long, vous devrez faire preuve d'une grande endurance. Un entra\u00eenement r\u00e9gulier \u00e0 l'endurance peut vous aider.<\/li><li>N'oubliez pas votre appareil photo ! Cet itin\u00e9raire offre les meilleures vues continues du Kilimandjaro.<\/li><\/ul><p>La route du circuit nord est le voyage ultime du Kilimandjaro, promettant une exp\u00e9rience approfondie de la grandeur des paysages de la montagne. Bien qu'elle soit plus longue et plus ch\u00e8re, son taux de r\u00e9ussite \u00e9lev\u00e9, ses panoramas in\u00e9gal\u00e9s et son excellente acclimatation en font un choix populaire pour les alpinistes bien pr\u00e9par\u00e9s et aventureux.<\/p>\t\t\t\t\t\t\t\t<\/div>\n\t\t\t\t\t<\/div>\n\t\t\t\t<\/div>\n\t\t<div class=\"elementor-element elementor-element-1c6a6892 e-flex e-con-boxed e-con e-parent\" data-id=\"1c6a6892\" data-element_type=\"container\" data-e-type=\"container\" data-settings=\"{&quot;background_background&quot;:&quot;classic&quot;}\">\n\t\t\t\t\t<div class=\"e-con-inner\">\n\t\t<div class=\"elementor-element elementor-element-5deb62d7 e-con-full e-flex e-con e-child\" data-id=\"5deb62d7\" data-element_type=\"container\" data-e-type=\"container\">\n\t\t\t\t<div class=\"elementor-element elementor-element-5062d473 elementor-widget elementor-widget-heading\" data-id=\"5062d473\" data-element_type=\"widget\" data-e-type=\"widget\" data-widget_type=\"heading.default\">\n\t\t\t\t\t<h2 class=\"elementor-heading-title elementor-size-default\">PERSONNALISEZ VOTRE VOYAGE<\/h2>\t\t\t\t<\/div>\n\t\t\t\t<div class=\"elementor-element elementor-element-38069a76 elementor-widget elementor-widget-text-editor\" data-id=\"38069a76\" data-element_type=\"widget\" data-e-type=\"widget\" data-widget_type=\"text-editor.default\">\n\t\t\t\t\t\t\t\t\t<p>Pour commencer \u00e0 planifier votre voyage avec nous, vous pouvez cr\u00e9er un itin\u00e9raire \u00e0 partir de z\u00e9ro ou modifier l'un de nos itin\u00e9raires sugg\u00e9r\u00e9s. Vous voulez visiter une belle destination ou partir \u00e0 l'aventure pour atteindre le sommet ? Nous ferons en sorte que cela se produise.<\/p>\t\t\t\t\t\t\t\t<\/div>\n\t\t\t\t<div class=\"elementor-element elementor-element-2ecf87da elementor-widget elementor-widget-button\" data-id=\"2ecf87da\" data-element_type=\"widget\" data-e-type=\"widget\" data-widget_type=\"button.default\">\n\t\t\t\t\t\t\t\t\t\t<a class=\"elementor-button elementor-button-link elementor-size-sm\" href=\"https:\/\/www.goexpeditionsafrica.com\/contact-us\/\">\n\t\t\t\t\t\t<span class=\"elementor-button-content-wrapper\">\n\t\t\t\t\t\t\t\t\t<span class=\"elementor-button-text\">Demande de renseignements<\/span>\n\t\t\t\t\t<\/span>\n\t\t\t\t\t<\/a>\n\t\t\t\t\t\t\t\t<\/div>\n\t\t\t\t<\/div>\n\t\t<div class=\"elementor-element elementor-element-35b416b e-con-full e-flex e-con e-child\" data-id=\"35b416b\" data-element_type=\"container\" data-e-type=\"container\">\n\t\t<div class=\"elementor-element elementor-element-50b638b0 e-grid e-con-boxed e-con e-child\" data-id=\"50b638b0\" data-element_type=\"container\" data-e-type=\"container\">\n\t\t\t\t\t<div class=\"e-con-inner\">\n\t\t\t\t<div class=\"elementor-element elementor-element-2ba84160 elementor-widget elementor-widget-image\" data-id=\"2ba84160\" data-element_type=\"widget\" data-e-type=\"widget\" id=\"logos\" data-widget_type=\"image.default\">\n\t\t\t\t\t\t\t\t\t\t\t\t\t\t\t<img decoding=\"async\" src=\"https:\/\/goexpeditionsafrica.com\/new\/wp-content\/uploads\/2024\/06\/1.png\" title=\"\" alt=\"\" loading=\"lazy\">\t\t\t\t\t\t\t\t\t\t\t\t\t\t\t<\/div>\n\t\t\t\t<div class=\"elementor-element elementor-element-523cf341 elementor-widget elementor-widget-image\" data-id=\"523cf341\" data-element_type=\"widget\" data-e-type=\"widget\" id=\"logos\" data-widget_type=\"image.default\">\n\t\t\t\t\t\t\t\t\t\t\t\t\t\t\t<img decoding=\"async\" width=\"140\" height=\"100\" src=\"https:\/\/www.goexpeditionsafrica.com\/wp-content\/uploads\/2024\/06\/tato.png\" class=\"attachment-large size-large wp-image-13\" alt=\"\">\t\t\t\t\t\t\t\t\t\t\t\t\t\t\t<\/div>\n\t\t\t\t<div class=\"elementor-element elementor-element-5f431574 elementor-widget elementor-widget-image\" data-id=\"5f431574\" data-element_type=\"widget\" data-e-type=\"widget\" id=\"logos\" data-widget_type=\"image.default\">\n\t\t\t\t\t\t\t\t\t\t\t\t\t\t\t<img decoding=\"async\" width=\"140\" height=\"100\" src=\"https:\/\/www.goexpeditionsafrica.com\/wp-content\/uploads\/2024\/06\/tlto.png\" class=\"attachment-large size-large wp-image-15\" alt=\"\">\t\t\t\t\t\t\t\t\t\t\t\t\t\t\t<\/div>\n\t\t\t\t<div class=\"elementor-element elementor-element-19f0b439 elementor-widget elementor-widget-image\" data-id=\"19f0b439\" data-element_type=\"widget\" data-e-type=\"widget\" id=\"logos\" data-widget_type=\"image.default\">\n\t\t\t\t\t\t\t\t\t\t\t\t\t\t\t<img decoding=\"async\" width=\"140\" height=\"100\" src=\"https:\/\/www.goexpeditionsafrica.com\/wp-content\/uploads\/2024\/06\/TripAdvisor-Logo.wine_.png\" class=\"attachment-large size-large wp-image-14\" alt=\"\">\t\t\t\t\t\t\t\t\t\t\t\t\t\t\t<\/div>\n\t\t\t\t\t<\/div>\n\t\t\t\t<\/div>\n\t\t\t\t<\/div>\n\t\t\t\t\t<\/div>\n\t\t\t\t<\/div>\n\t\t<div class=\"elementor-element elementor-element-723f19b e-flex e-con-boxed e-con e-parent\" data-id=\"723f19b\" data-element_type=\"container\" data-e-type=\"container\">\n\t\t\t\t\t<div class=\"e-con-inner\">\n\t\t\t\t<div class=\"elementor-element elementor-element-9a78c3e elementor-widget elementor-widget-heading\" data-id=\"9a78c3e\" data-element_type=\"widget\" data-e-type=\"widget\" data-widget_type=\"heading.default\">\n\t\t\t\t\t<h2 class=\"elementor-heading-title elementor-size-default\">Paquets apparent\u00e9s<\/h2>\t\t\t\t<\/div>\n\t\t\t\t<div class=\"elementor-element elementor-element-c1282f6 elementor-widget elementor-widget-text-editor\" data-id=\"c1282f6\" data-element_type=\"widget\" data-e-type=\"widget\" data-widget_type=\"text-editor.default\">\n\t\t\t\t\t\t\t\t\t<p>D\u00e9couvrez la beaut\u00e9 de la Tanzanie et cr\u00e9ez des souvenirs inoubliables gr\u00e2ce \u00e0 nos safaris.<\/p>\t\t\t\t\t\t\t\t<\/div>\n\t\t\t\t<div class=\"elementor-element elementor-element-614934e elementor-widget elementor-widget-ts-post-feed\" data-id=\"614934e\" data-element_type=\"widget\" data-e-type=\"widget\" data-widget_type=\"ts-post-feed.default\">\n\t\t\t\t\t<link rel='stylesheet' id='vx:post-feed.css-css' href='https:\/\/www.goexpeditionsafrica.com\/wp-content\/themes\/spike\/assets\/dist\/post-feed.css?ver=1.7.0-beta.2' type='text\/css' media='all' \/>\n\n\n<div\n\tclass=\"post-feed-grid ts-feed-nowrap min-scroll min-scroll-h\t\tvx-opacity\"\n\tdata-auto-slide=\"0\"\n>\n\n\t\n\t<div class=\"ts-preview\" data-post-id=\"1282\">\t\t<div data-elementor-type=\"page\" data-elementor-id=\"6990\" class=\"elementor elementor-6990\" data-elementor-post-type=\"elementor_library\">\n\t\t\t\t<a style=\"background-image: url(&#039;https:\/\/www.goexpeditionsafrica.com\/wp-content\/uploads\/2024\/07\/northern-circuit-route-banner.jpg&#039;)\" class=\"elementor-element elementor-element-27994a3 e-flex e-con-boxed e-con e-child\" data-id=\"27994a3\" data-element_type=\"container\" data-e-type=\"container\" data-settings=\"{&quot;background_background&quot;:&quot;classic&quot;}\" href=\"https:\/\/www.goexpeditionsafrica.com\/fr\/mount-kilimanjaro-climbing\/northern-circuit-route\/\">\n\t\t\t\t\t<div class=\"e-con-inner\">\n\t\t\t\t<div class=\"elementor-element elementor-element-731189d elementor-widget elementor-widget-text-editor\" data-id=\"731189d\" data-element_type=\"widget\" data-e-type=\"widget\" data-widget_type=\"text-editor.default\">\n\t\t\t\t\t\t\t\t\tCircuit nord\t\t\t\t\t\t\t\t<\/div>\n\t\t\t\t\t<\/div>\n\t\t\t\t<\/a>\n\t\t\t\t<\/div>\n\t\t<\/div><div class=\"ts-preview\" data-post-id=\"1280\">\t\t<div data-elementor-type=\"page\" data-elementor-id=\"6990\" class=\"elementor elementor-6990\" data-elementor-post-type=\"elementor_library\">\n\t\t\t\t<a style=\"background-image: url(&#039;https:\/\/www.goexpeditionsafrica.com\/wp-content\/uploads\/2024\/07\/rongai-route-banner.jpg&#039;)\" class=\"elementor-element elementor-element-27994a3 e-flex e-con-boxed e-con e-child\" data-id=\"27994a3\" data-element_type=\"container\" data-e-type=\"container\" data-settings=\"{&quot;background_background&quot;:&quot;classic&quot;}\" href=\"https:\/\/www.goexpeditionsafrica.com\/fr\/mount-kilimanjaro-climbing\/rongai-route\/\">\n\t\t\t\t\t<div class=\"e-con-inner\">\n\t\t\t\t<div class=\"elementor-element elementor-element-731189d elementor-widget elementor-widget-text-editor\" data-id=\"731189d\" data-element_type=\"widget\" data-e-type=\"widget\" data-widget_type=\"text-editor.default\">\n\t\t\t\t\t\t\t\t\tRoute de Rongai\t\t\t\t\t\t\t\t<\/div>\n\t\t\t\t\t<\/div>\n\t\t\t\t<\/a>\n\t\t\t\t<\/div>\n\t\t<\/div><div class=\"ts-preview\" data-post-id=\"1277\">\t\t<div data-elementor-type=\"page\" data-elementor-id=\"6990\" class=\"elementor elementor-6990\" data-elementor-post-type=\"elementor_library\">\n\t\t\t\t<a style=\"background-image: url(&#039;https:\/\/www.goexpeditionsafrica.com\/wp-content\/uploads\/2024\/07\/umbwe-route-banner.jpg&#039;)\" class=\"elementor-element elementor-element-27994a3 e-flex e-con-boxed e-con e-child\" data-id=\"27994a3\" data-element_type=\"container\" data-e-type=\"container\" data-settings=\"{&quot;background_background&quot;:&quot;classic&quot;}\" href=\"https:\/\/www.goexpeditionsafrica.com\/fr\/mount-kilimanjaro-climbing\/umbwe-route\/\">\n\t\t\t\t\t<div class=\"e-con-inner\">\n\t\t\t\t<div class=\"elementor-element elementor-element-731189d elementor-widget elementor-widget-text-editor\" data-id=\"731189d\" data-element_type=\"widget\" data-e-type=\"widget\" data-widget_type=\"text-editor.default\">\n\t\t\t\t\t\t\t\t\tRoute de l'Umbwe\t\t\t\t\t\t\t\t<\/div>\n\t\t\t\t\t<\/div>\n\t\t\t\t<\/a>\n\t\t\t\t<\/div>\n\t\t<\/div><div class=\"ts-preview\" data-post-id=\"1275\">\t\t<div data-elementor-type=\"page\" data-elementor-id=\"6990\" class=\"elementor elementor-6990\" data-elementor-post-type=\"elementor_library\">\n\t\t\t\t<a style=\"background-image: url(&#039;https:\/\/www.goexpeditionsafrica.com\/wp-content\/uploads\/2024\/07\/shira-route-banner.jpg&#039;)\" class=\"elementor-element elementor-element-27994a3 e-flex e-con-boxed e-con e-child\" data-id=\"27994a3\" data-element_type=\"container\" data-e-type=\"container\" data-settings=\"{&quot;background_background&quot;:&quot;classic&quot;}\" href=\"https:\/\/www.goexpeditionsafrica.com\/fr\/mount-kilimanjaro-climbing\/shira-route\/\">\n\t\t\t\t\t<div class=\"e-con-inner\">\n\t\t\t\t<div class=\"elementor-element elementor-element-731189d elementor-widget elementor-widget-text-editor\" data-id=\"731189d\" data-element_type=\"widget\" data-e-type=\"widget\" data-widget_type=\"text-editor.default\">\n\t\t\t\t\t\t\t\t\tRoute de Shira\t\t\t\t\t\t\t\t<\/div>\n\t\t\t\t\t<\/div>\n\t\t\t\t<\/a>\n\t\t\t\t<\/div>\n\t\t<\/div><div class=\"ts-preview\" data-post-id=\"1063\">\t\t<div data-elementor-type=\"page\" data-elementor-id=\"6990\" class=\"elementor elementor-6990\" data-elementor-post-type=\"elementor_library\">\n\t\t\t\t<a style=\"background-image: url(&#039;https:\/\/www.goexpeditionsafrica.com\/wp-content\/uploads\/2024\/07\/machame-route-banner-1.jpg&#039;)\" class=\"elementor-element elementor-element-27994a3 e-flex e-con-boxed e-con e-child\" data-id=\"27994a3\" data-element_type=\"container\" data-e-type=\"container\" data-settings=\"{&quot;background_background&quot;:&quot;classic&quot;}\" href=\"https:\/\/www.goexpeditionsafrica.com\/fr\/mount-kilimanjaro-climbing\/machame-route\/\">\n\t\t\t\t\t<div class=\"e-con-inner\">\n\t\t\t\t<div class=\"elementor-element elementor-element-731189d elementor-widget elementor-widget-text-editor\" data-id=\"731189d\" data-element_type=\"widget\" data-e-type=\"widget\" data-widget_type=\"text-editor.default\">\n\t\t\t\t\t\t\t\t\tRoute de Machame\t\t\t\t\t\t\t\t<\/div>\n\t\t\t\t\t<\/div>\n\t\t\t\t<\/a>\n\t\t\t\t<\/div>\n\t\t<\/div><div class=\"ts-preview\" data-post-id=\"1039\">\t\t<div data-elementor-type=\"page\" data-elementor-id=\"6990\" class=\"elementor elementor-6990\" data-elementor-post-type=\"elementor_library\">\n\t\t\t\t<a style=\"background-image: url(&#039;https:\/\/www.goexpeditionsafrica.com\/wp-content\/uploads\/2024\/07\/marangu-route-banner-1.jpg&#039;)\" class=\"elementor-element elementor-element-27994a3 e-flex e-con-boxed e-con e-child\" data-id=\"27994a3\" data-element_type=\"container\" data-e-type=\"container\" data-settings=\"{&quot;background_background&quot;:&quot;classic&quot;}\" href=\"https:\/\/www.goexpeditionsafrica.com\/fr\/mount-kilimanjaro-climbing\/marangu-route\/\">\n\t\t\t\t\t<div class=\"e-con-inner\">\n\t\t\t\t<div class=\"elementor-element elementor-element-731189d elementor-widget elementor-widget-text-editor\" data-id=\"731189d\" data-element_type=\"widget\" data-e-type=\"widget\" data-widget_type=\"text-editor.default\">\n\t\t\t\t\t\t\t\t\tRoute de Marangu\t\t\t\t\t\t\t\t<\/div>\n\t\t\t\t\t<\/div>\n\t\t\t\t<\/a>\n\t\t\t\t<\/div>\n\t\t<\/div><div class=\"ts-preview\" data-post-id=\"835\">\t\t<div data-elementor-type=\"page\" data-elementor-id=\"6990\" class=\"elementor elementor-6990\" data-elementor-post-type=\"elementor_library\">\n\t\t\t\t<a style=\"background-image: url(&#039;https:\/\/www.goexpeditionsafrica.com\/wp-content\/uploads\/2024\/07\/lemosho-route-banner.jpg&#039;)\" class=\"elementor-element elementor-element-27994a3 e-flex e-con-boxed e-con e-child\" data-id=\"27994a3\" data-element_type=\"container\" data-e-type=\"container\" data-settings=\"{&quot;background_background&quot;:&quot;classic&quot;}\" href=\"https:\/\/www.goexpeditionsafrica.com\/fr\/mount-kilimanjaro-climbing\/lemosho-route\/\">\n\t\t\t\t\t<div class=\"e-con-inner\">\n\t\t\t\t<div class=\"elementor-element elementor-element-731189d elementor-widget elementor-widget-text-editor\" data-id=\"731189d\" data-element_type=\"widget\" data-e-type=\"widget\" data-widget_type=\"text-editor.default\">\n\t\t\t\t\t\t\t\t\tRoute du Lemosho\t\t\t\t\t\t\t\t<\/div>\n\t\t\t\t\t<\/div>\n\t\t\t\t<\/a>\n\t\t\t\t<\/div>\n\t\t<\/div><\/div>\n<div class=\"ts-no-posts hidden\">\n\t<svg width=\"80\" height=\"80\" viewbox=\"0 0 24 25\" fill=\"none\" xmlns=\"http:\/\/www.w3.org\/2000\/svg\" transform=\"rotate(0 0 0)\"><path fill-rule=\"evenodd\" clip-rule=\"evenodd\" d=\"M11.25 2.75C6.14154 2.75 2 6.89029 2 11.998C2 17.1056 6.14154 21.2459 11.25 21.2459C13.5335 21.2459 15.6238 20.4187 17.2373 19.0475L20.7182 22.5287C21.011 22.8216 21.4859 22.8217 21.7788 22.5288C22.0717 22.2359 22.0718 21.761 21.7789 21.4681L18.2983 17.9872C19.6714 16.3736 20.5 14.2826 20.5 11.998C20.5 6.89029 16.3585 2.75 11.25 2.75ZM3.5 11.998C3.5 7.71905 6.96962 4.25 11.25 4.25C15.5304 4.25 19 7.71905 19 11.998C19 16.2769 15.5304 19.7459 11.25 19.7459C6.96962 19.7459 3.5 16.2769 3.5 11.998Z\" fill=\"#343C54\"\/><\/svg>\t<p>Pas de r\u00e9sultats disponibles\t\t\t<\/p>\n\t\n<\/div>\n\t\t<ul class=\"simplify-ul flexify post-feed-nav\">\n\t\t<li>\n\t\t\t<a href=\"#\" class=\"ts-icon-btn ts-prev-page disabled\" aria-label=\"Pr\u00e9c\u00e9dent\">\n\t\t\t\t<svg width=\"80\" height=\"80\" viewbox=\"0 0 24 24\" fill=\"none\" xmlns=\"http:\/\/www.w3.org\/2000\/svg\" transform=\"rotate(0 0 0)\"><path d=\"M10.746 6.00002C10.746 5.69663 10.5632 5.42312 10.2829 5.30707C10.0026 5.19101 9.67996 5.25526 9.4655 5.46986L3.51254 11.4266C3.35184 11.5642 3.25 11.7685 3.25 11.9966V11.9982C3.24959 12.1906 3.32276 12.3831 3.46949 12.53L9.46548 18.5302C9.67994 18.7448 10.0026 18.809 10.2829 18.693C10.5632 18.5769 10.746 18.3034 10.746 18L10.746 12.7466L20.0014 12.7466C20.4156 12.7466 20.7514 12.4108 20.7514 11.9966C20.7514 11.5824 20.4156 11.2466 20.0014 11.2466L10.746 11.2466V6.00002Z\" fill=\"#343C54\"\/><\/svg>\t\t\t<\/a>\n\t\t<\/li>\n\t\t<li>\n\t\t\t<a href=\"#\" class=\"ts-icon-btn ts-next-page disabled\" aria-label=\"Suivant\">\n\t\t\t\t<svg width=\"80\" height=\"80\" viewbox=\"0 0 24 24\" fill=\"none\" xmlns=\"http:\/\/www.w3.org\/2000\/svg\" transform=\"rotate(0 0 0)\"><path d=\"M14.5359 5.46986C14.3214 5.25526 13.9988 5.19101 13.7185 5.30707C13.4382 5.42312 13.2554 5.69663 13.2554 6.00002V11.2466L4 11.2466C3.58579 11.2466 3.25 11.5824 3.25 11.9966C3.25 12.4108 3.58579 12.7466 4 12.7466L13.2554 12.7466V18C13.2554 18.3034 13.4382 18.5769 13.7185 18.693C13.9988 18.809 14.3214 18.7448 14.5359 18.5302L20.5319 12.53C20.6786 12.3831 20.7518 12.1905 20.7514 11.9981L20.7514 11.9966C20.7514 11.7685 20.6495 11.5642 20.4888 11.4266L14.5359 5.46986Z\" fill=\"#343C54\"\/><\/svg>\t\t\t<\/a>\n\t\t<\/li>\n\t<\/ul>\n\t\t\t\t<\/div>\n\t\t\t\t\t<\/div>\n\t\t\t\t<\/div>\n\t\t\t\t<\/div>","protected":false},"excerpt":{"rendered":"<p>The Northern Circuit Route is your ticket to an exceptional journey on Kilimanjaro, especially if you have the advantage of time and are ready to embrace a premium trekking experience. This trail takes you through the less frequented, yet incredibly scenic, northern slopes, offering a panoramic spectacle unlike any other. As Kilimanjaro&#8217;s longest route, most [&hellip;]<\/p>\n","protected":false},"author":1,"featured_media":839,"parent":1065,"menu_order":0,"comment_status":"closed","ping_status":"closed","template":"","meta":{"footnotes":""},"categories":[10],"tags":[],"class_list":["post-1275","page","type-page","status-publish","has-post-thumbnail","hentry","category-kilimanjaro-routes"],"_links":{"self":[{"href":"https:\/\/www.goexpeditionsafrica.com\/fr\/wp-json\/wp\/v2\/pages\/1275","targetHints":{"allow":["GET"]}}],"collection":[{"href":"https:\/\/www.goexpeditionsafrica.com\/fr\/wp-json\/wp\/v2\/pages"}],"about":[{"href":"https:\/\/www.goexpeditionsafrica.com\/fr\/wp-json\/wp\/v2\/types\/page"}],"author":[{"embeddable":true,"href":"https:\/\/www.goexpeditionsafrica.com\/fr\/wp-json\/wp\/v2\/users\/1"}],"replies":[{"embeddable":true,"href":"https:\/\/www.goexpeditionsafrica.com\/fr\/wp-json\/wp\/v2\/comments?post=1275"}],"version-history":[{"count":5,"href":"https:\/\/www.goexpeditionsafrica.com\/fr\/wp-json\/wp\/v2\/pages\/1275\/revisions"}],"predecessor-version":[{"id":7052,"href":"https:\/\/www.goexpeditionsafrica.com\/fr\/wp-json\/wp\/v2\/pages\/1275\/revisions\/7052"}],"up":[{"embeddable":true,"href":"https:\/\/www.goexpeditionsafrica.com\/fr\/wp-json\/wp\/v2\/pages\/1065"}],"wp:featuredmedia":[{"embeddable":true,"href":"https:\/\/www.goexpeditionsafrica.com\/fr\/wp-json\/wp\/v2\/media\/839"}],"wp:attachment":[{"href":"https:\/\/www.goexpeditionsafrica.com\/fr\/wp-json\/wp\/v2\/media?parent=1275"}],"wp:term":[{"taxonomy":"category","embeddable":true,"href":"https:\/\/www.goexpeditionsafrica.com\/fr\/wp-json\/wp\/v2\/categories?post=1275"},{"taxonomy":"post_tag","embeddable":true,"href":"https:\/\/www.goexpeditionsafrica.com\/fr\/wp-json\/wp\/v2\/tags?post=1275"}],"curies":[{"name":"wp","href":"https:\/\/api.w.org\/{rel}","templated":true}]}}