{"id":1039,"date":"2024-07-02T13:29:38","date_gmt":"2024-07-02T13:29:38","guid":{"rendered":"https:\/\/goexpeditionsafrica.com\/new\/?page_id=1039"},"modified":"2025-05-28T12:20:57","modified_gmt":"2025-05-28T12:20:57","slug":"route-du-marangu","status":"publish","type":"page","link":"https:\/\/www.goexpeditionsafrica.com\/fr\/mount-kilimanjaro-climbing\/marangu-route\/","title":{"rendered":"Route de Marangu"},"content":{"rendered":"<div data-elementor-type=\"wp-page\" data-elementor-id=\"1039\" class=\"elementor elementor-1039\" data-elementor-post-type=\"page\">\n\t\t\t\t<div class=\"elementor-element elementor-element-75591316 e-flex e-con-boxed e-con e-parent\" data-id=\"75591316\" data-element_type=\"container\" data-e-type=\"container\" data-settings=\"{&quot;background_background&quot;:&quot;classic&quot;}\">\n\t\t\t\t\t<div class=\"e-con-inner\">\n\t\t\t\t<div class=\"elementor-element elementor-element-6c95f3f8 elementor-widget elementor-widget-heading\" data-id=\"6c95f3f8\" data-element_type=\"widget\" data-e-type=\"widget\" data-widget_type=\"heading.default\">\n\t\t\t\t\t<h1 class=\"elementor-heading-title elementor-size-default\">Route de Marangu<\/h1>\t\t\t\t<\/div>\n\t\t\t\t\t<\/div>\n\t\t\t\t<\/div>\n\t\t<div class=\"elementor-element elementor-element-20cac431 e-flex e-con-boxed e-con e-parent\" data-id=\"20cac431\" data-element_type=\"container\" data-e-type=\"container\">\n\t\t\t\t\t<div class=\"e-con-inner\">\n\t\t\t\t<div class=\"elementor-element elementor-element-a0ebeb6 elementor-widget elementor-widget-shortcode\" data-id=\"a0ebeb6\" data-element_type=\"widget\" data-e-type=\"widget\" data-widget_type=\"shortcode.default\">\n\t\t\t\t\t\t\t<div class=\"elementor-shortcode\"><nav aria-label=\"chapelure\" class=\"rank-math-breadcrumb\"><p><span class=\"last\">Accueil<\/span><\/p><\/nav><\/div>\n\t\t\t\t\t\t<\/div>\n\t\t\t\t\t<\/div>\n\t\t\t\t<\/div>\n\t\t<div class=\"elementor-element elementor-element-6a781c27 e-flex e-con-boxed e-con e-parent\" data-id=\"6a781c27\" data-element_type=\"container\" data-e-type=\"container\">\n\t\t\t\t\t<div class=\"e-con-inner\">\n\t\t\t\t<div class=\"elementor-element elementor-element-7b252f5e elementor-widget elementor-widget-text-editor\" data-id=\"7b252f5e\" data-element_type=\"widget\" data-e-type=\"widget\" data-widget_type=\"text-editor.default\">\n\t\t\t\t\t\t\t\t\t<p>La route Marangu, l'une des plus anciennes et des plus fr\u00e9quent\u00e9es du Kilimandjaro, est souvent appel\u00e9e la route Coca-Cola en raison de la pr\u00e9sence de refuges et de rafra\u00eechissements comme le Coca-Cola le long du chemin. Ce sentier orient\u00e9 au sud-est offre une mont\u00e9e plus douce, ce qui en fait un choix assez facile pour les randonneurs.<\/p><p>Toutefois, il convient de noter que la voie Marangu n'offre pas de possibilit\u00e9s d'acclimatation optimales, ce qui se traduit par un taux de r\u00e9ussite au sommet inf\u00e9rieur \u00e0 celui des autres voies d'ascension du Kilimandjaro.<\/p><h2>Une vue d'ensemble<\/h2><p>La route de Marangu couvre une distance d'environ 72 kilom\u00e8tres et se parcourt g\u00e9n\u00e9ralement en 5 \u00e0 6 jours. Sa dur\u00e9e relativement courte en fait un voyage difficile mais gratifiant. Voici un aper\u00e7u de ce qu'il faut savoir :<\/p><ul><li>Distance : Environ 72 kilom\u00e8tres<\/li><li>Dur\u00e9e du s\u00e9jour : 5-6 jours<\/li><li>Difficult\u00e9 : faible<\/li><li>Les foules : Le Marangu \u00e9tant per\u00e7u comme une ascension plus facile en raison de sa pente graduelle et de son chemin direct, il attire des foules plus importantes et est consid\u00e9r\u00e9 comme un itin\u00e9raire tr\u00e8s fr\u00e9quent\u00e9.<\/li><li>Conditions du sentier : Au cours de cette randonn\u00e9e, vous traverserez d'\u00e9nigmatiques for\u00eats aux reflets nuageux, de vastes landes et une zone alpine aust\u00e8re et d\u00e9sertique connue sous le nom de \"Saddle\" (selle).<\/li><\/ul><h3>Points forts du paysage<\/h3><p>Le Marangu est un itin\u00e9raire qui offre des vues splendides et des paysages envo\u00fbtants. Des for\u00eats tropicales luxuriantes \u00e0 l'impressionnant crat\u00e8re du Maundi, il y a beaucoup \u00e0 d\u00e9couvrir : Attractions particuli\u00e8res : For\u00eats tropicales, prairies alpines, crat\u00e8re du Maundi et la selle entre Mawenzi et Kibo. Vues panoramiques : Vues spectaculaires du pic Mawenzi et des vastes plaines en contrebas.<\/p><h3>Itin\u00e9raire concis<\/h3><p>Marangu propose un trek inoubliable sur le Kilimandjaro, qui se d\u00e9roule comme suit :<\/p><ul><li>D\u00e9part : Le trek commence \u00e0 la porte de Marangu, en passant par la for\u00eat tropicale jusqu'\u00e0 Mandara Hut.<\/li><li>Acclimatation : Une courte randonn\u00e9e d'acclimatation est facultative le deuxi\u00e8me jour autour du refuge Horombo.<\/li><li>Pouss\u00e9e vers le sommet : La pouss\u00e9e finale vers le sommet se fait par Gilman's Point jusqu'\u00e0 Uhuru Peak.<\/li><li>Descente : La descente suit le m\u00eame itin\u00e9raire en passant par les refuges Horombo et Mandara.<\/li><\/ul><h3>Points de vue essentiels<\/h3><p>Bien qu'il s'agisse d'un itin\u00e9raire plus court, Marangu a un taux de r\u00e9ussite d'environ 65% en raison de son rythme difficile.<\/p><p>Taux de r\u00e9ussite : Environ 65%<\/p><p>Meilleure p\u00e9riode pour grimper : Les saisons s\u00e8ches, \u00e0 savoir janvier-mars et juin-octobre.<\/p><h3>Peser le pour et le contre<\/h3><p>Marangu pr\u00e9sente un attrait unique ainsi que certains d\u00e9fis :<\/p><ul><li>Avantages : H\u00e9bergement en refuge, terrain moins exigeant et moins de monde au d\u00e9part.<\/li><li>Inconv\u00e9nients : taux de r\u00e9ussite plus faible en raison de la prise d'altitude rapide, moins de vari\u00e9t\u00e9 de paysages en raison du m\u00eame chemin de mont\u00e9e et de descente.<\/li><\/ul><h3>Conseils sp\u00e9cifiques \u00e0 l'itin\u00e9raire<\/h3><p>Le Marangu pr\u00e9sente des aspects uniques auxquels les alpinistes doivent se pr\u00e9parer :<\/p><ul><li>Compte tenu de la rapidit\u00e9 de l'ascension, il est essentiel de maintenir un rythme lent d\u00e8s le premier jour.<\/li><li>Les nuits dans les refuges peuvent \u00eatre fra\u00eeches - pr\u00e9voyez des couches thermiques appropri\u00e9es.<\/li><\/ul><p>La route Marangu, qui offre une exp\u00e9rience classique de l'ascension du Kilimandjaro avec une touche de confort, est un choix int\u00e9ressant pour ceux qui recherchent \u00e0 la fois le d\u00e9fi et la commodit\u00e9. Malgr\u00e9 un taux de r\u00e9ussite plus faible et des paysages moins vari\u00e9s, le charme historique de cette route et ses refuges typiques en font l'une des pr\u00e9f\u00e9r\u00e9es des voyageurs.<\/p>\t\t\t\t\t\t\t\t<\/div>\n\t\t\t\t\t<\/div>\n\t\t\t\t<\/div>\n\t\t<div class=\"elementor-element elementor-element-5873c69c e-flex e-con-boxed e-con e-parent\" data-id=\"5873c69c\" data-element_type=\"container\" data-e-type=\"container\" data-settings=\"{&quot;background_background&quot;:&quot;classic&quot;}\">\n\t\t\t\t\t<div class=\"e-con-inner\">\n\t\t<div class=\"elementor-element elementor-element-6a12a109 e-con-full e-flex e-con e-child\" data-id=\"6a12a109\" data-element_type=\"container\" data-e-type=\"container\">\n\t\t\t\t<div class=\"elementor-element elementor-element-4d6bf968 elementor-widget elementor-widget-heading\" data-id=\"4d6bf968\" data-element_type=\"widget\" data-e-type=\"widget\" data-widget_type=\"heading.default\">\n\t\t\t\t\t<h2 class=\"elementor-heading-title elementor-size-default\">PERSONNALISEZ VOTRE VOYAGE<\/h2>\t\t\t\t<\/div>\n\t\t\t\t<div class=\"elementor-element elementor-element-47ecfde0 elementor-widget elementor-widget-text-editor\" data-id=\"47ecfde0\" data-element_type=\"widget\" data-e-type=\"widget\" data-widget_type=\"text-editor.default\">\n\t\t\t\t\t\t\t\t\t<p>Pour commencer \u00e0 planifier votre voyage avec nous, vous pouvez cr\u00e9er un itin\u00e9raire \u00e0 partir de z\u00e9ro ou modifier l'un de nos itin\u00e9raires sugg\u00e9r\u00e9s. Vous voulez visiter une belle destination ou partir \u00e0 l'aventure pour atteindre le sommet ? Nous ferons en sorte que cela se produise.<\/p>\t\t\t\t\t\t\t\t<\/div>\n\t\t\t\t<div class=\"elementor-element elementor-element-1a54b2f2 elementor-widget elementor-widget-button\" data-id=\"1a54b2f2\" data-element_type=\"widget\" data-e-type=\"widget\" data-widget_type=\"button.default\">\n\t\t\t\t\t\t\t\t\t\t<a class=\"elementor-button elementor-button-link elementor-size-sm\" href=\"https:\/\/www.goexpeditionsafrica.com\/contact-us\/\">\n\t\t\t\t\t\t<span class=\"elementor-button-content-wrapper\">\n\t\t\t\t\t\t\t\t\t<span class=\"elementor-button-text\">Demande de renseignements<\/span>\n\t\t\t\t\t<\/span>\n\t\t\t\t\t<\/a>\n\t\t\t\t\t\t\t\t<\/div>\n\t\t\t\t<\/div>\n\t\t<div class=\"elementor-element elementor-element-927b85e e-con-full e-flex e-con e-child\" data-id=\"927b85e\" data-element_type=\"container\" data-e-type=\"container\">\n\t\t<div class=\"elementor-element elementor-element-7d785f59 e-grid e-con-boxed e-con e-child\" data-id=\"7d785f59\" data-element_type=\"container\" data-e-type=\"container\">\n\t\t\t\t\t<div class=\"e-con-inner\">\n\t\t\t\t<div class=\"elementor-element elementor-element-3f72ac02 elementor-widget elementor-widget-image\" data-id=\"3f72ac02\" data-element_type=\"widget\" data-e-type=\"widget\" id=\"logos\" data-widget_type=\"image.default\">\n\t\t\t\t\t\t\t\t\t\t\t\t\t\t\t<img decoding=\"async\" src=\"https:\/\/goexpeditionsafrica.com\/new\/wp-content\/uploads\/2024\/06\/1.png\" title=\"\" alt=\"\" loading=\"lazy\">\t\t\t\t\t\t\t\t\t\t\t\t\t\t\t<\/div>\n\t\t\t\t<div class=\"elementor-element elementor-element-bd262aa elementor-widget elementor-widget-image\" data-id=\"bd262aa\" data-element_type=\"widget\" data-e-type=\"widget\" id=\"logos\" data-widget_type=\"image.default\">\n\t\t\t\t\t\t\t\t\t\t\t\t\t\t\t<img decoding=\"async\" width=\"140\" height=\"100\" src=\"https:\/\/www.goexpeditionsafrica.com\/wp-content\/uploads\/2024\/06\/tato.png\" class=\"attachment-large size-large wp-image-13\" alt=\"\">\t\t\t\t\t\t\t\t\t\t\t\t\t\t\t<\/div>\n\t\t\t\t<div class=\"elementor-element elementor-element-382fb41c elementor-widget elementor-widget-image\" data-id=\"382fb41c\" data-element_type=\"widget\" data-e-type=\"widget\" id=\"logos\" data-widget_type=\"image.default\">\n\t\t\t\t\t\t\t\t\t\t\t\t\t\t\t<img decoding=\"async\" width=\"140\" height=\"100\" src=\"https:\/\/www.goexpeditionsafrica.com\/wp-content\/uploads\/2024\/06\/tlto.png\" class=\"attachment-large size-large wp-image-15\" alt=\"\">\t\t\t\t\t\t\t\t\t\t\t\t\t\t\t<\/div>\n\t\t\t\t<div class=\"elementor-element elementor-element-bab7df5 elementor-widget elementor-widget-image\" data-id=\"bab7df5\" data-element_type=\"widget\" data-e-type=\"widget\" id=\"logos\" data-widget_type=\"image.default\">\n\t\t\t\t\t\t\t\t\t\t\t\t\t\t\t<img decoding=\"async\" width=\"140\" height=\"100\" src=\"https:\/\/www.goexpeditionsafrica.com\/wp-content\/uploads\/2024\/06\/TripAdvisor-Logo.wine_.png\" class=\"attachment-large size-large wp-image-14\" alt=\"\">\t\t\t\t\t\t\t\t\t\t\t\t\t\t\t<\/div>\n\t\t\t\t\t<\/div>\n\t\t\t\t<\/div>\n\t\t\t\t<\/div>\n\t\t\t\t\t<\/div>\n\t\t\t\t<\/div>\n\t\t<div class=\"elementor-element elementor-element-452ced2e e-flex e-con-boxed e-con e-parent\" data-id=\"452ced2e\" data-element_type=\"container\" data-e-type=\"container\">\n\t\t\t\t\t<div class=\"e-con-inner\">\n\t\t\t\t<div class=\"elementor-element elementor-element-77112347 elementor-widget elementor-widget-heading\" data-id=\"77112347\" data-element_type=\"widget\" data-e-type=\"widget\" data-widget_type=\"heading.default\">\n\t\t\t\t\t<h2 class=\"elementor-heading-title elementor-size-default\">Paquets apparent\u00e9s<\/h2>\t\t\t\t<\/div>\n\t\t\t\t<div class=\"elementor-element elementor-element-1458a3fa elementor-widget elementor-widget-text-editor\" data-id=\"1458a3fa\" data-element_type=\"widget\" data-e-type=\"widget\" data-widget_type=\"text-editor.default\">\n\t\t\t\t\t\t\t\t\t<p>D\u00e9couvrez la beaut\u00e9 de la Tanzanie et cr\u00e9ez des souvenirs inoubliables gr\u00e2ce \u00e0 nos safaris.<\/p>\t\t\t\t\t\t\t\t<\/div>\n\t\t\t\t<div class=\"elementor-element elementor-element-2e24d43 elementor-widget elementor-widget-ts-post-feed\" data-id=\"2e24d43\" data-element_type=\"widget\" data-e-type=\"widget\" data-widget_type=\"ts-post-feed.default\">\n\t\t\t\t\t<link rel='stylesheet' id='vx:post-feed.css-css' href='https:\/\/www.goexpeditionsafrica.com\/wp-content\/themes\/spike\/assets\/dist\/post-feed.css?ver=1.7.0-beta.2' type='text\/css' media='all' \/>\n\n\n<div\n\tclass=\"post-feed-grid ts-feed-nowrap min-scroll min-scroll-h\t\tvx-opacity\"\n\tdata-auto-slide=\"0\"\n>\n\n\t\n\t<div class=\"ts-preview\" data-post-id=\"1282\">\t\t<div data-elementor-type=\"page\" data-elementor-id=\"6990\" class=\"elementor elementor-6990\" data-elementor-post-type=\"elementor_library\">\n\t\t\t\t<a style=\"background-image: url(&#039;https:\/\/www.goexpeditionsafrica.com\/wp-content\/uploads\/2024\/07\/northern-circuit-route-banner.jpg&#039;)\" class=\"elementor-element elementor-element-27994a3 e-flex e-con-boxed e-con e-child\" data-id=\"27994a3\" data-element_type=\"container\" data-e-type=\"container\" data-settings=\"{&quot;background_background&quot;:&quot;classic&quot;}\" href=\"https:\/\/www.goexpeditionsafrica.com\/fr\/mount-kilimanjaro-climbing\/northern-circuit-route\/\">\n\t\t\t\t\t<div class=\"e-con-inner\">\n\t\t\t\t<div class=\"elementor-element elementor-element-731189d elementor-widget elementor-widget-text-editor\" data-id=\"731189d\" data-element_type=\"widget\" data-e-type=\"widget\" data-widget_type=\"text-editor.default\">\n\t\t\t\t\t\t\t\t\tCircuit nord\t\t\t\t\t\t\t\t<\/div>\n\t\t\t\t\t<\/div>\n\t\t\t\t<\/a>\n\t\t\t\t<\/div>\n\t\t<\/div><div class=\"ts-preview\" data-post-id=\"1280\">\t\t<div data-elementor-type=\"page\" data-elementor-id=\"6990\" class=\"elementor elementor-6990\" data-elementor-post-type=\"elementor_library\">\n\t\t\t\t<a style=\"background-image: url(&#039;https:\/\/www.goexpeditionsafrica.com\/wp-content\/uploads\/2024\/07\/rongai-route-banner.jpg&#039;)\" class=\"elementor-element elementor-element-27994a3 e-flex e-con-boxed e-con e-child\" data-id=\"27994a3\" data-element_type=\"container\" data-e-type=\"container\" data-settings=\"{&quot;background_background&quot;:&quot;classic&quot;}\" href=\"https:\/\/www.goexpeditionsafrica.com\/fr\/mount-kilimanjaro-climbing\/rongai-route\/\">\n\t\t\t\t\t<div class=\"e-con-inner\">\n\t\t\t\t<div class=\"elementor-element elementor-element-731189d elementor-widget elementor-widget-text-editor\" data-id=\"731189d\" data-element_type=\"widget\" data-e-type=\"widget\" data-widget_type=\"text-editor.default\">\n\t\t\t\t\t\t\t\t\tRoute de Rongai\t\t\t\t\t\t\t\t<\/div>\n\t\t\t\t\t<\/div>\n\t\t\t\t<\/a>\n\t\t\t\t<\/div>\n\t\t<\/div><div class=\"ts-preview\" data-post-id=\"1277\">\t\t<div data-elementor-type=\"page\" data-elementor-id=\"6990\" class=\"elementor elementor-6990\" data-elementor-post-type=\"elementor_library\">\n\t\t\t\t<a style=\"background-image: url(&#039;https:\/\/www.goexpeditionsafrica.com\/wp-content\/uploads\/2024\/07\/umbwe-route-banner.jpg&#039;)\" class=\"elementor-element elementor-element-27994a3 e-flex e-con-boxed e-con e-child\" data-id=\"27994a3\" data-element_type=\"container\" data-e-type=\"container\" data-settings=\"{&quot;background_background&quot;:&quot;classic&quot;}\" href=\"https:\/\/www.goexpeditionsafrica.com\/fr\/mount-kilimanjaro-climbing\/umbwe-route\/\">\n\t\t\t\t\t<div class=\"e-con-inner\">\n\t\t\t\t<div class=\"elementor-element elementor-element-731189d elementor-widget elementor-widget-text-editor\" data-id=\"731189d\" data-element_type=\"widget\" data-e-type=\"widget\" data-widget_type=\"text-editor.default\">\n\t\t\t\t\t\t\t\t\tRoute de l'Umbwe\t\t\t\t\t\t\t\t<\/div>\n\t\t\t\t\t<\/div>\n\t\t\t\t<\/a>\n\t\t\t\t<\/div>\n\t\t<\/div><div class=\"ts-preview\" data-post-id=\"1275\">\t\t<div data-elementor-type=\"page\" data-elementor-id=\"6990\" class=\"elementor elementor-6990\" data-elementor-post-type=\"elementor_library\">\n\t\t\t\t<a style=\"background-image: url(&#039;https:\/\/www.goexpeditionsafrica.com\/wp-content\/uploads\/2024\/07\/shira-route-banner.jpg&#039;)\" class=\"elementor-element elementor-element-27994a3 e-flex e-con-boxed e-con e-child\" data-id=\"27994a3\" data-element_type=\"container\" data-e-type=\"container\" data-settings=\"{&quot;background_background&quot;:&quot;classic&quot;}\" href=\"https:\/\/www.goexpeditionsafrica.com\/fr\/mount-kilimanjaro-climbing\/shira-route\/\">\n\t\t\t\t\t<div class=\"e-con-inner\">\n\t\t\t\t<div class=\"elementor-element elementor-element-731189d elementor-widget elementor-widget-text-editor\" data-id=\"731189d\" data-element_type=\"widget\" data-e-type=\"widget\" data-widget_type=\"text-editor.default\">\n\t\t\t\t\t\t\t\t\tRoute de Shira\t\t\t\t\t\t\t\t<\/div>\n\t\t\t\t\t<\/div>\n\t\t\t\t<\/a>\n\t\t\t\t<\/div>\n\t\t<\/div><div class=\"ts-preview\" data-post-id=\"1063\">\t\t<div data-elementor-type=\"page\" data-elementor-id=\"6990\" class=\"elementor elementor-6990\" data-elementor-post-type=\"elementor_library\">\n\t\t\t\t<a style=\"background-image: url(&#039;https:\/\/www.goexpeditionsafrica.com\/wp-content\/uploads\/2024\/07\/machame-route-banner-1.jpg&#039;)\" class=\"elementor-element elementor-element-27994a3 e-flex e-con-boxed e-con e-child\" data-id=\"27994a3\" data-element_type=\"container\" data-e-type=\"container\" data-settings=\"{&quot;background_background&quot;:&quot;classic&quot;}\" href=\"https:\/\/www.goexpeditionsafrica.com\/fr\/mount-kilimanjaro-climbing\/machame-route\/\">\n\t\t\t\t\t<div class=\"e-con-inner\">\n\t\t\t\t<div class=\"elementor-element elementor-element-731189d elementor-widget elementor-widget-text-editor\" data-id=\"731189d\" data-element_type=\"widget\" data-e-type=\"widget\" data-widget_type=\"text-editor.default\">\n\t\t\t\t\t\t\t\t\tRoute de Machame\t\t\t\t\t\t\t\t<\/div>\n\t\t\t\t\t<\/div>\n\t\t\t\t<\/a>\n\t\t\t\t<\/div>\n\t\t<\/div><div class=\"ts-preview\" data-post-id=\"1039\">\t\t<div data-elementor-type=\"page\" data-elementor-id=\"6990\" class=\"elementor elementor-6990\" data-elementor-post-type=\"elementor_library\">\n\t\t\t\t<a style=\"background-image: url(&#039;https:\/\/www.goexpeditionsafrica.com\/wp-content\/uploads\/2024\/07\/marangu-route-banner-1.jpg&#039;)\" class=\"elementor-element elementor-element-27994a3 e-flex e-con-boxed e-con e-child\" data-id=\"27994a3\" data-element_type=\"container\" data-e-type=\"container\" data-settings=\"{&quot;background_background&quot;:&quot;classic&quot;}\" href=\"https:\/\/www.goexpeditionsafrica.com\/fr\/mount-kilimanjaro-climbing\/marangu-route\/\">\n\t\t\t\t\t<div class=\"e-con-inner\">\n\t\t\t\t<div class=\"elementor-element elementor-element-731189d elementor-widget elementor-widget-text-editor\" data-id=\"731189d\" data-element_type=\"widget\" data-e-type=\"widget\" data-widget_type=\"text-editor.default\">\n\t\t\t\t\t\t\t\t\tRoute de Marangu\t\t\t\t\t\t\t\t<\/div>\n\t\t\t\t\t<\/div>\n\t\t\t\t<\/a>\n\t\t\t\t<\/div>\n\t\t<\/div><div class=\"ts-preview\" data-post-id=\"835\">\t\t<div data-elementor-type=\"page\" data-elementor-id=\"6990\" class=\"elementor elementor-6990\" data-elementor-post-type=\"elementor_library\">\n\t\t\t\t<a style=\"background-image: url(&#039;https:\/\/www.goexpeditionsafrica.com\/wp-content\/uploads\/2024\/07\/lemosho-route-banner.jpg&#039;)\" class=\"elementor-element elementor-element-27994a3 e-flex e-con-boxed e-con e-child\" data-id=\"27994a3\" data-element_type=\"container\" data-e-type=\"container\" data-settings=\"{&quot;background_background&quot;:&quot;classic&quot;}\" href=\"https:\/\/www.goexpeditionsafrica.com\/fr\/mount-kilimanjaro-climbing\/lemosho-route\/\">\n\t\t\t\t\t<div class=\"e-con-inner\">\n\t\t\t\t<div class=\"elementor-element elementor-element-731189d elementor-widget elementor-widget-text-editor\" data-id=\"731189d\" data-element_type=\"widget\" data-e-type=\"widget\" data-widget_type=\"text-editor.default\">\n\t\t\t\t\t\t\t\t\tRoute du Lemosho\t\t\t\t\t\t\t\t<\/div>\n\t\t\t\t\t<\/div>\n\t\t\t\t<\/a>\n\t\t\t\t<\/div>\n\t\t<\/div><\/div>\n<div class=\"ts-no-posts hidden\">\n\t<svg width=\"80\" height=\"80\" viewbox=\"0 0 24 25\" fill=\"none\" xmlns=\"http:\/\/www.w3.org\/2000\/svg\" transform=\"rotate(0 0 0)\"><path fill-rule=\"evenodd\" clip-rule=\"evenodd\" d=\"M11.25 2.75C6.14154 2.75 2 6.89029 2 11.998C2 17.1056 6.14154 21.2459 11.25 21.2459C13.5335 21.2459 15.6238 20.4187 17.2373 19.0475L20.7182 22.5287C21.011 22.8216 21.4859 22.8217 21.7788 22.5288C22.0717 22.2359 22.0718 21.761 21.7789 21.4681L18.2983 17.9872C19.6714 16.3736 20.5 14.2826 20.5 11.998C20.5 6.89029 16.3585 2.75 11.25 2.75ZM3.5 11.998C3.5 7.71905 6.96962 4.25 11.25 4.25C15.5304 4.25 19 7.71905 19 11.998C19 16.2769 15.5304 19.7459 11.25 19.7459C6.96962 19.7459 3.5 16.2769 3.5 11.998Z\" fill=\"#343C54\"\/><\/svg>\t<p>Pas de r\u00e9sultats disponibles\t\t\t<\/p>\n\t\n<\/div>\n\t\t<ul class=\"simplify-ul flexify post-feed-nav\">\n\t\t<li>\n\t\t\t<a href=\"#\" class=\"ts-icon-btn ts-prev-page disabled\" aria-label=\"Pr\u00e9c\u00e9dent\">\n\t\t\t\t<svg width=\"80\" height=\"80\" viewbox=\"0 0 24 24\" fill=\"none\" xmlns=\"http:\/\/www.w3.org\/2000\/svg\" transform=\"rotate(0 0 0)\"><path d=\"M10.746 6.00002C10.746 5.69663 10.5632 5.42312 10.2829 5.30707C10.0026 5.19101 9.67996 5.25526 9.4655 5.46986L3.51254 11.4266C3.35184 11.5642 3.25 11.7685 3.25 11.9966V11.9982C3.24959 12.1906 3.32276 12.3831 3.46949 12.53L9.46548 18.5302C9.67994 18.7448 10.0026 18.809 10.2829 18.693C10.5632 18.5769 10.746 18.3034 10.746 18L10.746 12.7466L20.0014 12.7466C20.4156 12.7466 20.7514 12.4108 20.7514 11.9966C20.7514 11.5824 20.4156 11.2466 20.0014 11.2466L10.746 11.2466V6.00002Z\" fill=\"#343C54\"\/><\/svg>\t\t\t<\/a>\n\t\t<\/li>\n\t\t<li>\n\t\t\t<a href=\"#\" class=\"ts-icon-btn ts-next-page disabled\" aria-label=\"Suivant\">\n\t\t\t\t<svg width=\"80\" height=\"80\" viewbox=\"0 0 24 24\" fill=\"none\" xmlns=\"http:\/\/www.w3.org\/2000\/svg\" transform=\"rotate(0 0 0)\"><path d=\"M14.5359 5.46986C14.3214 5.25526 13.9988 5.19101 13.7185 5.30707C13.4382 5.42312 13.2554 5.69663 13.2554 6.00002V11.2466L4 11.2466C3.58579 11.2466 3.25 11.5824 3.25 11.9966C3.25 12.4108 3.58579 12.7466 4 12.7466L13.2554 12.7466V18C13.2554 18.3034 13.4382 18.5769 13.7185 18.693C13.9988 18.809 14.3214 18.7448 14.5359 18.5302L20.5319 12.53C20.6786 12.3831 20.7518 12.1905 20.7514 11.9981L20.7514 11.9966C20.7514 11.7685 20.6495 11.5642 20.4888 11.4266L14.5359 5.46986Z\" fill=\"#343C54\"\/><\/svg>\t\t\t<\/a>\n\t\t<\/li>\n\t<\/ul>\n\t\t\t\t<\/div>\n\t\t\t\t\t<\/div>\n\t\t\t\t<\/div>\n\t\t\t\t<\/div>","protected":false},"excerpt":{"rendered":"<p>The Marangu Route, one of Kilimanjaro&#8217;s oldest and most frequented trails, is often referred to as the Coca-Cola route due to the availability of huts and refreshments like Coke along the way. This southeast-facing trail offers a gentler climb, making it a fairly easy choice for trekkers. However, it&#8217;s worth noting that the Marangu route [&hellip;]<\/p>\n","protected":false},"author":1,"featured_media":838,"parent":1065,"menu_order":0,"comment_status":"closed","ping_status":"closed","template":"","meta":{"footnotes":""},"categories":[10],"tags":[],"class_list":["post-1039","page","type-page","status-publish","has-post-thumbnail","hentry","category-kilimanjaro-routes"],"_links":{"self":[{"href":"https:\/\/www.goexpeditionsafrica.com\/fr\/wp-json\/wp\/v2\/pages\/1039","targetHints":{"allow":["GET"]}}],"collection":[{"href":"https:\/\/www.goexpeditionsafrica.com\/fr\/wp-json\/wp\/v2\/pages"}],"about":[{"href":"https:\/\/www.goexpeditionsafrica.com\/fr\/wp-json\/wp\/v2\/types\/page"}],"author":[{"embeddable":true,"href":"https:\/\/www.goexpeditionsafrica.com\/fr\/wp-json\/wp\/v2\/users\/1"}],"replies":[{"embeddable":true,"href":"https:\/\/www.goexpeditionsafrica.com\/fr\/wp-json\/wp\/v2\/comments?post=1039"}],"version-history":[{"count":5,"href":"https:\/\/www.goexpeditionsafrica.com\/fr\/wp-json\/wp\/v2\/pages\/1039\/revisions"}],"predecessor-version":[{"id":7064,"href":"https:\/\/www.goexpeditionsafrica.com\/fr\/wp-json\/wp\/v2\/pages\/1039\/revisions\/7064"}],"up":[{"embeddable":true,"href":"https:\/\/www.goexpeditionsafrica.com\/fr\/wp-json\/wp\/v2\/pages\/1065"}],"wp:featuredmedia":[{"embeddable":true,"href":"https:\/\/www.goexpeditionsafrica.com\/fr\/wp-json\/wp\/v2\/media\/838"}],"wp:attachment":[{"href":"https:\/\/www.goexpeditionsafrica.com\/fr\/wp-json\/wp\/v2\/media?parent=1039"}],"wp:term":[{"taxonomy":"category","embeddable":true,"href":"https:\/\/www.goexpeditionsafrica.com\/fr\/wp-json\/wp\/v2\/categories?post=1039"},{"taxonomy":"post_tag","embeddable":true,"href":"https:\/\/www.goexpeditionsafrica.com\/fr\/wp-json\/wp\/v2\/tags?post=1039"}],"curies":[{"name":"wp","href":"https:\/\/api.w.org\/{rel}","templated":true}]}}